{"id":20449,"date":"2025-11-10T17:43:23","date_gmt":"2025-11-10T17:43:23","guid":{"rendered":"https:\/\/apirosport.com\/?post_type=product&#038;p=20449"},"modified":"2026-03-22T19:21:58","modified_gmt":"2026-03-22T19:21:58","slug":"ulteron-chrome-dumbbell-rack-10-pair","status":"publish","type":"product","link":"https:\/\/apirosport.com\/sv\/produkt\/ulteron-chrome-dumbbell-rack-10-pair\/","title":{"rendered":"ULTERON CHROME DUMBBELL RACK &#8211; 10 PAIR"},"content":{"rendered":"<p><strong data-start=\"781\" data-end=\"814\">Stabil och stilren f\u00f6rvaring.<\/strong><br data-start=\"814\" data-end=\"817\" \/>Detta kompakta hantelst\u00e4ll rymmer upp till tio par Ulteron Chrome Dumbbells och h\u00e5ller ordning i tr\u00e4ningsytan. Den robusta ramen och den eleganta designen g\u00f6r att st\u00e4llet passar perfekt i gymmet d\u00e4r b\u00e5de funktion och utseende spelar roll.<\/p>\n<p>&nbsp;<\/p>\n","protected":false},"excerpt":{"rendered":"<p>Stabil och stilren f\u00f6rvaring.Detta kompakta hantelst\u00e4ll rymmer upp till tio par Ulteron Chrome Dumbbells och h\u00e5ller ordning i tr\u00e4ningsytan. Den robusta ramen och den eleganta designen g\u00f6r att st\u00e4llet passar perfekt i gymmet d\u00e4r b\u00e5de funktion och utseende spelar roll. &nbsp;<\/p>\n","protected":false},"featured_media":20450,"template":"","meta":{"_acf_changed":false,"inline_featured_image":false},"variation":[],"product_brand":[],"product_cat":[93,278,289,315],"product_tag":[64],"class_list":{"0":"post-20449","1":"product","2":"type-product","3":"status-publish","4":"has-post-thumbnail","6":"product_cat-fria-vikter","7":"product_cat-forvaring","8":"product_cat-hantlar","9":"product_cat-ulteron","10":"product_tag-ulteron","12":"first","13":"instock","14":"shipping-taxable","15":"purchasable","16":"product-type-simple"},"acf":[],"yoast_head":"<!-- This site is optimized with the Yoast SEO plugin v26.8 - https:\/\/yoast.com\/product\/yoast-seo-wordpress\/ -->\n<title>ULTERON CHROME DUMBBELL RACK - 10 PAIR | Apirosport<\/title>\n<meta name=\"robots\" content=\"index, follow, max-snippet:-1, max-image-preview:large, max-video-preview:-1\" \/>\n<link rel=\"canonical\" href=\"https:\/\/apirosport.com\/sv\/produkt\/ulteron-chrome-dumbbell-rack-10-pair\/\" \/>\n<meta property=\"og:locale\" content=\"sv_SE\" \/>\n<meta property=\"og:type\" content=\"article\" \/>\n<meta property=\"og:title\" content=\"ULTERON CHROME DUMBBELL RACK - 10 PAIR | Apirosport\" \/>\n<meta property=\"og:description\" content=\"Stabil och stilren f\u00f6rvaring.Detta kompakta hantelst\u00e4ll rymmer upp till tio par Ulteron Chrome Dumbbells och h\u00e5ller ordning i tr\u00e4ningsytan. Den robusta ramen och den eleganta designen g\u00f6r att st\u00e4llet passar perfekt i gymmet d\u00e4r b\u00e5de funktion och utseende spelar roll. &nbsp;\" \/>\n<meta property=\"og:url\" content=\"https:\/\/apirosport.com\/sv\/produkt\/ulteron-chrome-dumbbell-rack-10-pair\/\" \/>\n<meta property=\"og:site_name\" content=\"Apirosport\" \/>\n<meta property=\"article:modified_time\" content=\"2026-03-22T19:21:58+00:00\" \/>\n<meta property=\"og:image\" content=\"https:\/\/apirosport.com\/wp-content\/uploads\/2025\/12\/chrome-dumbbell-rack10-2.png\" \/>\n\t<meta property=\"og:image:width\" content=\"2000\" \/>\n\t<meta property=\"og:image:height\" content=\"2000\" \/>\n\t<meta property=\"og:image:type\" content=\"image\/png\" \/>\n<meta name=\"twitter:card\" content=\"summary_large_image\" \/>\n<meta name=\"twitter:title\" content=\"Apirosport\" \/>\n<meta name=\"twitter:label1\" content=\"Ber\u00e4knad l\u00e4stid\" \/>\n\t<meta name=\"twitter:data1\" content=\"1 minut\" \/>\n<script type=\"application\/ld+json\" class=\"yoast-schema-graph\">{\"@context\":\"https:\/\/schema.org\",\"@graph\":[{\"@type\":\"WebPage\",\"@id\":\"https:\/\/apirosport.com\/sv\/produkt\/ulteron-chrome-dumbbell-rack-10-pair\/\",\"url\":\"https:\/\/apirosport.com\/sv\/produkt\/ulteron-chrome-dumbbell-rack-10-pair\/\",\"name\":\"ULTERON CHROME DUMBBELL RACK - 10 PAIR | Apirosport\",\"isPartOf\":{\"@id\":\"https:\/\/apirosport.com\/sv\/#website\"},\"primaryImageOfPage\":{\"@id\":\"https:\/\/apirosport.com\/sv\/produkt\/ulteron-chrome-dumbbell-rack-10-pair\/#primaryimage\"},\"image\":{\"@id\":\"https:\/\/apirosport.com\/sv\/produkt\/ulteron-chrome-dumbbell-rack-10-pair\/#primaryimage\"},\"thumbnailUrl\":\"https:\/\/apirosport.com\/wp-content\/uploads\/2025\/12\/chrome-dumbbell-rack10-2.png\",\"datePublished\":\"2025-11-10T17:43:23+00:00\",\"dateModified\":\"2026-03-22T19:21:58+00:00\",\"breadcrumb\":{\"@id\":\"https:\/\/apirosport.com\/sv\/produkt\/ulteron-chrome-dumbbell-rack-10-pair\/#breadcrumb\"},\"inLanguage\":\"sv-SE\",\"potentialAction\":[{\"@type\":\"ReadAction\",\"target\":[\"https:\/\/apirosport.com\/sv\/produkt\/ulteron-chrome-dumbbell-rack-10-pair\/\"]}]},{\"@type\":\"ImageObject\",\"inLanguage\":\"sv-SE\",\"@id\":\"https:\/\/apirosport.com\/sv\/produkt\/ulteron-chrome-dumbbell-rack-10-pair\/#primaryimage\",\"url\":\"https:\/\/apirosport.com\/wp-content\/uploads\/2025\/12\/chrome-dumbbell-rack10-2.png\",\"contentUrl\":\"https:\/\/apirosport.com\/wp-content\/uploads\/2025\/12\/chrome-dumbbell-rack10-2.png\",\"width\":2000,\"height\":2000},{\"@type\":\"BreadcrumbList\",\"@id\":\"https:\/\/apirosport.com\/sv\/produkt\/ulteron-chrome-dumbbell-rack-10-pair\/#breadcrumb\",\"itemListElement\":[{\"@type\":\"ListItem\",\"position\":1,\"name\":\"Home\",\"item\":\"https:\/\/apirosport.com\/sv\/\"},{\"@type\":\"ListItem\",\"position\":2,\"name\":\"Produkter\",\"item\":\"https:\/\/apirosport.com\/sv\/produkter\/\"},{\"@type\":\"ListItem\",\"position\":3,\"name\":\"ULTERON CHROME DUMBBELL RACK &#8211; 10 PAIR\"}]},{\"@type\":\"WebSite\",\"@id\":\"https:\/\/apirosport.com\/sv\/#website\",\"url\":\"https:\/\/apirosport.com\/sv\/\",\"name\":\"Apirosport\",\"description\":\"\",\"publisher\":{\"@id\":\"https:\/\/apirosport.com\/sv\/#organization\"},\"alternateName\":\"Apirosport\",\"potentialAction\":[{\"@type\":\"SearchAction\",\"target\":{\"@type\":\"EntryPoint\",\"urlTemplate\":\"https:\/\/apirosport.com\/sv\/?s={search_term_string}\"},\"query-input\":{\"@type\":\"PropertyValueSpecification\",\"valueRequired\":true,\"valueName\":\"search_term_string\"}}],\"inLanguage\":\"sv-SE\"},{\"@type\":\"Organization\",\"@id\":\"https:\/\/apirosport.com\/sv\/#organization\",\"name\":\"Apirosport\",\"alternateName\":\"Apirosport\",\"url\":\"https:\/\/apirosport.com\/sv\/\",\"logo\":{\"@type\":\"ImageObject\",\"inLanguage\":\"sv-SE\",\"@id\":\"https:\/\/apirosport.com\/sv\/#\/schema\/logo\/image\/\",\"url\":\"https:\/\/apirosport.com\/wp-content\/uploads\/2025\/12\/Apirosport-yellow-scaled.png\",\"contentUrl\":\"https:\/\/apirosport.com\/wp-content\/uploads\/2025\/12\/Apirosport-yellow-scaled.png\",\"width\":2560,\"height\":2278,\"caption\":\"Apirosport\"},\"image\":{\"@id\":\"https:\/\/apirosport.com\/sv\/#\/schema\/logo\/image\/\"}}]}<\/script>\n<!-- \/ Yoast SEO plugin. -->","yoast_head_json":{"title":"ULTERON CHROME DUMBBELL RACK - 10 PAIR | Apirosport","robots":{"index":"index","follow":"follow","max-snippet":"max-snippet:-1","max-image-preview":"max-image-preview:large","max-video-preview":"max-video-preview:-1"},"canonical":"https:\/\/apirosport.com\/sv\/produkt\/ulteron-chrome-dumbbell-rack-10-pair\/","og_locale":"sv_SE","og_type":"article","og_title":"ULTERON CHROME DUMBBELL RACK - 10 PAIR | Apirosport","og_description":"Stabil och stilren f\u00f6rvaring.Detta kompakta hantelst\u00e4ll rymmer upp till tio par Ulteron Chrome Dumbbells och h\u00e5ller ordning i tr\u00e4ningsytan. Den robusta ramen och den eleganta designen g\u00f6r att st\u00e4llet passar perfekt i gymmet d\u00e4r b\u00e5de funktion och utseende spelar roll. &nbsp;","og_url":"https:\/\/apirosport.com\/sv\/produkt\/ulteron-chrome-dumbbell-rack-10-pair\/","og_site_name":"Apirosport","article_modified_time":"2026-03-22T19:21:58+00:00","og_image":[{"width":2000,"height":2000,"url":"https:\/\/apirosport.com\/wp-content\/uploads\/2025\/12\/chrome-dumbbell-rack10-2.png","type":"image\/png"}],"twitter_card":"summary_large_image","twitter_title":"Apirosport","twitter_misc":{"Ber\u00e4knad l\u00e4stid":"1 minut"},"schema":{"@context":"https:\/\/schema.org","@graph":[{"@type":"WebPage","@id":"https:\/\/apirosport.com\/sv\/produkt\/ulteron-chrome-dumbbell-rack-10-pair\/","url":"https:\/\/apirosport.com\/sv\/produkt\/ulteron-chrome-dumbbell-rack-10-pair\/","name":"ULTERON CHROME DUMBBELL RACK - 10 PAIR | Apirosport","isPartOf":{"@id":"https:\/\/apirosport.com\/sv\/#website"},"primaryImageOfPage":{"@id":"https:\/\/apirosport.com\/sv\/produkt\/ulteron-chrome-dumbbell-rack-10-pair\/#primaryimage"},"image":{"@id":"https:\/\/apirosport.com\/sv\/produkt\/ulteron-chrome-dumbbell-rack-10-pair\/#primaryimage"},"thumbnailUrl":"https:\/\/apirosport.com\/wp-content\/uploads\/2025\/12\/chrome-dumbbell-rack10-2.png","datePublished":"2025-11-10T17:43:23+00:00","dateModified":"2026-03-22T19:21:58+00:00","breadcrumb":{"@id":"https:\/\/apirosport.com\/sv\/produkt\/ulteron-chrome-dumbbell-rack-10-pair\/#breadcrumb"},"inLanguage":"sv-SE","potentialAction":[{"@type":"ReadAction","target":["https:\/\/apirosport.com\/sv\/produkt\/ulteron-chrome-dumbbell-rack-10-pair\/"]}]},{"@type":"ImageObject","inLanguage":"sv-SE","@id":"https:\/\/apirosport.com\/sv\/produkt\/ulteron-chrome-dumbbell-rack-10-pair\/#primaryimage","url":"https:\/\/apirosport.com\/wp-content\/uploads\/2025\/12\/chrome-dumbbell-rack10-2.png","contentUrl":"https:\/\/apirosport.com\/wp-content\/uploads\/2025\/12\/chrome-dumbbell-rack10-2.png","width":2000,"height":2000},{"@type":"BreadcrumbList","@id":"https:\/\/apirosport.com\/sv\/produkt\/ulteron-chrome-dumbbell-rack-10-pair\/#breadcrumb","itemListElement":[{"@type":"ListItem","position":1,"name":"Home","item":"https:\/\/apirosport.com\/sv\/"},{"@type":"ListItem","position":2,"name":"Produkter","item":"https:\/\/apirosport.com\/sv\/produkter\/"},{"@type":"ListItem","position":3,"name":"ULTERON CHROME DUMBBELL RACK &#8211; 10 PAIR"}]},{"@type":"WebSite","@id":"https:\/\/apirosport.com\/sv\/#website","url":"https:\/\/apirosport.com\/sv\/","name":"Apirosport","description":"","publisher":{"@id":"https:\/\/apirosport.com\/sv\/#organization"},"alternateName":"Apirosport","potentialAction":[{"@type":"SearchAction","target":{"@type":"EntryPoint","urlTemplate":"https:\/\/apirosport.com\/sv\/?s={search_term_string}"},"query-input":{"@type":"PropertyValueSpecification","valueRequired":true,"valueName":"search_term_string"}}],"inLanguage":"sv-SE"},{"@type":"Organization","@id":"https:\/\/apirosport.com\/sv\/#organization","name":"Apirosport","alternateName":"Apirosport","url":"https:\/\/apirosport.com\/sv\/","logo":{"@type":"ImageObject","inLanguage":"sv-SE","@id":"https:\/\/apirosport.com\/sv\/#\/schema\/logo\/image\/","url":"https:\/\/apirosport.com\/wp-content\/uploads\/2025\/12\/Apirosport-yellow-scaled.png","contentUrl":"https:\/\/apirosport.com\/wp-content\/uploads\/2025\/12\/Apirosport-yellow-scaled.png","width":2560,"height":2278,"caption":"Apirosport"},"image":{"@id":"https:\/\/apirosport.com\/sv\/#\/schema\/logo\/image\/"}}]}},"_links":{"self":[{"href":"https:\/\/apirosport.com\/sv\/wp-json\/wp\/v2\/product\/20449","targetHints":{"allow":["GET"]}}],"collection":[{"href":"https:\/\/apirosport.com\/sv\/wp-json\/wp\/v2\/product"}],"about":[{"href":"https:\/\/apirosport.com\/sv\/wp-json\/wp\/v2\/types\/product"}],"wp:featuredmedia":[{"embeddable":true,"href":"https:\/\/apirosport.com\/sv\/wp-json\/wp\/v2\/media\/20450"}],"wp:attachment":[{"href":"https:\/\/apirosport.com\/sv\/wp-json\/wp\/v2\/media?parent=20449"}],"wp:term":[{"taxonomy":"variation","embeddable":true,"href":"https:\/\/apirosport.com\/sv\/wp-json\/wp\/v2\/variation?post=20449"},{"taxonomy":"product_brand","embeddable":true,"href":"https:\/\/apirosport.com\/sv\/wp-json\/wp\/v2\/product_brand?post=20449"},{"taxonomy":"product_cat","embeddable":true,"href":"https:\/\/apirosport.com\/sv\/wp-json\/wp\/v2\/product_cat?post=20449"},{"taxonomy":"product_tag","embeddable":true,"href":"https:\/\/apirosport.com\/sv\/wp-json\/wp\/v2\/product_tag?post=20449"}],"curies":[{"name":"wp","href":"https:\/\/api.w.org\/{rel}","templated":true}]}}