{"id":20465,"date":"2017-11-17T11:57:55","date_gmt":"2017-11-17T11:57:55","guid":{"rendered":"https:\/\/apirosport.com\/product\/leather-skipping-rope\/"},"modified":"2026-02-23T12:33:24","modified_gmt":"2026-02-23T12:33:24","slug":"leather-skipping-rope","status":"publish","type":"product","link":"https:\/\/apirosport.com\/sv\/produkt\/leather-skipping-rope\/","title":{"rendered":"Leather Skipping Rope"},"content":{"rendered":"<p><span id=\"result_box\" class=\"\" lang=\"sv\"><span class=\"\">Reebok Leather Skipping Rope \u00e4r ett n\u00e5got tyngre och mer robust alternativ till Speed Rope, vilket ofta passar b\u00e4ttre f\u00f6r den som \u00e4r nyb\u00f6rjare. Ett tyngre hopprep k\u00e4nns mer i h\u00e4nderna och ger b\u00e4ttre \u00e5terkoppling till anv\u00e4ndaren \u00e4n vad ett l\u00e4ttare hopprep g\u00f6r. Reebok Leather Skipping Rope har \u00e4ven v<\/span>iktade handtag som g\u00f6r det idealiskt f\u00f6r att bygga muskler och greppstyrka i h\u00e4nderna.<\/span><\/p>\n<ul>\n<li><span id=\"result_box\" class=\"\" lang=\"sv\"><span class=\"\">Med en l\u00e4ngd p\u00e5 271cm g\u00f6r att hopprepet \u00e4ven passar l\u00e5nga anv\u00e4ndare<\/span><\/span><\/li>\n<li><span id=\"result_box\" class=\"\" lang=\"sv\"><span class=\"\">Ergonomiska handtag f\u00f6r bekv\u00e4mare tr\u00e4ning<\/span><\/span><\/li>\n<li><span id=\"result_box\" class=\"\" lang=\"sv\"><span class=\"\">En bredare vajer reducerar b\u00e5de ljud vid golvkontakt och j\u00e4mnare r\u00f6relse<br \/>\n<\/span><\/span><\/li>\n<\/ul>\n","protected":false},"excerpt":{"rendered":"<p><span id=\"result_box\" class=\"\" lang=\"sv\"><span class=\"\">Reebok Leather Skipping Rope \u00e4r ett n\u00e5got tyngre och mer robust alternativ till Speed Rope, vilket ofta passar b\u00e4ttre f\u00f6r den som \u00e4r nyb\u00f6rjare<\/span><\/span><\/p>\n","protected":false},"featured_media":20466,"template":"","meta":{"_acf_changed":false,"inline_featured_image":false},"variation":[],"product_brand":[],"product_cat":[88,330],"product_tag":[224],"class_list":{"0":"post-20465","1":"product","2":"type-product","3":"status-publish","4":"has-post-thumbnail","6":"product_cat-funktionell-traning","7":"product_cat-reebok-pro","8":"product_tag-reebok-pro","10":"first","11":"instock","12":"purchasable","13":"product-type-simple"},"acf":[],"yoast_head":"<!-- This site is optimized with the Yoast SEO plugin v26.8 - https:\/\/yoast.com\/product\/yoast-seo-wordpress\/ -->\n<title>Leather Skipping Rope | Apirosport<\/title>\n<meta name=\"robots\" content=\"index, follow, max-snippet:-1, max-image-preview:large, max-video-preview:-1\" \/>\n<link rel=\"canonical\" href=\"https:\/\/apirosport.com\/sv\/produkt\/leather-skipping-rope\/\" \/>\n<meta property=\"og:locale\" content=\"sv_SE\" \/>\n<meta property=\"og:type\" content=\"article\" \/>\n<meta property=\"og:title\" content=\"Leather Skipping Rope | Apirosport\" \/>\n<meta property=\"og:description\" content=\"Reebok Leather Skipping Rope \u00e4r ett n\u00e5got tyngre och mer robust alternativ till Speed Rope, vilket ofta passar b\u00e4ttre f\u00f6r den som \u00e4r nyb\u00f6rjare\" \/>\n<meta property=\"og:url\" content=\"https:\/\/apirosport.com\/sv\/produkt\/leather-skipping-rope\/\" \/>\n<meta property=\"og:site_name\" content=\"Apirosport\" \/>\n<meta property=\"article:modified_time\" content=\"2026-02-23T12:33:24+00:00\" \/>\n<meta property=\"og:image\" content=\"https:\/\/apirosport.com\/wp-content\/uploads\/2025\/12\/RSRP-16080_01-2.png\" \/>\n\t<meta property=\"og:image:width\" content=\"1000\" \/>\n\t<meta property=\"og:image:height\" content=\"1000\" \/>\n\t<meta property=\"og:image:type\" content=\"image\/png\" \/>\n<meta name=\"twitter:card\" content=\"summary_large_image\" \/>\n<meta name=\"twitter:title\" content=\"Apirosport\" \/>\n<meta name=\"twitter:label1\" content=\"Ber\u00e4knad l\u00e4stid\" \/>\n\t<meta name=\"twitter:data1\" content=\"1 minut\" \/>\n<script type=\"application\/ld+json\" class=\"yoast-schema-graph\">{\"@context\":\"https:\/\/schema.org\",\"@graph\":[{\"@type\":\"WebPage\",\"@id\":\"https:\/\/apirosport.com\/sv\/produkt\/leather-skipping-rope\/\",\"url\":\"https:\/\/apirosport.com\/sv\/produkt\/leather-skipping-rope\/\",\"name\":\"Leather Skipping Rope | Apirosport\",\"isPartOf\":{\"@id\":\"https:\/\/apirosport.com\/sv\/#website\"},\"primaryImageOfPage\":{\"@id\":\"https:\/\/apirosport.com\/sv\/produkt\/leather-skipping-rope\/#primaryimage\"},\"image\":{\"@id\":\"https:\/\/apirosport.com\/sv\/produkt\/leather-skipping-rope\/#primaryimage\"},\"thumbnailUrl\":\"https:\/\/apirosport.com\/wp-content\/uploads\/2025\/12\/RSRP-16080_01-2.png\",\"datePublished\":\"2017-11-17T11:57:55+00:00\",\"dateModified\":\"2026-02-23T12:33:24+00:00\",\"breadcrumb\":{\"@id\":\"https:\/\/apirosport.com\/sv\/produkt\/leather-skipping-rope\/#breadcrumb\"},\"inLanguage\":\"sv-SE\",\"potentialAction\":[{\"@type\":\"ReadAction\",\"target\":[\"https:\/\/apirosport.com\/sv\/produkt\/leather-skipping-rope\/\"]}]},{\"@type\":\"ImageObject\",\"inLanguage\":\"sv-SE\",\"@id\":\"https:\/\/apirosport.com\/sv\/produkt\/leather-skipping-rope\/#primaryimage\",\"url\":\"https:\/\/apirosport.com\/wp-content\/uploads\/2025\/12\/RSRP-16080_01-2.png\",\"contentUrl\":\"https:\/\/apirosport.com\/wp-content\/uploads\/2025\/12\/RSRP-16080_01-2.png\",\"width\":1000,\"height\":1000},{\"@type\":\"BreadcrumbList\",\"@id\":\"https:\/\/apirosport.com\/sv\/produkt\/leather-skipping-rope\/#breadcrumb\",\"itemListElement\":[{\"@type\":\"ListItem\",\"position\":1,\"name\":\"Home\",\"item\":\"https:\/\/apirosport.com\/sv\/\"},{\"@type\":\"ListItem\",\"position\":2,\"name\":\"Produkter\",\"item\":\"https:\/\/apirosport.com\/sv\/produkter\/\"},{\"@type\":\"ListItem\",\"position\":3,\"name\":\"Leather Skipping Rope\"}]},{\"@type\":\"WebSite\",\"@id\":\"https:\/\/apirosport.com\/sv\/#website\",\"url\":\"https:\/\/apirosport.com\/sv\/\",\"name\":\"Apirosport\",\"description\":\"\",\"publisher\":{\"@id\":\"https:\/\/apirosport.com\/sv\/#organization\"},\"alternateName\":\"Apirosport\",\"potentialAction\":[{\"@type\":\"SearchAction\",\"target\":{\"@type\":\"EntryPoint\",\"urlTemplate\":\"https:\/\/apirosport.com\/sv\/?s={search_term_string}\"},\"query-input\":{\"@type\":\"PropertyValueSpecification\",\"valueRequired\":true,\"valueName\":\"search_term_string\"}}],\"inLanguage\":\"sv-SE\"},{\"@type\":\"Organization\",\"@id\":\"https:\/\/apirosport.com\/sv\/#organization\",\"name\":\"Apirosport\",\"alternateName\":\"Apirosport\",\"url\":\"https:\/\/apirosport.com\/sv\/\",\"logo\":{\"@type\":\"ImageObject\",\"inLanguage\":\"sv-SE\",\"@id\":\"https:\/\/apirosport.com\/sv\/#\/schema\/logo\/image\/\",\"url\":\"https:\/\/apirosport.com\/wp-content\/uploads\/2025\/12\/Apirosport-yellow-scaled.png\",\"contentUrl\":\"https:\/\/apirosport.com\/wp-content\/uploads\/2025\/12\/Apirosport-yellow-scaled.png\",\"width\":2560,\"height\":2278,\"caption\":\"Apirosport\"},\"image\":{\"@id\":\"https:\/\/apirosport.com\/sv\/#\/schema\/logo\/image\/\"}}]}<\/script>\n<!-- \/ Yoast SEO plugin. -->","yoast_head_json":{"title":"Leather Skipping Rope | Apirosport","robots":{"index":"index","follow":"follow","max-snippet":"max-snippet:-1","max-image-preview":"max-image-preview:large","max-video-preview":"max-video-preview:-1"},"canonical":"https:\/\/apirosport.com\/sv\/produkt\/leather-skipping-rope\/","og_locale":"sv_SE","og_type":"article","og_title":"Leather Skipping Rope | Apirosport","og_description":"Reebok Leather Skipping Rope \u00e4r ett n\u00e5got tyngre och mer robust alternativ till Speed Rope, vilket ofta passar b\u00e4ttre f\u00f6r den som \u00e4r nyb\u00f6rjare","og_url":"https:\/\/apirosport.com\/sv\/produkt\/leather-skipping-rope\/","og_site_name":"Apirosport","article_modified_time":"2026-02-23T12:33:24+00:00","og_image":[{"width":1000,"height":1000,"url":"https:\/\/apirosport.com\/wp-content\/uploads\/2025\/12\/RSRP-16080_01-2.png","type":"image\/png"}],"twitter_card":"summary_large_image","twitter_title":"Apirosport","twitter_misc":{"Ber\u00e4knad l\u00e4stid":"1 minut"},"schema":{"@context":"https:\/\/schema.org","@graph":[{"@type":"WebPage","@id":"https:\/\/apirosport.com\/sv\/produkt\/leather-skipping-rope\/","url":"https:\/\/apirosport.com\/sv\/produkt\/leather-skipping-rope\/","name":"Leather Skipping Rope | Apirosport","isPartOf":{"@id":"https:\/\/apirosport.com\/sv\/#website"},"primaryImageOfPage":{"@id":"https:\/\/apirosport.com\/sv\/produkt\/leather-skipping-rope\/#primaryimage"},"image":{"@id":"https:\/\/apirosport.com\/sv\/produkt\/leather-skipping-rope\/#primaryimage"},"thumbnailUrl":"https:\/\/apirosport.com\/wp-content\/uploads\/2025\/12\/RSRP-16080_01-2.png","datePublished":"2017-11-17T11:57:55+00:00","dateModified":"2026-02-23T12:33:24+00:00","breadcrumb":{"@id":"https:\/\/apirosport.com\/sv\/produkt\/leather-skipping-rope\/#breadcrumb"},"inLanguage":"sv-SE","potentialAction":[{"@type":"ReadAction","target":["https:\/\/apirosport.com\/sv\/produkt\/leather-skipping-rope\/"]}]},{"@type":"ImageObject","inLanguage":"sv-SE","@id":"https:\/\/apirosport.com\/sv\/produkt\/leather-skipping-rope\/#primaryimage","url":"https:\/\/apirosport.com\/wp-content\/uploads\/2025\/12\/RSRP-16080_01-2.png","contentUrl":"https:\/\/apirosport.com\/wp-content\/uploads\/2025\/12\/RSRP-16080_01-2.png","width":1000,"height":1000},{"@type":"BreadcrumbList","@id":"https:\/\/apirosport.com\/sv\/produkt\/leather-skipping-rope\/#breadcrumb","itemListElement":[{"@type":"ListItem","position":1,"name":"Home","item":"https:\/\/apirosport.com\/sv\/"},{"@type":"ListItem","position":2,"name":"Produkter","item":"https:\/\/apirosport.com\/sv\/produkter\/"},{"@type":"ListItem","position":3,"name":"Leather Skipping Rope"}]},{"@type":"WebSite","@id":"https:\/\/apirosport.com\/sv\/#website","url":"https:\/\/apirosport.com\/sv\/","name":"Apirosport","description":"","publisher":{"@id":"https:\/\/apirosport.com\/sv\/#organization"},"alternateName":"Apirosport","potentialAction":[{"@type":"SearchAction","target":{"@type":"EntryPoint","urlTemplate":"https:\/\/apirosport.com\/sv\/?s={search_term_string}"},"query-input":{"@type":"PropertyValueSpecification","valueRequired":true,"valueName":"search_term_string"}}],"inLanguage":"sv-SE"},{"@type":"Organization","@id":"https:\/\/apirosport.com\/sv\/#organization","name":"Apirosport","alternateName":"Apirosport","url":"https:\/\/apirosport.com\/sv\/","logo":{"@type":"ImageObject","inLanguage":"sv-SE","@id":"https:\/\/apirosport.com\/sv\/#\/schema\/logo\/image\/","url":"https:\/\/apirosport.com\/wp-content\/uploads\/2025\/12\/Apirosport-yellow-scaled.png","contentUrl":"https:\/\/apirosport.com\/wp-content\/uploads\/2025\/12\/Apirosport-yellow-scaled.png","width":2560,"height":2278,"caption":"Apirosport"},"image":{"@id":"https:\/\/apirosport.com\/sv\/#\/schema\/logo\/image\/"}}]}},"_links":{"self":[{"href":"https:\/\/apirosport.com\/sv\/wp-json\/wp\/v2\/product\/20465","targetHints":{"allow":["GET"]}}],"collection":[{"href":"https:\/\/apirosport.com\/sv\/wp-json\/wp\/v2\/product"}],"about":[{"href":"https:\/\/apirosport.com\/sv\/wp-json\/wp\/v2\/types\/product"}],"wp:featuredmedia":[{"embeddable":true,"href":"https:\/\/apirosport.com\/sv\/wp-json\/wp\/v2\/media\/20466"}],"wp:attachment":[{"href":"https:\/\/apirosport.com\/sv\/wp-json\/wp\/v2\/media?parent=20465"}],"wp:term":[{"taxonomy":"variation","embeddable":true,"href":"https:\/\/apirosport.com\/sv\/wp-json\/wp\/v2\/variation?post=20465"},{"taxonomy":"product_brand","embeddable":true,"href":"https:\/\/apirosport.com\/sv\/wp-json\/wp\/v2\/product_brand?post=20465"},{"taxonomy":"product_cat","embeddable":true,"href":"https:\/\/apirosport.com\/sv\/wp-json\/wp\/v2\/product_cat?post=20465"},{"taxonomy":"product_tag","embeddable":true,"href":"https:\/\/apirosport.com\/sv\/wp-json\/wp\/v2\/product_tag?post=20465"}],"curies":[{"name":"wp","href":"https:\/\/api.w.org\/{rel}","templated":true}]}}