{"id":20475,"date":"2017-11-17T10:56:37","date_gmt":"2017-11-17T10:56:37","guid":{"rendered":"https:\/\/apirosport.com\/product\/half-rack\/"},"modified":"2026-03-18T14:25:05","modified_gmt":"2026-03-18T14:25:05","slug":"half-rack","status":"publish","type":"product","link":"https:\/\/apirosport.com\/sv\/produkt\/half-rack\/","title":{"rendered":"Half Rack"},"content":{"rendered":"<div id=\"gt-res-content\">\n<div id=\"gt-res-dir-ctr\" class=\"trans-verified-button-small\" dir=\"ltr\"><strong><span id=\"result_box\" class=\"\" lang=\"sv\"><span class=\"\">F\u00d6RB\u00c4TTRAD S\u00c4KERHET P\u00c5 MINDRE YTA<\/span><\/span><\/strong><\/div>\n<div class=\"trans-verified-button-small\" dir=\"ltr\"><span id=\"result_box\" class=\"\" lang=\"sv\"><br \/>\n<span class=\"\">Nautilus Half Rack \u00e4r robust, m\u00e5ngsidig och erbjuder ett brett utbud av \u00f6vningar f\u00f6r s\u00e5v\u00e4l nyb\u00f6rjaren som den professionella atleten.<\/span> <span class=\"\">Den \u00f6ppna designen framtill till\u00e5ter anv\u00e4ndaren att r\u00f6ra sig och tr\u00e4na fritt, med eller utan b\u00e4nkar och andra tillbeh\u00f6r.<\/span><\/span><\/div>\n<div dir=\"ltr\"><\/div>\n<div dir=\"ltr\"><\/div>\n<div class=\"trans-verified-button-small\" dir=\"ltr\"><span id=\"result_box\" class=\"\" lang=\"sv\">Nautilus Half Rack kan best\u00e4llas med en av tv\u00e5 olika lyftarplattformar &#8211; den ljud- och vibrationsd\u00e4mpande <a href=\"https:\/\/apirosport.se\/produkter\/styrka\/sva-lifting-platform\/\" target=\"_blank\" rel=\"noopener noreferrer\"><span style=\"text-decoration: underline;\">SVA Lyftarplattform<\/span><\/a> i massiv ek och uppf\u00f6ljaren <a href=\"https:\/\/apirosport.se\/produkter\/styrka\/sva-platform-bambu\/\" target=\"_blank\" rel=\"noopener noreferrer\"><span style=\"text-decoration: underline;\">SVA Lyftarplattform Bambu<\/span><\/a> i milj\u00f6- och h\u00e5llbarhetscertifierad bambu. F\u00f6rutom lyftarplattformar finns \u00e4ven m\u00f6jlighet att best\u00e4lla till bandpinnar i ramens nederkant f\u00f6r resistanstr\u00e4ning med exempelvis Power Bands.<\/span><\/div>\n<div dir=\"ltr\"><\/div>\n<div dir=\"ltr\"><\/div>\n<div class=\"trans-verified-button-small\" dir=\"ltr\"><span id=\"result_box\" class=\"\" lang=\"sv\">Tillsammans erbjuder Nautilus Half Rack och tillbeh\u00f6ren <span class=\"\">den perfekta kombinationen f\u00f6r traditionell styrketr\u00e4ning och olympisk tyngdlyftning. Nautilus Half Rack \u00e4r idealisk f\u00f6r s\u00e5v\u00e4l tyngdlyftningsklubbar som kommersiella gym och PT-studios. Den kompakta designen med en h\u00f6jd p\u00e5 246cm g\u00f6r att Nautilus Half Rack \u00e4ven passar in i anl\u00e4ggningar med l\u00e5g takh\u00f6jd.<\/span><br \/>\n<\/span><\/div>\n<ul>\n<li class=\"trans-verified-button-small\" dir=\"ltr\"><span id=\"result_box\" class=\"\" lang=\"sv\">Integrerade multi grip-handtag f\u00f6r exempelvis pull-ups<\/span><\/li>\n<li class=\"trans-verified-button-small\" dir=\"ltr\"><span id=\"result_box\" class=\"\" lang=\"sv\">J-Hooks f\u00f6r placering av skivst\u00e5ng<\/span><\/li>\n<li class=\"trans-verified-button-small\" dir=\"ltr\"><span id=\"result_box\" class=\"\" lang=\"sv\">Safety Arms f\u00f6r extra s\u00e4kerhet vid \u00f6vningar<\/span><\/li>\n<li class=\"trans-verified-button-small\" dir=\"ltr\"><span id=\"result_box\" class=\"\" lang=\"sv\"><span class=\"\">Pegs f\u00f6r f\u00f6rvaring av viktskivor finns som tillval<\/span><\/span><\/li>\n<li class=\"trans-verified-button-small\" dir=\"ltr\"><span id=\"result_box\" class=\"\" lang=\"sv\">Lyftarplattform skyddar golvet och f\u00f6rb\u00e4ttrar tr\u00e4ningen<br \/>\n<\/span><\/li>\n<\/ul>\n<\/div>\n<div id=\"gt-res-tools\"><\/div>\n","protected":false},"excerpt":{"rendered":"<p>IMPROVED VERSATILITY. REDUCED SPACE.<br \/>\nThe sturdy and versatile Nautilus Half Rack is built to accommodate a wide range of exercises, movements and users from beginner to professional athlete. The open-front design lets users move freely and allows for the use of a variety of benches. The optional wood floor and band pegs make it perfect for athletic training and Olympic style lifting, while the shorter 97\u201d tower means it can fit into facilities with lower ceilings. The compact design and built-in plate storage make our Half Rack ideal for schools and personal training facilities as well as larger facilities.<\/p>\n<ul>\n<li>Integrated multi-grip pull up station<\/li>\n<li>Deep J-Hook style bar catch keeps bars from bouncing out while protective inserts prevent damage<\/li>\n<li>Many add-ons available including bumper plate storage, wood platform and band pegs<\/li>\n<li>Optional wood platform protects floors and allows for correct performance characteristics while lifting<\/li>\n<\/ul>\n","protected":false},"featured_media":20476,"template":"","meta":{"_acf_changed":false,"inline_featured_image":false},"variation":[],"product_brand":[],"product_cat":[295,309],"product_tag":[308],"class_list":{"0":"post-20475","1":"product","2":"type-product","3":"status-publish","4":"has-post-thumbnail","6":"product_cat-racks","7":"product_cat-nautilus","8":"product_tag-nautilus-strength","10":"first","11":"instock","12":"purchasable","13":"product-type-simple"},"acf":[],"yoast_head":"<!-- This site is optimized with the Yoast SEO plugin v26.8 - https:\/\/yoast.com\/product\/yoast-seo-wordpress\/ -->\n<title>Half Rack | Apirosport<\/title>\n<meta name=\"robots\" content=\"index, follow, max-snippet:-1, max-image-preview:large, max-video-preview:-1\" \/>\n<link rel=\"canonical\" href=\"https:\/\/apirosport.com\/sv\/produkt\/half-rack\/\" \/>\n<meta property=\"og:locale\" content=\"sv_SE\" \/>\n<meta property=\"og:type\" content=\"article\" \/>\n<meta property=\"og:title\" content=\"Half Rack | Apirosport\" \/>\n<meta property=\"og:description\" content=\"IMPROVED VERSATILITY. REDUCED SPACE. The sturdy and versatile Nautilus Half Rack is built to accommodate a wide range of exercises, movements and users from beginner to professional athlete. The open-front design lets users move freely and allows for the use of a variety of benches. The optional wood floor and band pegs make it perfect for athletic training and Olympic style lifting, while the shorter 97\u201d tower means it can fit into facilities with lower ceilings. The compact design and built-in plate storage make our Half Rack ideal for schools and personal training facilities as well as larger facilities.   Integrated multi-grip pull up station  Deep J-Hook style bar catch keeps bars from bouncing out while protective inserts prevent damage  Many add-ons available including bumper plate storage, wood platform and band pegs  Optional wood platform protects floors and allows for correct performance characteristics while lifting\" \/>\n<meta property=\"og:url\" content=\"https:\/\/apirosport.com\/sv\/produkt\/half-rack\/\" \/>\n<meta property=\"og:site_name\" content=\"Apirosport\" \/>\n<meta property=\"article:modified_time\" content=\"2026-03-18T14:25:05+00:00\" \/>\n<meta property=\"og:image\" content=\"https:\/\/apirosport.com\/wp-content\/uploads\/2025\/12\/Half-Rack-9-HDHR2-2.png\" \/>\n\t<meta property=\"og:image:width\" content=\"1181\" \/>\n\t<meta property=\"og:image:height\" content=\"1181\" \/>\n\t<meta property=\"og:image:type\" content=\"image\/png\" \/>\n<meta name=\"twitter:card\" content=\"summary_large_image\" \/>\n<meta name=\"twitter:title\" content=\"Apirosport\" \/>\n<meta name=\"twitter:label1\" content=\"Ber\u00e4knad l\u00e4stid\" \/>\n\t<meta name=\"twitter:data1\" content=\"1 minut\" \/>\n<script type=\"application\/ld+json\" class=\"yoast-schema-graph\">{\"@context\":\"https:\/\/schema.org\",\"@graph\":[{\"@type\":\"WebPage\",\"@id\":\"https:\/\/apirosport.com\/sv\/produkt\/half-rack\/\",\"url\":\"https:\/\/apirosport.com\/sv\/produkt\/half-rack\/\",\"name\":\"Half Rack | Apirosport\",\"isPartOf\":{\"@id\":\"https:\/\/apirosport.com\/sv\/#website\"},\"primaryImageOfPage\":{\"@id\":\"https:\/\/apirosport.com\/sv\/produkt\/half-rack\/#primaryimage\"},\"image\":{\"@id\":\"https:\/\/apirosport.com\/sv\/produkt\/half-rack\/#primaryimage\"},\"thumbnailUrl\":\"https:\/\/apirosport.com\/wp-content\/uploads\/2025\/12\/Half-Rack-9-HDHR2-2.png\",\"datePublished\":\"2017-11-17T10:56:37+00:00\",\"dateModified\":\"2026-03-18T14:25:05+00:00\",\"breadcrumb\":{\"@id\":\"https:\/\/apirosport.com\/sv\/produkt\/half-rack\/#breadcrumb\"},\"inLanguage\":\"sv-SE\",\"potentialAction\":[{\"@type\":\"ReadAction\",\"target\":[\"https:\/\/apirosport.com\/sv\/produkt\/half-rack\/\"]}]},{\"@type\":\"ImageObject\",\"inLanguage\":\"sv-SE\",\"@id\":\"https:\/\/apirosport.com\/sv\/produkt\/half-rack\/#primaryimage\",\"url\":\"https:\/\/apirosport.com\/wp-content\/uploads\/2025\/12\/Half-Rack-9-HDHR2-2.png\",\"contentUrl\":\"https:\/\/apirosport.com\/wp-content\/uploads\/2025\/12\/Half-Rack-9-HDHR2-2.png\",\"width\":1181,\"height\":1181},{\"@type\":\"BreadcrumbList\",\"@id\":\"https:\/\/apirosport.com\/sv\/produkt\/half-rack\/#breadcrumb\",\"itemListElement\":[{\"@type\":\"ListItem\",\"position\":1,\"name\":\"Home\",\"item\":\"https:\/\/apirosport.com\/sv\/\"},{\"@type\":\"ListItem\",\"position\":2,\"name\":\"Produkter\",\"item\":\"https:\/\/apirosport.com\/sv\/produkter\/\"},{\"@type\":\"ListItem\",\"position\":3,\"name\":\"Half Rack\"}]},{\"@type\":\"WebSite\",\"@id\":\"https:\/\/apirosport.com\/sv\/#website\",\"url\":\"https:\/\/apirosport.com\/sv\/\",\"name\":\"Apirosport\",\"description\":\"\",\"publisher\":{\"@id\":\"https:\/\/apirosport.com\/sv\/#organization\"},\"alternateName\":\"Apirosport\",\"potentialAction\":[{\"@type\":\"SearchAction\",\"target\":{\"@type\":\"EntryPoint\",\"urlTemplate\":\"https:\/\/apirosport.com\/sv\/?s={search_term_string}\"},\"query-input\":{\"@type\":\"PropertyValueSpecification\",\"valueRequired\":true,\"valueName\":\"search_term_string\"}}],\"inLanguage\":\"sv-SE\"},{\"@type\":\"Organization\",\"@id\":\"https:\/\/apirosport.com\/sv\/#organization\",\"name\":\"Apirosport\",\"alternateName\":\"Apirosport\",\"url\":\"https:\/\/apirosport.com\/sv\/\",\"logo\":{\"@type\":\"ImageObject\",\"inLanguage\":\"sv-SE\",\"@id\":\"https:\/\/apirosport.com\/sv\/#\/schema\/logo\/image\/\",\"url\":\"https:\/\/apirosport.com\/wp-content\/uploads\/2025\/12\/Apirosport-yellow-scaled.png\",\"contentUrl\":\"https:\/\/apirosport.com\/wp-content\/uploads\/2025\/12\/Apirosport-yellow-scaled.png\",\"width\":2560,\"height\":2278,\"caption\":\"Apirosport\"},\"image\":{\"@id\":\"https:\/\/apirosport.com\/sv\/#\/schema\/logo\/image\/\"}}]}<\/script>\n<!-- \/ Yoast SEO plugin. -->","yoast_head_json":{"title":"Half Rack | Apirosport","robots":{"index":"index","follow":"follow","max-snippet":"max-snippet:-1","max-image-preview":"max-image-preview:large","max-video-preview":"max-video-preview:-1"},"canonical":"https:\/\/apirosport.com\/sv\/produkt\/half-rack\/","og_locale":"sv_SE","og_type":"article","og_title":"Half Rack | Apirosport","og_description":"IMPROVED VERSATILITY. REDUCED SPACE. The sturdy and versatile Nautilus Half Rack is built to accommodate a wide range of exercises, movements and users from beginner to professional athlete. The open-front design lets users move freely and allows for the use of a variety of benches. The optional wood floor and band pegs make it perfect for athletic training and Olympic style lifting, while the shorter 97\u201d tower means it can fit into facilities with lower ceilings. The compact design and built-in plate storage make our Half Rack ideal for schools and personal training facilities as well as larger facilities.   Integrated multi-grip pull up station  Deep J-Hook style bar catch keeps bars from bouncing out while protective inserts prevent damage  Many add-ons available including bumper plate storage, wood platform and band pegs  Optional wood platform protects floors and allows for correct performance characteristics while lifting","og_url":"https:\/\/apirosport.com\/sv\/produkt\/half-rack\/","og_site_name":"Apirosport","article_modified_time":"2026-03-18T14:25:05+00:00","og_image":[{"width":1181,"height":1181,"url":"https:\/\/apirosport.com\/wp-content\/uploads\/2025\/12\/Half-Rack-9-HDHR2-2.png","type":"image\/png"}],"twitter_card":"summary_large_image","twitter_title":"Apirosport","twitter_misc":{"Ber\u00e4knad l\u00e4stid":"1 minut"},"schema":{"@context":"https:\/\/schema.org","@graph":[{"@type":"WebPage","@id":"https:\/\/apirosport.com\/sv\/produkt\/half-rack\/","url":"https:\/\/apirosport.com\/sv\/produkt\/half-rack\/","name":"Half Rack | Apirosport","isPartOf":{"@id":"https:\/\/apirosport.com\/sv\/#website"},"primaryImageOfPage":{"@id":"https:\/\/apirosport.com\/sv\/produkt\/half-rack\/#primaryimage"},"image":{"@id":"https:\/\/apirosport.com\/sv\/produkt\/half-rack\/#primaryimage"},"thumbnailUrl":"https:\/\/apirosport.com\/wp-content\/uploads\/2025\/12\/Half-Rack-9-HDHR2-2.png","datePublished":"2017-11-17T10:56:37+00:00","dateModified":"2026-03-18T14:25:05+00:00","breadcrumb":{"@id":"https:\/\/apirosport.com\/sv\/produkt\/half-rack\/#breadcrumb"},"inLanguage":"sv-SE","potentialAction":[{"@type":"ReadAction","target":["https:\/\/apirosport.com\/sv\/produkt\/half-rack\/"]}]},{"@type":"ImageObject","inLanguage":"sv-SE","@id":"https:\/\/apirosport.com\/sv\/produkt\/half-rack\/#primaryimage","url":"https:\/\/apirosport.com\/wp-content\/uploads\/2025\/12\/Half-Rack-9-HDHR2-2.png","contentUrl":"https:\/\/apirosport.com\/wp-content\/uploads\/2025\/12\/Half-Rack-9-HDHR2-2.png","width":1181,"height":1181},{"@type":"BreadcrumbList","@id":"https:\/\/apirosport.com\/sv\/produkt\/half-rack\/#breadcrumb","itemListElement":[{"@type":"ListItem","position":1,"name":"Home","item":"https:\/\/apirosport.com\/sv\/"},{"@type":"ListItem","position":2,"name":"Produkter","item":"https:\/\/apirosport.com\/sv\/produkter\/"},{"@type":"ListItem","position":3,"name":"Half Rack"}]},{"@type":"WebSite","@id":"https:\/\/apirosport.com\/sv\/#website","url":"https:\/\/apirosport.com\/sv\/","name":"Apirosport","description":"","publisher":{"@id":"https:\/\/apirosport.com\/sv\/#organization"},"alternateName":"Apirosport","potentialAction":[{"@type":"SearchAction","target":{"@type":"EntryPoint","urlTemplate":"https:\/\/apirosport.com\/sv\/?s={search_term_string}"},"query-input":{"@type":"PropertyValueSpecification","valueRequired":true,"valueName":"search_term_string"}}],"inLanguage":"sv-SE"},{"@type":"Organization","@id":"https:\/\/apirosport.com\/sv\/#organization","name":"Apirosport","alternateName":"Apirosport","url":"https:\/\/apirosport.com\/sv\/","logo":{"@type":"ImageObject","inLanguage":"sv-SE","@id":"https:\/\/apirosport.com\/sv\/#\/schema\/logo\/image\/","url":"https:\/\/apirosport.com\/wp-content\/uploads\/2025\/12\/Apirosport-yellow-scaled.png","contentUrl":"https:\/\/apirosport.com\/wp-content\/uploads\/2025\/12\/Apirosport-yellow-scaled.png","width":2560,"height":2278,"caption":"Apirosport"},"image":{"@id":"https:\/\/apirosport.com\/sv\/#\/schema\/logo\/image\/"}}]}},"_links":{"self":[{"href":"https:\/\/apirosport.com\/sv\/wp-json\/wp\/v2\/product\/20475","targetHints":{"allow":["GET"]}}],"collection":[{"href":"https:\/\/apirosport.com\/sv\/wp-json\/wp\/v2\/product"}],"about":[{"href":"https:\/\/apirosport.com\/sv\/wp-json\/wp\/v2\/types\/product"}],"wp:featuredmedia":[{"embeddable":true,"href":"https:\/\/apirosport.com\/sv\/wp-json\/wp\/v2\/media\/20476"}],"wp:attachment":[{"href":"https:\/\/apirosport.com\/sv\/wp-json\/wp\/v2\/media?parent=20475"}],"wp:term":[{"taxonomy":"variation","embeddable":true,"href":"https:\/\/apirosport.com\/sv\/wp-json\/wp\/v2\/variation?post=20475"},{"taxonomy":"product_brand","embeddable":true,"href":"https:\/\/apirosport.com\/sv\/wp-json\/wp\/v2\/product_brand?post=20475"},{"taxonomy":"product_cat","embeddable":true,"href":"https:\/\/apirosport.com\/sv\/wp-json\/wp\/v2\/product_cat?post=20475"},{"taxonomy":"product_tag","embeddable":true,"href":"https:\/\/apirosport.com\/sv\/wp-json\/wp\/v2\/product_tag?post=20475"}],"curies":[{"name":"wp","href":"https:\/\/api.w.org\/{rel}","templated":true}]}}