{"id":20483,"date":"2017-11-17T10:56:37","date_gmt":"2017-11-17T10:56:37","guid":{"rendered":"https:\/\/apirosport.com\/product\/incline-bench-press\/"},"modified":"2026-03-23T22:01:37","modified_gmt":"2026-03-23T22:01:37","slug":"incline-bench-press","status":"publish","type":"product","link":"https:\/\/apirosport.com\/sv\/produkt\/incline-bench-press\/","title":{"rendered":"Incline Bench Press"},"content":{"rendered":"<ul>\n<li><span class=\"tlid-translation translation\" lang=\"sv\"><span title=\"\"><span class=\"\" title=\"\">Hylla i formgjuten urethane som reducerar ljudniv\u00e5n och ger en s\u00e4krare tr\u00e4ning<\/span><\/span><\/span><\/li>\n<li><span class=\"tlid-translation translation\" lang=\"sv\"><span class=\"\" title=\"\">Dubbla barh\u00e5llare f\u00f6r b\u00e5de korta och l\u00e5nga anv\u00e4ndare<\/span><\/span><\/li>\n<li><span id=\"result_box\" class=\"\" lang=\"sv\"><span class=\"\">Enkel justering av s\u00e4te<\/span><\/span><\/li>\n<li><span class=\"tlid-translation translation\" lang=\"sv\"><span class=\"\" title=\"\">Justerbar benkudde f\u00f6r att passa b\u00e5de korta och l\u00e5nga anv\u00e4ndare<\/span><\/span><\/li>\n<li><span class=\"tlid-translation translation\" lang=\"sv\"><span class=\"\" title=\"\">\u00d6ppen design med f\u00f6rh\u00f6jd plattform f\u00f6r enklare spotting<\/span><br \/>\n<\/span><\/li>\n<li><span class=\"tlid-translation translation\" lang=\"sv\"><span class=\"\" title=\"\">Ram f\u00f6r f\u00f6rvaring f\u00f6r viktplattor finns som tillval<\/span><\/span><\/li>\n<li><span class=\"tlid-translation translation\" lang=\"sv\"><span class=\"\" title=\"\">Gummif\u00f6tter f\u00f6r skydd av underlag<\/span><\/span><\/li>\n<li>Skivst\u00e5ng s\u00e4ljes separat<\/li>\n<\/ul>\n","protected":false},"excerpt":{"rendered":"<p>Hylla i formgjuten urethane som reducerar ljudniv\u00e5n och ger en s\u00e4krare tr\u00e4ning Dubbla barh\u00e5llare f\u00f6r b\u00e5de korta och l\u00e5nga anv\u00e4ndare Enkel justering av s\u00e4te Justerbar benkudde f\u00f6r att passa b\u00e5de korta och l\u00e5nga anv\u00e4ndare \u00d6ppen design med f\u00f6rh\u00f6jd plattform f\u00f6r enklare spotting Ram f\u00f6r f\u00f6rvaring f\u00f6r viktplattor finns som tillval Gummif\u00f6tter f\u00f6r skydd av underlag [&hellip;]<\/p>\n","protected":false},"featured_media":20484,"template":"","meta":{"_acf_changed":false,"inline_featured_image":false},"variation":[],"product_brand":[],"product_cat":[294,309],"product_tag":[308],"class_list":{"0":"post-20483","1":"product","2":"type-product","3":"status-publish","4":"has-post-thumbnail","6":"product_cat-bankar","7":"product_cat-nautilus","8":"product_tag-nautilus-strength","10":"first","11":"instock","12":"purchasable","13":"product-type-simple"},"acf":[],"yoast_head":"<!-- This site is optimized with the Yoast SEO plugin v26.8 - https:\/\/yoast.com\/product\/yoast-seo-wordpress\/ -->\n<title>Incline Bench Press | Apirosport<\/title>\n<meta name=\"robots\" content=\"index, follow, max-snippet:-1, max-image-preview:large, max-video-preview:-1\" \/>\n<link rel=\"canonical\" href=\"https:\/\/apirosport.com\/sv\/produkt\/incline-bench-press\/\" \/>\n<meta property=\"og:locale\" content=\"sv_SE\" \/>\n<meta property=\"og:type\" content=\"article\" \/>\n<meta property=\"og:title\" content=\"Incline Bench Press | Apirosport\" \/>\n<meta property=\"og:description\" content=\"Hylla i formgjuten urethane som reducerar ljudniv\u00e5n och ger en s\u00e4krare tr\u00e4ning Dubbla barh\u00e5llare f\u00f6r b\u00e5de korta och l\u00e5nga anv\u00e4ndare Enkel justering av s\u00e4te Justerbar benkudde f\u00f6r att passa b\u00e5de korta och l\u00e5nga anv\u00e4ndare \u00d6ppen design med f\u00f6rh\u00f6jd plattform f\u00f6r enklare spotting Ram f\u00f6r f\u00f6rvaring f\u00f6r viktplattor finns som tillval Gummif\u00f6tter f\u00f6r skydd av underlag [&hellip;]\" \/>\n<meta property=\"og:url\" content=\"https:\/\/apirosport.com\/sv\/produkt\/incline-bench-press\/\" \/>\n<meta property=\"og:site_name\" content=\"Apirosport\" \/>\n<meta property=\"article:modified_time\" content=\"2026-03-23T22:01:37+00:00\" \/>\n<meta property=\"og:image\" content=\"https:\/\/apirosport.com\/wp-content\/uploads\/2025\/12\/Nautilus-Benches-and-Racks-Incline-Bench-Press-9NP-B7203-05Product-Image-2.png\" \/>\n\t<meta property=\"og:image:width\" content=\"1181\" \/>\n\t<meta property=\"og:image:height\" content=\"1181\" \/>\n\t<meta property=\"og:image:type\" content=\"image\/png\" \/>\n<meta name=\"twitter:card\" content=\"summary_large_image\" \/>\n<meta name=\"twitter:title\" content=\"Apirosport\" \/>\n<meta name=\"twitter:label1\" content=\"Ber\u00e4knad l\u00e4stid\" \/>\n\t<meta name=\"twitter:data1\" content=\"1 minut\" \/>\n<script type=\"application\/ld+json\" class=\"yoast-schema-graph\">{\"@context\":\"https:\/\/schema.org\",\"@graph\":[{\"@type\":\"WebPage\",\"@id\":\"https:\/\/apirosport.com\/sv\/produkt\/incline-bench-press\/\",\"url\":\"https:\/\/apirosport.com\/sv\/produkt\/incline-bench-press\/\",\"name\":\"Incline Bench Press | Apirosport\",\"isPartOf\":{\"@id\":\"https:\/\/apirosport.com\/sv\/#website\"},\"primaryImageOfPage\":{\"@id\":\"https:\/\/apirosport.com\/sv\/produkt\/incline-bench-press\/#primaryimage\"},\"image\":{\"@id\":\"https:\/\/apirosport.com\/sv\/produkt\/incline-bench-press\/#primaryimage\"},\"thumbnailUrl\":\"https:\/\/apirosport.com\/wp-content\/uploads\/2025\/12\/Nautilus-Benches-and-Racks-Incline-Bench-Press-9NP-B7203-05Product-Image-2.png\",\"datePublished\":\"2017-11-17T10:56:37+00:00\",\"dateModified\":\"2026-03-23T22:01:37+00:00\",\"breadcrumb\":{\"@id\":\"https:\/\/apirosport.com\/sv\/produkt\/incline-bench-press\/#breadcrumb\"},\"inLanguage\":\"sv-SE\",\"potentialAction\":[{\"@type\":\"ReadAction\",\"target\":[\"https:\/\/apirosport.com\/sv\/produkt\/incline-bench-press\/\"]}]},{\"@type\":\"ImageObject\",\"inLanguage\":\"sv-SE\",\"@id\":\"https:\/\/apirosport.com\/sv\/produkt\/incline-bench-press\/#primaryimage\",\"url\":\"https:\/\/apirosport.com\/wp-content\/uploads\/2025\/12\/Nautilus-Benches-and-Racks-Incline-Bench-Press-9NP-B7203-05Product-Image-2.png\",\"contentUrl\":\"https:\/\/apirosport.com\/wp-content\/uploads\/2025\/12\/Nautilus-Benches-and-Racks-Incline-Bench-Press-9NP-B7203-05Product-Image-2.png\",\"width\":1181,\"height\":1181},{\"@type\":\"BreadcrumbList\",\"@id\":\"https:\/\/apirosport.com\/sv\/produkt\/incline-bench-press\/#breadcrumb\",\"itemListElement\":[{\"@type\":\"ListItem\",\"position\":1,\"name\":\"Home\",\"item\":\"https:\/\/apirosport.com\/sv\/\"},{\"@type\":\"ListItem\",\"position\":2,\"name\":\"Produkter\",\"item\":\"https:\/\/apirosport.com\/sv\/produkter\/\"},{\"@type\":\"ListItem\",\"position\":3,\"name\":\"Incline Bench Press\"}]},{\"@type\":\"WebSite\",\"@id\":\"https:\/\/apirosport.com\/sv\/#website\",\"url\":\"https:\/\/apirosport.com\/sv\/\",\"name\":\"Apirosport\",\"description\":\"\",\"publisher\":{\"@id\":\"https:\/\/apirosport.com\/sv\/#organization\"},\"alternateName\":\"Apirosport\",\"potentialAction\":[{\"@type\":\"SearchAction\",\"target\":{\"@type\":\"EntryPoint\",\"urlTemplate\":\"https:\/\/apirosport.com\/sv\/?s={search_term_string}\"},\"query-input\":{\"@type\":\"PropertyValueSpecification\",\"valueRequired\":true,\"valueName\":\"search_term_string\"}}],\"inLanguage\":\"sv-SE\"},{\"@type\":\"Organization\",\"@id\":\"https:\/\/apirosport.com\/sv\/#organization\",\"name\":\"Apirosport\",\"alternateName\":\"Apirosport\",\"url\":\"https:\/\/apirosport.com\/sv\/\",\"logo\":{\"@type\":\"ImageObject\",\"inLanguage\":\"sv-SE\",\"@id\":\"https:\/\/apirosport.com\/sv\/#\/schema\/logo\/image\/\",\"url\":\"https:\/\/apirosport.com\/wp-content\/uploads\/2025\/12\/Apirosport-yellow-scaled.png\",\"contentUrl\":\"https:\/\/apirosport.com\/wp-content\/uploads\/2025\/12\/Apirosport-yellow-scaled.png\",\"width\":2560,\"height\":2278,\"caption\":\"Apirosport\"},\"image\":{\"@id\":\"https:\/\/apirosport.com\/sv\/#\/schema\/logo\/image\/\"}}]}<\/script>\n<!-- \/ Yoast SEO plugin. -->","yoast_head_json":{"title":"Incline Bench Press | Apirosport","robots":{"index":"index","follow":"follow","max-snippet":"max-snippet:-1","max-image-preview":"max-image-preview:large","max-video-preview":"max-video-preview:-1"},"canonical":"https:\/\/apirosport.com\/sv\/produkt\/incline-bench-press\/","og_locale":"sv_SE","og_type":"article","og_title":"Incline Bench Press | Apirosport","og_description":"Hylla i formgjuten urethane som reducerar ljudniv\u00e5n och ger en s\u00e4krare tr\u00e4ning Dubbla barh\u00e5llare f\u00f6r b\u00e5de korta och l\u00e5nga anv\u00e4ndare Enkel justering av s\u00e4te Justerbar benkudde f\u00f6r att passa b\u00e5de korta och l\u00e5nga anv\u00e4ndare \u00d6ppen design med f\u00f6rh\u00f6jd plattform f\u00f6r enklare spotting Ram f\u00f6r f\u00f6rvaring f\u00f6r viktplattor finns som tillval Gummif\u00f6tter f\u00f6r skydd av underlag [&hellip;]","og_url":"https:\/\/apirosport.com\/sv\/produkt\/incline-bench-press\/","og_site_name":"Apirosport","article_modified_time":"2026-03-23T22:01:37+00:00","og_image":[{"width":1181,"height":1181,"url":"https:\/\/apirosport.com\/wp-content\/uploads\/2025\/12\/Nautilus-Benches-and-Racks-Incline-Bench-Press-9NP-B7203-05Product-Image-2.png","type":"image\/png"}],"twitter_card":"summary_large_image","twitter_title":"Apirosport","twitter_misc":{"Ber\u00e4knad l\u00e4stid":"1 minut"},"schema":{"@context":"https:\/\/schema.org","@graph":[{"@type":"WebPage","@id":"https:\/\/apirosport.com\/sv\/produkt\/incline-bench-press\/","url":"https:\/\/apirosport.com\/sv\/produkt\/incline-bench-press\/","name":"Incline Bench Press | Apirosport","isPartOf":{"@id":"https:\/\/apirosport.com\/sv\/#website"},"primaryImageOfPage":{"@id":"https:\/\/apirosport.com\/sv\/produkt\/incline-bench-press\/#primaryimage"},"image":{"@id":"https:\/\/apirosport.com\/sv\/produkt\/incline-bench-press\/#primaryimage"},"thumbnailUrl":"https:\/\/apirosport.com\/wp-content\/uploads\/2025\/12\/Nautilus-Benches-and-Racks-Incline-Bench-Press-9NP-B7203-05Product-Image-2.png","datePublished":"2017-11-17T10:56:37+00:00","dateModified":"2026-03-23T22:01:37+00:00","breadcrumb":{"@id":"https:\/\/apirosport.com\/sv\/produkt\/incline-bench-press\/#breadcrumb"},"inLanguage":"sv-SE","potentialAction":[{"@type":"ReadAction","target":["https:\/\/apirosport.com\/sv\/produkt\/incline-bench-press\/"]}]},{"@type":"ImageObject","inLanguage":"sv-SE","@id":"https:\/\/apirosport.com\/sv\/produkt\/incline-bench-press\/#primaryimage","url":"https:\/\/apirosport.com\/wp-content\/uploads\/2025\/12\/Nautilus-Benches-and-Racks-Incline-Bench-Press-9NP-B7203-05Product-Image-2.png","contentUrl":"https:\/\/apirosport.com\/wp-content\/uploads\/2025\/12\/Nautilus-Benches-and-Racks-Incline-Bench-Press-9NP-B7203-05Product-Image-2.png","width":1181,"height":1181},{"@type":"BreadcrumbList","@id":"https:\/\/apirosport.com\/sv\/produkt\/incline-bench-press\/#breadcrumb","itemListElement":[{"@type":"ListItem","position":1,"name":"Home","item":"https:\/\/apirosport.com\/sv\/"},{"@type":"ListItem","position":2,"name":"Produkter","item":"https:\/\/apirosport.com\/sv\/produkter\/"},{"@type":"ListItem","position":3,"name":"Incline Bench Press"}]},{"@type":"WebSite","@id":"https:\/\/apirosport.com\/sv\/#website","url":"https:\/\/apirosport.com\/sv\/","name":"Apirosport","description":"","publisher":{"@id":"https:\/\/apirosport.com\/sv\/#organization"},"alternateName":"Apirosport","potentialAction":[{"@type":"SearchAction","target":{"@type":"EntryPoint","urlTemplate":"https:\/\/apirosport.com\/sv\/?s={search_term_string}"},"query-input":{"@type":"PropertyValueSpecification","valueRequired":true,"valueName":"search_term_string"}}],"inLanguage":"sv-SE"},{"@type":"Organization","@id":"https:\/\/apirosport.com\/sv\/#organization","name":"Apirosport","alternateName":"Apirosport","url":"https:\/\/apirosport.com\/sv\/","logo":{"@type":"ImageObject","inLanguage":"sv-SE","@id":"https:\/\/apirosport.com\/sv\/#\/schema\/logo\/image\/","url":"https:\/\/apirosport.com\/wp-content\/uploads\/2025\/12\/Apirosport-yellow-scaled.png","contentUrl":"https:\/\/apirosport.com\/wp-content\/uploads\/2025\/12\/Apirosport-yellow-scaled.png","width":2560,"height":2278,"caption":"Apirosport"},"image":{"@id":"https:\/\/apirosport.com\/sv\/#\/schema\/logo\/image\/"}}]}},"_links":{"self":[{"href":"https:\/\/apirosport.com\/sv\/wp-json\/wp\/v2\/product\/20483","targetHints":{"allow":["GET"]}}],"collection":[{"href":"https:\/\/apirosport.com\/sv\/wp-json\/wp\/v2\/product"}],"about":[{"href":"https:\/\/apirosport.com\/sv\/wp-json\/wp\/v2\/types\/product"}],"wp:featuredmedia":[{"embeddable":true,"href":"https:\/\/apirosport.com\/sv\/wp-json\/wp\/v2\/media\/20484"}],"wp:attachment":[{"href":"https:\/\/apirosport.com\/sv\/wp-json\/wp\/v2\/media?parent=20483"}],"wp:term":[{"taxonomy":"variation","embeddable":true,"href":"https:\/\/apirosport.com\/sv\/wp-json\/wp\/v2\/variation?post=20483"},{"taxonomy":"product_brand","embeddable":true,"href":"https:\/\/apirosport.com\/sv\/wp-json\/wp\/v2\/product_brand?post=20483"},{"taxonomy":"product_cat","embeddable":true,"href":"https:\/\/apirosport.com\/sv\/wp-json\/wp\/v2\/product_cat?post=20483"},{"taxonomy":"product_tag","embeddable":true,"href":"https:\/\/apirosport.com\/sv\/wp-json\/wp\/v2\/product_tag?post=20483"}],"curies":[{"name":"wp","href":"https:\/\/api.w.org\/{rel}","templated":true}]}}