{"id":20489,"date":"2017-11-17T10:56:35","date_gmt":"2017-11-17T10:56:35","guid":{"rendered":"https:\/\/apirosport.com\/product\/low-row-2\/"},"modified":"2026-03-23T17:38:51","modified_gmt":"2026-03-23T17:38:51","slug":"low-row-2","status":"publish","type":"product","link":"https:\/\/apirosport.com\/sv\/produkt\/low-row-2\/","title":{"rendered":"Leverage Low Row"},"content":{"rendered":"<ul>\n<li data-section-id=\"1d98qlf\" data-start=\"37\" data-end=\"74\">\n<p data-start=\"39\" data-end=\"74\">R\u00e4fflade handtag i rostfritt st\u00e5l<\/p>\n<\/li>\n<li data-section-id=\"nuzsjg\" data-start=\"75\" data-end=\"101\">\n<p data-start=\"77\" data-end=\"101\">Unilateral r\u00f6relsebana<\/p>\n<\/li>\n<li data-section-id=\"p0vnja\" data-start=\"102\" data-end=\"159\">\n<p data-start=\"104\" data-end=\"159\">Enkel att justera f\u00f6r att f\u00f6rb\u00e4ttra anv\u00e4ndarkomforten och ergonomin<\/p>\n<\/li>\n<li data-section-id=\"kmpbar\" data-start=\"160\" data-end=\"183\">\n<p data-start=\"162\" data-end=\"183\">Enkel s\u00e4tesjustering<\/p>\n<\/li>\n<li data-section-id=\"d8jch6\" data-start=\"184\" data-end=\"258\">\n<p data-start=\"186\" data-end=\"258\">Utm\u00e4rkt r\u00f6relsebana och cam-teknik s\u00e4kerst\u00e4ller optimal biomekanik<\/p>\n<\/li>\n<li data-section-id=\"1j7hl5v\" data-start=\"259\" data-end=\"325\">\n<p data-start=\"261\" data-end=\"325\">L\u00e5gt placerade viktskivor f\u00f6r \u00f6kad s\u00e4kerhet och enkelhet<\/p>\n<\/li>\n<li data-section-id=\"1l9lo12\" data-start=\"326\" data-end=\"365\">\n<p data-start=\"328\" data-end=\"365\">Integrerad f\u00f6rvaring f\u00f6r viktskivor<\/p>\n<\/li>\n<li data-section-id=\"qxra40\" data-start=\"366\" data-end=\"392\" data-is-last-node=\"\">\n<p data-start=\"368\" data-end=\"392\" data-is-last-node=\"\">Viktskivor s\u00e4ljs separat<\/p>\n<\/li>\n<\/ul>\n","protected":false},"excerpt":{"rendered":"<p>Sana Leverage tarkoittaa vipuvaikutusta ja jokainen, joka on kokeillut Nautilus Leverage -koulutusta, ymm\u00e4rt\u00e4\u00e4 sen. Leverage Low Row on yksi sarjan yhdeks\u00e4st\u00e4 koneesta.<\/p>\n","protected":false},"featured_media":20490,"template":"","meta":{"_acf_changed":false,"inline_featured_image":false},"variation":[],"product_brand":[],"product_cat":[96,304,309,314],"product_tag":[308],"class_list":{"0":"post-20489","1":"product","2":"type-product","3":"status-publish","4":"has-post-thumbnail","6":"product_cat-styrkemaskiner","7":"product_cat-plate-loaded","8":"product_cat-nautilus","9":"product_cat-nautilus-leverage","10":"product_tag-nautilus-strength","12":"first","13":"instock","14":"purchasable","15":"product-type-simple"},"acf":[],"yoast_head":"<!-- This site is optimized with the Yoast SEO plugin v26.8 - https:\/\/yoast.com\/product\/yoast-seo-wordpress\/ -->\n<title>Leverage Low Row | Apirosport<\/title>\n<meta name=\"robots\" content=\"index, follow, max-snippet:-1, max-image-preview:large, max-video-preview:-1\" \/>\n<link rel=\"canonical\" href=\"https:\/\/apirosport.com\/sv\/produkt\/low-row-2\/\" \/>\n<meta property=\"og:locale\" content=\"sv_SE\" \/>\n<meta property=\"og:type\" content=\"article\" \/>\n<meta property=\"og:title\" content=\"Leverage Low Row | Apirosport\" \/>\n<meta property=\"og:description\" content=\"Sana Leverage tarkoittaa vipuvaikutusta ja jokainen, joka on kokeillut Nautilus Leverage -koulutusta, ymm\u00e4rt\u00e4\u00e4 sen. Leverage Low Row on yksi sarjan yhdeks\u00e4st\u00e4 koneesta.\" \/>\n<meta property=\"og:url\" content=\"https:\/\/apirosport.com\/sv\/produkt\/low-row-2\/\" \/>\n<meta property=\"og:site_name\" content=\"Apirosport\" \/>\n<meta property=\"article:modified_time\" content=\"2026-03-23T17:38:51+00:00\" \/>\n<meta property=\"og:image\" content=\"https:\/\/apirosport.com\/wp-content\/uploads\/2025\/12\/Nautilus-Leverage-Low-Row-60-9NP-L3004-2.png\" \/>\n\t<meta property=\"og:image:width\" content=\"1181\" \/>\n\t<meta property=\"og:image:height\" content=\"1181\" \/>\n\t<meta property=\"og:image:type\" content=\"image\/png\" \/>\n<meta name=\"twitter:card\" content=\"summary_large_image\" \/>\n<meta name=\"twitter:title\" content=\"Apirosport\" \/>\n<meta name=\"twitter:label1\" content=\"Ber\u00e4knad l\u00e4stid\" \/>\n\t<meta name=\"twitter:data1\" content=\"1 minut\" \/>\n<script type=\"application\/ld+json\" class=\"yoast-schema-graph\">{\"@context\":\"https:\/\/schema.org\",\"@graph\":[{\"@type\":\"WebPage\",\"@id\":\"https:\/\/apirosport.com\/sv\/produkt\/low-row-2\/\",\"url\":\"https:\/\/apirosport.com\/sv\/produkt\/low-row-2\/\",\"name\":\"Leverage Low Row | Apirosport\",\"isPartOf\":{\"@id\":\"https:\/\/apirosport.com\/sv\/#website\"},\"primaryImageOfPage\":{\"@id\":\"https:\/\/apirosport.com\/sv\/produkt\/low-row-2\/#primaryimage\"},\"image\":{\"@id\":\"https:\/\/apirosport.com\/sv\/produkt\/low-row-2\/#primaryimage\"},\"thumbnailUrl\":\"https:\/\/apirosport.com\/wp-content\/uploads\/2025\/12\/Nautilus-Leverage-Low-Row-60-9NP-L3004-2.png\",\"datePublished\":\"2017-11-17T10:56:35+00:00\",\"dateModified\":\"2026-03-23T17:38:51+00:00\",\"breadcrumb\":{\"@id\":\"https:\/\/apirosport.com\/sv\/produkt\/low-row-2\/#breadcrumb\"},\"inLanguage\":\"sv-SE\",\"potentialAction\":[{\"@type\":\"ReadAction\",\"target\":[\"https:\/\/apirosport.com\/sv\/produkt\/low-row-2\/\"]}]},{\"@type\":\"ImageObject\",\"inLanguage\":\"sv-SE\",\"@id\":\"https:\/\/apirosport.com\/sv\/produkt\/low-row-2\/#primaryimage\",\"url\":\"https:\/\/apirosport.com\/wp-content\/uploads\/2025\/12\/Nautilus-Leverage-Low-Row-60-9NP-L3004-2.png\",\"contentUrl\":\"https:\/\/apirosport.com\/wp-content\/uploads\/2025\/12\/Nautilus-Leverage-Low-Row-60-9NP-L3004-2.png\",\"width\":1181,\"height\":1181},{\"@type\":\"BreadcrumbList\",\"@id\":\"https:\/\/apirosport.com\/sv\/produkt\/low-row-2\/#breadcrumb\",\"itemListElement\":[{\"@type\":\"ListItem\",\"position\":1,\"name\":\"Home\",\"item\":\"https:\/\/apirosport.com\/sv\/\"},{\"@type\":\"ListItem\",\"position\":2,\"name\":\"Produkter\",\"item\":\"https:\/\/apirosport.com\/sv\/produkter\/\"},{\"@type\":\"ListItem\",\"position\":3,\"name\":\"Leverage Low Row\"}]},{\"@type\":\"WebSite\",\"@id\":\"https:\/\/apirosport.com\/sv\/#website\",\"url\":\"https:\/\/apirosport.com\/sv\/\",\"name\":\"Apirosport\",\"description\":\"\",\"publisher\":{\"@id\":\"https:\/\/apirosport.com\/sv\/#organization\"},\"alternateName\":\"Apirosport\",\"potentialAction\":[{\"@type\":\"SearchAction\",\"target\":{\"@type\":\"EntryPoint\",\"urlTemplate\":\"https:\/\/apirosport.com\/sv\/?s={search_term_string}\"},\"query-input\":{\"@type\":\"PropertyValueSpecification\",\"valueRequired\":true,\"valueName\":\"search_term_string\"}}],\"inLanguage\":\"sv-SE\"},{\"@type\":\"Organization\",\"@id\":\"https:\/\/apirosport.com\/sv\/#organization\",\"name\":\"Apirosport\",\"alternateName\":\"Apirosport\",\"url\":\"https:\/\/apirosport.com\/sv\/\",\"logo\":{\"@type\":\"ImageObject\",\"inLanguage\":\"sv-SE\",\"@id\":\"https:\/\/apirosport.com\/sv\/#\/schema\/logo\/image\/\",\"url\":\"https:\/\/apirosport.com\/wp-content\/uploads\/2025\/12\/Apirosport-yellow-scaled.png\",\"contentUrl\":\"https:\/\/apirosport.com\/wp-content\/uploads\/2025\/12\/Apirosport-yellow-scaled.png\",\"width\":2560,\"height\":2278,\"caption\":\"Apirosport\"},\"image\":{\"@id\":\"https:\/\/apirosport.com\/sv\/#\/schema\/logo\/image\/\"}}]}<\/script>\n<!-- \/ Yoast SEO plugin. -->","yoast_head_json":{"title":"Leverage Low Row | Apirosport","robots":{"index":"index","follow":"follow","max-snippet":"max-snippet:-1","max-image-preview":"max-image-preview:large","max-video-preview":"max-video-preview:-1"},"canonical":"https:\/\/apirosport.com\/sv\/produkt\/low-row-2\/","og_locale":"sv_SE","og_type":"article","og_title":"Leverage Low Row | Apirosport","og_description":"Sana Leverage tarkoittaa vipuvaikutusta ja jokainen, joka on kokeillut Nautilus Leverage -koulutusta, ymm\u00e4rt\u00e4\u00e4 sen. Leverage Low Row on yksi sarjan yhdeks\u00e4st\u00e4 koneesta.","og_url":"https:\/\/apirosport.com\/sv\/produkt\/low-row-2\/","og_site_name":"Apirosport","article_modified_time":"2026-03-23T17:38:51+00:00","og_image":[{"width":1181,"height":1181,"url":"https:\/\/apirosport.com\/wp-content\/uploads\/2025\/12\/Nautilus-Leverage-Low-Row-60-9NP-L3004-2.png","type":"image\/png"}],"twitter_card":"summary_large_image","twitter_title":"Apirosport","twitter_misc":{"Ber\u00e4knad l\u00e4stid":"1 minut"},"schema":{"@context":"https:\/\/schema.org","@graph":[{"@type":"WebPage","@id":"https:\/\/apirosport.com\/sv\/produkt\/low-row-2\/","url":"https:\/\/apirosport.com\/sv\/produkt\/low-row-2\/","name":"Leverage Low Row | Apirosport","isPartOf":{"@id":"https:\/\/apirosport.com\/sv\/#website"},"primaryImageOfPage":{"@id":"https:\/\/apirosport.com\/sv\/produkt\/low-row-2\/#primaryimage"},"image":{"@id":"https:\/\/apirosport.com\/sv\/produkt\/low-row-2\/#primaryimage"},"thumbnailUrl":"https:\/\/apirosport.com\/wp-content\/uploads\/2025\/12\/Nautilus-Leverage-Low-Row-60-9NP-L3004-2.png","datePublished":"2017-11-17T10:56:35+00:00","dateModified":"2026-03-23T17:38:51+00:00","breadcrumb":{"@id":"https:\/\/apirosport.com\/sv\/produkt\/low-row-2\/#breadcrumb"},"inLanguage":"sv-SE","potentialAction":[{"@type":"ReadAction","target":["https:\/\/apirosport.com\/sv\/produkt\/low-row-2\/"]}]},{"@type":"ImageObject","inLanguage":"sv-SE","@id":"https:\/\/apirosport.com\/sv\/produkt\/low-row-2\/#primaryimage","url":"https:\/\/apirosport.com\/wp-content\/uploads\/2025\/12\/Nautilus-Leverage-Low-Row-60-9NP-L3004-2.png","contentUrl":"https:\/\/apirosport.com\/wp-content\/uploads\/2025\/12\/Nautilus-Leverage-Low-Row-60-9NP-L3004-2.png","width":1181,"height":1181},{"@type":"BreadcrumbList","@id":"https:\/\/apirosport.com\/sv\/produkt\/low-row-2\/#breadcrumb","itemListElement":[{"@type":"ListItem","position":1,"name":"Home","item":"https:\/\/apirosport.com\/sv\/"},{"@type":"ListItem","position":2,"name":"Produkter","item":"https:\/\/apirosport.com\/sv\/produkter\/"},{"@type":"ListItem","position":3,"name":"Leverage Low Row"}]},{"@type":"WebSite","@id":"https:\/\/apirosport.com\/sv\/#website","url":"https:\/\/apirosport.com\/sv\/","name":"Apirosport","description":"","publisher":{"@id":"https:\/\/apirosport.com\/sv\/#organization"},"alternateName":"Apirosport","potentialAction":[{"@type":"SearchAction","target":{"@type":"EntryPoint","urlTemplate":"https:\/\/apirosport.com\/sv\/?s={search_term_string}"},"query-input":{"@type":"PropertyValueSpecification","valueRequired":true,"valueName":"search_term_string"}}],"inLanguage":"sv-SE"},{"@type":"Organization","@id":"https:\/\/apirosport.com\/sv\/#organization","name":"Apirosport","alternateName":"Apirosport","url":"https:\/\/apirosport.com\/sv\/","logo":{"@type":"ImageObject","inLanguage":"sv-SE","@id":"https:\/\/apirosport.com\/sv\/#\/schema\/logo\/image\/","url":"https:\/\/apirosport.com\/wp-content\/uploads\/2025\/12\/Apirosport-yellow-scaled.png","contentUrl":"https:\/\/apirosport.com\/wp-content\/uploads\/2025\/12\/Apirosport-yellow-scaled.png","width":2560,"height":2278,"caption":"Apirosport"},"image":{"@id":"https:\/\/apirosport.com\/sv\/#\/schema\/logo\/image\/"}}]}},"_links":{"self":[{"href":"https:\/\/apirosport.com\/sv\/wp-json\/wp\/v2\/product\/20489","targetHints":{"allow":["GET"]}}],"collection":[{"href":"https:\/\/apirosport.com\/sv\/wp-json\/wp\/v2\/product"}],"about":[{"href":"https:\/\/apirosport.com\/sv\/wp-json\/wp\/v2\/types\/product"}],"wp:featuredmedia":[{"embeddable":true,"href":"https:\/\/apirosport.com\/sv\/wp-json\/wp\/v2\/media\/20490"}],"wp:attachment":[{"href":"https:\/\/apirosport.com\/sv\/wp-json\/wp\/v2\/media?parent=20489"}],"wp:term":[{"taxonomy":"variation","embeddable":true,"href":"https:\/\/apirosport.com\/sv\/wp-json\/wp\/v2\/variation?post=20489"},{"taxonomy":"product_brand","embeddable":true,"href":"https:\/\/apirosport.com\/sv\/wp-json\/wp\/v2\/product_brand?post=20489"},{"taxonomy":"product_cat","embeddable":true,"href":"https:\/\/apirosport.com\/sv\/wp-json\/wp\/v2\/product_cat?post=20489"},{"taxonomy":"product_tag","embeddable":true,"href":"https:\/\/apirosport.com\/sv\/wp-json\/wp\/v2\/product_tag?post=20489"}],"curies":[{"name":"wp","href":"https:\/\/api.w.org\/{rel}","templated":true}]}}