{"id":20493,"date":"2017-11-17T10:56:35","date_gmt":"2017-11-17T10:56:35","guid":{"rendered":"https:\/\/apirosport.com\/product\/incline-lever-row\/"},"modified":"2026-03-23T17:48:03","modified_gmt":"2026-03-23T17:48:03","slug":"incline-lever-row","status":"publish","type":"product","link":"https:\/\/apirosport.com\/sv\/produkt\/incline-lever-row\/","title":{"rendered":"Leverage Incline Lever Row"},"content":{"rendered":"<ul>\n<li><span class=\"tlid-translation translation\" lang=\"sv\"><span title=\"\">L\u00e5g h\u00f6jd f\u00f6r p\u00e5h\u00e4ngning av viktplattor ger en s\u00e4ker och enkel tr\u00e4ning<\/span><\/span><\/li>\n<li><span class=\"tlid-translation translation\" lang=\"sv\"><span title=\"\">Tv\u00e5 olika handgreppspositioner ger st\u00f6rre tr\u00e4ningsvariation<\/span><\/span><\/li>\n<li><span class=\"tlid-translation translation\" lang=\"sv\"><span title=\"\">Vikt olastad p\u00e5 16kg<\/span><\/span><\/li>\n<li>Skydd p\u00e5 ramen f\u00f6r att undvika on\u00f6digt slitage p\u00e5 ramen<\/li>\n<li>Gummif\u00f6tter f\u00f6r skydd av underlag<\/li>\n<\/ul>\n","protected":false},"excerpt":{"rendered":"<p>Nautilus Plate Loaded har en given plats i varje anl\u00e4ggning och erbjuder styrketr\u00e4ning i landet mellan fria vikter och styrkemaskiner med fast r\u00f6relsebana.<\/p>\n","protected":false},"featured_media":20494,"template":"","meta":{"_acf_changed":false,"inline_featured_image":false},"variation":[],"product_brand":[],"product_cat":[96,304,309,314],"product_tag":[308],"class_list":{"0":"post-20493","1":"product","2":"type-product","3":"status-publish","4":"has-post-thumbnail","6":"product_cat-styrkemaskiner","7":"product_cat-plate-loaded","8":"product_cat-nautilus","9":"product_cat-nautilus-leverage","10":"product_tag-nautilus-strength","12":"first","13":"instock","14":"purchasable","15":"product-type-simple"},"acf":[],"yoast_head":"<!-- This site is optimized with the Yoast SEO plugin v26.8 - https:\/\/yoast.com\/product\/yoast-seo-wordpress\/ -->\n<title>Leverage Incline Lever Row | Apirosport<\/title>\n<meta name=\"robots\" content=\"index, follow, max-snippet:-1, max-image-preview:large, max-video-preview:-1\" \/>\n<link rel=\"canonical\" href=\"https:\/\/apirosport.com\/sv\/produkt\/incline-lever-row\/\" \/>\n<meta property=\"og:locale\" content=\"sv_SE\" \/>\n<meta property=\"og:type\" content=\"article\" \/>\n<meta property=\"og:title\" content=\"Leverage Incline Lever Row | Apirosport\" \/>\n<meta property=\"og:description\" content=\"Nautilus Plate Loaded har en given plats i varje anl\u00e4ggning och erbjuder styrketr\u00e4ning i landet mellan fria vikter och styrkemaskiner med fast r\u00f6relsebana.\" \/>\n<meta property=\"og:url\" content=\"https:\/\/apirosport.com\/sv\/produkt\/incline-lever-row\/\" \/>\n<meta property=\"og:site_name\" content=\"Apirosport\" \/>\n<meta property=\"article:modified_time\" content=\"2026-03-23T17:48:03+00:00\" \/>\n<meta property=\"og:image\" content=\"https:\/\/apirosport.com\/wp-content\/uploads\/2025\/12\/Nautilus-Plate-Loaded-Incline-Lever-Row-NP_L3140-High-Poly-16-Product-Image-2.png\" \/>\n\t<meta property=\"og:image:width\" content=\"1181\" \/>\n\t<meta property=\"og:image:height\" content=\"1181\" \/>\n\t<meta property=\"og:image:type\" content=\"image\/png\" \/>\n<meta name=\"twitter:card\" content=\"summary_large_image\" \/>\n<meta name=\"twitter:title\" content=\"Apirosport\" \/>\n<meta name=\"twitter:label1\" content=\"Ber\u00e4knad l\u00e4stid\" \/>\n\t<meta name=\"twitter:data1\" content=\"1 minut\" \/>\n<script type=\"application\/ld+json\" class=\"yoast-schema-graph\">{\"@context\":\"https:\/\/schema.org\",\"@graph\":[{\"@type\":\"WebPage\",\"@id\":\"https:\/\/apirosport.com\/sv\/produkt\/incline-lever-row\/\",\"url\":\"https:\/\/apirosport.com\/sv\/produkt\/incline-lever-row\/\",\"name\":\"Leverage Incline Lever Row | Apirosport\",\"isPartOf\":{\"@id\":\"https:\/\/apirosport.com\/sv\/#website\"},\"primaryImageOfPage\":{\"@id\":\"https:\/\/apirosport.com\/sv\/produkt\/incline-lever-row\/#primaryimage\"},\"image\":{\"@id\":\"https:\/\/apirosport.com\/sv\/produkt\/incline-lever-row\/#primaryimage\"},\"thumbnailUrl\":\"https:\/\/apirosport.com\/wp-content\/uploads\/2025\/12\/Nautilus-Plate-Loaded-Incline-Lever-Row-NP_L3140-High-Poly-16-Product-Image-2.png\",\"datePublished\":\"2017-11-17T10:56:35+00:00\",\"dateModified\":\"2026-03-23T17:48:03+00:00\",\"breadcrumb\":{\"@id\":\"https:\/\/apirosport.com\/sv\/produkt\/incline-lever-row\/#breadcrumb\"},\"inLanguage\":\"sv-SE\",\"potentialAction\":[{\"@type\":\"ReadAction\",\"target\":[\"https:\/\/apirosport.com\/sv\/produkt\/incline-lever-row\/\"]}]},{\"@type\":\"ImageObject\",\"inLanguage\":\"sv-SE\",\"@id\":\"https:\/\/apirosport.com\/sv\/produkt\/incline-lever-row\/#primaryimage\",\"url\":\"https:\/\/apirosport.com\/wp-content\/uploads\/2025\/12\/Nautilus-Plate-Loaded-Incline-Lever-Row-NP_L3140-High-Poly-16-Product-Image-2.png\",\"contentUrl\":\"https:\/\/apirosport.com\/wp-content\/uploads\/2025\/12\/Nautilus-Plate-Loaded-Incline-Lever-Row-NP_L3140-High-Poly-16-Product-Image-2.png\",\"width\":1181,\"height\":1181},{\"@type\":\"BreadcrumbList\",\"@id\":\"https:\/\/apirosport.com\/sv\/produkt\/incline-lever-row\/#breadcrumb\",\"itemListElement\":[{\"@type\":\"ListItem\",\"position\":1,\"name\":\"Home\",\"item\":\"https:\/\/apirosport.com\/sv\/\"},{\"@type\":\"ListItem\",\"position\":2,\"name\":\"Produkter\",\"item\":\"https:\/\/apirosport.com\/sv\/produkter\/\"},{\"@type\":\"ListItem\",\"position\":3,\"name\":\"Leverage Incline Lever Row\"}]},{\"@type\":\"WebSite\",\"@id\":\"https:\/\/apirosport.com\/sv\/#website\",\"url\":\"https:\/\/apirosport.com\/sv\/\",\"name\":\"Apirosport\",\"description\":\"\",\"publisher\":{\"@id\":\"https:\/\/apirosport.com\/sv\/#organization\"},\"alternateName\":\"Apirosport\",\"potentialAction\":[{\"@type\":\"SearchAction\",\"target\":{\"@type\":\"EntryPoint\",\"urlTemplate\":\"https:\/\/apirosport.com\/sv\/?s={search_term_string}\"},\"query-input\":{\"@type\":\"PropertyValueSpecification\",\"valueRequired\":true,\"valueName\":\"search_term_string\"}}],\"inLanguage\":\"sv-SE\"},{\"@type\":\"Organization\",\"@id\":\"https:\/\/apirosport.com\/sv\/#organization\",\"name\":\"Apirosport\",\"alternateName\":\"Apirosport\",\"url\":\"https:\/\/apirosport.com\/sv\/\",\"logo\":{\"@type\":\"ImageObject\",\"inLanguage\":\"sv-SE\",\"@id\":\"https:\/\/apirosport.com\/sv\/#\/schema\/logo\/image\/\",\"url\":\"https:\/\/apirosport.com\/wp-content\/uploads\/2025\/12\/Apirosport-yellow-scaled.png\",\"contentUrl\":\"https:\/\/apirosport.com\/wp-content\/uploads\/2025\/12\/Apirosport-yellow-scaled.png\",\"width\":2560,\"height\":2278,\"caption\":\"Apirosport\"},\"image\":{\"@id\":\"https:\/\/apirosport.com\/sv\/#\/schema\/logo\/image\/\"}}]}<\/script>\n<!-- \/ Yoast SEO plugin. -->","yoast_head_json":{"title":"Leverage Incline Lever Row | Apirosport","robots":{"index":"index","follow":"follow","max-snippet":"max-snippet:-1","max-image-preview":"max-image-preview:large","max-video-preview":"max-video-preview:-1"},"canonical":"https:\/\/apirosport.com\/sv\/produkt\/incline-lever-row\/","og_locale":"sv_SE","og_type":"article","og_title":"Leverage Incline Lever Row | Apirosport","og_description":"Nautilus Plate Loaded har en given plats i varje anl\u00e4ggning och erbjuder styrketr\u00e4ning i landet mellan fria vikter och styrkemaskiner med fast r\u00f6relsebana.","og_url":"https:\/\/apirosport.com\/sv\/produkt\/incline-lever-row\/","og_site_name":"Apirosport","article_modified_time":"2026-03-23T17:48:03+00:00","og_image":[{"width":1181,"height":1181,"url":"https:\/\/apirosport.com\/wp-content\/uploads\/2025\/12\/Nautilus-Plate-Loaded-Incline-Lever-Row-NP_L3140-High-Poly-16-Product-Image-2.png","type":"image\/png"}],"twitter_card":"summary_large_image","twitter_title":"Apirosport","twitter_misc":{"Ber\u00e4knad l\u00e4stid":"1 minut"},"schema":{"@context":"https:\/\/schema.org","@graph":[{"@type":"WebPage","@id":"https:\/\/apirosport.com\/sv\/produkt\/incline-lever-row\/","url":"https:\/\/apirosport.com\/sv\/produkt\/incline-lever-row\/","name":"Leverage Incline Lever Row | Apirosport","isPartOf":{"@id":"https:\/\/apirosport.com\/sv\/#website"},"primaryImageOfPage":{"@id":"https:\/\/apirosport.com\/sv\/produkt\/incline-lever-row\/#primaryimage"},"image":{"@id":"https:\/\/apirosport.com\/sv\/produkt\/incline-lever-row\/#primaryimage"},"thumbnailUrl":"https:\/\/apirosport.com\/wp-content\/uploads\/2025\/12\/Nautilus-Plate-Loaded-Incline-Lever-Row-NP_L3140-High-Poly-16-Product-Image-2.png","datePublished":"2017-11-17T10:56:35+00:00","dateModified":"2026-03-23T17:48:03+00:00","breadcrumb":{"@id":"https:\/\/apirosport.com\/sv\/produkt\/incline-lever-row\/#breadcrumb"},"inLanguage":"sv-SE","potentialAction":[{"@type":"ReadAction","target":["https:\/\/apirosport.com\/sv\/produkt\/incline-lever-row\/"]}]},{"@type":"ImageObject","inLanguage":"sv-SE","@id":"https:\/\/apirosport.com\/sv\/produkt\/incline-lever-row\/#primaryimage","url":"https:\/\/apirosport.com\/wp-content\/uploads\/2025\/12\/Nautilus-Plate-Loaded-Incline-Lever-Row-NP_L3140-High-Poly-16-Product-Image-2.png","contentUrl":"https:\/\/apirosport.com\/wp-content\/uploads\/2025\/12\/Nautilus-Plate-Loaded-Incline-Lever-Row-NP_L3140-High-Poly-16-Product-Image-2.png","width":1181,"height":1181},{"@type":"BreadcrumbList","@id":"https:\/\/apirosport.com\/sv\/produkt\/incline-lever-row\/#breadcrumb","itemListElement":[{"@type":"ListItem","position":1,"name":"Home","item":"https:\/\/apirosport.com\/sv\/"},{"@type":"ListItem","position":2,"name":"Produkter","item":"https:\/\/apirosport.com\/sv\/produkter\/"},{"@type":"ListItem","position":3,"name":"Leverage Incline Lever Row"}]},{"@type":"WebSite","@id":"https:\/\/apirosport.com\/sv\/#website","url":"https:\/\/apirosport.com\/sv\/","name":"Apirosport","description":"","publisher":{"@id":"https:\/\/apirosport.com\/sv\/#organization"},"alternateName":"Apirosport","potentialAction":[{"@type":"SearchAction","target":{"@type":"EntryPoint","urlTemplate":"https:\/\/apirosport.com\/sv\/?s={search_term_string}"},"query-input":{"@type":"PropertyValueSpecification","valueRequired":true,"valueName":"search_term_string"}}],"inLanguage":"sv-SE"},{"@type":"Organization","@id":"https:\/\/apirosport.com\/sv\/#organization","name":"Apirosport","alternateName":"Apirosport","url":"https:\/\/apirosport.com\/sv\/","logo":{"@type":"ImageObject","inLanguage":"sv-SE","@id":"https:\/\/apirosport.com\/sv\/#\/schema\/logo\/image\/","url":"https:\/\/apirosport.com\/wp-content\/uploads\/2025\/12\/Apirosport-yellow-scaled.png","contentUrl":"https:\/\/apirosport.com\/wp-content\/uploads\/2025\/12\/Apirosport-yellow-scaled.png","width":2560,"height":2278,"caption":"Apirosport"},"image":{"@id":"https:\/\/apirosport.com\/sv\/#\/schema\/logo\/image\/"}}]}},"_links":{"self":[{"href":"https:\/\/apirosport.com\/sv\/wp-json\/wp\/v2\/product\/20493","targetHints":{"allow":["GET"]}}],"collection":[{"href":"https:\/\/apirosport.com\/sv\/wp-json\/wp\/v2\/product"}],"about":[{"href":"https:\/\/apirosport.com\/sv\/wp-json\/wp\/v2\/types\/product"}],"wp:featuredmedia":[{"embeddable":true,"href":"https:\/\/apirosport.com\/sv\/wp-json\/wp\/v2\/media\/20494"}],"wp:attachment":[{"href":"https:\/\/apirosport.com\/sv\/wp-json\/wp\/v2\/media?parent=20493"}],"wp:term":[{"taxonomy":"variation","embeddable":true,"href":"https:\/\/apirosport.com\/sv\/wp-json\/wp\/v2\/variation?post=20493"},{"taxonomy":"product_brand","embeddable":true,"href":"https:\/\/apirosport.com\/sv\/wp-json\/wp\/v2\/product_brand?post=20493"},{"taxonomy":"product_cat","embeddable":true,"href":"https:\/\/apirosport.com\/sv\/wp-json\/wp\/v2\/product_cat?post=20493"},{"taxonomy":"product_tag","embeddable":true,"href":"https:\/\/apirosport.com\/sv\/wp-json\/wp\/v2\/product_tag?post=20493"}],"curies":[{"name":"wp","href":"https:\/\/api.w.org\/{rel}","templated":true}]}}