{"id":20495,"date":"2017-11-17T10:56:35","date_gmt":"2017-11-17T10:56:35","guid":{"rendered":"https:\/\/apirosport.com\/product\/cable-cross-over\/"},"modified":"2026-03-23T21:08:07","modified_gmt":"2026-03-23T21:08:07","slug":"cable-cross-over","status":"publish","type":"product","link":"https:\/\/apirosport.com\/sv\/produkt\/cable-cross-over\/","title":{"rendered":"Cable Cross Over"},"content":{"rendered":"<p>Nautilus Cable Cross Over \u00e4r m\u00e5ngsidig, platsbesparande och popul\u00e4r \u2013 flexibiliteten \u00e4r stor och det g\u00e5r alldeles utm\u00e4rkt att genomf\u00f6ra en helkroppstr\u00e4ning i en cable cross.<\/p>\n<ul>\n<li>Full flexibelt och justerbart cable cross-system<\/li>\n<li>Integrerade multi grip-handtag<\/li>\n<li>Handtag p\u00e5 ramen f\u00f6r stabilitet och balans<\/li>\n<li>Lock N Load med patenterat, pinl\u00f6st, stegvis viktvalssystem<\/li>\n<li>Gummerade f\u00f6tter f\u00f6r skydd av underlag<\/li>\n<li>2,5kg viktintervall<\/li>\n<\/ul>\n","protected":false},"excerpt":{"rendered":"<p>Sometimes you have space for multiple pieces of equipment and sometimes you don&#8217;t. That is exactly why our Multi-Stations can be such a great option when you&#8217;re still looking for the total workout experience and commercial feel while needing to maximize space. Each of our multi-stations have the smallest footprint possible while combining the most essential and core elements from our strength lines. Add in great features like swiveling pulleys on the Lat Pull Down, Low Row and Triceps Press and fully adjustable pulleys on the Cable Cross Over System, and you have an economical, space-saving equipment solution that doesn&#8217;t look, feel or train like one.<\/p>\n<ul>\n<li>Fully adjustable cable cross over system<\/li>\n<li>Stablization handles for balance and control<\/li>\n<li>Lock N Load<sup>\u00ae<\/sup> weight selection system<\/li>\n<li>Rubber feet for floor protection<\/li>\n<li>5 lb incremental add-on plates Integrated pull up station<\/li>\n<\/ul>\n","protected":false},"featured_media":20496,"template":"","meta":{"_acf_changed":false,"inline_featured_image":false},"variation":[],"product_brand":[],"product_cat":[298,309,351],"product_tag":[308],"class_list":{"0":"post-20495","1":"product","2":"type-product","3":"status-publish","4":"has-post-thumbnail","6":"product_cat-multi-stations","7":"product_cat-nautilus","8":"product_cat-nautilus-multi-stations","9":"product_tag-nautilus-strength","11":"first","12":"instock","13":"purchasable","14":"product-type-simple"},"acf":[],"yoast_head":"<!-- This site is optimized with the Yoast SEO plugin v26.8 - https:\/\/yoast.com\/product\/yoast-seo-wordpress\/ -->\n<title>Cable Cross Over | Apirosport<\/title>\n<meta name=\"robots\" content=\"index, follow, max-snippet:-1, max-image-preview:large, max-video-preview:-1\" \/>\n<link rel=\"canonical\" href=\"https:\/\/apirosport.com\/sv\/produkt\/cable-cross-over\/\" \/>\n<meta property=\"og:locale\" content=\"sv_SE\" \/>\n<meta property=\"og:type\" content=\"article\" \/>\n<meta property=\"og:title\" content=\"Cable Cross Over | Apirosport\" \/>\n<meta property=\"og:description\" content=\"Sometimes you have space for multiple pieces of equipment and sometimes you don&#039;t. That is exactly why our Multi-Stations can be such a great option when you&#039;re still looking for the total workout experience and commercial feel while needing to maximize space. Each of our multi-stations have the smallest footprint possible while combining the most essential and core elements from our strength lines. Add in great features like swiveling pulleys on the Lat Pull Down, Low Row and Triceps Press and fully adjustable pulleys on the Cable Cross Over System, and you have an economical, space-saving equipment solution that doesn&#039;t look, feel or train like one.   Fully adjustable cable cross over system  Stablization handles for balance and control  Lock N Load\u00ae weight selection system  Rubber feet for floor protection  5 lb incremental add-on plates Integrated pull up station\" \/>\n<meta property=\"og:url\" content=\"https:\/\/apirosport.com\/sv\/produkt\/cable-cross-over\/\" \/>\n<meta property=\"og:site_name\" content=\"Apirosport\" \/>\n<meta property=\"article:modified_time\" content=\"2026-03-23T21:08:07+00:00\" \/>\n<meta property=\"og:image\" content=\"https:\/\/apirosport.com\/wp-content\/uploads\/2025\/12\/Nautilus-Multistation-Cable-Cross-Over-4-2.png\" \/>\n\t<meta property=\"og:image:width\" content=\"1181\" \/>\n\t<meta property=\"og:image:height\" content=\"1181\" \/>\n\t<meta property=\"og:image:type\" content=\"image\/png\" \/>\n<meta name=\"twitter:card\" content=\"summary_large_image\" \/>\n<meta name=\"twitter:title\" content=\"Apirosport\" \/>\n<meta name=\"twitter:label1\" content=\"Ber\u00e4knad l\u00e4stid\" \/>\n\t<meta name=\"twitter:data1\" content=\"1 minut\" \/>\n<script type=\"application\/ld+json\" class=\"yoast-schema-graph\">{\"@context\":\"https:\/\/schema.org\",\"@graph\":[{\"@type\":\"WebPage\",\"@id\":\"https:\/\/apirosport.com\/sv\/produkt\/cable-cross-over\/\",\"url\":\"https:\/\/apirosport.com\/sv\/produkt\/cable-cross-over\/\",\"name\":\"Cable Cross Over | Apirosport\",\"isPartOf\":{\"@id\":\"https:\/\/apirosport.com\/sv\/#website\"},\"primaryImageOfPage\":{\"@id\":\"https:\/\/apirosport.com\/sv\/produkt\/cable-cross-over\/#primaryimage\"},\"image\":{\"@id\":\"https:\/\/apirosport.com\/sv\/produkt\/cable-cross-over\/#primaryimage\"},\"thumbnailUrl\":\"https:\/\/apirosport.com\/wp-content\/uploads\/2025\/12\/Nautilus-Multistation-Cable-Cross-Over-4-2.png\",\"datePublished\":\"2017-11-17T10:56:35+00:00\",\"dateModified\":\"2026-03-23T21:08:07+00:00\",\"breadcrumb\":{\"@id\":\"https:\/\/apirosport.com\/sv\/produkt\/cable-cross-over\/#breadcrumb\"},\"inLanguage\":\"sv-SE\",\"potentialAction\":[{\"@type\":\"ReadAction\",\"target\":[\"https:\/\/apirosport.com\/sv\/produkt\/cable-cross-over\/\"]}]},{\"@type\":\"ImageObject\",\"inLanguage\":\"sv-SE\",\"@id\":\"https:\/\/apirosport.com\/sv\/produkt\/cable-cross-over\/#primaryimage\",\"url\":\"https:\/\/apirosport.com\/wp-content\/uploads\/2025\/12\/Nautilus-Multistation-Cable-Cross-Over-4-2.png\",\"contentUrl\":\"https:\/\/apirosport.com\/wp-content\/uploads\/2025\/12\/Nautilus-Multistation-Cable-Cross-Over-4-2.png\",\"width\":1181,\"height\":1181},{\"@type\":\"BreadcrumbList\",\"@id\":\"https:\/\/apirosport.com\/sv\/produkt\/cable-cross-over\/#breadcrumb\",\"itemListElement\":[{\"@type\":\"ListItem\",\"position\":1,\"name\":\"Home\",\"item\":\"https:\/\/apirosport.com\/sv\/\"},{\"@type\":\"ListItem\",\"position\":2,\"name\":\"Butik\",\"item\":\"https:\/\/apirosport.com\/products\/\"},{\"@type\":\"ListItem\",\"position\":3,\"name\":\"Cable Cross Over\"}]},{\"@type\":\"WebSite\",\"@id\":\"https:\/\/apirosport.com\/sv\/#website\",\"url\":\"https:\/\/apirosport.com\/sv\/\",\"name\":\"Apirosport\",\"description\":\"\",\"publisher\":{\"@id\":\"https:\/\/apirosport.com\/sv\/#organization\"},\"alternateName\":\"Apirosport\",\"potentialAction\":[{\"@type\":\"SearchAction\",\"target\":{\"@type\":\"EntryPoint\",\"urlTemplate\":\"https:\/\/apirosport.com\/sv\/?s={search_term_string}\"},\"query-input\":{\"@type\":\"PropertyValueSpecification\",\"valueRequired\":true,\"valueName\":\"search_term_string\"}}],\"inLanguage\":\"sv-SE\"},{\"@type\":\"Organization\",\"@id\":\"https:\/\/apirosport.com\/sv\/#organization\",\"name\":\"Apirosport\",\"alternateName\":\"Apirosport\",\"url\":\"https:\/\/apirosport.com\/sv\/\",\"logo\":{\"@type\":\"ImageObject\",\"inLanguage\":\"sv-SE\",\"@id\":\"https:\/\/apirosport.com\/sv\/#\/schema\/logo\/image\/\",\"url\":\"https:\/\/apirosport.com\/wp-content\/uploads\/2025\/12\/Apirosport-yellow-scaled.png\",\"contentUrl\":\"https:\/\/apirosport.com\/wp-content\/uploads\/2025\/12\/Apirosport-yellow-scaled.png\",\"width\":2560,\"height\":2278,\"caption\":\"Apirosport\"},\"image\":{\"@id\":\"https:\/\/apirosport.com\/sv\/#\/schema\/logo\/image\/\"}}]}<\/script>\n<!-- \/ Yoast SEO plugin. -->","yoast_head_json":{"title":"Cable Cross Over | Apirosport","robots":{"index":"index","follow":"follow","max-snippet":"max-snippet:-1","max-image-preview":"max-image-preview:large","max-video-preview":"max-video-preview:-1"},"canonical":"https:\/\/apirosport.com\/sv\/produkt\/cable-cross-over\/","og_locale":"sv_SE","og_type":"article","og_title":"Cable Cross Over | Apirosport","og_description":"Sometimes you have space for multiple pieces of equipment and sometimes you don't. That is exactly why our Multi-Stations can be such a great option when you're still looking for the total workout experience and commercial feel while needing to maximize space. Each of our multi-stations have the smallest footprint possible while combining the most essential and core elements from our strength lines. Add in great features like swiveling pulleys on the Lat Pull Down, Low Row and Triceps Press and fully adjustable pulleys on the Cable Cross Over System, and you have an economical, space-saving equipment solution that doesn't look, feel or train like one.   Fully adjustable cable cross over system  Stablization handles for balance and control  Lock N Load\u00ae weight selection system  Rubber feet for floor protection  5 lb incremental add-on plates Integrated pull up station","og_url":"https:\/\/apirosport.com\/sv\/produkt\/cable-cross-over\/","og_site_name":"Apirosport","article_modified_time":"2026-03-23T21:08:07+00:00","og_image":[{"width":1181,"height":1181,"url":"https:\/\/apirosport.com\/wp-content\/uploads\/2025\/12\/Nautilus-Multistation-Cable-Cross-Over-4-2.png","type":"image\/png"}],"twitter_card":"summary_large_image","twitter_title":"Apirosport","twitter_misc":{"Ber\u00e4knad l\u00e4stid":"1 minut"},"schema":{"@context":"https:\/\/schema.org","@graph":[{"@type":"WebPage","@id":"https:\/\/apirosport.com\/sv\/produkt\/cable-cross-over\/","url":"https:\/\/apirosport.com\/sv\/produkt\/cable-cross-over\/","name":"Cable Cross Over | Apirosport","isPartOf":{"@id":"https:\/\/apirosport.com\/sv\/#website"},"primaryImageOfPage":{"@id":"https:\/\/apirosport.com\/sv\/produkt\/cable-cross-over\/#primaryimage"},"image":{"@id":"https:\/\/apirosport.com\/sv\/produkt\/cable-cross-over\/#primaryimage"},"thumbnailUrl":"https:\/\/apirosport.com\/wp-content\/uploads\/2025\/12\/Nautilus-Multistation-Cable-Cross-Over-4-2.png","datePublished":"2017-11-17T10:56:35+00:00","dateModified":"2026-03-23T21:08:07+00:00","breadcrumb":{"@id":"https:\/\/apirosport.com\/sv\/produkt\/cable-cross-over\/#breadcrumb"},"inLanguage":"sv-SE","potentialAction":[{"@type":"ReadAction","target":["https:\/\/apirosport.com\/sv\/produkt\/cable-cross-over\/"]}]},{"@type":"ImageObject","inLanguage":"sv-SE","@id":"https:\/\/apirosport.com\/sv\/produkt\/cable-cross-over\/#primaryimage","url":"https:\/\/apirosport.com\/wp-content\/uploads\/2025\/12\/Nautilus-Multistation-Cable-Cross-Over-4-2.png","contentUrl":"https:\/\/apirosport.com\/wp-content\/uploads\/2025\/12\/Nautilus-Multistation-Cable-Cross-Over-4-2.png","width":1181,"height":1181},{"@type":"BreadcrumbList","@id":"https:\/\/apirosport.com\/sv\/produkt\/cable-cross-over\/#breadcrumb","itemListElement":[{"@type":"ListItem","position":1,"name":"Home","item":"https:\/\/apirosport.com\/sv\/"},{"@type":"ListItem","position":2,"name":"Butik","item":"https:\/\/apirosport.com\/products\/"},{"@type":"ListItem","position":3,"name":"Cable Cross Over"}]},{"@type":"WebSite","@id":"https:\/\/apirosport.com\/sv\/#website","url":"https:\/\/apirosport.com\/sv\/","name":"Apirosport","description":"","publisher":{"@id":"https:\/\/apirosport.com\/sv\/#organization"},"alternateName":"Apirosport","potentialAction":[{"@type":"SearchAction","target":{"@type":"EntryPoint","urlTemplate":"https:\/\/apirosport.com\/sv\/?s={search_term_string}"},"query-input":{"@type":"PropertyValueSpecification","valueRequired":true,"valueName":"search_term_string"}}],"inLanguage":"sv-SE"},{"@type":"Organization","@id":"https:\/\/apirosport.com\/sv\/#organization","name":"Apirosport","alternateName":"Apirosport","url":"https:\/\/apirosport.com\/sv\/","logo":{"@type":"ImageObject","inLanguage":"sv-SE","@id":"https:\/\/apirosport.com\/sv\/#\/schema\/logo\/image\/","url":"https:\/\/apirosport.com\/wp-content\/uploads\/2025\/12\/Apirosport-yellow-scaled.png","contentUrl":"https:\/\/apirosport.com\/wp-content\/uploads\/2025\/12\/Apirosport-yellow-scaled.png","width":2560,"height":2278,"caption":"Apirosport"},"image":{"@id":"https:\/\/apirosport.com\/sv\/#\/schema\/logo\/image\/"}}]}},"_links":{"self":[{"href":"https:\/\/apirosport.com\/sv\/wp-json\/wp\/v2\/product\/20495","targetHints":{"allow":["GET"]}}],"collection":[{"href":"https:\/\/apirosport.com\/sv\/wp-json\/wp\/v2\/product"}],"about":[{"href":"https:\/\/apirosport.com\/sv\/wp-json\/wp\/v2\/types\/product"}],"wp:featuredmedia":[{"embeddable":true,"href":"https:\/\/apirosport.com\/sv\/wp-json\/wp\/v2\/media\/20496"}],"wp:attachment":[{"href":"https:\/\/apirosport.com\/sv\/wp-json\/wp\/v2\/media?parent=20495"}],"wp:term":[{"taxonomy":"variation","embeddable":true,"href":"https:\/\/apirosport.com\/sv\/wp-json\/wp\/v2\/variation?post=20495"},{"taxonomy":"product_brand","embeddable":true,"href":"https:\/\/apirosport.com\/sv\/wp-json\/wp\/v2\/product_brand?post=20495"},{"taxonomy":"product_cat","embeddable":true,"href":"https:\/\/apirosport.com\/sv\/wp-json\/wp\/v2\/product_cat?post=20495"},{"taxonomy":"product_tag","embeddable":true,"href":"https:\/\/apirosport.com\/sv\/wp-json\/wp\/v2\/product_tag?post=20495"}],"curies":[{"name":"wp","href":"https:\/\/api.w.org\/{rel}","templated":true}]}}