{"id":20534,"date":"2025-12-02T12:21:01","date_gmt":"2025-12-02T12:21:01","guid":{"rendered":"https:\/\/apirosport.com\/?post_type=product&#038;p=20534"},"modified":"2026-04-28T18:48:11","modified_gmt":"2026-04-28T18:48:11","slug":"inspiration-deltoid-raise","status":"publish","type":"product","link":"https:\/\/apirosport.com\/sv\/produkt\/inspiration-deltoid-raise\/","title":{"rendered":"Inspiration Deltoid Raise"},"content":{"rendered":"<ul>\n<li>Enkel justering av s\u00e4te<\/li>\n<li>Unilateral r\u00f6relsebana<\/li>\n<li>Bekv\u00e4ma armkuddar<\/li>\n<li>Handtag f\u00f6r korrekt armpositionering<\/li>\n<li>Justerbar ryggkudde f\u00f6r extra stabilitet<\/li>\n<li>Markerad rotationsaxel f\u00f6r exakt positionering och b\u00e4ttre anv\u00e4ndarv\u00e4nlighet<\/li>\n<li>Lock N Load\u00ae med patenterat, pinl\u00f6st, stegvis viktvalssystem<\/li>\n<li>Lentikul\u00e4r instruktionsskylt med r\u00f6rlig bild<\/li>\n<\/ul>\n","protected":false},"excerpt":{"rendered":"<p>Proudly made in the USA, the Nautilus Inspiration line delivers a series of must have updates to an outstanding strength circuit. Redesigned with beautiful, modern aesthetics and uniform towers, Nautilus Inspiration makes a powerful first impression. Each machine captures the essence of natural human movement. Members will appreciate the many easy to use and easy to see features like the wrap around assisted seat adjustment, pre-stretch and range of motion controls designed to enhance each user&#8217;s experience.<\/p>\n<ul>\n<li>Wrap-around gas assist seat adjust<\/li>\n<li>Unilateral motion<\/li>\n<li>Comfortable arm roller pads<\/li>\n<li>Floating arm positioning support handles<\/li>\n<li>Adjustable torso stabilization pad<\/li>\n<li>Axis of rotation highlighted for precise user positioning<\/li>\n<li>Lock N Load<sup>\u00ae<\/sup> weight selection<\/li>\n<li>Lock N Load<sup>\u00ae<\/sup> incremental add-on weight system<\/li>\n<li>Moving image lenticular instruction placard<\/li>\n<\/ul>\n","protected":false},"featured_media":24240,"template":"","meta":{"_acf_changed":false,"inline_featured_image":false},"variation":[],"product_brand":[],"product_cat":[96],"product_tag":[308],"class_list":{"0":"post-20534","1":"product","2":"type-product","3":"status-publish","4":"has-post-thumbnail","6":"product_cat-styrkemaskiner","7":"product_tag-nautilus-strength","9":"first","10":"instock","11":"purchasable","12":"product-type-simple"},"acf":[],"yoast_head":"<!-- This site is optimized with the Yoast SEO plugin v26.8 - https:\/\/yoast.com\/product\/yoast-seo-wordpress\/ -->\n<title>Inspiration Deltoid Raise | Apirosport<\/title>\n<meta name=\"robots\" content=\"index, follow, max-snippet:-1, max-image-preview:large, max-video-preview:-1\" \/>\n<link rel=\"canonical\" href=\"https:\/\/apirosport.com\/sv\/produkt\/inspiration-deltoid-raise\/\" \/>\n<meta property=\"og:locale\" content=\"sv_SE\" \/>\n<meta property=\"og:type\" content=\"article\" \/>\n<meta property=\"og:title\" content=\"Inspiration Deltoid Raise | Apirosport\" \/>\n<meta property=\"og:description\" content=\"Proudly made in the USA, the Nautilus Inspiration line delivers a series of must have updates to an outstanding strength circuit. Redesigned with beautiful, modern aesthetics and uniform towers, Nautilus Inspiration makes a powerful first impression. Each machine captures the essence of natural human movement. Members will appreciate the many easy to use and easy to see features like the wrap around assisted seat adjustment, pre-stretch and range of motion controls designed to enhance each user&#039;s experience.   Wrap-around gas assist seat adjust  Unilateral motion  Comfortable arm roller pads  Floating arm positioning support handles  Adjustable torso stabilization pad  Axis of rotation highlighted for precise user positioning  Lock N Load\u00ae weight selection  Lock N Load\u00ae incremental add-on weight system  Moving image lenticular instruction placard\" \/>\n<meta property=\"og:url\" content=\"https:\/\/apirosport.com\/sv\/produkt\/inspiration-deltoid-raise\/\" \/>\n<meta property=\"og:site_name\" content=\"Apirosport\" \/>\n<meta property=\"article:modified_time\" content=\"2026-04-28T18:48:11+00:00\" \/>\n<meta property=\"og:image\" content=\"https:\/\/apirosport.com\/wp-content\/uploads\/2025\/12\/Nautilus-Inspiration-Deltoid-Raise-IPDR5-Product-Image-1-1.png\" \/>\n\t<meta property=\"og:image:width\" content=\"1920\" \/>\n\t<meta property=\"og:image:height\" content=\"1920\" \/>\n\t<meta property=\"og:image:type\" content=\"image\/png\" \/>\n<meta name=\"twitter:card\" content=\"summary_large_image\" \/>\n<meta name=\"twitter:title\" content=\"Apirosport\" \/>\n<meta name=\"twitter:label1\" content=\"Ber\u00e4knad l\u00e4stid\" \/>\n\t<meta name=\"twitter:data1\" content=\"1 minut\" \/>\n<script type=\"application\/ld+json\" class=\"yoast-schema-graph\">{\"@context\":\"https:\/\/schema.org\",\"@graph\":[{\"@type\":\"WebPage\",\"@id\":\"https:\/\/apirosport.com\/sv\/produkt\/inspiration-deltoid-raise\/\",\"url\":\"https:\/\/apirosport.com\/sv\/produkt\/inspiration-deltoid-raise\/\",\"name\":\"Inspiration Deltoid Raise | Apirosport\",\"isPartOf\":{\"@id\":\"https:\/\/apirosport.com\/sv\/#website\"},\"primaryImageOfPage\":{\"@id\":\"https:\/\/apirosport.com\/sv\/produkt\/inspiration-deltoid-raise\/#primaryimage\"},\"image\":{\"@id\":\"https:\/\/apirosport.com\/sv\/produkt\/inspiration-deltoid-raise\/#primaryimage\"},\"thumbnailUrl\":\"https:\/\/apirosport.com\/wp-content\/uploads\/2025\/12\/Nautilus-Inspiration-Deltoid-Raise-IPDR5-Product-Image-1-1.png\",\"datePublished\":\"2025-12-02T12:21:01+00:00\",\"dateModified\":\"2026-04-28T18:48:11+00:00\",\"breadcrumb\":{\"@id\":\"https:\/\/apirosport.com\/sv\/produkt\/inspiration-deltoid-raise\/#breadcrumb\"},\"inLanguage\":\"sv-SE\",\"potentialAction\":[{\"@type\":\"ReadAction\",\"target\":[\"https:\/\/apirosport.com\/sv\/produkt\/inspiration-deltoid-raise\/\"]}]},{\"@type\":\"ImageObject\",\"inLanguage\":\"sv-SE\",\"@id\":\"https:\/\/apirosport.com\/sv\/produkt\/inspiration-deltoid-raise\/#primaryimage\",\"url\":\"https:\/\/apirosport.com\/wp-content\/uploads\/2025\/12\/Nautilus-Inspiration-Deltoid-Raise-IPDR5-Product-Image-1-1.png\",\"contentUrl\":\"https:\/\/apirosport.com\/wp-content\/uploads\/2025\/12\/Nautilus-Inspiration-Deltoid-Raise-IPDR5-Product-Image-1-1.png\",\"width\":1920,\"height\":1920},{\"@type\":\"BreadcrumbList\",\"@id\":\"https:\/\/apirosport.com\/sv\/produkt\/inspiration-deltoid-raise\/#breadcrumb\",\"itemListElement\":[{\"@type\":\"ListItem\",\"position\":1,\"name\":\"Home\",\"item\":\"https:\/\/apirosport.com\/sv\/\"},{\"@type\":\"ListItem\",\"position\":2,\"name\":\"Produkter\",\"item\":\"https:\/\/apirosport.com\/sv\/produkter\/\"},{\"@type\":\"ListItem\",\"position\":3,\"name\":\"Inspiration Deltoid Raise\"}]},{\"@type\":\"WebSite\",\"@id\":\"https:\/\/apirosport.com\/sv\/#website\",\"url\":\"https:\/\/apirosport.com\/sv\/\",\"name\":\"Apirosport\",\"description\":\"\",\"publisher\":{\"@id\":\"https:\/\/apirosport.com\/sv\/#organization\"},\"alternateName\":\"Apirosport\",\"potentialAction\":[{\"@type\":\"SearchAction\",\"target\":{\"@type\":\"EntryPoint\",\"urlTemplate\":\"https:\/\/apirosport.com\/sv\/?s={search_term_string}\"},\"query-input\":{\"@type\":\"PropertyValueSpecification\",\"valueRequired\":true,\"valueName\":\"search_term_string\"}}],\"inLanguage\":\"sv-SE\"},{\"@type\":\"Organization\",\"@id\":\"https:\/\/apirosport.com\/sv\/#organization\",\"name\":\"Apirosport\",\"alternateName\":\"Apirosport\",\"url\":\"https:\/\/apirosport.com\/sv\/\",\"logo\":{\"@type\":\"ImageObject\",\"inLanguage\":\"sv-SE\",\"@id\":\"https:\/\/apirosport.com\/sv\/#\/schema\/logo\/image\/\",\"url\":\"https:\/\/apirosport.com\/wp-content\/uploads\/2025\/12\/Apirosport-yellow-scaled.png\",\"contentUrl\":\"https:\/\/apirosport.com\/wp-content\/uploads\/2025\/12\/Apirosport-yellow-scaled.png\",\"width\":2560,\"height\":2278,\"caption\":\"Apirosport\"},\"image\":{\"@id\":\"https:\/\/apirosport.com\/sv\/#\/schema\/logo\/image\/\"}}]}<\/script>\n<!-- \/ Yoast SEO plugin. -->","yoast_head_json":{"title":"Inspiration Deltoid Raise | Apirosport","robots":{"index":"index","follow":"follow","max-snippet":"max-snippet:-1","max-image-preview":"max-image-preview:large","max-video-preview":"max-video-preview:-1"},"canonical":"https:\/\/apirosport.com\/sv\/produkt\/inspiration-deltoid-raise\/","og_locale":"sv_SE","og_type":"article","og_title":"Inspiration Deltoid Raise | Apirosport","og_description":"Proudly made in the USA, the Nautilus Inspiration line delivers a series of must have updates to an outstanding strength circuit. Redesigned with beautiful, modern aesthetics and uniform towers, Nautilus Inspiration makes a powerful first impression. Each machine captures the essence of natural human movement. Members will appreciate the many easy to use and easy to see features like the wrap around assisted seat adjustment, pre-stretch and range of motion controls designed to enhance each user's experience.   Wrap-around gas assist seat adjust  Unilateral motion  Comfortable arm roller pads  Floating arm positioning support handles  Adjustable torso stabilization pad  Axis of rotation highlighted for precise user positioning  Lock N Load\u00ae weight selection  Lock N Load\u00ae incremental add-on weight system  Moving image lenticular instruction placard","og_url":"https:\/\/apirosport.com\/sv\/produkt\/inspiration-deltoid-raise\/","og_site_name":"Apirosport","article_modified_time":"2026-04-28T18:48:11+00:00","og_image":[{"width":1920,"height":1920,"url":"https:\/\/apirosport.com\/wp-content\/uploads\/2025\/12\/Nautilus-Inspiration-Deltoid-Raise-IPDR5-Product-Image-1-1.png","type":"image\/png"}],"twitter_card":"summary_large_image","twitter_title":"Apirosport","twitter_misc":{"Ber\u00e4knad l\u00e4stid":"1 minut"},"schema":{"@context":"https:\/\/schema.org","@graph":[{"@type":"WebPage","@id":"https:\/\/apirosport.com\/sv\/produkt\/inspiration-deltoid-raise\/","url":"https:\/\/apirosport.com\/sv\/produkt\/inspiration-deltoid-raise\/","name":"Inspiration Deltoid Raise | Apirosport","isPartOf":{"@id":"https:\/\/apirosport.com\/sv\/#website"},"primaryImageOfPage":{"@id":"https:\/\/apirosport.com\/sv\/produkt\/inspiration-deltoid-raise\/#primaryimage"},"image":{"@id":"https:\/\/apirosport.com\/sv\/produkt\/inspiration-deltoid-raise\/#primaryimage"},"thumbnailUrl":"https:\/\/apirosport.com\/wp-content\/uploads\/2025\/12\/Nautilus-Inspiration-Deltoid-Raise-IPDR5-Product-Image-1-1.png","datePublished":"2025-12-02T12:21:01+00:00","dateModified":"2026-04-28T18:48:11+00:00","breadcrumb":{"@id":"https:\/\/apirosport.com\/sv\/produkt\/inspiration-deltoid-raise\/#breadcrumb"},"inLanguage":"sv-SE","potentialAction":[{"@type":"ReadAction","target":["https:\/\/apirosport.com\/sv\/produkt\/inspiration-deltoid-raise\/"]}]},{"@type":"ImageObject","inLanguage":"sv-SE","@id":"https:\/\/apirosport.com\/sv\/produkt\/inspiration-deltoid-raise\/#primaryimage","url":"https:\/\/apirosport.com\/wp-content\/uploads\/2025\/12\/Nautilus-Inspiration-Deltoid-Raise-IPDR5-Product-Image-1-1.png","contentUrl":"https:\/\/apirosport.com\/wp-content\/uploads\/2025\/12\/Nautilus-Inspiration-Deltoid-Raise-IPDR5-Product-Image-1-1.png","width":1920,"height":1920},{"@type":"BreadcrumbList","@id":"https:\/\/apirosport.com\/sv\/produkt\/inspiration-deltoid-raise\/#breadcrumb","itemListElement":[{"@type":"ListItem","position":1,"name":"Home","item":"https:\/\/apirosport.com\/sv\/"},{"@type":"ListItem","position":2,"name":"Produkter","item":"https:\/\/apirosport.com\/sv\/produkter\/"},{"@type":"ListItem","position":3,"name":"Inspiration Deltoid Raise"}]},{"@type":"WebSite","@id":"https:\/\/apirosport.com\/sv\/#website","url":"https:\/\/apirosport.com\/sv\/","name":"Apirosport","description":"","publisher":{"@id":"https:\/\/apirosport.com\/sv\/#organization"},"alternateName":"Apirosport","potentialAction":[{"@type":"SearchAction","target":{"@type":"EntryPoint","urlTemplate":"https:\/\/apirosport.com\/sv\/?s={search_term_string}"},"query-input":{"@type":"PropertyValueSpecification","valueRequired":true,"valueName":"search_term_string"}}],"inLanguage":"sv-SE"},{"@type":"Organization","@id":"https:\/\/apirosport.com\/sv\/#organization","name":"Apirosport","alternateName":"Apirosport","url":"https:\/\/apirosport.com\/sv\/","logo":{"@type":"ImageObject","inLanguage":"sv-SE","@id":"https:\/\/apirosport.com\/sv\/#\/schema\/logo\/image\/","url":"https:\/\/apirosport.com\/wp-content\/uploads\/2025\/12\/Apirosport-yellow-scaled.png","contentUrl":"https:\/\/apirosport.com\/wp-content\/uploads\/2025\/12\/Apirosport-yellow-scaled.png","width":2560,"height":2278,"caption":"Apirosport"},"image":{"@id":"https:\/\/apirosport.com\/sv\/#\/schema\/logo\/image\/"}}]}},"_links":{"self":[{"href":"https:\/\/apirosport.com\/sv\/wp-json\/wp\/v2\/product\/20534","targetHints":{"allow":["GET"]}}],"collection":[{"href":"https:\/\/apirosport.com\/sv\/wp-json\/wp\/v2\/product"}],"about":[{"href":"https:\/\/apirosport.com\/sv\/wp-json\/wp\/v2\/types\/product"}],"wp:featuredmedia":[{"embeddable":true,"href":"https:\/\/apirosport.com\/sv\/wp-json\/wp\/v2\/media\/24240"}],"wp:attachment":[{"href":"https:\/\/apirosport.com\/sv\/wp-json\/wp\/v2\/media?parent=20534"}],"wp:term":[{"taxonomy":"variation","embeddable":true,"href":"https:\/\/apirosport.com\/sv\/wp-json\/wp\/v2\/variation?post=20534"},{"taxonomy":"product_brand","embeddable":true,"href":"https:\/\/apirosport.com\/sv\/wp-json\/wp\/v2\/product_brand?post=20534"},{"taxonomy":"product_cat","embeddable":true,"href":"https:\/\/apirosport.com\/sv\/wp-json\/wp\/v2\/product_cat?post=20534"},{"taxonomy":"product_tag","embeddable":true,"href":"https:\/\/apirosport.com\/sv\/wp-json\/wp\/v2\/product_tag?post=20534"}],"curies":[{"name":"wp","href":"https:\/\/api.w.org\/{rel}","templated":true}]}}