{"id":20566,"date":"2025-09-29T18:58:32","date_gmt":"2025-09-29T18:58:32","guid":{"rendered":"https:\/\/apirosport.com\/product\/ulteron-ankle-straps-pair\/"},"modified":"2026-02-05T14:39:39","modified_gmt":"2026-02-05T14:39:39","slug":"ulteron-ankle-straps-pair","status":"publish","type":"product","link":"https:\/\/apirosport.com\/sv\/produkt\/ulteron-ankle-straps-pair\/","title":{"rendered":"Ulteron Ankle Straps &#8211; Pair"},"content":{"rendered":"<p>Ulteron Ankle Straps \u00e4r ett par slitstarka och bekv\u00e4ma ankelremmar f\u00f6r kabelmaskiner, perfekta f\u00f6r ben- och glute\u00f6vningar som kickbacks, adductions och abductions. Det mnjuka materialet ger komfort \u00e4ven vid tung belastning, medan den justerbara kardborrekn\u00e4ppningen s\u00e4kerst\u00e4ller en stabil och anpassad passform. Ett sj\u00e4lvklart tillbeh\u00f6r f\u00f6r alla som vill tr\u00e4na underkroppen effektivt och varierat.<\/p>\n","protected":false},"excerpt":{"rendered":"<p>Ulteron Ankle Straps \u00e4r ett par slitstarka och bekv\u00e4ma ankelremmar f\u00f6r kabelmaskiner, perfekta f\u00f6r ben- och glute\u00f6vningar som kickbacks, adductions och abductions. Det mnjuka materialet ger komfort \u00e4ven vid tung belastning, medan den justerbara kardborrekn\u00e4ppningen s\u00e4kerst\u00e4ller en stabil och anpassad passform. Ett sj\u00e4lvklart tillbeh\u00f6r f\u00f6r alla som vill tr\u00e4na underkroppen effektivt och varierat.<\/p>\n","protected":false},"featured_media":20567,"template":"","meta":{"_acf_changed":false,"inline_featured_image":false},"variation":[],"product_brand":[],"product_cat":[305,306],"product_tag":[64],"class_list":{"0":"post-20566","1":"product","2":"type-product","3":"status-publish","4":"has-post-thumbnail","6":"product_cat-handtag","7":"product_cat-tillbehor","8":"product_tag-ulteron","10":"first","11":"instock","12":"shipping-taxable","13":"purchasable","14":"product-type-simple"},"acf":[],"yoast_head":"<!-- This site is optimized with the Yoast SEO plugin v26.8 - https:\/\/yoast.com\/product\/yoast-seo-wordpress\/ -->\n<title>Ulteron Ankle Straps - Pair | Apirosport<\/title>\n<meta name=\"robots\" content=\"index, follow, max-snippet:-1, max-image-preview:large, max-video-preview:-1\" \/>\n<link rel=\"canonical\" href=\"https:\/\/apirosport.com\/sv\/produkt\/ulteron-ankle-straps-pair\/\" \/>\n<meta property=\"og:locale\" content=\"sv_SE\" \/>\n<meta property=\"og:type\" content=\"article\" \/>\n<meta property=\"og:title\" content=\"Ulteron Ankle Straps - Pair | Apirosport\" \/>\n<meta property=\"og:description\" content=\"Ulteron Ankle Straps \u00e4r ett par slitstarka och bekv\u00e4ma ankelremmar f\u00f6r kabelmaskiner, perfekta f\u00f6r ben- och glute\u00f6vningar som kickbacks, adductions och abductions. Det mnjuka materialet ger komfort \u00e4ven vid tung belastning, medan den justerbara kardborrekn\u00e4ppningen s\u00e4kerst\u00e4ller en stabil och anpassad passform. Ett sj\u00e4lvklart tillbeh\u00f6r f\u00f6r alla som vill tr\u00e4na underkroppen effektivt och varierat.\" \/>\n<meta property=\"og:url\" content=\"https:\/\/apirosport.com\/sv\/produkt\/ulteron-ankle-straps-pair\/\" \/>\n<meta property=\"og:site_name\" content=\"Apirosport\" \/>\n<meta property=\"article:modified_time\" content=\"2026-02-05T14:39:39+00:00\" \/>\n<meta property=\"og:image\" content=\"https:\/\/apirosport.com\/wp-content\/uploads\/2025\/12\/Ulteron-ankle-straps-1-2.png\" \/>\n\t<meta property=\"og:image:width\" content=\"2362\" \/>\n\t<meta property=\"og:image:height\" content=\"2362\" \/>\n\t<meta property=\"og:image:type\" content=\"image\/png\" \/>\n<meta name=\"twitter:card\" content=\"summary_large_image\" \/>\n<meta name=\"twitter:title\" content=\"Apirosport\" \/>\n<script type=\"application\/ld+json\" class=\"yoast-schema-graph\">{\"@context\":\"https:\/\/schema.org\",\"@graph\":[{\"@type\":\"WebPage\",\"@id\":\"https:\/\/apirosport.com\/sv\/produkt\/ulteron-ankle-straps-pair\/\",\"url\":\"https:\/\/apirosport.com\/sv\/produkt\/ulteron-ankle-straps-pair\/\",\"name\":\"Ulteron Ankle Straps - Pair | Apirosport\",\"isPartOf\":{\"@id\":\"https:\/\/apirosport.com\/sv\/#website\"},\"primaryImageOfPage\":{\"@id\":\"https:\/\/apirosport.com\/sv\/produkt\/ulteron-ankle-straps-pair\/#primaryimage\"},\"image\":{\"@id\":\"https:\/\/apirosport.com\/sv\/produkt\/ulteron-ankle-straps-pair\/#primaryimage\"},\"thumbnailUrl\":\"https:\/\/apirosport.com\/wp-content\/uploads\/2025\/12\/Ulteron-ankle-straps-1-2.png\",\"datePublished\":\"2025-09-29T18:58:32+00:00\",\"dateModified\":\"2026-02-05T14:39:39+00:00\",\"breadcrumb\":{\"@id\":\"https:\/\/apirosport.com\/sv\/produkt\/ulteron-ankle-straps-pair\/#breadcrumb\"},\"inLanguage\":\"sv-SE\",\"potentialAction\":[{\"@type\":\"ReadAction\",\"target\":[\"https:\/\/apirosport.com\/sv\/produkt\/ulteron-ankle-straps-pair\/\"]}]},{\"@type\":\"ImageObject\",\"inLanguage\":\"sv-SE\",\"@id\":\"https:\/\/apirosport.com\/sv\/produkt\/ulteron-ankle-straps-pair\/#primaryimage\",\"url\":\"https:\/\/apirosport.com\/wp-content\/uploads\/2025\/12\/Ulteron-ankle-straps-1-2.png\",\"contentUrl\":\"https:\/\/apirosport.com\/wp-content\/uploads\/2025\/12\/Ulteron-ankle-straps-1-2.png\",\"width\":2362,\"height\":2362},{\"@type\":\"BreadcrumbList\",\"@id\":\"https:\/\/apirosport.com\/sv\/produkt\/ulteron-ankle-straps-pair\/#breadcrumb\",\"itemListElement\":[{\"@type\":\"ListItem\",\"position\":1,\"name\":\"Home\",\"item\":\"https:\/\/apirosport.com\/sv\/\"},{\"@type\":\"ListItem\",\"position\":2,\"name\":\"Produkter\",\"item\":\"https:\/\/apirosport.com\/sv\/produkter\/\"},{\"@type\":\"ListItem\",\"position\":3,\"name\":\"Ulteron Ankle Straps &#8211; Pair\"}]},{\"@type\":\"WebSite\",\"@id\":\"https:\/\/apirosport.com\/sv\/#website\",\"url\":\"https:\/\/apirosport.com\/sv\/\",\"name\":\"Apirosport\",\"description\":\"\",\"publisher\":{\"@id\":\"https:\/\/apirosport.com\/sv\/#organization\"},\"alternateName\":\"Apirosport\",\"potentialAction\":[{\"@type\":\"SearchAction\",\"target\":{\"@type\":\"EntryPoint\",\"urlTemplate\":\"https:\/\/apirosport.com\/sv\/?s={search_term_string}\"},\"query-input\":{\"@type\":\"PropertyValueSpecification\",\"valueRequired\":true,\"valueName\":\"search_term_string\"}}],\"inLanguage\":\"sv-SE\"},{\"@type\":\"Organization\",\"@id\":\"https:\/\/apirosport.com\/sv\/#organization\",\"name\":\"Apirosport\",\"alternateName\":\"Apirosport\",\"url\":\"https:\/\/apirosport.com\/sv\/\",\"logo\":{\"@type\":\"ImageObject\",\"inLanguage\":\"sv-SE\",\"@id\":\"https:\/\/apirosport.com\/sv\/#\/schema\/logo\/image\/\",\"url\":\"https:\/\/apirosport.com\/wp-content\/uploads\/2025\/12\/Apirosport-yellow-scaled.png\",\"contentUrl\":\"https:\/\/apirosport.com\/wp-content\/uploads\/2025\/12\/Apirosport-yellow-scaled.png\",\"width\":2560,\"height\":2278,\"caption\":\"Apirosport\"},\"image\":{\"@id\":\"https:\/\/apirosport.com\/sv\/#\/schema\/logo\/image\/\"}}]}<\/script>\n<!-- \/ Yoast SEO plugin. -->","yoast_head_json":{"title":"Ulteron Ankle Straps - Pair | Apirosport","robots":{"index":"index","follow":"follow","max-snippet":"max-snippet:-1","max-image-preview":"max-image-preview:large","max-video-preview":"max-video-preview:-1"},"canonical":"https:\/\/apirosport.com\/sv\/produkt\/ulteron-ankle-straps-pair\/","og_locale":"sv_SE","og_type":"article","og_title":"Ulteron Ankle Straps - Pair | Apirosport","og_description":"Ulteron Ankle Straps \u00e4r ett par slitstarka och bekv\u00e4ma ankelremmar f\u00f6r kabelmaskiner, perfekta f\u00f6r ben- och glute\u00f6vningar som kickbacks, adductions och abductions. Det mnjuka materialet ger komfort \u00e4ven vid tung belastning, medan den justerbara kardborrekn\u00e4ppningen s\u00e4kerst\u00e4ller en stabil och anpassad passform. Ett sj\u00e4lvklart tillbeh\u00f6r f\u00f6r alla som vill tr\u00e4na underkroppen effektivt och varierat.","og_url":"https:\/\/apirosport.com\/sv\/produkt\/ulteron-ankle-straps-pair\/","og_site_name":"Apirosport","article_modified_time":"2026-02-05T14:39:39+00:00","og_image":[{"width":2362,"height":2362,"url":"https:\/\/apirosport.com\/wp-content\/uploads\/2025\/12\/Ulteron-ankle-straps-1-2.png","type":"image\/png"}],"twitter_card":"summary_large_image","twitter_title":"Apirosport","schema":{"@context":"https:\/\/schema.org","@graph":[{"@type":"WebPage","@id":"https:\/\/apirosport.com\/sv\/produkt\/ulteron-ankle-straps-pair\/","url":"https:\/\/apirosport.com\/sv\/produkt\/ulteron-ankle-straps-pair\/","name":"Ulteron Ankle Straps - Pair | Apirosport","isPartOf":{"@id":"https:\/\/apirosport.com\/sv\/#website"},"primaryImageOfPage":{"@id":"https:\/\/apirosport.com\/sv\/produkt\/ulteron-ankle-straps-pair\/#primaryimage"},"image":{"@id":"https:\/\/apirosport.com\/sv\/produkt\/ulteron-ankle-straps-pair\/#primaryimage"},"thumbnailUrl":"https:\/\/apirosport.com\/wp-content\/uploads\/2025\/12\/Ulteron-ankle-straps-1-2.png","datePublished":"2025-09-29T18:58:32+00:00","dateModified":"2026-02-05T14:39:39+00:00","breadcrumb":{"@id":"https:\/\/apirosport.com\/sv\/produkt\/ulteron-ankle-straps-pair\/#breadcrumb"},"inLanguage":"sv-SE","potentialAction":[{"@type":"ReadAction","target":["https:\/\/apirosport.com\/sv\/produkt\/ulteron-ankle-straps-pair\/"]}]},{"@type":"ImageObject","inLanguage":"sv-SE","@id":"https:\/\/apirosport.com\/sv\/produkt\/ulteron-ankle-straps-pair\/#primaryimage","url":"https:\/\/apirosport.com\/wp-content\/uploads\/2025\/12\/Ulteron-ankle-straps-1-2.png","contentUrl":"https:\/\/apirosport.com\/wp-content\/uploads\/2025\/12\/Ulteron-ankle-straps-1-2.png","width":2362,"height":2362},{"@type":"BreadcrumbList","@id":"https:\/\/apirosport.com\/sv\/produkt\/ulteron-ankle-straps-pair\/#breadcrumb","itemListElement":[{"@type":"ListItem","position":1,"name":"Home","item":"https:\/\/apirosport.com\/sv\/"},{"@type":"ListItem","position":2,"name":"Produkter","item":"https:\/\/apirosport.com\/sv\/produkter\/"},{"@type":"ListItem","position":3,"name":"Ulteron Ankle Straps &#8211; Pair"}]},{"@type":"WebSite","@id":"https:\/\/apirosport.com\/sv\/#website","url":"https:\/\/apirosport.com\/sv\/","name":"Apirosport","description":"","publisher":{"@id":"https:\/\/apirosport.com\/sv\/#organization"},"alternateName":"Apirosport","potentialAction":[{"@type":"SearchAction","target":{"@type":"EntryPoint","urlTemplate":"https:\/\/apirosport.com\/sv\/?s={search_term_string}"},"query-input":{"@type":"PropertyValueSpecification","valueRequired":true,"valueName":"search_term_string"}}],"inLanguage":"sv-SE"},{"@type":"Organization","@id":"https:\/\/apirosport.com\/sv\/#organization","name":"Apirosport","alternateName":"Apirosport","url":"https:\/\/apirosport.com\/sv\/","logo":{"@type":"ImageObject","inLanguage":"sv-SE","@id":"https:\/\/apirosport.com\/sv\/#\/schema\/logo\/image\/","url":"https:\/\/apirosport.com\/wp-content\/uploads\/2025\/12\/Apirosport-yellow-scaled.png","contentUrl":"https:\/\/apirosport.com\/wp-content\/uploads\/2025\/12\/Apirosport-yellow-scaled.png","width":2560,"height":2278,"caption":"Apirosport"},"image":{"@id":"https:\/\/apirosport.com\/sv\/#\/schema\/logo\/image\/"}}]}},"_links":{"self":[{"href":"https:\/\/apirosport.com\/sv\/wp-json\/wp\/v2\/product\/20566","targetHints":{"allow":["GET"]}}],"collection":[{"href":"https:\/\/apirosport.com\/sv\/wp-json\/wp\/v2\/product"}],"about":[{"href":"https:\/\/apirosport.com\/sv\/wp-json\/wp\/v2\/types\/product"}],"wp:featuredmedia":[{"embeddable":true,"href":"https:\/\/apirosport.com\/sv\/wp-json\/wp\/v2\/media\/20567"}],"wp:attachment":[{"href":"https:\/\/apirosport.com\/sv\/wp-json\/wp\/v2\/media?parent=20566"}],"wp:term":[{"taxonomy":"variation","embeddable":true,"href":"https:\/\/apirosport.com\/sv\/wp-json\/wp\/v2\/variation?post=20566"},{"taxonomy":"product_brand","embeddable":true,"href":"https:\/\/apirosport.com\/sv\/wp-json\/wp\/v2\/product_brand?post=20566"},{"taxonomy":"product_cat","embeddable":true,"href":"https:\/\/apirosport.com\/sv\/wp-json\/wp\/v2\/product_cat?post=20566"},{"taxonomy":"product_tag","embeddable":true,"href":"https:\/\/apirosport.com\/sv\/wp-json\/wp\/v2\/product_tag?post=20566"}],"curies":[{"name":"wp","href":"https:\/\/api.w.org\/{rel}","templated":true}]}}