{"id":20574,"date":"2017-11-17T11:57:55","date_gmt":"2017-11-17T11:57:55","guid":{"rendered":"https:\/\/apirosport.com\/product\/double-grip-medicine-ball\/"},"modified":"2026-02-23T12:34:43","modified_gmt":"2026-02-23T12:34:43","slug":"double-grip-medicine-ball","status":"publish","type":"product","link":"https:\/\/apirosport.com\/sv\/produkt\/double-grip-medicine-ball\/","title":{"rendered":"Double Grip Medicine Ball"},"content":{"rendered":"<p><span id=\"result_box\" class=\"\" lang=\"sv\"><span class=\"\">Reebok Double Grip Medicine Ball \u00e4r ett perfekt redskap f\u00f6r olika grupptr\u00e4ningskoncept som exempelvis cirkeltr\u00e4ning och funktionell tr\u00e4ning, men s\u00e5klart \u00e4ven som inslag i individuell tr\u00e4ning. och har tv\u00e5 texturerade handtag f\u00f6r gummihandtag f\u00f6r extra h\u00e5ll och kan anv\u00e4ndas f\u00f6r ett brett utbud av \u00f6vningar. Dubbelgreppet vid sidan av bollen ger alla f\u00f6rdelar med medicinbollstr\u00e4ning, men med den extra f\u00f6rdelen att de tv\u00e5 handtagen \u00f6ppnar upp f\u00f6r ett \u00e4nnu st\u00f6rre tr\u00e4ningsm\u00f6jligheter.<br \/>\n<\/span><\/span><\/p>\n<ul>\n<li>Boll och handtag \u00e4r <span id=\"result_box\" class=\"\" lang=\"sv\"><span class=\"\">texturerade f\u00f6r extra bra grepp och de tv\u00e5 handtagen kan anv\u00e4ndas f\u00f6r ett brett utbud av \u00f6vningar<\/span><\/span><\/li>\n<li>Tillverkad i ett slitstarkt gummimaterial \u00e4r Reebok Double Grip Medicine Ball gjord f\u00f6r att kunna anv\u00e4ndas varje dag<\/li>\n<li>Ytan \u00e4r l\u00e4tt att reng\u00f6ra och torka av och materialet l\u00e4mnar inga m\u00e4rken p\u00e5 golv eller v\u00e4ggar<\/li>\n<li>Finns i vikter om 6kg, 7kg, 8kg, 9kg samt 10kg<\/li>\n<\/ul>\n","protected":false},"excerpt":{"rendered":"<p>Reebok Double Grip Medicine Ball \u00e4r ett perfekt redskap f\u00f6r olika grupptr\u00e4ningskoncept som exempelvis cirkeltr\u00e4ning och funktionell tr\u00e4ning<\/p>\n","protected":false},"featured_media":20575,"template":"","meta":{"_acf_changed":false,"inline_featured_image":false},"variation":[],"product_brand":[],"product_cat":[88,330],"product_tag":[224],"class_list":{"0":"post-20574","1":"product","2":"type-product","3":"status-publish","4":"has-post-thumbnail","6":"product_cat-funktionell-traning","7":"product_cat-reebok-pro","8":"product_tag-reebok-pro","10":"first","11":"instock","12":"purchasable","13":"product-type-variable"},"acf":[],"yoast_head":"<!-- This site is optimized with the Yoast SEO plugin v26.8 - https:\/\/yoast.com\/product\/yoast-seo-wordpress\/ -->\n<title>Double Grip Medicine Ball | Apirosport<\/title>\n<meta name=\"robots\" content=\"index, follow, max-snippet:-1, max-image-preview:large, max-video-preview:-1\" \/>\n<link rel=\"canonical\" href=\"https:\/\/apirosport.com\/sv\/produkt\/double-grip-medicine-ball\/\" \/>\n<meta property=\"og:locale\" content=\"sv_SE\" \/>\n<meta property=\"og:type\" content=\"article\" \/>\n<meta property=\"og:title\" content=\"Double Grip Medicine Ball | Apirosport\" \/>\n<meta property=\"og:description\" content=\"Reebok Double Grip Medicine Ball \u00e4r ett perfekt redskap f\u00f6r olika grupptr\u00e4ningskoncept som exempelvis cirkeltr\u00e4ning och funktionell tr\u00e4ning\" \/>\n<meta property=\"og:url\" content=\"https:\/\/apirosport.com\/sv\/produkt\/double-grip-medicine-ball\/\" \/>\n<meta property=\"og:site_name\" content=\"Apirosport\" \/>\n<meta property=\"article:modified_time\" content=\"2026-02-23T12:34:43+00:00\" \/>\n<meta property=\"og:image\" content=\"https:\/\/apirosport.com\/wp-content\/uploads\/2025\/12\/RSB-16127_02-2.png\" \/>\n\t<meta property=\"og:image:width\" content=\"1000\" \/>\n\t<meta property=\"og:image:height\" content=\"1000\" \/>\n\t<meta property=\"og:image:type\" content=\"image\/png\" \/>\n<meta name=\"twitter:card\" content=\"summary_large_image\" \/>\n<meta name=\"twitter:title\" content=\"Apirosport\" \/>\n<meta name=\"twitter:label1\" content=\"Ber\u00e4knad l\u00e4stid\" \/>\n\t<meta name=\"twitter:data1\" content=\"1 minut\" \/>\n<script type=\"application\/ld+json\" class=\"yoast-schema-graph\">{\"@context\":\"https:\/\/schema.org\",\"@graph\":[{\"@type\":\"WebPage\",\"@id\":\"https:\/\/apirosport.com\/sv\/produkt\/double-grip-medicine-ball\/\",\"url\":\"https:\/\/apirosport.com\/sv\/produkt\/double-grip-medicine-ball\/\",\"name\":\"Double Grip Medicine Ball | Apirosport\",\"isPartOf\":{\"@id\":\"https:\/\/apirosport.com\/sv\/#website\"},\"primaryImageOfPage\":{\"@id\":\"https:\/\/apirosport.com\/sv\/produkt\/double-grip-medicine-ball\/#primaryimage\"},\"image\":{\"@id\":\"https:\/\/apirosport.com\/sv\/produkt\/double-grip-medicine-ball\/#primaryimage\"},\"thumbnailUrl\":\"https:\/\/apirosport.com\/wp-content\/uploads\/2025\/12\/RSB-16127_02-2.png\",\"datePublished\":\"2017-11-17T11:57:55+00:00\",\"dateModified\":\"2026-02-23T12:34:43+00:00\",\"breadcrumb\":{\"@id\":\"https:\/\/apirosport.com\/sv\/produkt\/double-grip-medicine-ball\/#breadcrumb\"},\"inLanguage\":\"sv-SE\",\"potentialAction\":[{\"@type\":\"ReadAction\",\"target\":[\"https:\/\/apirosport.com\/sv\/produkt\/double-grip-medicine-ball\/\"]}]},{\"@type\":\"ImageObject\",\"inLanguage\":\"sv-SE\",\"@id\":\"https:\/\/apirosport.com\/sv\/produkt\/double-grip-medicine-ball\/#primaryimage\",\"url\":\"https:\/\/apirosport.com\/wp-content\/uploads\/2025\/12\/RSB-16127_02-2.png\",\"contentUrl\":\"https:\/\/apirosport.com\/wp-content\/uploads\/2025\/12\/RSB-16127_02-2.png\",\"width\":1000,\"height\":1000},{\"@type\":\"BreadcrumbList\",\"@id\":\"https:\/\/apirosport.com\/sv\/produkt\/double-grip-medicine-ball\/#breadcrumb\",\"itemListElement\":[{\"@type\":\"ListItem\",\"position\":1,\"name\":\"Home\",\"item\":\"https:\/\/apirosport.com\/sv\/\"},{\"@type\":\"ListItem\",\"position\":2,\"name\":\"Produkter\",\"item\":\"https:\/\/apirosport.com\/sv\/produkter\/\"},{\"@type\":\"ListItem\",\"position\":3,\"name\":\"Double Grip Medicine Ball\"}]},{\"@type\":\"WebSite\",\"@id\":\"https:\/\/apirosport.com\/sv\/#website\",\"url\":\"https:\/\/apirosport.com\/sv\/\",\"name\":\"Apirosport\",\"description\":\"\",\"publisher\":{\"@id\":\"https:\/\/apirosport.com\/sv\/#organization\"},\"alternateName\":\"Apirosport\",\"potentialAction\":[{\"@type\":\"SearchAction\",\"target\":{\"@type\":\"EntryPoint\",\"urlTemplate\":\"https:\/\/apirosport.com\/sv\/?s={search_term_string}\"},\"query-input\":{\"@type\":\"PropertyValueSpecification\",\"valueRequired\":true,\"valueName\":\"search_term_string\"}}],\"inLanguage\":\"sv-SE\"},{\"@type\":\"Organization\",\"@id\":\"https:\/\/apirosport.com\/sv\/#organization\",\"name\":\"Apirosport\",\"alternateName\":\"Apirosport\",\"url\":\"https:\/\/apirosport.com\/sv\/\",\"logo\":{\"@type\":\"ImageObject\",\"inLanguage\":\"sv-SE\",\"@id\":\"https:\/\/apirosport.com\/sv\/#\/schema\/logo\/image\/\",\"url\":\"https:\/\/apirosport.com\/wp-content\/uploads\/2025\/12\/Apirosport-yellow-scaled.png\",\"contentUrl\":\"https:\/\/apirosport.com\/wp-content\/uploads\/2025\/12\/Apirosport-yellow-scaled.png\",\"width\":2560,\"height\":2278,\"caption\":\"Apirosport\"},\"image\":{\"@id\":\"https:\/\/apirosport.com\/sv\/#\/schema\/logo\/image\/\"}}]}<\/script>\n<!-- \/ Yoast SEO plugin. -->","yoast_head_json":{"title":"Double Grip Medicine Ball | Apirosport","robots":{"index":"index","follow":"follow","max-snippet":"max-snippet:-1","max-image-preview":"max-image-preview:large","max-video-preview":"max-video-preview:-1"},"canonical":"https:\/\/apirosport.com\/sv\/produkt\/double-grip-medicine-ball\/","og_locale":"sv_SE","og_type":"article","og_title":"Double Grip Medicine Ball | Apirosport","og_description":"Reebok Double Grip Medicine Ball \u00e4r ett perfekt redskap f\u00f6r olika grupptr\u00e4ningskoncept som exempelvis cirkeltr\u00e4ning och funktionell tr\u00e4ning","og_url":"https:\/\/apirosport.com\/sv\/produkt\/double-grip-medicine-ball\/","og_site_name":"Apirosport","article_modified_time":"2026-02-23T12:34:43+00:00","og_image":[{"width":1000,"height":1000,"url":"https:\/\/apirosport.com\/wp-content\/uploads\/2025\/12\/RSB-16127_02-2.png","type":"image\/png"}],"twitter_card":"summary_large_image","twitter_title":"Apirosport","twitter_misc":{"Ber\u00e4knad l\u00e4stid":"1 minut"},"schema":{"@context":"https:\/\/schema.org","@graph":[{"@type":"WebPage","@id":"https:\/\/apirosport.com\/sv\/produkt\/double-grip-medicine-ball\/","url":"https:\/\/apirosport.com\/sv\/produkt\/double-grip-medicine-ball\/","name":"Double Grip Medicine Ball | Apirosport","isPartOf":{"@id":"https:\/\/apirosport.com\/sv\/#website"},"primaryImageOfPage":{"@id":"https:\/\/apirosport.com\/sv\/produkt\/double-grip-medicine-ball\/#primaryimage"},"image":{"@id":"https:\/\/apirosport.com\/sv\/produkt\/double-grip-medicine-ball\/#primaryimage"},"thumbnailUrl":"https:\/\/apirosport.com\/wp-content\/uploads\/2025\/12\/RSB-16127_02-2.png","datePublished":"2017-11-17T11:57:55+00:00","dateModified":"2026-02-23T12:34:43+00:00","breadcrumb":{"@id":"https:\/\/apirosport.com\/sv\/produkt\/double-grip-medicine-ball\/#breadcrumb"},"inLanguage":"sv-SE","potentialAction":[{"@type":"ReadAction","target":["https:\/\/apirosport.com\/sv\/produkt\/double-grip-medicine-ball\/"]}]},{"@type":"ImageObject","inLanguage":"sv-SE","@id":"https:\/\/apirosport.com\/sv\/produkt\/double-grip-medicine-ball\/#primaryimage","url":"https:\/\/apirosport.com\/wp-content\/uploads\/2025\/12\/RSB-16127_02-2.png","contentUrl":"https:\/\/apirosport.com\/wp-content\/uploads\/2025\/12\/RSB-16127_02-2.png","width":1000,"height":1000},{"@type":"BreadcrumbList","@id":"https:\/\/apirosport.com\/sv\/produkt\/double-grip-medicine-ball\/#breadcrumb","itemListElement":[{"@type":"ListItem","position":1,"name":"Home","item":"https:\/\/apirosport.com\/sv\/"},{"@type":"ListItem","position":2,"name":"Produkter","item":"https:\/\/apirosport.com\/sv\/produkter\/"},{"@type":"ListItem","position":3,"name":"Double Grip Medicine Ball"}]},{"@type":"WebSite","@id":"https:\/\/apirosport.com\/sv\/#website","url":"https:\/\/apirosport.com\/sv\/","name":"Apirosport","description":"","publisher":{"@id":"https:\/\/apirosport.com\/sv\/#organization"},"alternateName":"Apirosport","potentialAction":[{"@type":"SearchAction","target":{"@type":"EntryPoint","urlTemplate":"https:\/\/apirosport.com\/sv\/?s={search_term_string}"},"query-input":{"@type":"PropertyValueSpecification","valueRequired":true,"valueName":"search_term_string"}}],"inLanguage":"sv-SE"},{"@type":"Organization","@id":"https:\/\/apirosport.com\/sv\/#organization","name":"Apirosport","alternateName":"Apirosport","url":"https:\/\/apirosport.com\/sv\/","logo":{"@type":"ImageObject","inLanguage":"sv-SE","@id":"https:\/\/apirosport.com\/sv\/#\/schema\/logo\/image\/","url":"https:\/\/apirosport.com\/wp-content\/uploads\/2025\/12\/Apirosport-yellow-scaled.png","contentUrl":"https:\/\/apirosport.com\/wp-content\/uploads\/2025\/12\/Apirosport-yellow-scaled.png","width":2560,"height":2278,"caption":"Apirosport"},"image":{"@id":"https:\/\/apirosport.com\/sv\/#\/schema\/logo\/image\/"}}]}},"_links":{"self":[{"href":"https:\/\/apirosport.com\/sv\/wp-json\/wp\/v2\/product\/20574","targetHints":{"allow":["GET"]}}],"collection":[{"href":"https:\/\/apirosport.com\/sv\/wp-json\/wp\/v2\/product"}],"about":[{"href":"https:\/\/apirosport.com\/sv\/wp-json\/wp\/v2\/types\/product"}],"wp:featuredmedia":[{"embeddable":true,"href":"https:\/\/apirosport.com\/sv\/wp-json\/wp\/v2\/media\/20575"}],"wp:attachment":[{"href":"https:\/\/apirosport.com\/sv\/wp-json\/wp\/v2\/media?parent=20574"}],"wp:term":[{"taxonomy":"variation","embeddable":true,"href":"https:\/\/apirosport.com\/sv\/wp-json\/wp\/v2\/variation?post=20574"},{"taxonomy":"product_brand","embeddable":true,"href":"https:\/\/apirosport.com\/sv\/wp-json\/wp\/v2\/product_brand?post=20574"},{"taxonomy":"product_cat","embeddable":true,"href":"https:\/\/apirosport.com\/sv\/wp-json\/wp\/v2\/product_cat?post=20574"},{"taxonomy":"product_tag","embeddable":true,"href":"https:\/\/apirosport.com\/sv\/wp-json\/wp\/v2\/product_tag?post=20574"}],"curies":[{"name":"wp","href":"https:\/\/api.w.org\/{rel}","templated":true}]}}