{"id":20577,"date":"2017-11-17T11:57:55","date_gmt":"2017-11-17T11:57:55","guid":{"rendered":"https:\/\/apirosport.com\/product\/reebok-step\/"},"modified":"2026-04-01T13:50:19","modified_gmt":"2026-04-01T13:50:19","slug":"reebok-step","status":"publish","type":"product","link":"https:\/\/apirosport.com\/sv\/produkt\/reebok-step\/","title":{"rendered":"Reebok Step"},"content":{"rendered":"<p><span id=\"result_box\" class=\"\" lang=\"sv\"><span title=\"Introduced to health clubs over 25 years ago, the timeless aerobic Reebok Step remains an integral and immensely popular piece of equipment in the group fitness exercise arena today. \">Reebok Step introducerades f\u00f6r \u00f6ver 25 \u00e5r sedan och blev v\u00e4ldigt snabbt ett popul\u00e4rt redskap p\u00e5 gym- och tr\u00e4ningsanl\u00e4ggningar runt om i v\u00e4rlden. <span title=\"Variety in training is key to progress and with the Reebok Aerobic Step, no two workouts are ever the same.\">Variation \u00e4r nyckeln till lyckad tr\u00e4ning och med Reebok Step blir inga pass likadana. Som en given del i grupptr\u00e4ningskoncept s\u00e5v\u00e4l som f\u00f6r individuell tr\u00e4ning \u00e4r den garanterat att vara popul\u00e4r i minst 25 \u00e5r till. <\/span><\/span><\/span><\/p>\n<ul>\n<li><span id=\"result_box\" class=\"\" lang=\"sv\"><span title=\"Variety in training is key to progress and with the Reebok Aerobic Step, no two workouts are ever the same.\">&#8221;Bubblig&#8221;, gummerad ovansida p\u00e5 br\u00e4dan ger ordentligt grepp under intensiva tr\u00e4ningspass<\/span><\/span><\/li>\n<li><span id=\"result_box\" class=\"\" lang=\"sv\"><span title=\"Variety in training is key to progress and with the Reebok Aerobic Step, no two workouts are ever the same.\">Med justerbara klossar undertill kan anv\u00e4ndaren v\u00e4lja p\u00e5 tre olika h\u00f6jder: l\u00e5g, mellan eller h\u00f6g<\/span><\/span><\/li>\n<li><span id=\"result_box\" class=\"\" lang=\"sv\"><span title=\"Variety in training is key to progress and with the Reebok Aerobic Step, no two workouts are ever the same.\">Reebok Step kan med f\u00f6rdel anv\u00e4ndas tillsammans med olika tillbeh\u00f6r som exempelvis hantlar, skivst\u00e5ngset, gymmattor och bollar&#8230;<br \/>\n<\/span><\/span><\/li>\n<li>&#8230; men den g\u00f6r sig ocks\u00e5 riktigt bra f\u00f6r tr\u00e4ning med enbart kropps\u00f6vningar och stretching, med eller utan gymmatta<\/li>\n<\/ul>\n","protected":false},"excerpt":{"rendered":"<p>Reebok Step blev introducerad f\u00f6r \u00f6ver 25 \u00e5r sedan och blev v\u00e4ldigt snabbt ett popul\u00e4rt redskap p\u00e5 gym- och tr\u00e4ningsanl\u00e4ggningar runt om i v\u00e4rlden.<\/p>\n","protected":false},"featured_media":20578,"template":"","meta":{"_acf_changed":false,"inline_featured_image":false},"variation":[],"product_brand":[],"product_cat":[88,330],"product_tag":[224],"class_list":{"0":"post-20577","1":"product","2":"type-product","3":"status-publish","4":"has-post-thumbnail","6":"product_cat-funktionell-traning","7":"product_cat-reebok-pro","8":"product_tag-reebok-pro","10":"first","11":"instock","12":"purchasable","13":"product-type-simple"},"acf":[],"yoast_head":"<!-- This site is optimized with the Yoast SEO plugin v26.8 - https:\/\/yoast.com\/product\/yoast-seo-wordpress\/ -->\n<title>Reebok Step | Apirosport<\/title>\n<meta name=\"robots\" content=\"index, follow, max-snippet:-1, max-image-preview:large, max-video-preview:-1\" \/>\n<link rel=\"canonical\" href=\"https:\/\/apirosport.com\/sv\/produkt\/reebok-step\/\" \/>\n<meta property=\"og:locale\" content=\"sv_SE\" \/>\n<meta property=\"og:type\" content=\"article\" \/>\n<meta property=\"og:title\" content=\"Reebok Step | Apirosport\" \/>\n<meta property=\"og:description\" content=\"Reebok Step blev introducerad f\u00f6r \u00f6ver 25 \u00e5r sedan och blev v\u00e4ldigt snabbt ett popul\u00e4rt redskap p\u00e5 gym- och tr\u00e4ningsanl\u00e4ggningar runt om i v\u00e4rlden.\" \/>\n<meta property=\"og:url\" content=\"https:\/\/apirosport.com\/sv\/produkt\/reebok-step\/\" \/>\n<meta property=\"og:site_name\" content=\"Apirosport\" \/>\n<meta property=\"article:modified_time\" content=\"2026-04-01T13:50:19+00:00\" \/>\n<meta property=\"og:image\" content=\"https:\/\/apirosport.com\/wp-content\/uploads\/2025\/12\/RSP-16150_01-2.png\" \/>\n\t<meta property=\"og:image:width\" content=\"1000\" \/>\n\t<meta property=\"og:image:height\" content=\"1000\" \/>\n\t<meta property=\"og:image:type\" content=\"image\/png\" \/>\n<meta name=\"twitter:card\" content=\"summary_large_image\" \/>\n<meta name=\"twitter:title\" content=\"Apirosport\" \/>\n<meta name=\"twitter:label1\" content=\"Ber\u00e4knad l\u00e4stid\" \/>\n\t<meta name=\"twitter:data1\" content=\"1 minut\" \/>\n<script type=\"application\/ld+json\" class=\"yoast-schema-graph\">{\"@context\":\"https:\/\/schema.org\",\"@graph\":[{\"@type\":\"WebPage\",\"@id\":\"https:\/\/apirosport.com\/sv\/produkt\/reebok-step\/\",\"url\":\"https:\/\/apirosport.com\/sv\/produkt\/reebok-step\/\",\"name\":\"Reebok Step | Apirosport\",\"isPartOf\":{\"@id\":\"https:\/\/apirosport.com\/sv\/#website\"},\"primaryImageOfPage\":{\"@id\":\"https:\/\/apirosport.com\/sv\/produkt\/reebok-step\/#primaryimage\"},\"image\":{\"@id\":\"https:\/\/apirosport.com\/sv\/produkt\/reebok-step\/#primaryimage\"},\"thumbnailUrl\":\"https:\/\/apirosport.com\/wp-content\/uploads\/2025\/12\/RSP-16150_01-2.png\",\"datePublished\":\"2017-11-17T11:57:55+00:00\",\"dateModified\":\"2026-04-01T13:50:19+00:00\",\"breadcrumb\":{\"@id\":\"https:\/\/apirosport.com\/sv\/produkt\/reebok-step\/#breadcrumb\"},\"inLanguage\":\"sv-SE\",\"potentialAction\":[{\"@type\":\"ReadAction\",\"target\":[\"https:\/\/apirosport.com\/sv\/produkt\/reebok-step\/\"]}]},{\"@type\":\"ImageObject\",\"inLanguage\":\"sv-SE\",\"@id\":\"https:\/\/apirosport.com\/sv\/produkt\/reebok-step\/#primaryimage\",\"url\":\"https:\/\/apirosport.com\/wp-content\/uploads\/2025\/12\/RSP-16150_01-2.png\",\"contentUrl\":\"https:\/\/apirosport.com\/wp-content\/uploads\/2025\/12\/RSP-16150_01-2.png\",\"width\":1000,\"height\":1000},{\"@type\":\"BreadcrumbList\",\"@id\":\"https:\/\/apirosport.com\/sv\/produkt\/reebok-step\/#breadcrumb\",\"itemListElement\":[{\"@type\":\"ListItem\",\"position\":1,\"name\":\"Home\",\"item\":\"https:\/\/apirosport.com\/sv\/\"},{\"@type\":\"ListItem\",\"position\":2,\"name\":\"Produkter\",\"item\":\"https:\/\/apirosport.com\/sv\/produkter\/\"},{\"@type\":\"ListItem\",\"position\":3,\"name\":\"Reebok Step\"}]},{\"@type\":\"WebSite\",\"@id\":\"https:\/\/apirosport.com\/sv\/#website\",\"url\":\"https:\/\/apirosport.com\/sv\/\",\"name\":\"Apirosport\",\"description\":\"\",\"publisher\":{\"@id\":\"https:\/\/apirosport.com\/sv\/#organization\"},\"alternateName\":\"Apirosport\",\"potentialAction\":[{\"@type\":\"SearchAction\",\"target\":{\"@type\":\"EntryPoint\",\"urlTemplate\":\"https:\/\/apirosport.com\/sv\/?s={search_term_string}\"},\"query-input\":{\"@type\":\"PropertyValueSpecification\",\"valueRequired\":true,\"valueName\":\"search_term_string\"}}],\"inLanguage\":\"sv-SE\"},{\"@type\":\"Organization\",\"@id\":\"https:\/\/apirosport.com\/sv\/#organization\",\"name\":\"Apirosport\",\"alternateName\":\"Apirosport\",\"url\":\"https:\/\/apirosport.com\/sv\/\",\"logo\":{\"@type\":\"ImageObject\",\"inLanguage\":\"sv-SE\",\"@id\":\"https:\/\/apirosport.com\/sv\/#\/schema\/logo\/image\/\",\"url\":\"https:\/\/apirosport.com\/wp-content\/uploads\/2025\/12\/Apirosport-yellow-scaled.png\",\"contentUrl\":\"https:\/\/apirosport.com\/wp-content\/uploads\/2025\/12\/Apirosport-yellow-scaled.png\",\"width\":2560,\"height\":2278,\"caption\":\"Apirosport\"},\"image\":{\"@id\":\"https:\/\/apirosport.com\/sv\/#\/schema\/logo\/image\/\"}}]}<\/script>\n<!-- \/ Yoast SEO plugin. -->","yoast_head_json":{"title":"Reebok Step | Apirosport","robots":{"index":"index","follow":"follow","max-snippet":"max-snippet:-1","max-image-preview":"max-image-preview:large","max-video-preview":"max-video-preview:-1"},"canonical":"https:\/\/apirosport.com\/sv\/produkt\/reebok-step\/","og_locale":"sv_SE","og_type":"article","og_title":"Reebok Step | Apirosport","og_description":"Reebok Step blev introducerad f\u00f6r \u00f6ver 25 \u00e5r sedan och blev v\u00e4ldigt snabbt ett popul\u00e4rt redskap p\u00e5 gym- och tr\u00e4ningsanl\u00e4ggningar runt om i v\u00e4rlden.","og_url":"https:\/\/apirosport.com\/sv\/produkt\/reebok-step\/","og_site_name":"Apirosport","article_modified_time":"2026-04-01T13:50:19+00:00","og_image":[{"width":1000,"height":1000,"url":"https:\/\/apirosport.com\/wp-content\/uploads\/2025\/12\/RSP-16150_01-2.png","type":"image\/png"}],"twitter_card":"summary_large_image","twitter_title":"Apirosport","twitter_misc":{"Ber\u00e4knad l\u00e4stid":"1 minut"},"schema":{"@context":"https:\/\/schema.org","@graph":[{"@type":"WebPage","@id":"https:\/\/apirosport.com\/sv\/produkt\/reebok-step\/","url":"https:\/\/apirosport.com\/sv\/produkt\/reebok-step\/","name":"Reebok Step | Apirosport","isPartOf":{"@id":"https:\/\/apirosport.com\/sv\/#website"},"primaryImageOfPage":{"@id":"https:\/\/apirosport.com\/sv\/produkt\/reebok-step\/#primaryimage"},"image":{"@id":"https:\/\/apirosport.com\/sv\/produkt\/reebok-step\/#primaryimage"},"thumbnailUrl":"https:\/\/apirosport.com\/wp-content\/uploads\/2025\/12\/RSP-16150_01-2.png","datePublished":"2017-11-17T11:57:55+00:00","dateModified":"2026-04-01T13:50:19+00:00","breadcrumb":{"@id":"https:\/\/apirosport.com\/sv\/produkt\/reebok-step\/#breadcrumb"},"inLanguage":"sv-SE","potentialAction":[{"@type":"ReadAction","target":["https:\/\/apirosport.com\/sv\/produkt\/reebok-step\/"]}]},{"@type":"ImageObject","inLanguage":"sv-SE","@id":"https:\/\/apirosport.com\/sv\/produkt\/reebok-step\/#primaryimage","url":"https:\/\/apirosport.com\/wp-content\/uploads\/2025\/12\/RSP-16150_01-2.png","contentUrl":"https:\/\/apirosport.com\/wp-content\/uploads\/2025\/12\/RSP-16150_01-2.png","width":1000,"height":1000},{"@type":"BreadcrumbList","@id":"https:\/\/apirosport.com\/sv\/produkt\/reebok-step\/#breadcrumb","itemListElement":[{"@type":"ListItem","position":1,"name":"Home","item":"https:\/\/apirosport.com\/sv\/"},{"@type":"ListItem","position":2,"name":"Produkter","item":"https:\/\/apirosport.com\/sv\/produkter\/"},{"@type":"ListItem","position":3,"name":"Reebok Step"}]},{"@type":"WebSite","@id":"https:\/\/apirosport.com\/sv\/#website","url":"https:\/\/apirosport.com\/sv\/","name":"Apirosport","description":"","publisher":{"@id":"https:\/\/apirosport.com\/sv\/#organization"},"alternateName":"Apirosport","potentialAction":[{"@type":"SearchAction","target":{"@type":"EntryPoint","urlTemplate":"https:\/\/apirosport.com\/sv\/?s={search_term_string}"},"query-input":{"@type":"PropertyValueSpecification","valueRequired":true,"valueName":"search_term_string"}}],"inLanguage":"sv-SE"},{"@type":"Organization","@id":"https:\/\/apirosport.com\/sv\/#organization","name":"Apirosport","alternateName":"Apirosport","url":"https:\/\/apirosport.com\/sv\/","logo":{"@type":"ImageObject","inLanguage":"sv-SE","@id":"https:\/\/apirosport.com\/sv\/#\/schema\/logo\/image\/","url":"https:\/\/apirosport.com\/wp-content\/uploads\/2025\/12\/Apirosport-yellow-scaled.png","contentUrl":"https:\/\/apirosport.com\/wp-content\/uploads\/2025\/12\/Apirosport-yellow-scaled.png","width":2560,"height":2278,"caption":"Apirosport"},"image":{"@id":"https:\/\/apirosport.com\/sv\/#\/schema\/logo\/image\/"}}]}},"_links":{"self":[{"href":"https:\/\/apirosport.com\/sv\/wp-json\/wp\/v2\/product\/20577","targetHints":{"allow":["GET"]}}],"collection":[{"href":"https:\/\/apirosport.com\/sv\/wp-json\/wp\/v2\/product"}],"about":[{"href":"https:\/\/apirosport.com\/sv\/wp-json\/wp\/v2\/types\/product"}],"wp:featuredmedia":[{"embeddable":true,"href":"https:\/\/apirosport.com\/sv\/wp-json\/wp\/v2\/media\/20578"}],"wp:attachment":[{"href":"https:\/\/apirosport.com\/sv\/wp-json\/wp\/v2\/media?parent=20577"}],"wp:term":[{"taxonomy":"variation","embeddable":true,"href":"https:\/\/apirosport.com\/sv\/wp-json\/wp\/v2\/variation?post=20577"},{"taxonomy":"product_brand","embeddable":true,"href":"https:\/\/apirosport.com\/sv\/wp-json\/wp\/v2\/product_brand?post=20577"},{"taxonomy":"product_cat","embeddable":true,"href":"https:\/\/apirosport.com\/sv\/wp-json\/wp\/v2\/product_cat?post=20577"},{"taxonomy":"product_tag","embeddable":true,"href":"https:\/\/apirosport.com\/sv\/wp-json\/wp\/v2\/product_tag?post=20577"}],"curies":[{"name":"wp","href":"https:\/\/api.w.org\/{rel}","templated":true}]}}