{"id":20579,"date":"2017-11-17T11:57:45","date_gmt":"2017-11-17T11:57:45","guid":{"rendered":"https:\/\/apirosport.com\/product\/tri-fold-mat\/"},"modified":"2026-02-23T12:43:23","modified_gmt":"2026-02-23T12:43:23","slug":"tri-fold-mat","status":"publish","type":"product","link":"https:\/\/apirosport.com\/sv\/produkt\/tri-fold-mat\/","title":{"rendered":"Tri Fold Mat"},"content":{"rendered":"<p><span id=\"result_box\" class=\"\" lang=\"sv\">Reebok Functional Tri Fold Mat \u00e4r en m\u00e5ngsidig produkt som passar lika bra f\u00f6r s\u00e5v\u00e4l stretching som tr\u00e4ning. Tillverkad i f\u00f6rst\u00e4rkt PVC \u00e4r det l\u00e4tt att reng\u00f6ra och den tredelade designen g\u00f6r den l\u00e4tt att flytta och f\u00f6rvara. <\/span><\/p>\n<ul>\n<li><span id=\"result_box\" class=\"\" lang=\"sv\">Med en 3,8cm tjock vaddering g\u00f6r sig Reebok Tri Fold Mat l\u00e4mplig som underlag f\u00f6r m\u00e5nga gymnastiska \u00f6vningar<\/span><\/li>\n<li><span id=\"result_box\" class=\"\" lang=\"sv\">Integrerade handtag g\u00f6r den l\u00e4tt att flytta och b\u00e4ra<br \/>\n<\/span><\/li>\n<\/ul>\n","protected":false},"excerpt":{"rendered":"<p>Reebok Functional Tri Fold Mat \u00e4r en m\u00e5ngsidig produkt som passar lika bra f\u00f6r s\u00e5v\u00e4l stretching som tr\u00e4ning tack vare sin gener\u00f6sa vaddering<\/p>\n","protected":false},"featured_media":20580,"template":"","meta":{"_acf_changed":false,"inline_featured_image":false},"variation":[],"product_brand":[],"product_cat":[88,330],"product_tag":[224],"class_list":{"0":"post-20579","1":"product","2":"type-product","3":"status-publish","4":"has-post-thumbnail","6":"product_cat-funktionell-traning","7":"product_cat-reebok-pro","8":"product_tag-reebok-pro","10":"first","11":"instock","12":"purchasable","13":"product-type-simple"},"acf":[],"yoast_head":"<!-- This site is optimized with the Yoast SEO plugin v26.8 - https:\/\/yoast.com\/product\/yoast-seo-wordpress\/ -->\n<title>Tri Fold Mat | Apirosport<\/title>\n<meta name=\"robots\" content=\"index, follow, max-snippet:-1, max-image-preview:large, max-video-preview:-1\" \/>\n<link rel=\"canonical\" href=\"https:\/\/apirosport.com\/sv\/produkt\/tri-fold-mat\/\" \/>\n<meta property=\"og:locale\" content=\"sv_SE\" \/>\n<meta property=\"og:type\" content=\"article\" \/>\n<meta property=\"og:title\" content=\"Tri Fold Mat | Apirosport\" \/>\n<meta property=\"og:description\" content=\"Reebok Functional Tri Fold Mat \u00e4r en m\u00e5ngsidig produkt som passar lika bra f\u00f6r s\u00e5v\u00e4l stretching som tr\u00e4ning tack vare sin gener\u00f6sa vaddering\" \/>\n<meta property=\"og:url\" content=\"https:\/\/apirosport.com\/sv\/produkt\/tri-fold-mat\/\" \/>\n<meta property=\"og:site_name\" content=\"Apirosport\" \/>\n<meta property=\"article:modified_time\" content=\"2026-02-23T12:43:23+00:00\" \/>\n<meta property=\"og:image\" content=\"https:\/\/apirosport.com\/wp-content\/uploads\/2025\/12\/RSMT-40021_01-2.png\" \/>\n\t<meta property=\"og:image:width\" content=\"1000\" \/>\n\t<meta property=\"og:image:height\" content=\"1000\" \/>\n\t<meta property=\"og:image:type\" content=\"image\/png\" \/>\n<meta name=\"twitter:card\" content=\"summary_large_image\" \/>\n<meta name=\"twitter:title\" content=\"Apirosport\" \/>\n<meta name=\"twitter:label1\" content=\"Ber\u00e4knad l\u00e4stid\" \/>\n\t<meta name=\"twitter:data1\" content=\"1 minut\" \/>\n<script type=\"application\/ld+json\" class=\"yoast-schema-graph\">{\"@context\":\"https:\/\/schema.org\",\"@graph\":[{\"@type\":\"WebPage\",\"@id\":\"https:\/\/apirosport.com\/sv\/produkt\/tri-fold-mat\/\",\"url\":\"https:\/\/apirosport.com\/sv\/produkt\/tri-fold-mat\/\",\"name\":\"Tri Fold Mat | Apirosport\",\"isPartOf\":{\"@id\":\"https:\/\/apirosport.com\/sv\/#website\"},\"primaryImageOfPage\":{\"@id\":\"https:\/\/apirosport.com\/sv\/produkt\/tri-fold-mat\/#primaryimage\"},\"image\":{\"@id\":\"https:\/\/apirosport.com\/sv\/produkt\/tri-fold-mat\/#primaryimage\"},\"thumbnailUrl\":\"https:\/\/apirosport.com\/wp-content\/uploads\/2025\/12\/RSMT-40021_01-2.png\",\"datePublished\":\"2017-11-17T11:57:45+00:00\",\"dateModified\":\"2026-02-23T12:43:23+00:00\",\"breadcrumb\":{\"@id\":\"https:\/\/apirosport.com\/sv\/produkt\/tri-fold-mat\/#breadcrumb\"},\"inLanguage\":\"sv-SE\",\"potentialAction\":[{\"@type\":\"ReadAction\",\"target\":[\"https:\/\/apirosport.com\/sv\/produkt\/tri-fold-mat\/\"]}]},{\"@type\":\"ImageObject\",\"inLanguage\":\"sv-SE\",\"@id\":\"https:\/\/apirosport.com\/sv\/produkt\/tri-fold-mat\/#primaryimage\",\"url\":\"https:\/\/apirosport.com\/wp-content\/uploads\/2025\/12\/RSMT-40021_01-2.png\",\"contentUrl\":\"https:\/\/apirosport.com\/wp-content\/uploads\/2025\/12\/RSMT-40021_01-2.png\",\"width\":1000,\"height\":1000},{\"@type\":\"BreadcrumbList\",\"@id\":\"https:\/\/apirosport.com\/sv\/produkt\/tri-fold-mat\/#breadcrumb\",\"itemListElement\":[{\"@type\":\"ListItem\",\"position\":1,\"name\":\"Home\",\"item\":\"https:\/\/apirosport.com\/sv\/\"},{\"@type\":\"ListItem\",\"position\":2,\"name\":\"Produkter\",\"item\":\"https:\/\/apirosport.com\/sv\/produkter\/\"},{\"@type\":\"ListItem\",\"position\":3,\"name\":\"Tri Fold Mat\"}]},{\"@type\":\"WebSite\",\"@id\":\"https:\/\/apirosport.com\/sv\/#website\",\"url\":\"https:\/\/apirosport.com\/sv\/\",\"name\":\"Apirosport\",\"description\":\"\",\"publisher\":{\"@id\":\"https:\/\/apirosport.com\/sv\/#organization\"},\"alternateName\":\"Apirosport\",\"potentialAction\":[{\"@type\":\"SearchAction\",\"target\":{\"@type\":\"EntryPoint\",\"urlTemplate\":\"https:\/\/apirosport.com\/sv\/?s={search_term_string}\"},\"query-input\":{\"@type\":\"PropertyValueSpecification\",\"valueRequired\":true,\"valueName\":\"search_term_string\"}}],\"inLanguage\":\"sv-SE\"},{\"@type\":\"Organization\",\"@id\":\"https:\/\/apirosport.com\/sv\/#organization\",\"name\":\"Apirosport\",\"alternateName\":\"Apirosport\",\"url\":\"https:\/\/apirosport.com\/sv\/\",\"logo\":{\"@type\":\"ImageObject\",\"inLanguage\":\"sv-SE\",\"@id\":\"https:\/\/apirosport.com\/sv\/#\/schema\/logo\/image\/\",\"url\":\"https:\/\/apirosport.com\/wp-content\/uploads\/2025\/12\/Apirosport-yellow-scaled.png\",\"contentUrl\":\"https:\/\/apirosport.com\/wp-content\/uploads\/2025\/12\/Apirosport-yellow-scaled.png\",\"width\":2560,\"height\":2278,\"caption\":\"Apirosport\"},\"image\":{\"@id\":\"https:\/\/apirosport.com\/sv\/#\/schema\/logo\/image\/\"}}]}<\/script>\n<!-- \/ Yoast SEO plugin. -->","yoast_head_json":{"title":"Tri Fold Mat | Apirosport","robots":{"index":"index","follow":"follow","max-snippet":"max-snippet:-1","max-image-preview":"max-image-preview:large","max-video-preview":"max-video-preview:-1"},"canonical":"https:\/\/apirosport.com\/sv\/produkt\/tri-fold-mat\/","og_locale":"sv_SE","og_type":"article","og_title":"Tri Fold Mat | Apirosport","og_description":"Reebok Functional Tri Fold Mat \u00e4r en m\u00e5ngsidig produkt som passar lika bra f\u00f6r s\u00e5v\u00e4l stretching som tr\u00e4ning tack vare sin gener\u00f6sa vaddering","og_url":"https:\/\/apirosport.com\/sv\/produkt\/tri-fold-mat\/","og_site_name":"Apirosport","article_modified_time":"2026-02-23T12:43:23+00:00","og_image":[{"width":1000,"height":1000,"url":"https:\/\/apirosport.com\/wp-content\/uploads\/2025\/12\/RSMT-40021_01-2.png","type":"image\/png"}],"twitter_card":"summary_large_image","twitter_title":"Apirosport","twitter_misc":{"Ber\u00e4knad l\u00e4stid":"1 minut"},"schema":{"@context":"https:\/\/schema.org","@graph":[{"@type":"WebPage","@id":"https:\/\/apirosport.com\/sv\/produkt\/tri-fold-mat\/","url":"https:\/\/apirosport.com\/sv\/produkt\/tri-fold-mat\/","name":"Tri Fold Mat | Apirosport","isPartOf":{"@id":"https:\/\/apirosport.com\/sv\/#website"},"primaryImageOfPage":{"@id":"https:\/\/apirosport.com\/sv\/produkt\/tri-fold-mat\/#primaryimage"},"image":{"@id":"https:\/\/apirosport.com\/sv\/produkt\/tri-fold-mat\/#primaryimage"},"thumbnailUrl":"https:\/\/apirosport.com\/wp-content\/uploads\/2025\/12\/RSMT-40021_01-2.png","datePublished":"2017-11-17T11:57:45+00:00","dateModified":"2026-02-23T12:43:23+00:00","breadcrumb":{"@id":"https:\/\/apirosport.com\/sv\/produkt\/tri-fold-mat\/#breadcrumb"},"inLanguage":"sv-SE","potentialAction":[{"@type":"ReadAction","target":["https:\/\/apirosport.com\/sv\/produkt\/tri-fold-mat\/"]}]},{"@type":"ImageObject","inLanguage":"sv-SE","@id":"https:\/\/apirosport.com\/sv\/produkt\/tri-fold-mat\/#primaryimage","url":"https:\/\/apirosport.com\/wp-content\/uploads\/2025\/12\/RSMT-40021_01-2.png","contentUrl":"https:\/\/apirosport.com\/wp-content\/uploads\/2025\/12\/RSMT-40021_01-2.png","width":1000,"height":1000},{"@type":"BreadcrumbList","@id":"https:\/\/apirosport.com\/sv\/produkt\/tri-fold-mat\/#breadcrumb","itemListElement":[{"@type":"ListItem","position":1,"name":"Home","item":"https:\/\/apirosport.com\/sv\/"},{"@type":"ListItem","position":2,"name":"Produkter","item":"https:\/\/apirosport.com\/sv\/produkter\/"},{"@type":"ListItem","position":3,"name":"Tri Fold Mat"}]},{"@type":"WebSite","@id":"https:\/\/apirosport.com\/sv\/#website","url":"https:\/\/apirosport.com\/sv\/","name":"Apirosport","description":"","publisher":{"@id":"https:\/\/apirosport.com\/sv\/#organization"},"alternateName":"Apirosport","potentialAction":[{"@type":"SearchAction","target":{"@type":"EntryPoint","urlTemplate":"https:\/\/apirosport.com\/sv\/?s={search_term_string}"},"query-input":{"@type":"PropertyValueSpecification","valueRequired":true,"valueName":"search_term_string"}}],"inLanguage":"sv-SE"},{"@type":"Organization","@id":"https:\/\/apirosport.com\/sv\/#organization","name":"Apirosport","alternateName":"Apirosport","url":"https:\/\/apirosport.com\/sv\/","logo":{"@type":"ImageObject","inLanguage":"sv-SE","@id":"https:\/\/apirosport.com\/sv\/#\/schema\/logo\/image\/","url":"https:\/\/apirosport.com\/wp-content\/uploads\/2025\/12\/Apirosport-yellow-scaled.png","contentUrl":"https:\/\/apirosport.com\/wp-content\/uploads\/2025\/12\/Apirosport-yellow-scaled.png","width":2560,"height":2278,"caption":"Apirosport"},"image":{"@id":"https:\/\/apirosport.com\/sv\/#\/schema\/logo\/image\/"}}]}},"_links":{"self":[{"href":"https:\/\/apirosport.com\/sv\/wp-json\/wp\/v2\/product\/20579","targetHints":{"allow":["GET"]}}],"collection":[{"href":"https:\/\/apirosport.com\/sv\/wp-json\/wp\/v2\/product"}],"about":[{"href":"https:\/\/apirosport.com\/sv\/wp-json\/wp\/v2\/types\/product"}],"wp:featuredmedia":[{"embeddable":true,"href":"https:\/\/apirosport.com\/sv\/wp-json\/wp\/v2\/media\/20580"}],"wp:attachment":[{"href":"https:\/\/apirosport.com\/sv\/wp-json\/wp\/v2\/media?parent=20579"}],"wp:term":[{"taxonomy":"variation","embeddable":true,"href":"https:\/\/apirosport.com\/sv\/wp-json\/wp\/v2\/variation?post=20579"},{"taxonomy":"product_brand","embeddable":true,"href":"https:\/\/apirosport.com\/sv\/wp-json\/wp\/v2\/product_brand?post=20579"},{"taxonomy":"product_cat","embeddable":true,"href":"https:\/\/apirosport.com\/sv\/wp-json\/wp\/v2\/product_cat?post=20579"},{"taxonomy":"product_tag","embeddable":true,"href":"https:\/\/apirosport.com\/sv\/wp-json\/wp\/v2\/product_tag?post=20579"}],"curies":[{"name":"wp","href":"https:\/\/api.w.org\/{rel}","templated":true}]}}