{"id":20581,"date":"2017-11-17T11:57:42","date_gmt":"2017-11-17T11:57:42","guid":{"rendered":"https:\/\/apirosport.com\/product\/reebok-dynamax-medicine-ball\/"},"modified":"2026-02-23T12:45:04","modified_gmt":"2026-02-23T12:45:04","slug":"reebok-dynamax-medicine-ball","status":"publish","type":"product","link":"https:\/\/apirosport.com\/sv\/produkt\/reebok-dynamax-medicine-ball\/","title":{"rendered":"Reebok Dynamax\u00ae Medicine Ball"},"content":{"rendered":"<p>Tr\u00e4ning med medicin<span id=\"result_box\" class=\"\" lang=\"sv\"><span title=\"No matter what size you select for your skill level, med ball training is an ideal way to improve your explosiveness and core strength.\">boll \u00e4r idealiskt f\u00f6r att f\u00f6rb\u00e4ttra explosivitet, b\u00e5lstyrka och r\u00f6rlighet. Reebok Dynamax Medicine Ball<\/span><\/span> <span id=\"result_box\" class=\"\" lang=\"sv\"><span title=\"Measuring 35cm (14\u201d) in diameter, the 2kg Reebok Dynamax\u00ae Medicine Ball is designed to withstand regular and rigorous use, but at the same time is forgiving enough for users to safely catch the ball from a high velocity.\">\u00e4r konstruerad f\u00f6r att klara regelbunden och tuff anv\u00e4ndning samtidigt som den \u00e4r tillr\u00e4ckligt mjuk och f\u00f6ljsam f\u00f6r att f\u00e5nga fr\u00e5n luften. <\/span><span title=\"Its solid and reliable construction means it keeps its shape after prolonged use.\n\n\">Den gedigna och p\u00e5litliga designen g\u00f6r att den h\u00e5ller formen \u00e4ven efter l\u00e5ngvarig anv\u00e4ndning.<\/span><\/span><\/p>\n<ul>\n<li><span id=\"result_box\" class=\"\" lang=\"sv\"><span title=\"The medicine ball's stitched design features a black shell with red panels, displaying the Reebok and Dynamax\u00ae logos and weight clearly.\">Tillverkad i h\u00e5llbar vinyl som \u00e4r greppv\u00e4nligt och l\u00e4tt att reng\u00f6ra<br \/>\n<\/span><\/span><\/li>\n<li>Viktomf\u00e5ng om 2kg till 12kg med intervaller om 2kg<\/li>\n<li>Bollens konstruktion med en h\u00e5rd k\u00e4rna och mjuk utsida absorberar kast och nerslag v\u00e4ldigt effektivt vilket g\u00f6r tr\u00e4ningen s\u00e4ker och effektiv<\/li>\n<\/ul>\n","protected":false},"excerpt":{"rendered":"<p>Reebok Dynamax Medicine Ball \u00e4r konstruerad f\u00f6r att klara regelbunden och tuff anv\u00e4ndning samtidigt som den \u00e4r mjuk och f\u00f6ljsam.<\/p>\n","protected":false},"featured_media":20582,"template":"","meta":{"_acf_changed":false,"inline_featured_image":false},"variation":[],"product_brand":[],"product_cat":[88,330],"product_tag":[224],"class_list":{"0":"post-20581","1":"product","2":"type-product","3":"status-publish","4":"has-post-thumbnail","6":"product_cat-funktionell-traning","7":"product_cat-reebok-pro","8":"product_tag-reebok-pro","10":"first","11":"instock","12":"purchasable","13":"product-type-variable"},"acf":[],"yoast_head":"<!-- This site is optimized with the Yoast SEO plugin v26.8 - https:\/\/yoast.com\/product\/yoast-seo-wordpress\/ -->\n<title>Reebok Dynamax\u00ae Medicine Ball | Apirosport<\/title>\n<meta name=\"robots\" content=\"index, follow, max-snippet:-1, max-image-preview:large, max-video-preview:-1\" \/>\n<link rel=\"canonical\" href=\"https:\/\/apirosport.com\/sv\/produkt\/reebok-dynamax-medicine-ball\/\" \/>\n<meta property=\"og:locale\" content=\"sv_SE\" \/>\n<meta property=\"og:type\" content=\"article\" \/>\n<meta property=\"og:title\" content=\"Reebok Dynamax\u00ae Medicine Ball | Apirosport\" \/>\n<meta property=\"og:description\" content=\"Reebok Dynamax Medicine Ball \u00e4r konstruerad f\u00f6r att klara regelbunden och tuff anv\u00e4ndning samtidigt som den \u00e4r mjuk och f\u00f6ljsam.\" \/>\n<meta property=\"og:url\" content=\"https:\/\/apirosport.com\/sv\/produkt\/reebok-dynamax-medicine-ball\/\" \/>\n<meta property=\"og:site_name\" content=\"Apirosport\" \/>\n<meta property=\"article:modified_time\" content=\"2026-02-23T12:45:04+00:00\" \/>\n<meta property=\"og:image\" content=\"https:\/\/apirosport.com\/wp-content\/uploads\/2025\/12\/RSB-10166_01-2.png\" \/>\n\t<meta property=\"og:image:width\" content=\"1000\" \/>\n\t<meta property=\"og:image:height\" content=\"1000\" \/>\n\t<meta property=\"og:image:type\" content=\"image\/png\" \/>\n<meta name=\"twitter:card\" content=\"summary_large_image\" \/>\n<meta name=\"twitter:title\" content=\"Apirosport\" \/>\n<meta name=\"twitter:label1\" content=\"Ber\u00e4knad l\u00e4stid\" \/>\n\t<meta name=\"twitter:data1\" content=\"1 minut\" \/>\n<script type=\"application\/ld+json\" class=\"yoast-schema-graph\">{\"@context\":\"https:\/\/schema.org\",\"@graph\":[{\"@type\":\"WebPage\",\"@id\":\"https:\/\/apirosport.com\/sv\/produkt\/reebok-dynamax-medicine-ball\/\",\"url\":\"https:\/\/apirosport.com\/sv\/produkt\/reebok-dynamax-medicine-ball\/\",\"name\":\"Reebok Dynamax\u00ae Medicine Ball | Apirosport\",\"isPartOf\":{\"@id\":\"https:\/\/apirosport.com\/sv\/#website\"},\"primaryImageOfPage\":{\"@id\":\"https:\/\/apirosport.com\/sv\/produkt\/reebok-dynamax-medicine-ball\/#primaryimage\"},\"image\":{\"@id\":\"https:\/\/apirosport.com\/sv\/produkt\/reebok-dynamax-medicine-ball\/#primaryimage\"},\"thumbnailUrl\":\"https:\/\/apirosport.com\/wp-content\/uploads\/2025\/12\/RSB-10166_01-2.png\",\"datePublished\":\"2017-11-17T11:57:42+00:00\",\"dateModified\":\"2026-02-23T12:45:04+00:00\",\"breadcrumb\":{\"@id\":\"https:\/\/apirosport.com\/sv\/produkt\/reebok-dynamax-medicine-ball\/#breadcrumb\"},\"inLanguage\":\"sv-SE\",\"potentialAction\":[{\"@type\":\"ReadAction\",\"target\":[\"https:\/\/apirosport.com\/sv\/produkt\/reebok-dynamax-medicine-ball\/\"]}]},{\"@type\":\"ImageObject\",\"inLanguage\":\"sv-SE\",\"@id\":\"https:\/\/apirosport.com\/sv\/produkt\/reebok-dynamax-medicine-ball\/#primaryimage\",\"url\":\"https:\/\/apirosport.com\/wp-content\/uploads\/2025\/12\/RSB-10166_01-2.png\",\"contentUrl\":\"https:\/\/apirosport.com\/wp-content\/uploads\/2025\/12\/RSB-10166_01-2.png\",\"width\":1000,\"height\":1000},{\"@type\":\"BreadcrumbList\",\"@id\":\"https:\/\/apirosport.com\/sv\/produkt\/reebok-dynamax-medicine-ball\/#breadcrumb\",\"itemListElement\":[{\"@type\":\"ListItem\",\"position\":1,\"name\":\"Home\",\"item\":\"https:\/\/apirosport.com\/sv\/\"},{\"@type\":\"ListItem\",\"position\":2,\"name\":\"Produkter\",\"item\":\"https:\/\/apirosport.com\/sv\/produkter\/\"},{\"@type\":\"ListItem\",\"position\":3,\"name\":\"Reebok Dynamax\u00ae Medicine Ball\"}]},{\"@type\":\"WebSite\",\"@id\":\"https:\/\/apirosport.com\/sv\/#website\",\"url\":\"https:\/\/apirosport.com\/sv\/\",\"name\":\"Apirosport\",\"description\":\"\",\"publisher\":{\"@id\":\"https:\/\/apirosport.com\/sv\/#organization\"},\"alternateName\":\"Apirosport\",\"potentialAction\":[{\"@type\":\"SearchAction\",\"target\":{\"@type\":\"EntryPoint\",\"urlTemplate\":\"https:\/\/apirosport.com\/sv\/?s={search_term_string}\"},\"query-input\":{\"@type\":\"PropertyValueSpecification\",\"valueRequired\":true,\"valueName\":\"search_term_string\"}}],\"inLanguage\":\"sv-SE\"},{\"@type\":\"Organization\",\"@id\":\"https:\/\/apirosport.com\/sv\/#organization\",\"name\":\"Apirosport\",\"alternateName\":\"Apirosport\",\"url\":\"https:\/\/apirosport.com\/sv\/\",\"logo\":{\"@type\":\"ImageObject\",\"inLanguage\":\"sv-SE\",\"@id\":\"https:\/\/apirosport.com\/sv\/#\/schema\/logo\/image\/\",\"url\":\"https:\/\/apirosport.com\/wp-content\/uploads\/2025\/12\/Apirosport-yellow-scaled.png\",\"contentUrl\":\"https:\/\/apirosport.com\/wp-content\/uploads\/2025\/12\/Apirosport-yellow-scaled.png\",\"width\":2560,\"height\":2278,\"caption\":\"Apirosport\"},\"image\":{\"@id\":\"https:\/\/apirosport.com\/sv\/#\/schema\/logo\/image\/\"}}]}<\/script>\n<!-- \/ Yoast SEO plugin. -->","yoast_head_json":{"title":"Reebok Dynamax\u00ae Medicine Ball | Apirosport","robots":{"index":"index","follow":"follow","max-snippet":"max-snippet:-1","max-image-preview":"max-image-preview:large","max-video-preview":"max-video-preview:-1"},"canonical":"https:\/\/apirosport.com\/sv\/produkt\/reebok-dynamax-medicine-ball\/","og_locale":"sv_SE","og_type":"article","og_title":"Reebok Dynamax\u00ae Medicine Ball | Apirosport","og_description":"Reebok Dynamax Medicine Ball \u00e4r konstruerad f\u00f6r att klara regelbunden och tuff anv\u00e4ndning samtidigt som den \u00e4r mjuk och f\u00f6ljsam.","og_url":"https:\/\/apirosport.com\/sv\/produkt\/reebok-dynamax-medicine-ball\/","og_site_name":"Apirosport","article_modified_time":"2026-02-23T12:45:04+00:00","og_image":[{"width":1000,"height":1000,"url":"https:\/\/apirosport.com\/wp-content\/uploads\/2025\/12\/RSB-10166_01-2.png","type":"image\/png"}],"twitter_card":"summary_large_image","twitter_title":"Apirosport","twitter_misc":{"Ber\u00e4knad l\u00e4stid":"1 minut"},"schema":{"@context":"https:\/\/schema.org","@graph":[{"@type":"WebPage","@id":"https:\/\/apirosport.com\/sv\/produkt\/reebok-dynamax-medicine-ball\/","url":"https:\/\/apirosport.com\/sv\/produkt\/reebok-dynamax-medicine-ball\/","name":"Reebok Dynamax\u00ae Medicine Ball | Apirosport","isPartOf":{"@id":"https:\/\/apirosport.com\/sv\/#website"},"primaryImageOfPage":{"@id":"https:\/\/apirosport.com\/sv\/produkt\/reebok-dynamax-medicine-ball\/#primaryimage"},"image":{"@id":"https:\/\/apirosport.com\/sv\/produkt\/reebok-dynamax-medicine-ball\/#primaryimage"},"thumbnailUrl":"https:\/\/apirosport.com\/wp-content\/uploads\/2025\/12\/RSB-10166_01-2.png","datePublished":"2017-11-17T11:57:42+00:00","dateModified":"2026-02-23T12:45:04+00:00","breadcrumb":{"@id":"https:\/\/apirosport.com\/sv\/produkt\/reebok-dynamax-medicine-ball\/#breadcrumb"},"inLanguage":"sv-SE","potentialAction":[{"@type":"ReadAction","target":["https:\/\/apirosport.com\/sv\/produkt\/reebok-dynamax-medicine-ball\/"]}]},{"@type":"ImageObject","inLanguage":"sv-SE","@id":"https:\/\/apirosport.com\/sv\/produkt\/reebok-dynamax-medicine-ball\/#primaryimage","url":"https:\/\/apirosport.com\/wp-content\/uploads\/2025\/12\/RSB-10166_01-2.png","contentUrl":"https:\/\/apirosport.com\/wp-content\/uploads\/2025\/12\/RSB-10166_01-2.png","width":1000,"height":1000},{"@type":"BreadcrumbList","@id":"https:\/\/apirosport.com\/sv\/produkt\/reebok-dynamax-medicine-ball\/#breadcrumb","itemListElement":[{"@type":"ListItem","position":1,"name":"Home","item":"https:\/\/apirosport.com\/sv\/"},{"@type":"ListItem","position":2,"name":"Produkter","item":"https:\/\/apirosport.com\/sv\/produkter\/"},{"@type":"ListItem","position":3,"name":"Reebok Dynamax\u00ae Medicine Ball"}]},{"@type":"WebSite","@id":"https:\/\/apirosport.com\/sv\/#website","url":"https:\/\/apirosport.com\/sv\/","name":"Apirosport","description":"","publisher":{"@id":"https:\/\/apirosport.com\/sv\/#organization"},"alternateName":"Apirosport","potentialAction":[{"@type":"SearchAction","target":{"@type":"EntryPoint","urlTemplate":"https:\/\/apirosport.com\/sv\/?s={search_term_string}"},"query-input":{"@type":"PropertyValueSpecification","valueRequired":true,"valueName":"search_term_string"}}],"inLanguage":"sv-SE"},{"@type":"Organization","@id":"https:\/\/apirosport.com\/sv\/#organization","name":"Apirosport","alternateName":"Apirosport","url":"https:\/\/apirosport.com\/sv\/","logo":{"@type":"ImageObject","inLanguage":"sv-SE","@id":"https:\/\/apirosport.com\/sv\/#\/schema\/logo\/image\/","url":"https:\/\/apirosport.com\/wp-content\/uploads\/2025\/12\/Apirosport-yellow-scaled.png","contentUrl":"https:\/\/apirosport.com\/wp-content\/uploads\/2025\/12\/Apirosport-yellow-scaled.png","width":2560,"height":2278,"caption":"Apirosport"},"image":{"@id":"https:\/\/apirosport.com\/sv\/#\/schema\/logo\/image\/"}}]}},"_links":{"self":[{"href":"https:\/\/apirosport.com\/sv\/wp-json\/wp\/v2\/product\/20581","targetHints":{"allow":["GET"]}}],"collection":[{"href":"https:\/\/apirosport.com\/sv\/wp-json\/wp\/v2\/product"}],"about":[{"href":"https:\/\/apirosport.com\/sv\/wp-json\/wp\/v2\/types\/product"}],"wp:featuredmedia":[{"embeddable":true,"href":"https:\/\/apirosport.com\/sv\/wp-json\/wp\/v2\/media\/20582"}],"wp:attachment":[{"href":"https:\/\/apirosport.com\/sv\/wp-json\/wp\/v2\/media?parent=20581"}],"wp:term":[{"taxonomy":"variation","embeddable":true,"href":"https:\/\/apirosport.com\/sv\/wp-json\/wp\/v2\/variation?post=20581"},{"taxonomy":"product_brand","embeddable":true,"href":"https:\/\/apirosport.com\/sv\/wp-json\/wp\/v2\/product_brand?post=20581"},{"taxonomy":"product_cat","embeddable":true,"href":"https:\/\/apirosport.com\/sv\/wp-json\/wp\/v2\/product_cat?post=20581"},{"taxonomy":"product_tag","embeddable":true,"href":"https:\/\/apirosport.com\/sv\/wp-json\/wp\/v2\/product_tag?post=20581"}],"curies":[{"name":"wp","href":"https:\/\/api.w.org\/{rel}","templated":true}]}}