{"id":25498,"date":"2026-03-24T13:27:56","date_gmt":"2026-03-24T13:27:56","guid":{"rendered":"https:\/\/apirosport.com\/?post_type=product&#038;p=25498"},"modified":"2026-04-28T20:54:53","modified_gmt":"2026-04-28T20:54:53","slug":"aetherion-bike","status":"publish","type":"product","link":"https:\/\/apirosport.com\/sv\/produkt\/aetherion-bike\/","title":{"rendered":"Aetherion+ Bike"},"content":{"rendered":"<p data-section-id=\"cqhwwn\" data-start=\"111\" data-end=\"179\"><strong data-start=\"114\" data-end=\"179\">Performancecykel f\u00f6r datadriven grupptr\u00e4ning<\/strong><\/p>\n<p data-start=\"129\" data-end=\"367\">Aetherion Plus \u00e4r en premium inomhuscykel f\u00f6r studios som vill tr\u00e4na med data och resultat. Med tr\u00e5dbunden powermeter, magnetiskt motst\u00e5nd och stabil st\u00e5lram f\u00e5r du en tyst, exakt och p\u00e5litlig cykel f\u00f6r HIIT, intervaller och uth\u00e5llighet.<\/p>\n<p data-start=\"369\" data-end=\"506\">Tillsammans med Zone Console m\u00f6jligg\u00f6rs realtidsdata, zontr\u00e4ning och leaderboard \u2013 som \u00f6kar motivation, prestation och medlemsengagemang.<\/p>\n<ul data-start=\"891\" data-end=\"1472\">\n<li data-section-id=\"1fobk0d\" data-start=\"891\" data-end=\"964\">\n<p data-start=\"893\" data-end=\"964\"><strong data-start=\"893\" data-end=\"914\">Powermeter (Ion):<\/strong> Exakt, tr\u00e5dbunden effektm\u00e4tning utan st\u00f6rningar<\/p>\n<\/li>\n<li data-section-id=\"1u1iixc\" data-start=\"965\" data-end=\"1060\">\n<p data-start=\"967\" data-end=\"1060\"><strong data-start=\"967\" data-end=\"1000\">Zone Training &amp; gamification:<\/strong> Realtidsdata, zontr\u00e4ning och leaderboard via Zone Console<\/p>\n<\/li>\n<li data-section-id=\"1ffkee6\" data-start=\"1061\" data-end=\"1120\">\n<p data-start=\"1063\" data-end=\"1120\"><strong data-start=\"1063\" data-end=\"1087\">Magnetiskt motst\u00e5nd:<\/strong> Tyst, j\u00e4mn och exakt justering<\/p>\n<\/li>\n<li data-section-id=\"1leot3r\" data-start=\"1121\" data-end=\"1194\">\n<p data-start=\"1123\" data-end=\"1194\"><strong data-start=\"1123\" data-end=\"1148\">Flera greppositioner:<\/strong> Anpassat f\u00f6r sprint, kl\u00e4ttring och rytmpass<\/p>\n<\/li>\n<li data-section-id=\"1ut0wtf\" data-start=\"1195\" data-end=\"1259\">\n<p data-start=\"1197\" data-end=\"1259\"><strong data-start=\"1197\" data-end=\"1217\">Valbar drivlina:<\/strong> Tyst remdrift eller tandad f\u00f6r autentisk kedjedriven k\u00e4nsla<\/p>\n<\/li>\n<li data-section-id=\"kp874z\" data-start=\"1332\" data-end=\"1405\">\n<p data-start=\"1334\" data-end=\"1405\"><strong data-start=\"1334\" data-end=\"1359\">Morse Taper-pedaler:<\/strong> H\u00f6g h\u00e5llbarhet \u00e4ven vid intensiv anv\u00e4ndning<\/p>\n<\/li>\n<\/ul>\n","protected":false},"excerpt":{"rendered":"<p>Aetherion Plus \u00e4r en premium spinningcykel f\u00f6r studios som vill tr\u00e4na med data och resultat. Med tr\u00e5dbunden powermeter, magnetiskt motst\u00e5nd och stabil st\u00e5lram f\u00e5r du en tyst, exakt och p\u00e5litlig cykel f\u00f6r HIIT, intervaller och uth\u00e5llighet.<\/p>\n","protected":false},"featured_media":25499,"template":"","meta":{"_acf_changed":false,"inline_featured_image":false},"variation":[],"product_brand":[],"product_cat":[95,287,325],"product_tag":[300],"class_list":{"0":"post-25498","1":"product","2":"type-product","3":"status-publish","4":"has-post-thumbnail","6":"product_cat-studio-grupptraning","7":"product_cat-indoor-cycling","8":"product_cat-schwinn","9":"product_tag-schwinn","11":"first","12":"instock","13":"shipping-taxable","14":"purchasable","15":"product-type-variable","16":"has-default-attributes"},"acf":[],"yoast_head":"<!-- This site is optimized with the Yoast SEO plugin v26.8 - https:\/\/yoast.com\/product\/yoast-seo-wordpress\/ -->\n<title>Aetherion+ Bike | Apirosport<\/title>\n<meta name=\"description\" content=\"Premium inomhuscykel med powermeter, realtidsdata och magnetiskt motst\u00e5nd. Perfekt f\u00f6r HIIT, zontr\u00e4ning och datadriven grupptr\u00e4ning.\" \/>\n<meta name=\"robots\" content=\"index, follow, max-snippet:-1, max-image-preview:large, max-video-preview:-1\" \/>\n<link rel=\"canonical\" href=\"https:\/\/apirosport.com\/sv\/produkt\/aetherion-bike\/\" \/>\n<meta property=\"og:locale\" content=\"sv_SE\" \/>\n<meta property=\"og:type\" content=\"article\" \/>\n<meta property=\"og:title\" content=\"Aetherion+ Bike | Apirosport\" \/>\n<meta property=\"og:description\" content=\"Premium inomhuscykel med powermeter, realtidsdata och magnetiskt motst\u00e5nd. Perfekt f\u00f6r HIIT, zontr\u00e4ning och datadriven grupptr\u00e4ning.\" \/>\n<meta property=\"og:url\" content=\"https:\/\/apirosport.com\/sv\/produkt\/aetherion-bike\/\" \/>\n<meta property=\"og:site_name\" content=\"Apirosport\" \/>\n<meta property=\"article:modified_time\" content=\"2026-04-28T20:54:53+00:00\" \/>\n<meta property=\"og:image\" content=\"https:\/\/apirosport.com\/wp-content\/uploads\/2026\/03\/Aetherion.png\" \/>\n\t<meta property=\"og:image:width\" content=\"2362\" \/>\n\t<meta property=\"og:image:height\" content=\"2362\" \/>\n\t<meta property=\"og:image:type\" content=\"image\/png\" \/>\n<meta name=\"twitter:card\" content=\"summary_large_image\" \/>\n<meta name=\"twitter:title\" content=\"Apirosport\" \/>\n<meta name=\"twitter:label1\" content=\"Ber\u00e4knad l\u00e4stid\" \/>\n\t<meta name=\"twitter:data1\" content=\"1 minut\" \/>\n<script type=\"application\/ld+json\" class=\"yoast-schema-graph\">{\"@context\":\"https:\/\/schema.org\",\"@graph\":[{\"@type\":\"WebPage\",\"@id\":\"https:\/\/apirosport.com\/sv\/produkt\/aetherion-bike\/\",\"url\":\"https:\/\/apirosport.com\/sv\/produkt\/aetherion-bike\/\",\"name\":\"Aetherion+ Bike | Apirosport\",\"isPartOf\":{\"@id\":\"https:\/\/apirosport.com\/sv\/#website\"},\"primaryImageOfPage\":{\"@id\":\"https:\/\/apirosport.com\/sv\/produkt\/aetherion-bike\/#primaryimage\"},\"image\":{\"@id\":\"https:\/\/apirosport.com\/sv\/produkt\/aetherion-bike\/#primaryimage\"},\"thumbnailUrl\":\"https:\/\/apirosport.com\/wp-content\/uploads\/2026\/03\/Aetherion.png\",\"datePublished\":\"2026-03-24T13:27:56+00:00\",\"dateModified\":\"2026-04-28T20:54:53+00:00\",\"description\":\"Premium inomhuscykel med powermeter, realtidsdata och magnetiskt motst\u00e5nd. Perfekt f\u00f6r HIIT, zontr\u00e4ning och datadriven grupptr\u00e4ning.\",\"breadcrumb\":{\"@id\":\"https:\/\/apirosport.com\/sv\/produkt\/aetherion-bike\/#breadcrumb\"},\"inLanguage\":\"sv-SE\",\"potentialAction\":[{\"@type\":\"ReadAction\",\"target\":[\"https:\/\/apirosport.com\/sv\/produkt\/aetherion-bike\/\"]}]},{\"@type\":\"ImageObject\",\"inLanguage\":\"sv-SE\",\"@id\":\"https:\/\/apirosport.com\/sv\/produkt\/aetherion-bike\/#primaryimage\",\"url\":\"https:\/\/apirosport.com\/wp-content\/uploads\/2026\/03\/Aetherion.png\",\"contentUrl\":\"https:\/\/apirosport.com\/wp-content\/uploads\/2026\/03\/Aetherion.png\",\"width\":2362,\"height\":2362},{\"@type\":\"BreadcrumbList\",\"@id\":\"https:\/\/apirosport.com\/sv\/produkt\/aetherion-bike\/#breadcrumb\",\"itemListElement\":[{\"@type\":\"ListItem\",\"position\":1,\"name\":\"Home\",\"item\":\"https:\/\/apirosport.com\/sv\/\"},{\"@type\":\"ListItem\",\"position\":2,\"name\":\"Produkter\",\"item\":\"https:\/\/apirosport.com\/sv\/produkter\/\"},{\"@type\":\"ListItem\",\"position\":3,\"name\":\"Aetherion+ Bike\"}]},{\"@type\":\"WebSite\",\"@id\":\"https:\/\/apirosport.com\/sv\/#website\",\"url\":\"https:\/\/apirosport.com\/sv\/\",\"name\":\"Apirosport\",\"description\":\"\",\"publisher\":{\"@id\":\"https:\/\/apirosport.com\/sv\/#organization\"},\"alternateName\":\"Apirosport\",\"potentialAction\":[{\"@type\":\"SearchAction\",\"target\":{\"@type\":\"EntryPoint\",\"urlTemplate\":\"https:\/\/apirosport.com\/sv\/?s={search_term_string}\"},\"query-input\":{\"@type\":\"PropertyValueSpecification\",\"valueRequired\":true,\"valueName\":\"search_term_string\"}}],\"inLanguage\":\"sv-SE\"},{\"@type\":\"Organization\",\"@id\":\"https:\/\/apirosport.com\/sv\/#organization\",\"name\":\"Apirosport\",\"alternateName\":\"Apirosport\",\"url\":\"https:\/\/apirosport.com\/sv\/\",\"logo\":{\"@type\":\"ImageObject\",\"inLanguage\":\"sv-SE\",\"@id\":\"https:\/\/apirosport.com\/sv\/#\/schema\/logo\/image\/\",\"url\":\"https:\/\/apirosport.com\/wp-content\/uploads\/2025\/12\/Apirosport-yellow-scaled.png\",\"contentUrl\":\"https:\/\/apirosport.com\/wp-content\/uploads\/2025\/12\/Apirosport-yellow-scaled.png\",\"width\":2560,\"height\":2278,\"caption\":\"Apirosport\"},\"image\":{\"@id\":\"https:\/\/apirosport.com\/sv\/#\/schema\/logo\/image\/\"}}]}<\/script>\n<!-- \/ Yoast SEO plugin. -->","yoast_head_json":{"title":"Aetherion+ Bike | Apirosport","description":"Premium inomhuscykel med powermeter, realtidsdata och magnetiskt motst\u00e5nd. Perfekt f\u00f6r HIIT, zontr\u00e4ning och datadriven grupptr\u00e4ning.","robots":{"index":"index","follow":"follow","max-snippet":"max-snippet:-1","max-image-preview":"max-image-preview:large","max-video-preview":"max-video-preview:-1"},"canonical":"https:\/\/apirosport.com\/sv\/produkt\/aetherion-bike\/","og_locale":"sv_SE","og_type":"article","og_title":"Aetherion+ Bike | Apirosport","og_description":"Premium inomhuscykel med powermeter, realtidsdata och magnetiskt motst\u00e5nd. Perfekt f\u00f6r HIIT, zontr\u00e4ning och datadriven grupptr\u00e4ning.","og_url":"https:\/\/apirosport.com\/sv\/produkt\/aetherion-bike\/","og_site_name":"Apirosport","article_modified_time":"2026-04-28T20:54:53+00:00","og_image":[{"width":2362,"height":2362,"url":"https:\/\/apirosport.com\/wp-content\/uploads\/2026\/03\/Aetherion.png","type":"image\/png"}],"twitter_card":"summary_large_image","twitter_title":"Apirosport","twitter_misc":{"Ber\u00e4knad l\u00e4stid":"1 minut"},"schema":{"@context":"https:\/\/schema.org","@graph":[{"@type":"WebPage","@id":"https:\/\/apirosport.com\/sv\/produkt\/aetherion-bike\/","url":"https:\/\/apirosport.com\/sv\/produkt\/aetherion-bike\/","name":"Aetherion+ Bike | Apirosport","isPartOf":{"@id":"https:\/\/apirosport.com\/sv\/#website"},"primaryImageOfPage":{"@id":"https:\/\/apirosport.com\/sv\/produkt\/aetherion-bike\/#primaryimage"},"image":{"@id":"https:\/\/apirosport.com\/sv\/produkt\/aetherion-bike\/#primaryimage"},"thumbnailUrl":"https:\/\/apirosport.com\/wp-content\/uploads\/2026\/03\/Aetherion.png","datePublished":"2026-03-24T13:27:56+00:00","dateModified":"2026-04-28T20:54:53+00:00","description":"Premium inomhuscykel med powermeter, realtidsdata och magnetiskt motst\u00e5nd. Perfekt f\u00f6r HIIT, zontr\u00e4ning och datadriven grupptr\u00e4ning.","breadcrumb":{"@id":"https:\/\/apirosport.com\/sv\/produkt\/aetherion-bike\/#breadcrumb"},"inLanguage":"sv-SE","potentialAction":[{"@type":"ReadAction","target":["https:\/\/apirosport.com\/sv\/produkt\/aetherion-bike\/"]}]},{"@type":"ImageObject","inLanguage":"sv-SE","@id":"https:\/\/apirosport.com\/sv\/produkt\/aetherion-bike\/#primaryimage","url":"https:\/\/apirosport.com\/wp-content\/uploads\/2026\/03\/Aetherion.png","contentUrl":"https:\/\/apirosport.com\/wp-content\/uploads\/2026\/03\/Aetherion.png","width":2362,"height":2362},{"@type":"BreadcrumbList","@id":"https:\/\/apirosport.com\/sv\/produkt\/aetherion-bike\/#breadcrumb","itemListElement":[{"@type":"ListItem","position":1,"name":"Home","item":"https:\/\/apirosport.com\/sv\/"},{"@type":"ListItem","position":2,"name":"Produkter","item":"https:\/\/apirosport.com\/sv\/produkter\/"},{"@type":"ListItem","position":3,"name":"Aetherion+ Bike"}]},{"@type":"WebSite","@id":"https:\/\/apirosport.com\/sv\/#website","url":"https:\/\/apirosport.com\/sv\/","name":"Apirosport","description":"","publisher":{"@id":"https:\/\/apirosport.com\/sv\/#organization"},"alternateName":"Apirosport","potentialAction":[{"@type":"SearchAction","target":{"@type":"EntryPoint","urlTemplate":"https:\/\/apirosport.com\/sv\/?s={search_term_string}"},"query-input":{"@type":"PropertyValueSpecification","valueRequired":true,"valueName":"search_term_string"}}],"inLanguage":"sv-SE"},{"@type":"Organization","@id":"https:\/\/apirosport.com\/sv\/#organization","name":"Apirosport","alternateName":"Apirosport","url":"https:\/\/apirosport.com\/sv\/","logo":{"@type":"ImageObject","inLanguage":"sv-SE","@id":"https:\/\/apirosport.com\/sv\/#\/schema\/logo\/image\/","url":"https:\/\/apirosport.com\/wp-content\/uploads\/2025\/12\/Apirosport-yellow-scaled.png","contentUrl":"https:\/\/apirosport.com\/wp-content\/uploads\/2025\/12\/Apirosport-yellow-scaled.png","width":2560,"height":2278,"caption":"Apirosport"},"image":{"@id":"https:\/\/apirosport.com\/sv\/#\/schema\/logo\/image\/"}}]}},"_links":{"self":[{"href":"https:\/\/apirosport.com\/sv\/wp-json\/wp\/v2\/product\/25498","targetHints":{"allow":["GET"]}}],"collection":[{"href":"https:\/\/apirosport.com\/sv\/wp-json\/wp\/v2\/product"}],"about":[{"href":"https:\/\/apirosport.com\/sv\/wp-json\/wp\/v2\/types\/product"}],"wp:featuredmedia":[{"embeddable":true,"href":"https:\/\/apirosport.com\/sv\/wp-json\/wp\/v2\/media\/25499"}],"wp:attachment":[{"href":"https:\/\/apirosport.com\/sv\/wp-json\/wp\/v2\/media?parent=25498"}],"wp:term":[{"taxonomy":"variation","embeddable":true,"href":"https:\/\/apirosport.com\/sv\/wp-json\/wp\/v2\/variation?post=25498"},{"taxonomy":"product_brand","embeddable":true,"href":"https:\/\/apirosport.com\/sv\/wp-json\/wp\/v2\/product_brand?post=25498"},{"taxonomy":"product_cat","embeddable":true,"href":"https:\/\/apirosport.com\/sv\/wp-json\/wp\/v2\/product_cat?post=25498"},{"taxonomy":"product_tag","embeddable":true,"href":"https:\/\/apirosport.com\/sv\/wp-json\/wp\/v2\/product_tag?post=25498"}],"curies":[{"name":"wp","href":"https:\/\/api.w.org\/{rel}","templated":true}]}}