{"id":25524,"date":"2026-03-24T14:11:14","date_gmt":"2026-03-24T14:11:14","guid":{"rendered":"https:\/\/apirosport.com\/?post_type=product&#038;p=25524"},"modified":"2026-04-28T20:23:45","modified_gmt":"2026-04-28T20:23:45","slug":"aetherion-bike-2","status":"publish","type":"product","link":"https:\/\/apirosport.com\/sv\/produkt\/aetherion-bike-2\/","title":{"rendered":"Aetherion Bike"},"content":{"rendered":"<p data-start=\"138\" data-end=\"395\">Aetherion \u00e4r en inomhuscykel f\u00f6r studios som vill skapa tr\u00e4ning med k\u00e4nsla, flow och gemenskap. Med stabil st\u00e5lram, magnetiskt motst\u00e5nd och flera greppositioner f\u00e5r du en j\u00e4mn och f\u00f6ljsam cykelk\u00e4nsla \u2013 perfekt f\u00f6r HIIT, intervaller och uth\u00e5llighetstr\u00e4ning.<\/p>\n<p data-start=\"397\" data-end=\"633\">Aetherion \u00e4r byggd f\u00f6r h\u00f6g drifts\u00e4kerhet och minimalt underh\u00e5ll \u2013 idealisk f\u00f6r instrukt\u00f6rsledda pass d\u00e4r fokus ligger p\u00e5 upplevelsen.<\/p>\n<ul data-start=\"666\" data-end=\"1055\">\n<li data-section-id=\"fjr2hl\" data-start=\"666\" data-end=\"726\">\n<p data-start=\"668\" data-end=\"726\"><strong data-start=\"668\" data-end=\"688\">Valbar drivlina:<\/strong> Tyst remdrift eller landsv\u00e4gsk\u00e4nsla<\/p>\n<\/li>\n<li data-section-id=\"tb8ufu\" data-start=\"727\" data-end=\"791\">\n<p data-start=\"729\" data-end=\"791\"><strong data-start=\"729\" data-end=\"754\">Flera greppositioner:<\/strong> F\u00f6r sprint, kl\u00e4ttring och rytmpass<\/p>\n<\/li>\n<li data-section-id=\"j2zjq6\" data-start=\"792\" data-end=\"851\">\n<p data-start=\"794\" data-end=\"851\"><strong data-start=\"794\" data-end=\"818\">Magnetiskt motst\u00e5nd:<\/strong> J\u00e4mn, tyst och exakt justering<\/p>\n<\/li>\n<li data-section-id=\"lizx38\" data-start=\"852\" data-end=\"923\">\n<p data-start=\"854\" data-end=\"923\"><strong data-start=\"854\" data-end=\"878\">Stabil konstruktion:<\/strong> Slitstark st\u00e5lram f\u00f6r intensiva gymmilj\u00f6er<\/p>\n<\/li>\n<li data-section-id=\"tnatqn\" data-start=\"924\" data-end=\"988\">\n<p data-start=\"926\" data-end=\"988\"><strong data-start=\"926\" data-end=\"951\">Morse Taper-vevparti:<\/strong> H\u00f6g h\u00e5llbarhet vid h\u00e5rd belastning<\/p>\n<\/li>\n<li data-section-id=\"1kksyv2\" data-start=\"989\" data-end=\"1055\">\n<p data-start=\"991\" data-end=\"1055\"><strong data-start=\"991\" data-end=\"1008\">Kombipedaler:<\/strong> SPD eller vanliga skor (Delta\/Keo via tillval)<\/p>\n<\/li>\n<li data-section-id=\"1kksyv2\" data-start=\"989\" data-end=\"1055\">\n<p data-start=\"991\" data-end=\"1055\"><strong data-start=\"1066\" data-end=\"1099\">Cadence Pro Console (tillval): <\/strong>Enkel och tydlig display som visar tid, distans, kalorier och RPM \u2013 perfekt f\u00f6r rytmbaserad grupptr\u00e4ning utan distraktioner.<\/p>\n<\/li>\n<\/ul>\n","protected":false},"excerpt":{"rendered":"<p>Aetherion \u00e4r en inomhuscykel f\u00f6r studios som vill skapa tr\u00e4ning med k\u00e4nsla, flow och gemenskap. Med stabil st\u00e5lram, magnetiskt motst\u00e5nd och flera greppositioner f\u00e5r du en j\u00e4mn och f\u00f6ljsam cykelk\u00e4nsla \u2013 perfekt f\u00f6r HIIT, intervaller och uth\u00e5llighetstr\u00e4ning. Aetherion \u00e4r byggd f\u00f6r h\u00f6g drifts\u00e4kerhet och minimalt underh\u00e5ll \u2013 idealisk f\u00f6r instrukt\u00f6rsledda pass d\u00e4r fokus ligger p\u00e5 [&hellip;]<\/p>\n","protected":false},"featured_media":25566,"template":"","meta":{"_acf_changed":false,"inline_featured_image":false},"variation":[],"product_brand":[],"product_cat":[87,95,287,325],"product_tag":[300],"class_list":{"0":"post-25524","1":"product","2":"type-product","3":"status-publish","4":"has-post-thumbnail","6":"product_cat-kondition","7":"product_cat-studio-grupptraning","8":"product_cat-indoor-cycling","9":"product_cat-schwinn","10":"product_tag-schwinn","12":"first","13":"instock","14":"shipping-taxable","15":"purchasable","16":"product-type-variable","17":"has-default-attributes"},"acf":[],"yoast_head":"<!-- This site is optimized with the Yoast SEO plugin v26.8 - https:\/\/yoast.com\/product\/yoast-seo-wordpress\/ -->\n<title>Aetherion Bike | Apirosport<\/title>\n<meta name=\"robots\" content=\"index, follow, max-snippet:-1, max-image-preview:large, max-video-preview:-1\" \/>\n<link rel=\"canonical\" href=\"https:\/\/apirosport.com\/sv\/produkt\/aetherion-bike-2\/\" \/>\n<meta property=\"og:locale\" content=\"sv_SE\" \/>\n<meta property=\"og:type\" content=\"article\" \/>\n<meta property=\"og:title\" content=\"Aetherion Bike | Apirosport\" \/>\n<meta property=\"og:description\" content=\"Aetherion \u00e4r en inomhuscykel f\u00f6r studios som vill skapa tr\u00e4ning med k\u00e4nsla, flow och gemenskap. Med stabil st\u00e5lram, magnetiskt motst\u00e5nd och flera greppositioner f\u00e5r du en j\u00e4mn och f\u00f6ljsam cykelk\u00e4nsla \u2013 perfekt f\u00f6r HIIT, intervaller och uth\u00e5llighetstr\u00e4ning. Aetherion \u00e4r byggd f\u00f6r h\u00f6g drifts\u00e4kerhet och minimalt underh\u00e5ll \u2013 idealisk f\u00f6r instrukt\u00f6rsledda pass d\u00e4r fokus ligger p\u00e5 [&hellip;]\" \/>\n<meta property=\"og:url\" content=\"https:\/\/apirosport.com\/sv\/produkt\/aetherion-bike-2\/\" \/>\n<meta property=\"og:site_name\" content=\"Apirosport\" \/>\n<meta property=\"article:modified_time\" content=\"2026-04-28T20:23:45+00:00\" \/>\n<meta property=\"og:image\" content=\"https:\/\/apirosport.com\/wp-content\/uploads\/2026\/03\/Aetherion-1.png\" \/>\n\t<meta property=\"og:image:width\" content=\"2362\" \/>\n\t<meta property=\"og:image:height\" content=\"2362\" \/>\n\t<meta property=\"og:image:type\" content=\"image\/png\" \/>\n<meta name=\"twitter:card\" content=\"summary_large_image\" \/>\n<meta name=\"twitter:title\" content=\"Apirosport\" \/>\n<meta name=\"twitter:label1\" content=\"Ber\u00e4knad l\u00e4stid\" \/>\n\t<meta name=\"twitter:data1\" content=\"1 minut\" \/>\n<script type=\"application\/ld+json\" class=\"yoast-schema-graph\">{\"@context\":\"https:\/\/schema.org\",\"@graph\":[{\"@type\":\"WebPage\",\"@id\":\"https:\/\/apirosport.com\/sv\/produkt\/aetherion-bike-2\/\",\"url\":\"https:\/\/apirosport.com\/sv\/produkt\/aetherion-bike-2\/\",\"name\":\"Aetherion Bike | Apirosport\",\"isPartOf\":{\"@id\":\"https:\/\/apirosport.com\/sv\/#website\"},\"primaryImageOfPage\":{\"@id\":\"https:\/\/apirosport.com\/sv\/produkt\/aetherion-bike-2\/#primaryimage\"},\"image\":{\"@id\":\"https:\/\/apirosport.com\/sv\/produkt\/aetherion-bike-2\/#primaryimage\"},\"thumbnailUrl\":\"https:\/\/apirosport.com\/wp-content\/uploads\/2026\/03\/Aetherion-1.png\",\"datePublished\":\"2026-03-24T14:11:14+00:00\",\"dateModified\":\"2026-04-28T20:23:45+00:00\",\"breadcrumb\":{\"@id\":\"https:\/\/apirosport.com\/sv\/produkt\/aetherion-bike-2\/#breadcrumb\"},\"inLanguage\":\"sv-SE\",\"potentialAction\":[{\"@type\":\"ReadAction\",\"target\":[\"https:\/\/apirosport.com\/sv\/produkt\/aetherion-bike-2\/\"]}]},{\"@type\":\"ImageObject\",\"inLanguage\":\"sv-SE\",\"@id\":\"https:\/\/apirosport.com\/sv\/produkt\/aetherion-bike-2\/#primaryimage\",\"url\":\"https:\/\/apirosport.com\/wp-content\/uploads\/2026\/03\/Aetherion-1.png\",\"contentUrl\":\"https:\/\/apirosport.com\/wp-content\/uploads\/2026\/03\/Aetherion-1.png\",\"width\":\"2362\",\"height\":\"2362\"},{\"@type\":\"BreadcrumbList\",\"@id\":\"https:\/\/apirosport.com\/sv\/produkt\/aetherion-bike-2\/#breadcrumb\",\"itemListElement\":[{\"@type\":\"ListItem\",\"position\":1,\"name\":\"Home\",\"item\":\"https:\/\/apirosport.com\/sv\/\"},{\"@type\":\"ListItem\",\"position\":2,\"name\":\"Produkter\",\"item\":\"https:\/\/apirosport.com\/sv\/produkter\/\"},{\"@type\":\"ListItem\",\"position\":3,\"name\":\"Aetherion Bike\"}]},{\"@type\":\"WebSite\",\"@id\":\"https:\/\/apirosport.com\/sv\/#website\",\"url\":\"https:\/\/apirosport.com\/sv\/\",\"name\":\"Apirosport\",\"description\":\"\",\"publisher\":{\"@id\":\"https:\/\/apirosport.com\/sv\/#organization\"},\"alternateName\":\"Apirosport\",\"potentialAction\":[{\"@type\":\"SearchAction\",\"target\":{\"@type\":\"EntryPoint\",\"urlTemplate\":\"https:\/\/apirosport.com\/sv\/?s={search_term_string}\"},\"query-input\":{\"@type\":\"PropertyValueSpecification\",\"valueRequired\":true,\"valueName\":\"search_term_string\"}}],\"inLanguage\":\"sv-SE\"},{\"@type\":\"Organization\",\"@id\":\"https:\/\/apirosport.com\/sv\/#organization\",\"name\":\"Apirosport\",\"alternateName\":\"Apirosport\",\"url\":\"https:\/\/apirosport.com\/sv\/\",\"logo\":{\"@type\":\"ImageObject\",\"inLanguage\":\"sv-SE\",\"@id\":\"https:\/\/apirosport.com\/sv\/#\/schema\/logo\/image\/\",\"url\":\"https:\/\/apirosport.com\/wp-content\/uploads\/2025\/12\/Apirosport-yellow-scaled.png\",\"contentUrl\":\"https:\/\/apirosport.com\/wp-content\/uploads\/2025\/12\/Apirosport-yellow-scaled.png\",\"width\":2560,\"height\":2278,\"caption\":\"Apirosport\"},\"image\":{\"@id\":\"https:\/\/apirosport.com\/sv\/#\/schema\/logo\/image\/\"}}]}<\/script>\n<!-- \/ Yoast SEO plugin. -->","yoast_head_json":{"title":"Aetherion Bike | Apirosport","robots":{"index":"index","follow":"follow","max-snippet":"max-snippet:-1","max-image-preview":"max-image-preview:large","max-video-preview":"max-video-preview:-1"},"canonical":"https:\/\/apirosport.com\/sv\/produkt\/aetherion-bike-2\/","og_locale":"sv_SE","og_type":"article","og_title":"Aetherion Bike | Apirosport","og_description":"Aetherion \u00e4r en inomhuscykel f\u00f6r studios som vill skapa tr\u00e4ning med k\u00e4nsla, flow och gemenskap. Med stabil st\u00e5lram, magnetiskt motst\u00e5nd och flera greppositioner f\u00e5r du en j\u00e4mn och f\u00f6ljsam cykelk\u00e4nsla \u2013 perfekt f\u00f6r HIIT, intervaller och uth\u00e5llighetstr\u00e4ning. Aetherion \u00e4r byggd f\u00f6r h\u00f6g drifts\u00e4kerhet och minimalt underh\u00e5ll \u2013 idealisk f\u00f6r instrukt\u00f6rsledda pass d\u00e4r fokus ligger p\u00e5 [&hellip;]","og_url":"https:\/\/apirosport.com\/sv\/produkt\/aetherion-bike-2\/","og_site_name":"Apirosport","article_modified_time":"2026-04-28T20:23:45+00:00","og_image":[{"width":2362,"height":2362,"url":"https:\/\/apirosport.com\/wp-content\/uploads\/2026\/03\/Aetherion-1.png","type":"image\/png"}],"twitter_card":"summary_large_image","twitter_title":"Apirosport","twitter_misc":{"Ber\u00e4knad l\u00e4stid":"1 minut"},"schema":{"@context":"https:\/\/schema.org","@graph":[{"@type":"WebPage","@id":"https:\/\/apirosport.com\/sv\/produkt\/aetherion-bike-2\/","url":"https:\/\/apirosport.com\/sv\/produkt\/aetherion-bike-2\/","name":"Aetherion Bike | Apirosport","isPartOf":{"@id":"https:\/\/apirosport.com\/sv\/#website"},"primaryImageOfPage":{"@id":"https:\/\/apirosport.com\/sv\/produkt\/aetherion-bike-2\/#primaryimage"},"image":{"@id":"https:\/\/apirosport.com\/sv\/produkt\/aetherion-bike-2\/#primaryimage"},"thumbnailUrl":"https:\/\/apirosport.com\/wp-content\/uploads\/2026\/03\/Aetherion-1.png","datePublished":"2026-03-24T14:11:14+00:00","dateModified":"2026-04-28T20:23:45+00:00","breadcrumb":{"@id":"https:\/\/apirosport.com\/sv\/produkt\/aetherion-bike-2\/#breadcrumb"},"inLanguage":"sv-SE","potentialAction":[{"@type":"ReadAction","target":["https:\/\/apirosport.com\/sv\/produkt\/aetherion-bike-2\/"]}]},{"@type":"ImageObject","inLanguage":"sv-SE","@id":"https:\/\/apirosport.com\/sv\/produkt\/aetherion-bike-2\/#primaryimage","url":"https:\/\/apirosport.com\/wp-content\/uploads\/2026\/03\/Aetherion-1.png","contentUrl":"https:\/\/apirosport.com\/wp-content\/uploads\/2026\/03\/Aetherion-1.png","width":"2362","height":"2362"},{"@type":"BreadcrumbList","@id":"https:\/\/apirosport.com\/sv\/produkt\/aetherion-bike-2\/#breadcrumb","itemListElement":[{"@type":"ListItem","position":1,"name":"Home","item":"https:\/\/apirosport.com\/sv\/"},{"@type":"ListItem","position":2,"name":"Produkter","item":"https:\/\/apirosport.com\/sv\/produkter\/"},{"@type":"ListItem","position":3,"name":"Aetherion Bike"}]},{"@type":"WebSite","@id":"https:\/\/apirosport.com\/sv\/#website","url":"https:\/\/apirosport.com\/sv\/","name":"Apirosport","description":"","publisher":{"@id":"https:\/\/apirosport.com\/sv\/#organization"},"alternateName":"Apirosport","potentialAction":[{"@type":"SearchAction","target":{"@type":"EntryPoint","urlTemplate":"https:\/\/apirosport.com\/sv\/?s={search_term_string}"},"query-input":{"@type":"PropertyValueSpecification","valueRequired":true,"valueName":"search_term_string"}}],"inLanguage":"sv-SE"},{"@type":"Organization","@id":"https:\/\/apirosport.com\/sv\/#organization","name":"Apirosport","alternateName":"Apirosport","url":"https:\/\/apirosport.com\/sv\/","logo":{"@type":"ImageObject","inLanguage":"sv-SE","@id":"https:\/\/apirosport.com\/sv\/#\/schema\/logo\/image\/","url":"https:\/\/apirosport.com\/wp-content\/uploads\/2025\/12\/Apirosport-yellow-scaled.png","contentUrl":"https:\/\/apirosport.com\/wp-content\/uploads\/2025\/12\/Apirosport-yellow-scaled.png","width":2560,"height":2278,"caption":"Apirosport"},"image":{"@id":"https:\/\/apirosport.com\/sv\/#\/schema\/logo\/image\/"}}]}},"_links":{"self":[{"href":"https:\/\/apirosport.com\/sv\/wp-json\/wp\/v2\/product\/25524","targetHints":{"allow":["GET"]}}],"collection":[{"href":"https:\/\/apirosport.com\/sv\/wp-json\/wp\/v2\/product"}],"about":[{"href":"https:\/\/apirosport.com\/sv\/wp-json\/wp\/v2\/types\/product"}],"wp:featuredmedia":[{"embeddable":true,"href":"https:\/\/apirosport.com\/sv\/wp-json\/wp\/v2\/media\/25566"}],"wp:attachment":[{"href":"https:\/\/apirosport.com\/sv\/wp-json\/wp\/v2\/media?parent=25524"}],"wp:term":[{"taxonomy":"variation","embeddable":true,"href":"https:\/\/apirosport.com\/sv\/wp-json\/wp\/v2\/variation?post=25524"},{"taxonomy":"product_brand","embeddable":true,"href":"https:\/\/apirosport.com\/sv\/wp-json\/wp\/v2\/product_brand?post=25524"},{"taxonomy":"product_cat","embeddable":true,"href":"https:\/\/apirosport.com\/sv\/wp-json\/wp\/v2\/product_cat?post=25524"},{"taxonomy":"product_tag","embeddable":true,"href":"https:\/\/apirosport.com\/sv\/wp-json\/wp\/v2\/product_tag?post=25524"}],"curies":[{"name":"wp","href":"https:\/\/api.w.org\/{rel}","templated":true}]}}