{"id":25714,"date":"2026-04-28T22:08:37","date_gmt":"2026-04-28T22:08:37","guid":{"rendered":"https:\/\/apirosport.com\/?post_type=product&#038;p=25714"},"modified":"2026-04-29T09:08:27","modified_gmt":"2026-04-29T09:08:27","slug":"urethane-competition-kettlebell","status":"publish","type":"product","link":"https:\/\/apirosport.com\/sv\/produkt\/urethane-competition-kettlebell\/","title":{"rendered":"Urethane Competition Kettlebell"},"content":{"rendered":"<p data-start=\"38\" data-end=\"362\">Urethane Competition Kettlebells i uretan \u00e4r framtagna f\u00f6r kommersiella tr\u00e4ningsmilj\u00f6er d\u00e4r h\u00e5llbarhet och funktion m\u00f6ter k\u00e4nsla och design.<\/p>\n<p data-start=\"364\" data-end=\"574\">Med ovanligt t\u00e4t viktintervall och f\u00e4rgmarkeringar blir det enkelt att bygga en komplett och tydlig viktserie f\u00f6r b\u00e5de tekniktr\u00e4ning, styrka och h\u00f6gintensiva pass.<\/p>\n<ul data-start=\"591\" data-end=\"781\" data-is-last-node=\"\" data-is-only-node=\"\">\n<li data-section-id=\"1umlxgf\" data-start=\"666\" data-end=\"694\">4\u201320 kg i 2 kg-intervaller<\/li>\n<li data-section-id=\"83ksnc\" data-start=\"695\" data-end=\"724\">20\u201336 kg i 4 kg-intervaller<\/li>\n<\/ul>\n","protected":false},"excerpt":{"rendered":"<p>Urethane Competition Kettlebells i uretan \u00e4r framtagna f\u00f6r kommersiella tr\u00e4ningsmilj\u00f6er d\u00e4r h\u00e5llbarhet och funktion m\u00f6ter k\u00e4nsla och design. Med ovanligt t\u00e4t viktintervall och f\u00e4rgmarkeringar blir det enkelt att bygga en komplett och tydlig viktserie f\u00f6r b\u00e5de tekniktr\u00e4ning, styrka och h\u00f6gintensiva pass. 4\u201320 kg i 2 kg-intervaller 20\u201336 kg i 4 kg-intervaller<\/p>\n","protected":false},"featured_media":25715,"template":"","meta":{"_acf_changed":false,"inline_featured_image":false},"variation":[],"product_brand":[],"product_cat":[93,315,324],"product_tag":[64],"class_list":{"0":"post-25714","1":"product","2":"type-product","3":"status-publish","4":"has-post-thumbnail","6":"product_cat-fria-vikter","7":"product_cat-ulteron","8":"product_cat-kettlebells","9":"product_tag-ulteron","11":"first","12":"instock","13":"shipping-taxable","14":"purchasable","15":"product-type-variable","16":"has-default-attributes"},"acf":[],"yoast_head":"<!-- This site is optimized with the Yoast SEO plugin v26.8 - https:\/\/yoast.com\/product\/yoast-seo-wordpress\/ -->\n<title>Urethane Competition Kettlebell | Apirosport<\/title>\n<meta name=\"robots\" content=\"index, follow, max-snippet:-1, max-image-preview:large, max-video-preview:-1\" \/>\n<link rel=\"canonical\" href=\"https:\/\/apirosport.com\/sv\/produkt\/urethane-competition-kettlebell\/\" \/>\n<meta property=\"og:locale\" content=\"sv_SE\" \/>\n<meta property=\"og:type\" content=\"article\" \/>\n<meta property=\"og:title\" content=\"Urethane Competition Kettlebell | Apirosport\" \/>\n<meta property=\"og:description\" content=\"Urethane Competition Kettlebells i uretan \u00e4r framtagna f\u00f6r kommersiella tr\u00e4ningsmilj\u00f6er d\u00e4r h\u00e5llbarhet och funktion m\u00f6ter k\u00e4nsla och design. Med ovanligt t\u00e4t viktintervall och f\u00e4rgmarkeringar blir det enkelt att bygga en komplett och tydlig viktserie f\u00f6r b\u00e5de tekniktr\u00e4ning, styrka och h\u00f6gintensiva pass. 4\u201320 kg i 2 kg-intervaller 20\u201336 kg i 4 kg-intervaller\" \/>\n<meta property=\"og:url\" content=\"https:\/\/apirosport.com\/sv\/produkt\/urethane-competition-kettlebell\/\" \/>\n<meta property=\"og:site_name\" content=\"Apirosport\" \/>\n<meta property=\"article:modified_time\" content=\"2026-04-29T09:08:27+00:00\" \/>\n<meta property=\"og:image\" content=\"https:\/\/apirosport.com\/wp-content\/uploads\/2026\/04\/ULTERON-urethane-comp-kettlebell-scaled.png\" \/>\n\t<meta property=\"og:image:width\" content=\"1931\" \/>\n\t<meta property=\"og:image:height\" content=\"2560\" \/>\n\t<meta property=\"og:image:type\" content=\"image\/png\" \/>\n<meta name=\"twitter:card\" content=\"summary_large_image\" \/>\n<meta name=\"twitter:title\" content=\"Apirosport\" \/>\n<meta name=\"twitter:label1\" content=\"Ber\u00e4knad l\u00e4stid\" \/>\n\t<meta name=\"twitter:data1\" content=\"1 minut\" \/>\n<script type=\"application\/ld+json\" class=\"yoast-schema-graph\">{\"@context\":\"https:\/\/schema.org\",\"@graph\":[{\"@type\":\"WebPage\",\"@id\":\"https:\/\/apirosport.com\/sv\/produkt\/urethane-competition-kettlebell\/\",\"url\":\"https:\/\/apirosport.com\/sv\/produkt\/urethane-competition-kettlebell\/\",\"name\":\"Urethane Competition Kettlebell | Apirosport\",\"isPartOf\":{\"@id\":\"https:\/\/apirosport.com\/sv\/#website\"},\"primaryImageOfPage\":{\"@id\":\"https:\/\/apirosport.com\/sv\/produkt\/urethane-competition-kettlebell\/#primaryimage\"},\"image\":{\"@id\":\"https:\/\/apirosport.com\/sv\/produkt\/urethane-competition-kettlebell\/#primaryimage\"},\"thumbnailUrl\":\"https:\/\/apirosport.com\/wp-content\/uploads\/2026\/04\/ULTERON-urethane-comp-kettlebell-scaled.png\",\"datePublished\":\"2026-04-28T22:08:37+00:00\",\"dateModified\":\"2026-04-29T09:08:27+00:00\",\"breadcrumb\":{\"@id\":\"https:\/\/apirosport.com\/sv\/produkt\/urethane-competition-kettlebell\/#breadcrumb\"},\"inLanguage\":\"sv-SE\",\"potentialAction\":[{\"@type\":\"ReadAction\",\"target\":[\"https:\/\/apirosport.com\/sv\/produkt\/urethane-competition-kettlebell\/\"]}]},{\"@type\":\"ImageObject\",\"inLanguage\":\"sv-SE\",\"@id\":\"https:\/\/apirosport.com\/sv\/produkt\/urethane-competition-kettlebell\/#primaryimage\",\"url\":\"https:\/\/apirosport.com\/wp-content\/uploads\/2026\/04\/ULTERON-urethane-comp-kettlebell-scaled.png\",\"contentUrl\":\"https:\/\/apirosport.com\/wp-content\/uploads\/2026\/04\/ULTERON-urethane-comp-kettlebell-scaled.png\",\"width\":1931,\"height\":2560},{\"@type\":\"BreadcrumbList\",\"@id\":\"https:\/\/apirosport.com\/sv\/produkt\/urethane-competition-kettlebell\/#breadcrumb\",\"itemListElement\":[{\"@type\":\"ListItem\",\"position\":1,\"name\":\"Home\",\"item\":\"https:\/\/apirosport.com\/sv\/\"},{\"@type\":\"ListItem\",\"position\":2,\"name\":\"Produkter\",\"item\":\"https:\/\/apirosport.com\/sv\/produkter\/\"},{\"@type\":\"ListItem\",\"position\":3,\"name\":\"Urethane Competition Kettlebell\"}]},{\"@type\":\"WebSite\",\"@id\":\"https:\/\/apirosport.com\/sv\/#website\",\"url\":\"https:\/\/apirosport.com\/sv\/\",\"name\":\"Apirosport\",\"description\":\"\",\"publisher\":{\"@id\":\"https:\/\/apirosport.com\/sv\/#organization\"},\"alternateName\":\"Apirosport\",\"potentialAction\":[{\"@type\":\"SearchAction\",\"target\":{\"@type\":\"EntryPoint\",\"urlTemplate\":\"https:\/\/apirosport.com\/sv\/?s={search_term_string}\"},\"query-input\":{\"@type\":\"PropertyValueSpecification\",\"valueRequired\":true,\"valueName\":\"search_term_string\"}}],\"inLanguage\":\"sv-SE\"},{\"@type\":\"Organization\",\"@id\":\"https:\/\/apirosport.com\/sv\/#organization\",\"name\":\"Apirosport\",\"alternateName\":\"Apirosport\",\"url\":\"https:\/\/apirosport.com\/sv\/\",\"logo\":{\"@type\":\"ImageObject\",\"inLanguage\":\"sv-SE\",\"@id\":\"https:\/\/apirosport.com\/sv\/#\/schema\/logo\/image\/\",\"url\":\"https:\/\/apirosport.com\/wp-content\/uploads\/2025\/12\/Apirosport-yellow-scaled.png\",\"contentUrl\":\"https:\/\/apirosport.com\/wp-content\/uploads\/2025\/12\/Apirosport-yellow-scaled.png\",\"width\":2560,\"height\":2278,\"caption\":\"Apirosport\"},\"image\":{\"@id\":\"https:\/\/apirosport.com\/sv\/#\/schema\/logo\/image\/\"}}]}<\/script>\n<!-- \/ Yoast SEO plugin. -->","yoast_head_json":{"title":"Urethane Competition Kettlebell | Apirosport","robots":{"index":"index","follow":"follow","max-snippet":"max-snippet:-1","max-image-preview":"max-image-preview:large","max-video-preview":"max-video-preview:-1"},"canonical":"https:\/\/apirosport.com\/sv\/produkt\/urethane-competition-kettlebell\/","og_locale":"sv_SE","og_type":"article","og_title":"Urethane Competition Kettlebell | Apirosport","og_description":"Urethane Competition Kettlebells i uretan \u00e4r framtagna f\u00f6r kommersiella tr\u00e4ningsmilj\u00f6er d\u00e4r h\u00e5llbarhet och funktion m\u00f6ter k\u00e4nsla och design. Med ovanligt t\u00e4t viktintervall och f\u00e4rgmarkeringar blir det enkelt att bygga en komplett och tydlig viktserie f\u00f6r b\u00e5de tekniktr\u00e4ning, styrka och h\u00f6gintensiva pass. 4\u201320 kg i 2 kg-intervaller 20\u201336 kg i 4 kg-intervaller","og_url":"https:\/\/apirosport.com\/sv\/produkt\/urethane-competition-kettlebell\/","og_site_name":"Apirosport","article_modified_time":"2026-04-29T09:08:27+00:00","og_image":[{"width":1931,"height":2560,"url":"https:\/\/apirosport.com\/wp-content\/uploads\/2026\/04\/ULTERON-urethane-comp-kettlebell-scaled.png","type":"image\/png"}],"twitter_card":"summary_large_image","twitter_title":"Apirosport","twitter_misc":{"Ber\u00e4knad l\u00e4stid":"1 minut"},"schema":{"@context":"https:\/\/schema.org","@graph":[{"@type":"WebPage","@id":"https:\/\/apirosport.com\/sv\/produkt\/urethane-competition-kettlebell\/","url":"https:\/\/apirosport.com\/sv\/produkt\/urethane-competition-kettlebell\/","name":"Urethane Competition Kettlebell | Apirosport","isPartOf":{"@id":"https:\/\/apirosport.com\/sv\/#website"},"primaryImageOfPage":{"@id":"https:\/\/apirosport.com\/sv\/produkt\/urethane-competition-kettlebell\/#primaryimage"},"image":{"@id":"https:\/\/apirosport.com\/sv\/produkt\/urethane-competition-kettlebell\/#primaryimage"},"thumbnailUrl":"https:\/\/apirosport.com\/wp-content\/uploads\/2026\/04\/ULTERON-urethane-comp-kettlebell-scaled.png","datePublished":"2026-04-28T22:08:37+00:00","dateModified":"2026-04-29T09:08:27+00:00","breadcrumb":{"@id":"https:\/\/apirosport.com\/sv\/produkt\/urethane-competition-kettlebell\/#breadcrumb"},"inLanguage":"sv-SE","potentialAction":[{"@type":"ReadAction","target":["https:\/\/apirosport.com\/sv\/produkt\/urethane-competition-kettlebell\/"]}]},{"@type":"ImageObject","inLanguage":"sv-SE","@id":"https:\/\/apirosport.com\/sv\/produkt\/urethane-competition-kettlebell\/#primaryimage","url":"https:\/\/apirosport.com\/wp-content\/uploads\/2026\/04\/ULTERON-urethane-comp-kettlebell-scaled.png","contentUrl":"https:\/\/apirosport.com\/wp-content\/uploads\/2026\/04\/ULTERON-urethane-comp-kettlebell-scaled.png","width":1931,"height":2560},{"@type":"BreadcrumbList","@id":"https:\/\/apirosport.com\/sv\/produkt\/urethane-competition-kettlebell\/#breadcrumb","itemListElement":[{"@type":"ListItem","position":1,"name":"Home","item":"https:\/\/apirosport.com\/sv\/"},{"@type":"ListItem","position":2,"name":"Produkter","item":"https:\/\/apirosport.com\/sv\/produkter\/"},{"@type":"ListItem","position":3,"name":"Urethane Competition Kettlebell"}]},{"@type":"WebSite","@id":"https:\/\/apirosport.com\/sv\/#website","url":"https:\/\/apirosport.com\/sv\/","name":"Apirosport","description":"","publisher":{"@id":"https:\/\/apirosport.com\/sv\/#organization"},"alternateName":"Apirosport","potentialAction":[{"@type":"SearchAction","target":{"@type":"EntryPoint","urlTemplate":"https:\/\/apirosport.com\/sv\/?s={search_term_string}"},"query-input":{"@type":"PropertyValueSpecification","valueRequired":true,"valueName":"search_term_string"}}],"inLanguage":"sv-SE"},{"@type":"Organization","@id":"https:\/\/apirosport.com\/sv\/#organization","name":"Apirosport","alternateName":"Apirosport","url":"https:\/\/apirosport.com\/sv\/","logo":{"@type":"ImageObject","inLanguage":"sv-SE","@id":"https:\/\/apirosport.com\/sv\/#\/schema\/logo\/image\/","url":"https:\/\/apirosport.com\/wp-content\/uploads\/2025\/12\/Apirosport-yellow-scaled.png","contentUrl":"https:\/\/apirosport.com\/wp-content\/uploads\/2025\/12\/Apirosport-yellow-scaled.png","width":2560,"height":2278,"caption":"Apirosport"},"image":{"@id":"https:\/\/apirosport.com\/sv\/#\/schema\/logo\/image\/"}}]}},"_links":{"self":[{"href":"https:\/\/apirosport.com\/sv\/wp-json\/wp\/v2\/product\/25714","targetHints":{"allow":["GET"]}}],"collection":[{"href":"https:\/\/apirosport.com\/sv\/wp-json\/wp\/v2\/product"}],"about":[{"href":"https:\/\/apirosport.com\/sv\/wp-json\/wp\/v2\/types\/product"}],"wp:featuredmedia":[{"embeddable":true,"href":"https:\/\/apirosport.com\/sv\/wp-json\/wp\/v2\/media\/25715"}],"wp:attachment":[{"href":"https:\/\/apirosport.com\/sv\/wp-json\/wp\/v2\/media?parent=25714"}],"wp:term":[{"taxonomy":"variation","embeddable":true,"href":"https:\/\/apirosport.com\/sv\/wp-json\/wp\/v2\/variation?post=25714"},{"taxonomy":"product_brand","embeddable":true,"href":"https:\/\/apirosport.com\/sv\/wp-json\/wp\/v2\/product_brand?post=25714"},{"taxonomy":"product_cat","embeddable":true,"href":"https:\/\/apirosport.com\/sv\/wp-json\/wp\/v2\/product_cat?post=25714"},{"taxonomy":"product_tag","embeddable":true,"href":"https:\/\/apirosport.com\/sv\/wp-json\/wp\/v2\/product_tag?post=25714"}],"curies":[{"name":"wp","href":"https:\/\/api.w.org\/{rel}","templated":true}]}}