{"id":7963,"date":"2017-11-17T10:41:37","date_gmt":"2017-11-17T10:41:37","guid":{"rendered":"https:\/\/apirosport.com\/?post_type=product&#038;p=7963"},"modified":"2026-03-19T16:18:11","modified_gmt":"2026-03-19T16:18:11","slug":"s-ubx-upright-bike","status":"publish","type":"product","link":"https:\/\/apirosport.com\/sv\/produkt\/s-ubx-upright-bike\/","title":{"rendered":"SUBx &#8211; Upright Bike"},"content":{"rendered":"<p>Star Trac S Series riktar sig till icke-kommersiella gym, f\u00f6retagsgym, BRFs etc. och \u00e4r en fantastisk kompromiss mellan funktionalitet och kostnad. F\u00f6r den som s\u00f6ker robusta och p\u00e5litliga maskiner f\u00f6r den mindre anl\u00e4ggningen, men som inte st\u00e4ller krav p\u00e5 moderniteter som anslutningsm\u00f6jligheter och Touch Screens \u00e4r S Series det perfekta alternativet.<\/p>\n<ul>\n<li>Pedalerna f\u00f6rsedda med justerbara remmar som g\u00e5r att f\u00e4lla ner f\u00f6r den som vill tr\u00e4na utan<\/li>\n<li>Justerbar sist med sp\u00e4rrhake<\/li>\n<li>Inbyggda tr\u00e4ningsprogram eller quick start-l\u00e4ge<\/li>\n<li>Morse Taper <span id=\"result_box\" class=\"short_text\" lang=\"sv\"><span class=\"\">bottenf\u00e4ste och pedalsystem<\/span><\/span> f\u00f6r extremt god h\u00e5llbarhet<\/li>\n<\/ul>\n","protected":false},"excerpt":{"rendered":"<p>Star Trac S Series riktar sig till icke-kommersiella gym, f\u00f6retagsgym, BRFs etc. och \u00e4r en fantastisk kompromiss mellan funktionalitet och kostnad. F\u00f6r den som s\u00f6ker robusta och p\u00e5litliga maskiner f\u00f6r den mindre anl\u00e4ggningen, men som inte st\u00e4ller krav p\u00e5 moderniteter som anslutningsm\u00f6jligheter och Touch Screens \u00e4r S Series det perfekta alternativet. Pedalerna f\u00f6rsedda med justerbara [&hellip;]<\/p>\n","protected":false},"featured_media":7991,"template":"","meta":{"_acf_changed":false,"inline_featured_image":false},"variation":[],"product_brand":[],"product_cat":[87,316,331],"product_tag":[299],"class_list":{"0":"post-7963","1":"product","2":"type-product","3":"status-publish","4":"has-post-thumbnail","6":"product_cat-kondition","7":"product_cat-star-trac","8":"product_cat-s-series","9":"product_tag-star-trac","11":"first","12":"instock","13":"purchasable","14":"product-type-simple"},"acf":[],"yoast_head":"<!-- This site is optimized with the Yoast SEO plugin v26.8 - https:\/\/yoast.com\/product\/yoast-seo-wordpress\/ -->\n<title>SUBx - Upright Bike | Apirosport<\/title>\n<meta name=\"robots\" content=\"index, follow, max-snippet:-1, max-image-preview:large, max-video-preview:-1\" \/>\n<link rel=\"canonical\" href=\"https:\/\/apirosport.com\/sv\/produkt\/s-ubx-upright-bike\/\" \/>\n<meta property=\"og:locale\" content=\"sv_SE\" \/>\n<meta property=\"og:type\" content=\"article\" \/>\n<meta property=\"og:title\" content=\"SUBx - Upright Bike | Apirosport\" \/>\n<meta property=\"og:description\" content=\"Star Trac S Series riktar sig till icke-kommersiella gym, f\u00f6retagsgym, BRFs etc. och \u00e4r en fantastisk kompromiss mellan funktionalitet och kostnad. F\u00f6r den som s\u00f6ker robusta och p\u00e5litliga maskiner f\u00f6r den mindre anl\u00e4ggningen, men som inte st\u00e4ller krav p\u00e5 moderniteter som anslutningsm\u00f6jligheter och Touch Screens \u00e4r S Series det perfekta alternativet. Pedalerna f\u00f6rsedda med justerbara [&hellip;]\" \/>\n<meta property=\"og:url\" content=\"https:\/\/apirosport.com\/sv\/produkt\/s-ubx-upright-bike\/\" \/>\n<meta property=\"og:site_name\" content=\"Apirosport\" \/>\n<meta property=\"article:modified_time\" content=\"2026-03-19T16:18:11+00:00\" \/>\n<meta property=\"og:image\" content=\"https:\/\/apirosport.com\/wp-content\/uploads\/2025\/12\/1Star-Trac-S-Series-SUBX-Upright-Bike-9-3140-06-Product-Image-1-3-scaled.png\" \/>\n\t<meta property=\"og:image:width\" content=\"2560\" \/>\n\t<meta property=\"og:image:height\" content=\"1897\" \/>\n\t<meta property=\"og:image:type\" content=\"image\/png\" \/>\n<meta name=\"twitter:card\" content=\"summary_large_image\" \/>\n<meta name=\"twitter:title\" content=\"Apirosport\" \/>\n<meta name=\"twitter:label1\" content=\"Ber\u00e4knad l\u00e4stid\" \/>\n\t<meta name=\"twitter:data1\" content=\"1 minut\" \/>\n<script type=\"application\/ld+json\" class=\"yoast-schema-graph\">{\"@context\":\"https:\/\/schema.org\",\"@graph\":[{\"@type\":\"WebPage\",\"@id\":\"https:\/\/apirosport.com\/sv\/produkt\/s-ubx-upright-bike\/\",\"url\":\"https:\/\/apirosport.com\/sv\/produkt\/s-ubx-upright-bike\/\",\"name\":\"SUBx - Upright Bike | Apirosport\",\"isPartOf\":{\"@id\":\"https:\/\/apirosport.com\/sv\/#website\"},\"primaryImageOfPage\":{\"@id\":\"https:\/\/apirosport.com\/sv\/produkt\/s-ubx-upright-bike\/#primaryimage\"},\"image\":{\"@id\":\"https:\/\/apirosport.com\/sv\/produkt\/s-ubx-upright-bike\/#primaryimage\"},\"thumbnailUrl\":\"https:\/\/apirosport.com\/wp-content\/uploads\/2025\/12\/1Star-Trac-S-Series-SUBX-Upright-Bike-9-3140-06-Product-Image-1-3-scaled.png\",\"datePublished\":\"2017-11-17T10:41:37+00:00\",\"dateModified\":\"2026-03-19T16:18:11+00:00\",\"breadcrumb\":{\"@id\":\"https:\/\/apirosport.com\/sv\/produkt\/s-ubx-upright-bike\/#breadcrumb\"},\"inLanguage\":\"sv-SE\",\"potentialAction\":[{\"@type\":\"ReadAction\",\"target\":[\"https:\/\/apirosport.com\/sv\/produkt\/s-ubx-upright-bike\/\"]}]},{\"@type\":\"ImageObject\",\"inLanguage\":\"sv-SE\",\"@id\":\"https:\/\/apirosport.com\/sv\/produkt\/s-ubx-upright-bike\/#primaryimage\",\"url\":\"https:\/\/apirosport.com\/wp-content\/uploads\/2025\/12\/1Star-Trac-S-Series-SUBX-Upright-Bike-9-3140-06-Product-Image-1-3-scaled.png\",\"contentUrl\":\"https:\/\/apirosport.com\/wp-content\/uploads\/2025\/12\/1Star-Trac-S-Series-SUBX-Upright-Bike-9-3140-06-Product-Image-1-3-scaled.png\",\"width\":2560,\"height\":1897},{\"@type\":\"BreadcrumbList\",\"@id\":\"https:\/\/apirosport.com\/sv\/produkt\/s-ubx-upright-bike\/#breadcrumb\",\"itemListElement\":[{\"@type\":\"ListItem\",\"position\":1,\"name\":\"Home\",\"item\":\"https:\/\/apirosport.com\/sv\/\"},{\"@type\":\"ListItem\",\"position\":2,\"name\":\"Produkter\",\"item\":\"https:\/\/apirosport.com\/sv\/produkter\/\"},{\"@type\":\"ListItem\",\"position\":3,\"name\":\"SUBx &#8211; Upright Bike\"}]},{\"@type\":\"WebSite\",\"@id\":\"https:\/\/apirosport.com\/sv\/#website\",\"url\":\"https:\/\/apirosport.com\/sv\/\",\"name\":\"Apirosport\",\"description\":\"\",\"publisher\":{\"@id\":\"https:\/\/apirosport.com\/sv\/#organization\"},\"alternateName\":\"Apirosport\",\"potentialAction\":[{\"@type\":\"SearchAction\",\"target\":{\"@type\":\"EntryPoint\",\"urlTemplate\":\"https:\/\/apirosport.com\/sv\/?s={search_term_string}\"},\"query-input\":{\"@type\":\"PropertyValueSpecification\",\"valueRequired\":true,\"valueName\":\"search_term_string\"}}],\"inLanguage\":\"sv-SE\"},{\"@type\":\"Organization\",\"@id\":\"https:\/\/apirosport.com\/sv\/#organization\",\"name\":\"Apirosport\",\"alternateName\":\"Apirosport\",\"url\":\"https:\/\/apirosport.com\/sv\/\",\"logo\":{\"@type\":\"ImageObject\",\"inLanguage\":\"sv-SE\",\"@id\":\"https:\/\/apirosport.com\/sv\/#\/schema\/logo\/image\/\",\"url\":\"https:\/\/apirosport.com\/wp-content\/uploads\/2025\/12\/Apirosport-yellow-scaled.png\",\"contentUrl\":\"https:\/\/apirosport.com\/wp-content\/uploads\/2025\/12\/Apirosport-yellow-scaled.png\",\"width\":2560,\"height\":2278,\"caption\":\"Apirosport\"},\"image\":{\"@id\":\"https:\/\/apirosport.com\/sv\/#\/schema\/logo\/image\/\"}}]}<\/script>\n<!-- \/ Yoast SEO plugin. -->","yoast_head_json":{"title":"SUBx - Upright Bike | Apirosport","robots":{"index":"index","follow":"follow","max-snippet":"max-snippet:-1","max-image-preview":"max-image-preview:large","max-video-preview":"max-video-preview:-1"},"canonical":"https:\/\/apirosport.com\/sv\/produkt\/s-ubx-upright-bike\/","og_locale":"sv_SE","og_type":"article","og_title":"SUBx - Upright Bike | Apirosport","og_description":"Star Trac S Series riktar sig till icke-kommersiella gym, f\u00f6retagsgym, BRFs etc. och \u00e4r en fantastisk kompromiss mellan funktionalitet och kostnad. F\u00f6r den som s\u00f6ker robusta och p\u00e5litliga maskiner f\u00f6r den mindre anl\u00e4ggningen, men som inte st\u00e4ller krav p\u00e5 moderniteter som anslutningsm\u00f6jligheter och Touch Screens \u00e4r S Series det perfekta alternativet. Pedalerna f\u00f6rsedda med justerbara [&hellip;]","og_url":"https:\/\/apirosport.com\/sv\/produkt\/s-ubx-upright-bike\/","og_site_name":"Apirosport","article_modified_time":"2026-03-19T16:18:11+00:00","og_image":[{"width":2560,"height":1897,"url":"https:\/\/apirosport.com\/wp-content\/uploads\/2025\/12\/1Star-Trac-S-Series-SUBX-Upright-Bike-9-3140-06-Product-Image-1-3-scaled.png","type":"image\/png"}],"twitter_card":"summary_large_image","twitter_title":"Apirosport","twitter_misc":{"Ber\u00e4knad l\u00e4stid":"1 minut"},"schema":{"@context":"https:\/\/schema.org","@graph":[{"@type":"WebPage","@id":"https:\/\/apirosport.com\/sv\/produkt\/s-ubx-upright-bike\/","url":"https:\/\/apirosport.com\/sv\/produkt\/s-ubx-upright-bike\/","name":"SUBx - Upright Bike | Apirosport","isPartOf":{"@id":"https:\/\/apirosport.com\/sv\/#website"},"primaryImageOfPage":{"@id":"https:\/\/apirosport.com\/sv\/produkt\/s-ubx-upright-bike\/#primaryimage"},"image":{"@id":"https:\/\/apirosport.com\/sv\/produkt\/s-ubx-upright-bike\/#primaryimage"},"thumbnailUrl":"https:\/\/apirosport.com\/wp-content\/uploads\/2025\/12\/1Star-Trac-S-Series-SUBX-Upright-Bike-9-3140-06-Product-Image-1-3-scaled.png","datePublished":"2017-11-17T10:41:37+00:00","dateModified":"2026-03-19T16:18:11+00:00","breadcrumb":{"@id":"https:\/\/apirosport.com\/sv\/produkt\/s-ubx-upright-bike\/#breadcrumb"},"inLanguage":"sv-SE","potentialAction":[{"@type":"ReadAction","target":["https:\/\/apirosport.com\/sv\/produkt\/s-ubx-upright-bike\/"]}]},{"@type":"ImageObject","inLanguage":"sv-SE","@id":"https:\/\/apirosport.com\/sv\/produkt\/s-ubx-upright-bike\/#primaryimage","url":"https:\/\/apirosport.com\/wp-content\/uploads\/2025\/12\/1Star-Trac-S-Series-SUBX-Upright-Bike-9-3140-06-Product-Image-1-3-scaled.png","contentUrl":"https:\/\/apirosport.com\/wp-content\/uploads\/2025\/12\/1Star-Trac-S-Series-SUBX-Upright-Bike-9-3140-06-Product-Image-1-3-scaled.png","width":2560,"height":1897},{"@type":"BreadcrumbList","@id":"https:\/\/apirosport.com\/sv\/produkt\/s-ubx-upright-bike\/#breadcrumb","itemListElement":[{"@type":"ListItem","position":1,"name":"Home","item":"https:\/\/apirosport.com\/sv\/"},{"@type":"ListItem","position":2,"name":"Produkter","item":"https:\/\/apirosport.com\/sv\/produkter\/"},{"@type":"ListItem","position":3,"name":"SUBx &#8211; Upright Bike"}]},{"@type":"WebSite","@id":"https:\/\/apirosport.com\/sv\/#website","url":"https:\/\/apirosport.com\/sv\/","name":"Apirosport","description":"","publisher":{"@id":"https:\/\/apirosport.com\/sv\/#organization"},"alternateName":"Apirosport","potentialAction":[{"@type":"SearchAction","target":{"@type":"EntryPoint","urlTemplate":"https:\/\/apirosport.com\/sv\/?s={search_term_string}"},"query-input":{"@type":"PropertyValueSpecification","valueRequired":true,"valueName":"search_term_string"}}],"inLanguage":"sv-SE"},{"@type":"Organization","@id":"https:\/\/apirosport.com\/sv\/#organization","name":"Apirosport","alternateName":"Apirosport","url":"https:\/\/apirosport.com\/sv\/","logo":{"@type":"ImageObject","inLanguage":"sv-SE","@id":"https:\/\/apirosport.com\/sv\/#\/schema\/logo\/image\/","url":"https:\/\/apirosport.com\/wp-content\/uploads\/2025\/12\/Apirosport-yellow-scaled.png","contentUrl":"https:\/\/apirosport.com\/wp-content\/uploads\/2025\/12\/Apirosport-yellow-scaled.png","width":2560,"height":2278,"caption":"Apirosport"},"image":{"@id":"https:\/\/apirosport.com\/sv\/#\/schema\/logo\/image\/"}}]}},"_links":{"self":[{"href":"https:\/\/apirosport.com\/sv\/wp-json\/wp\/v2\/product\/7963","targetHints":{"allow":["GET"]}}],"collection":[{"href":"https:\/\/apirosport.com\/sv\/wp-json\/wp\/v2\/product"}],"about":[{"href":"https:\/\/apirosport.com\/sv\/wp-json\/wp\/v2\/types\/product"}],"wp:featuredmedia":[{"embeddable":true,"href":"https:\/\/apirosport.com\/sv\/wp-json\/wp\/v2\/media\/7991"}],"wp:attachment":[{"href":"https:\/\/apirosport.com\/sv\/wp-json\/wp\/v2\/media?parent=7963"}],"wp:term":[{"taxonomy":"variation","embeddable":true,"href":"https:\/\/apirosport.com\/sv\/wp-json\/wp\/v2\/variation?post=7963"},{"taxonomy":"product_brand","embeddable":true,"href":"https:\/\/apirosport.com\/sv\/wp-json\/wp\/v2\/product_brand?post=7963"},{"taxonomy":"product_cat","embeddable":true,"href":"https:\/\/apirosport.com\/sv\/wp-json\/wp\/v2\/product_cat?post=7963"},{"taxonomy":"product_tag","embeddable":true,"href":"https:\/\/apirosport.com\/sv\/wp-json\/wp\/v2\/product_tag?post=7963"}],"curies":[{"name":"wp","href":"https:\/\/api.w.org\/{rel}","templated":true}]}}