{"id":7980,"date":"2017-11-17T10:41:37","date_gmt":"2017-11-17T10:41:37","guid":{"rendered":"https:\/\/apirosport.com\/?post_type=product&#038;p=7980"},"modified":"2026-03-19T16:15:37","modified_gmt":"2026-03-19T16:15:37","slug":"s-trx-treadmill","status":"publish","type":"product","link":"https:\/\/apirosport.com\/sv\/produkt\/s-trx-treadmill\/","title":{"rendered":"STRx &#8211; Treadmill"},"content":{"rendered":"<p>Star Trac S Series riktar sig till icke-kommersiella gym, f\u00f6retagsgym, BRFs etc. och \u00e4r en fantastisk kompromiss mellan funktionalitet och kostnad. F\u00f6r den som s\u00f6ker robusta och p\u00e5litliga maskiner f\u00f6r den mindre anl\u00e4ggningen, men som inte st\u00e4ller krav p\u00e5 moderniteter som anslutningsm\u00f6jligheter och Touch Screens \u00e4r S Series det perfekta alternativet.<\/p>\n<ul>\n<li>S Seriens minsta och mest kompakta modell<\/li>\n<li>Tydlig display med h\u00e5llare f\u00f6r vattenflaska, mobil etc.<\/li>\n<li>Hot Bar med n\u00f6dstopp och pulsm\u00e4tare<\/li>\n<li>Fl\u00e4ktar i ovankant p\u00e5 display f\u00f6r behagligare tr\u00e4ning<\/li>\n<\/ul>\n","protected":false},"excerpt":{"rendered":"<p>Star Trac S Series riktar sig till icke-kommersiella gym, f\u00f6retagsgym, BRFs etc. och \u00e4r en fantastisk kompromiss mellan funktionalitet och kostnad. F\u00f6r den som s\u00f6ker robusta och p\u00e5litliga maskiner f\u00f6r den mindre anl\u00e4ggningen, men som inte st\u00e4ller krav p\u00e5 moderniteter som anslutningsm\u00f6jligheter och Touch Screens \u00e4r S Series det perfekta alternativet. S Seriens minsta och [&hellip;]<\/p>\n","protected":false},"featured_media":7981,"template":"","meta":{"_acf_changed":false,"inline_featured_image":false},"variation":[],"product_brand":[],"product_cat":[331,87,101,316],"product_tag":[299],"class_list":{"0":"post-7980","1":"product","2":"type-product","3":"status-publish","4":"has-post-thumbnail","6":"product_cat-s-series","7":"product_cat-kondition","8":"product_cat-lopband","9":"product_cat-star-trac","10":"product_tag-star-trac","12":"first","13":"instock","14":"purchasable","15":"product-type-simple"},"acf":[],"yoast_head":"<!-- This site is optimized with the Yoast SEO plugin v26.8 - https:\/\/yoast.com\/product\/yoast-seo-wordpress\/ -->\n<title>STRx - Treadmill | Apirosport<\/title>\n<meta name=\"robots\" content=\"index, follow, max-snippet:-1, max-image-preview:large, max-video-preview:-1\" \/>\n<link rel=\"canonical\" href=\"https:\/\/apirosport.com\/sv\/produkt\/s-trx-treadmill\/\" \/>\n<meta property=\"og:locale\" content=\"sv_SE\" \/>\n<meta property=\"og:type\" content=\"article\" \/>\n<meta property=\"og:title\" content=\"STRx - Treadmill | Apirosport\" \/>\n<meta property=\"og:description\" content=\"Star Trac S Series riktar sig till icke-kommersiella gym, f\u00f6retagsgym, BRFs etc. och \u00e4r en fantastisk kompromiss mellan funktionalitet och kostnad. F\u00f6r den som s\u00f6ker robusta och p\u00e5litliga maskiner f\u00f6r den mindre anl\u00e4ggningen, men som inte st\u00e4ller krav p\u00e5 moderniteter som anslutningsm\u00f6jligheter och Touch Screens \u00e4r S Series det perfekta alternativet. S Seriens minsta och [&hellip;]\" \/>\n<meta property=\"og:url\" content=\"https:\/\/apirosport.com\/sv\/produkt\/s-trx-treadmill\/\" \/>\n<meta property=\"og:site_name\" content=\"Apirosport\" \/>\n<meta property=\"article:modified_time\" content=\"2026-03-19T16:15:37+00:00\" \/>\n<meta property=\"og:image\" content=\"https:\/\/apirosport.com\/wp-content\/uploads\/2025\/12\/Star-Trac-S-Series-STRX-Treadmill-9-3573-25-Product-Image-2-scaled.png\" \/>\n\t<meta property=\"og:image:width\" content=\"2560\" \/>\n\t<meta property=\"og:image:height\" content=\"1865\" \/>\n\t<meta property=\"og:image:type\" content=\"image\/png\" \/>\n<meta name=\"twitter:card\" content=\"summary_large_image\" \/>\n<meta name=\"twitter:title\" content=\"Apirosport\" \/>\n<meta name=\"twitter:label1\" content=\"Ber\u00e4knad l\u00e4stid\" \/>\n\t<meta name=\"twitter:data1\" content=\"1 minut\" \/>\n<script type=\"application\/ld+json\" class=\"yoast-schema-graph\">{\"@context\":\"https:\/\/schema.org\",\"@graph\":[{\"@type\":\"WebPage\",\"@id\":\"https:\/\/apirosport.com\/sv\/produkt\/s-trx-treadmill\/\",\"url\":\"https:\/\/apirosport.com\/sv\/produkt\/s-trx-treadmill\/\",\"name\":\"STRx - Treadmill | Apirosport\",\"isPartOf\":{\"@id\":\"https:\/\/apirosport.com\/sv\/#website\"},\"primaryImageOfPage\":{\"@id\":\"https:\/\/apirosport.com\/sv\/produkt\/s-trx-treadmill\/#primaryimage\"},\"image\":{\"@id\":\"https:\/\/apirosport.com\/sv\/produkt\/s-trx-treadmill\/#primaryimage\"},\"thumbnailUrl\":\"https:\/\/apirosport.com\/wp-content\/uploads\/2025\/12\/Star-Trac-S-Series-STRX-Treadmill-9-3573-25-Product-Image-2-scaled.png\",\"datePublished\":\"2017-11-17T10:41:37+00:00\",\"dateModified\":\"2026-03-19T16:15:37+00:00\",\"breadcrumb\":{\"@id\":\"https:\/\/apirosport.com\/sv\/produkt\/s-trx-treadmill\/#breadcrumb\"},\"inLanguage\":\"sv-SE\",\"potentialAction\":[{\"@type\":\"ReadAction\",\"target\":[\"https:\/\/apirosport.com\/sv\/produkt\/s-trx-treadmill\/\"]}]},{\"@type\":\"ImageObject\",\"inLanguage\":\"sv-SE\",\"@id\":\"https:\/\/apirosport.com\/sv\/produkt\/s-trx-treadmill\/#primaryimage\",\"url\":\"https:\/\/apirosport.com\/wp-content\/uploads\/2025\/12\/Star-Trac-S-Series-STRX-Treadmill-9-3573-25-Product-Image-2-scaled.png\",\"contentUrl\":\"https:\/\/apirosport.com\/wp-content\/uploads\/2025\/12\/Star-Trac-S-Series-STRX-Treadmill-9-3573-25-Product-Image-2-scaled.png\",\"width\":2560,\"height\":1865},{\"@type\":\"BreadcrumbList\",\"@id\":\"https:\/\/apirosport.com\/sv\/produkt\/s-trx-treadmill\/#breadcrumb\",\"itemListElement\":[{\"@type\":\"ListItem\",\"position\":1,\"name\":\"Home\",\"item\":\"https:\/\/apirosport.com\/sv\/\"},{\"@type\":\"ListItem\",\"position\":2,\"name\":\"Produkter\",\"item\":\"https:\/\/apirosport.com\/sv\/produkter\/\"},{\"@type\":\"ListItem\",\"position\":3,\"name\":\"STRx &#8211; Treadmill\"}]},{\"@type\":\"WebSite\",\"@id\":\"https:\/\/apirosport.com\/sv\/#website\",\"url\":\"https:\/\/apirosport.com\/sv\/\",\"name\":\"Apirosport\",\"description\":\"\",\"publisher\":{\"@id\":\"https:\/\/apirosport.com\/sv\/#organization\"},\"alternateName\":\"Apirosport\",\"potentialAction\":[{\"@type\":\"SearchAction\",\"target\":{\"@type\":\"EntryPoint\",\"urlTemplate\":\"https:\/\/apirosport.com\/sv\/?s={search_term_string}\"},\"query-input\":{\"@type\":\"PropertyValueSpecification\",\"valueRequired\":true,\"valueName\":\"search_term_string\"}}],\"inLanguage\":\"sv-SE\"},{\"@type\":\"Organization\",\"@id\":\"https:\/\/apirosport.com\/sv\/#organization\",\"name\":\"Apirosport\",\"alternateName\":\"Apirosport\",\"url\":\"https:\/\/apirosport.com\/sv\/\",\"logo\":{\"@type\":\"ImageObject\",\"inLanguage\":\"sv-SE\",\"@id\":\"https:\/\/apirosport.com\/sv\/#\/schema\/logo\/image\/\",\"url\":\"https:\/\/apirosport.com\/wp-content\/uploads\/2025\/12\/Apirosport-yellow-scaled.png\",\"contentUrl\":\"https:\/\/apirosport.com\/wp-content\/uploads\/2025\/12\/Apirosport-yellow-scaled.png\",\"width\":2560,\"height\":2278,\"caption\":\"Apirosport\"},\"image\":{\"@id\":\"https:\/\/apirosport.com\/sv\/#\/schema\/logo\/image\/\"}}]}<\/script>\n<!-- \/ Yoast SEO plugin. -->","yoast_head_json":{"title":"STRx - Treadmill | Apirosport","robots":{"index":"index","follow":"follow","max-snippet":"max-snippet:-1","max-image-preview":"max-image-preview:large","max-video-preview":"max-video-preview:-1"},"canonical":"https:\/\/apirosport.com\/sv\/produkt\/s-trx-treadmill\/","og_locale":"sv_SE","og_type":"article","og_title":"STRx - Treadmill | Apirosport","og_description":"Star Trac S Series riktar sig till icke-kommersiella gym, f\u00f6retagsgym, BRFs etc. och \u00e4r en fantastisk kompromiss mellan funktionalitet och kostnad. F\u00f6r den som s\u00f6ker robusta och p\u00e5litliga maskiner f\u00f6r den mindre anl\u00e4ggningen, men som inte st\u00e4ller krav p\u00e5 moderniteter som anslutningsm\u00f6jligheter och Touch Screens \u00e4r S Series det perfekta alternativet. S Seriens minsta och [&hellip;]","og_url":"https:\/\/apirosport.com\/sv\/produkt\/s-trx-treadmill\/","og_site_name":"Apirosport","article_modified_time":"2026-03-19T16:15:37+00:00","og_image":[{"width":2560,"height":1865,"url":"https:\/\/apirosport.com\/wp-content\/uploads\/2025\/12\/Star-Trac-S-Series-STRX-Treadmill-9-3573-25-Product-Image-2-scaled.png","type":"image\/png"}],"twitter_card":"summary_large_image","twitter_title":"Apirosport","twitter_misc":{"Ber\u00e4knad l\u00e4stid":"1 minut"},"schema":{"@context":"https:\/\/schema.org","@graph":[{"@type":"WebPage","@id":"https:\/\/apirosport.com\/sv\/produkt\/s-trx-treadmill\/","url":"https:\/\/apirosport.com\/sv\/produkt\/s-trx-treadmill\/","name":"STRx - Treadmill | Apirosport","isPartOf":{"@id":"https:\/\/apirosport.com\/sv\/#website"},"primaryImageOfPage":{"@id":"https:\/\/apirosport.com\/sv\/produkt\/s-trx-treadmill\/#primaryimage"},"image":{"@id":"https:\/\/apirosport.com\/sv\/produkt\/s-trx-treadmill\/#primaryimage"},"thumbnailUrl":"https:\/\/apirosport.com\/wp-content\/uploads\/2025\/12\/Star-Trac-S-Series-STRX-Treadmill-9-3573-25-Product-Image-2-scaled.png","datePublished":"2017-11-17T10:41:37+00:00","dateModified":"2026-03-19T16:15:37+00:00","breadcrumb":{"@id":"https:\/\/apirosport.com\/sv\/produkt\/s-trx-treadmill\/#breadcrumb"},"inLanguage":"sv-SE","potentialAction":[{"@type":"ReadAction","target":["https:\/\/apirosport.com\/sv\/produkt\/s-trx-treadmill\/"]}]},{"@type":"ImageObject","inLanguage":"sv-SE","@id":"https:\/\/apirosport.com\/sv\/produkt\/s-trx-treadmill\/#primaryimage","url":"https:\/\/apirosport.com\/wp-content\/uploads\/2025\/12\/Star-Trac-S-Series-STRX-Treadmill-9-3573-25-Product-Image-2-scaled.png","contentUrl":"https:\/\/apirosport.com\/wp-content\/uploads\/2025\/12\/Star-Trac-S-Series-STRX-Treadmill-9-3573-25-Product-Image-2-scaled.png","width":2560,"height":1865},{"@type":"BreadcrumbList","@id":"https:\/\/apirosport.com\/sv\/produkt\/s-trx-treadmill\/#breadcrumb","itemListElement":[{"@type":"ListItem","position":1,"name":"Home","item":"https:\/\/apirosport.com\/sv\/"},{"@type":"ListItem","position":2,"name":"Produkter","item":"https:\/\/apirosport.com\/sv\/produkter\/"},{"@type":"ListItem","position":3,"name":"STRx &#8211; Treadmill"}]},{"@type":"WebSite","@id":"https:\/\/apirosport.com\/sv\/#website","url":"https:\/\/apirosport.com\/sv\/","name":"Apirosport","description":"","publisher":{"@id":"https:\/\/apirosport.com\/sv\/#organization"},"alternateName":"Apirosport","potentialAction":[{"@type":"SearchAction","target":{"@type":"EntryPoint","urlTemplate":"https:\/\/apirosport.com\/sv\/?s={search_term_string}"},"query-input":{"@type":"PropertyValueSpecification","valueRequired":true,"valueName":"search_term_string"}}],"inLanguage":"sv-SE"},{"@type":"Organization","@id":"https:\/\/apirosport.com\/sv\/#organization","name":"Apirosport","alternateName":"Apirosport","url":"https:\/\/apirosport.com\/sv\/","logo":{"@type":"ImageObject","inLanguage":"sv-SE","@id":"https:\/\/apirosport.com\/sv\/#\/schema\/logo\/image\/","url":"https:\/\/apirosport.com\/wp-content\/uploads\/2025\/12\/Apirosport-yellow-scaled.png","contentUrl":"https:\/\/apirosport.com\/wp-content\/uploads\/2025\/12\/Apirosport-yellow-scaled.png","width":2560,"height":2278,"caption":"Apirosport"},"image":{"@id":"https:\/\/apirosport.com\/sv\/#\/schema\/logo\/image\/"}}]}},"_links":{"self":[{"href":"https:\/\/apirosport.com\/sv\/wp-json\/wp\/v2\/product\/7980","targetHints":{"allow":["GET"]}}],"collection":[{"href":"https:\/\/apirosport.com\/sv\/wp-json\/wp\/v2\/product"}],"about":[{"href":"https:\/\/apirosport.com\/sv\/wp-json\/wp\/v2\/types\/product"}],"wp:featuredmedia":[{"embeddable":true,"href":"https:\/\/apirosport.com\/sv\/wp-json\/wp\/v2\/media\/7981"}],"wp:attachment":[{"href":"https:\/\/apirosport.com\/sv\/wp-json\/wp\/v2\/media?parent=7980"}],"wp:term":[{"taxonomy":"variation","embeddable":true,"href":"https:\/\/apirosport.com\/sv\/wp-json\/wp\/v2\/variation?post=7980"},{"taxonomy":"product_brand","embeddable":true,"href":"https:\/\/apirosport.com\/sv\/wp-json\/wp\/v2\/product_brand?post=7980"},{"taxonomy":"product_cat","embeddable":true,"href":"https:\/\/apirosport.com\/sv\/wp-json\/wp\/v2\/product_cat?post=7980"},{"taxonomy":"product_tag","embeddable":true,"href":"https:\/\/apirosport.com\/sv\/wp-json\/wp\/v2\/product_tag?post=7980"}],"curies":[{"name":"wp","href":"https:\/\/api.w.org\/{rel}","templated":true}]}}