{"id":7983,"date":"2017-11-17T10:41:37","date_gmt":"2017-11-17T10:41:37","guid":{"rendered":"https:\/\/apirosport.com\/?post_type=product&#038;p=7983"},"modified":"2026-03-19T16:13:31","modified_gmt":"2026-03-19T16:13:31","slug":"s-ctx-cross-trainer","status":"publish","type":"product","link":"https:\/\/apirosport.com\/sv\/produkt\/s-ctx-cross-trainer\/","title":{"rendered":"SCTx &#8211; Cross Trainer"},"content":{"rendered":"<p>Star Trac S Series riktar sig till icke-kommersiella gym, f\u00f6retagsgym, BRFs etc. och \u00e4r en fantastisk kompromiss mellan funktionalitet och kostnad. F\u00f6r den som s\u00f6ker robusta och p\u00e5litliga maskiner f\u00f6r den mindre anl\u00e4ggningen, men som inte st\u00e4ller krav p\u00e5 moderniteter som anslutningsm\u00f6jligheter och Touch Screens \u00e4r S Series det perfekta alternativet.<\/p>\n<ul>\n<li>Anv\u00e4ndarv\u00e4nlig och enkel display med plats f\u00f6r mobil, handduk och vattenflaska<\/li>\n<li>Stadiga fotplattformar f\u00f6r s\u00e4ker tr\u00e4ning<\/li>\n<li>Fasta handtag med pulsm\u00e4tare<\/li>\n<li>L\u00e5g instegsh\u00f6jd<\/li>\n<\/ul>\n","protected":false},"excerpt":{"rendered":"<p>Star Trac S Series riktar sig till icke-kommersiella gym, f\u00f6retagsgym, BRFs etc. och \u00e4r en fantastisk kompromiss mellan funktionalitet och kostnad. F\u00f6r den som s\u00f6ker robusta och p\u00e5litliga maskiner f\u00f6r den mindre anl\u00e4ggningen, men som inte st\u00e4ller krav p\u00e5 moderniteter som anslutningsm\u00f6jligheter och Touch Screens \u00e4r S Series det perfekta alternativet. Anv\u00e4ndarv\u00e4nlig och enkel display [&hellip;]<\/p>\n","protected":false},"featured_media":7984,"template":"","meta":{"_acf_changed":false,"inline_featured_image":false},"variation":[],"product_brand":[],"product_cat":[87,280,316,331],"product_tag":[299],"class_list":{"0":"post-7983","1":"product","2":"type-product","3":"status-publish","4":"has-post-thumbnail","6":"product_cat-kondition","7":"product_cat-crosstrainer","8":"product_cat-star-trac","9":"product_cat-s-series","10":"product_tag-star-trac","12":"first","13":"instock","14":"purchasable","15":"product-type-simple"},"acf":[],"yoast_head":"<!-- This site is optimized with the Yoast SEO plugin v26.8 - https:\/\/yoast.com\/product\/yoast-seo-wordpress\/ -->\n<title>SCTx - Cross Trainer | Apirosport<\/title>\n<meta name=\"robots\" content=\"index, follow, max-snippet:-1, max-image-preview:large, max-video-preview:-1\" \/>\n<link rel=\"canonical\" href=\"https:\/\/apirosport.com\/sv\/produkt\/s-ctx-cross-trainer\/\" \/>\n<meta property=\"og:locale\" content=\"sv_SE\" \/>\n<meta property=\"og:type\" content=\"article\" \/>\n<meta property=\"og:title\" content=\"SCTx - Cross Trainer | Apirosport\" \/>\n<meta property=\"og:description\" content=\"Star Trac S Series riktar sig till icke-kommersiella gym, f\u00f6retagsgym, BRFs etc. och \u00e4r en fantastisk kompromiss mellan funktionalitet och kostnad. F\u00f6r den som s\u00f6ker robusta och p\u00e5litliga maskiner f\u00f6r den mindre anl\u00e4ggningen, men som inte st\u00e4ller krav p\u00e5 moderniteter som anslutningsm\u00f6jligheter och Touch Screens \u00e4r S Series det perfekta alternativet. Anv\u00e4ndarv\u00e4nlig och enkel display [&hellip;]\" \/>\n<meta property=\"og:url\" content=\"https:\/\/apirosport.com\/sv\/produkt\/s-ctx-cross-trainer\/\" \/>\n<meta property=\"og:site_name\" content=\"Apirosport\" \/>\n<meta property=\"article:modified_time\" content=\"2026-03-19T16:13:31+00:00\" \/>\n<meta property=\"og:image\" content=\"https:\/\/apirosport.com\/wp-content\/uploads\/2025\/12\/2Star-Trac-S-Series-SCTX-Cross-Trainer-9-4060-15-Product-Image-2-scaled.png\" \/>\n\t<meta property=\"og:image:width\" content=\"2560\" \/>\n\t<meta property=\"og:image:height\" content=\"1787\" \/>\n\t<meta property=\"og:image:type\" content=\"image\/png\" \/>\n<meta name=\"twitter:card\" content=\"summary_large_image\" \/>\n<meta name=\"twitter:title\" content=\"Apirosport\" \/>\n<meta name=\"twitter:label1\" content=\"Ber\u00e4knad l\u00e4stid\" \/>\n\t<meta name=\"twitter:data1\" content=\"1 minut\" \/>\n<script type=\"application\/ld+json\" class=\"yoast-schema-graph\">{\"@context\":\"https:\/\/schema.org\",\"@graph\":[{\"@type\":\"WebPage\",\"@id\":\"https:\/\/apirosport.com\/sv\/produkt\/s-ctx-cross-trainer\/\",\"url\":\"https:\/\/apirosport.com\/sv\/produkt\/s-ctx-cross-trainer\/\",\"name\":\"SCTx - Cross Trainer | Apirosport\",\"isPartOf\":{\"@id\":\"https:\/\/apirosport.com\/sv\/#website\"},\"primaryImageOfPage\":{\"@id\":\"https:\/\/apirosport.com\/sv\/produkt\/s-ctx-cross-trainer\/#primaryimage\"},\"image\":{\"@id\":\"https:\/\/apirosport.com\/sv\/produkt\/s-ctx-cross-trainer\/#primaryimage\"},\"thumbnailUrl\":\"https:\/\/apirosport.com\/wp-content\/uploads\/2025\/12\/2Star-Trac-S-Series-SCTX-Cross-Trainer-9-4060-15-Product-Image-2-scaled.png\",\"datePublished\":\"2017-11-17T10:41:37+00:00\",\"dateModified\":\"2026-03-19T16:13:31+00:00\",\"breadcrumb\":{\"@id\":\"https:\/\/apirosport.com\/sv\/produkt\/s-ctx-cross-trainer\/#breadcrumb\"},\"inLanguage\":\"sv-SE\",\"potentialAction\":[{\"@type\":\"ReadAction\",\"target\":[\"https:\/\/apirosport.com\/sv\/produkt\/s-ctx-cross-trainer\/\"]}]},{\"@type\":\"ImageObject\",\"inLanguage\":\"sv-SE\",\"@id\":\"https:\/\/apirosport.com\/sv\/produkt\/s-ctx-cross-trainer\/#primaryimage\",\"url\":\"https:\/\/apirosport.com\/wp-content\/uploads\/2025\/12\/2Star-Trac-S-Series-SCTX-Cross-Trainer-9-4060-15-Product-Image-2-scaled.png\",\"contentUrl\":\"https:\/\/apirosport.com\/wp-content\/uploads\/2025\/12\/2Star-Trac-S-Series-SCTX-Cross-Trainer-9-4060-15-Product-Image-2-scaled.png\",\"width\":2560,\"height\":1787},{\"@type\":\"BreadcrumbList\",\"@id\":\"https:\/\/apirosport.com\/sv\/produkt\/s-ctx-cross-trainer\/#breadcrumb\",\"itemListElement\":[{\"@type\":\"ListItem\",\"position\":1,\"name\":\"Home\",\"item\":\"https:\/\/apirosport.com\/sv\/\"},{\"@type\":\"ListItem\",\"position\":2,\"name\":\"Produkter\",\"item\":\"https:\/\/apirosport.com\/sv\/produkter\/\"},{\"@type\":\"ListItem\",\"position\":3,\"name\":\"SCTx &#8211; Cross Trainer\"}]},{\"@type\":\"WebSite\",\"@id\":\"https:\/\/apirosport.com\/sv\/#website\",\"url\":\"https:\/\/apirosport.com\/sv\/\",\"name\":\"Apirosport\",\"description\":\"\",\"publisher\":{\"@id\":\"https:\/\/apirosport.com\/sv\/#organization\"},\"alternateName\":\"Apirosport\",\"potentialAction\":[{\"@type\":\"SearchAction\",\"target\":{\"@type\":\"EntryPoint\",\"urlTemplate\":\"https:\/\/apirosport.com\/sv\/?s={search_term_string}\"},\"query-input\":{\"@type\":\"PropertyValueSpecification\",\"valueRequired\":true,\"valueName\":\"search_term_string\"}}],\"inLanguage\":\"sv-SE\"},{\"@type\":\"Organization\",\"@id\":\"https:\/\/apirosport.com\/sv\/#organization\",\"name\":\"Apirosport\",\"alternateName\":\"Apirosport\",\"url\":\"https:\/\/apirosport.com\/sv\/\",\"logo\":{\"@type\":\"ImageObject\",\"inLanguage\":\"sv-SE\",\"@id\":\"https:\/\/apirosport.com\/sv\/#\/schema\/logo\/image\/\",\"url\":\"https:\/\/apirosport.com\/wp-content\/uploads\/2025\/12\/Apirosport-yellow-scaled.png\",\"contentUrl\":\"https:\/\/apirosport.com\/wp-content\/uploads\/2025\/12\/Apirosport-yellow-scaled.png\",\"width\":2560,\"height\":2278,\"caption\":\"Apirosport\"},\"image\":{\"@id\":\"https:\/\/apirosport.com\/sv\/#\/schema\/logo\/image\/\"}}]}<\/script>\n<!-- \/ Yoast SEO plugin. -->","yoast_head_json":{"title":"SCTx - Cross Trainer | Apirosport","robots":{"index":"index","follow":"follow","max-snippet":"max-snippet:-1","max-image-preview":"max-image-preview:large","max-video-preview":"max-video-preview:-1"},"canonical":"https:\/\/apirosport.com\/sv\/produkt\/s-ctx-cross-trainer\/","og_locale":"sv_SE","og_type":"article","og_title":"SCTx - Cross Trainer | Apirosport","og_description":"Star Trac S Series riktar sig till icke-kommersiella gym, f\u00f6retagsgym, BRFs etc. och \u00e4r en fantastisk kompromiss mellan funktionalitet och kostnad. F\u00f6r den som s\u00f6ker robusta och p\u00e5litliga maskiner f\u00f6r den mindre anl\u00e4ggningen, men som inte st\u00e4ller krav p\u00e5 moderniteter som anslutningsm\u00f6jligheter och Touch Screens \u00e4r S Series det perfekta alternativet. Anv\u00e4ndarv\u00e4nlig och enkel display [&hellip;]","og_url":"https:\/\/apirosport.com\/sv\/produkt\/s-ctx-cross-trainer\/","og_site_name":"Apirosport","article_modified_time":"2026-03-19T16:13:31+00:00","og_image":[{"width":2560,"height":1787,"url":"https:\/\/apirosport.com\/wp-content\/uploads\/2025\/12\/2Star-Trac-S-Series-SCTX-Cross-Trainer-9-4060-15-Product-Image-2-scaled.png","type":"image\/png"}],"twitter_card":"summary_large_image","twitter_title":"Apirosport","twitter_misc":{"Ber\u00e4knad l\u00e4stid":"1 minut"},"schema":{"@context":"https:\/\/schema.org","@graph":[{"@type":"WebPage","@id":"https:\/\/apirosport.com\/sv\/produkt\/s-ctx-cross-trainer\/","url":"https:\/\/apirosport.com\/sv\/produkt\/s-ctx-cross-trainer\/","name":"SCTx - Cross Trainer | Apirosport","isPartOf":{"@id":"https:\/\/apirosport.com\/sv\/#website"},"primaryImageOfPage":{"@id":"https:\/\/apirosport.com\/sv\/produkt\/s-ctx-cross-trainer\/#primaryimage"},"image":{"@id":"https:\/\/apirosport.com\/sv\/produkt\/s-ctx-cross-trainer\/#primaryimage"},"thumbnailUrl":"https:\/\/apirosport.com\/wp-content\/uploads\/2025\/12\/2Star-Trac-S-Series-SCTX-Cross-Trainer-9-4060-15-Product-Image-2-scaled.png","datePublished":"2017-11-17T10:41:37+00:00","dateModified":"2026-03-19T16:13:31+00:00","breadcrumb":{"@id":"https:\/\/apirosport.com\/sv\/produkt\/s-ctx-cross-trainer\/#breadcrumb"},"inLanguage":"sv-SE","potentialAction":[{"@type":"ReadAction","target":["https:\/\/apirosport.com\/sv\/produkt\/s-ctx-cross-trainer\/"]}]},{"@type":"ImageObject","inLanguage":"sv-SE","@id":"https:\/\/apirosport.com\/sv\/produkt\/s-ctx-cross-trainer\/#primaryimage","url":"https:\/\/apirosport.com\/wp-content\/uploads\/2025\/12\/2Star-Trac-S-Series-SCTX-Cross-Trainer-9-4060-15-Product-Image-2-scaled.png","contentUrl":"https:\/\/apirosport.com\/wp-content\/uploads\/2025\/12\/2Star-Trac-S-Series-SCTX-Cross-Trainer-9-4060-15-Product-Image-2-scaled.png","width":2560,"height":1787},{"@type":"BreadcrumbList","@id":"https:\/\/apirosport.com\/sv\/produkt\/s-ctx-cross-trainer\/#breadcrumb","itemListElement":[{"@type":"ListItem","position":1,"name":"Home","item":"https:\/\/apirosport.com\/sv\/"},{"@type":"ListItem","position":2,"name":"Produkter","item":"https:\/\/apirosport.com\/sv\/produkter\/"},{"@type":"ListItem","position":3,"name":"SCTx &#8211; Cross Trainer"}]},{"@type":"WebSite","@id":"https:\/\/apirosport.com\/sv\/#website","url":"https:\/\/apirosport.com\/sv\/","name":"Apirosport","description":"","publisher":{"@id":"https:\/\/apirosport.com\/sv\/#organization"},"alternateName":"Apirosport","potentialAction":[{"@type":"SearchAction","target":{"@type":"EntryPoint","urlTemplate":"https:\/\/apirosport.com\/sv\/?s={search_term_string}"},"query-input":{"@type":"PropertyValueSpecification","valueRequired":true,"valueName":"search_term_string"}}],"inLanguage":"sv-SE"},{"@type":"Organization","@id":"https:\/\/apirosport.com\/sv\/#organization","name":"Apirosport","alternateName":"Apirosport","url":"https:\/\/apirosport.com\/sv\/","logo":{"@type":"ImageObject","inLanguage":"sv-SE","@id":"https:\/\/apirosport.com\/sv\/#\/schema\/logo\/image\/","url":"https:\/\/apirosport.com\/wp-content\/uploads\/2025\/12\/Apirosport-yellow-scaled.png","contentUrl":"https:\/\/apirosport.com\/wp-content\/uploads\/2025\/12\/Apirosport-yellow-scaled.png","width":2560,"height":2278,"caption":"Apirosport"},"image":{"@id":"https:\/\/apirosport.com\/sv\/#\/schema\/logo\/image\/"}}]}},"_links":{"self":[{"href":"https:\/\/apirosport.com\/sv\/wp-json\/wp\/v2\/product\/7983","targetHints":{"allow":["GET"]}}],"collection":[{"href":"https:\/\/apirosport.com\/sv\/wp-json\/wp\/v2\/product"}],"about":[{"href":"https:\/\/apirosport.com\/sv\/wp-json\/wp\/v2\/types\/product"}],"wp:featuredmedia":[{"embeddable":true,"href":"https:\/\/apirosport.com\/sv\/wp-json\/wp\/v2\/media\/7984"}],"wp:attachment":[{"href":"https:\/\/apirosport.com\/sv\/wp-json\/wp\/v2\/media?parent=7983"}],"wp:term":[{"taxonomy":"variation","embeddable":true,"href":"https:\/\/apirosport.com\/sv\/wp-json\/wp\/v2\/variation?post=7983"},{"taxonomy":"product_brand","embeddable":true,"href":"https:\/\/apirosport.com\/sv\/wp-json\/wp\/v2\/product_brand?post=7983"},{"taxonomy":"product_cat","embeddable":true,"href":"https:\/\/apirosport.com\/sv\/wp-json\/wp\/v2\/product_cat?post=7983"},{"taxonomy":"product_tag","embeddable":true,"href":"https:\/\/apirosport.com\/sv\/wp-json\/wp\/v2\/product_tag?post=7983"}],"curies":[{"name":"wp","href":"https:\/\/api.w.org\/{rel}","templated":true}]}}