{"id":8002,"date":"2017-11-17T10:53:36","date_gmt":"2017-11-17T10:53:36","guid":{"rendered":"https:\/\/apirosport.com\/?post_type=product&#038;p=8002"},"modified":"2026-03-18T23:20:44","modified_gmt":"2026-03-18T23:20:44","slug":"hiitmill-x","status":"publish","type":"product","link":"https:\/\/apirosport.com\/sv\/produkt\/hiitmill-x\/","title":{"rendered":"HIITMill X"},"content":{"rendered":"<p>StairMaster \u00e4r k\u00e4nd f\u00f6r att leverera \u201dthe toughest workouts in the gym\u201d \u2013 och StairMaster HIITMill X \u00e4r inget undantag!<\/p>\n<p>StairMaster HIITMill X erbjuder l\u00f6ptr\u00e4ning, styrketr\u00e4ning, r\u00f6rlighets- och uth\u00e5llighetstr\u00e4ning i en och samma maskin. Byggd p\u00e5 HIITMill erbjuder den samma tuffa tr\u00e4ning, men HIITMill X levereras \u00e4ven monterad med farmers walk-handtag.<\/p>\n<p>HIITMill X \u00e4r sj\u00e4lvf\u00f6rs\u00f6rjande och motst\u00e5ndet regleras genom magnetbromsar p\u00e5 de fr\u00e4mre sv\u00e4nghjulen. Med en lutning p\u00e5 11 grader \u00e4r det alltid ett litet motst\u00e5nd och med hj\u00e4lp av magnetbromsarna \u00f6kas motst\u00e5ndet f\u00f6r att g\u00f6ra tr\u00e4ningen tuff, tuffare<strong>, <\/strong>HIITMill X.<\/p>\n<ul>\n<li>Farmers walk-handtag f\u00f6r en \u00e4nnu tuffare tr\u00e4ning<\/li>\n<li>Tr\u00e4na sled push, l\u00f6pning eller g\u00e5ng &#8211; antingen bara eller varf\u00f6r inte i intervalltr\u00e4ningsform<\/li>\n<li>Framsidan p\u00e5 HIITMill X erbjuder flera olika handgrepp<\/li>\n<li>Handtag i bakkant och hjul i framkant g\u00f6r HIITMill X portabel<\/li>\n<li>H\u00e5llare f\u00f6r vattenflaska och mobiltelefon<\/li>\n<li>Bred l\u00f6parbana<\/li>\n<\/ul>\n","protected":false},"excerpt":{"rendered":"<p>StairMaster \u00e4r k\u00e4nd f\u00f6r att leverera \u201dthe toughest workouts in the gym\u201d \u2013 och StairMaster HIITMill X \u00e4r inget undantag! StairMaster HIITMill X erbjuder l\u00f6ptr\u00e4ning, styrketr\u00e4ning, r\u00f6rlighets- och uth\u00e5llighetstr\u00e4ning i en och samma maskin. Byggd p\u00e5 HIITMill erbjuder den samma tuffa tr\u00e4ning, men HIITMill X levereras \u00e4ven monterad med farmers walk-handtag. HIITMill X \u00e4r sj\u00e4lvf\u00f6rs\u00f6rjande [&hellip;]<\/p>\n","protected":false},"featured_media":8003,"template":"","meta":{"_acf_changed":false,"inline_featured_image":false},"variation":[],"product_brand":[],"product_cat":[87,91,283,317],"product_tag":[58],"class_list":{"0":"post-8002","1":"product","2":"type-product","3":"status-publish","4":"has-post-thumbnail","6":"product_cat-kondition","7":"product_cat-hiit","8":"product_cat-hiitmill","9":"product_cat-stairmaster","10":"product_tag-stairmaster","12":"first","13":"instock","14":"purchasable","15":"product-type-simple"},"acf":[],"yoast_head":"<!-- This site is optimized with the Yoast SEO plugin v26.8 - https:\/\/yoast.com\/product\/yoast-seo-wordpress\/ -->\n<title>HIITMill X | Apirosport<\/title>\n<meta name=\"robots\" content=\"index, follow, max-snippet:-1, max-image-preview:large, max-video-preview:-1\" \/>\n<link rel=\"canonical\" href=\"https:\/\/apirosport.com\/sv\/produkt\/hiitmill-x\/\" \/>\n<meta property=\"og:locale\" content=\"sv_SE\" \/>\n<meta property=\"og:type\" content=\"article\" \/>\n<meta property=\"og:title\" content=\"HIITMill X | Apirosport\" \/>\n<meta property=\"og:description\" content=\"StairMaster \u00e4r k\u00e4nd f\u00f6r att leverera \u201dthe toughest workouts in the gym\u201d \u2013 och StairMaster HIITMill X \u00e4r inget undantag! StairMaster HIITMill X erbjuder l\u00f6ptr\u00e4ning, styrketr\u00e4ning, r\u00f6rlighets- och uth\u00e5llighetstr\u00e4ning i en och samma maskin. Byggd p\u00e5 HIITMill erbjuder den samma tuffa tr\u00e4ning, men HIITMill X levereras \u00e4ven monterad med farmers walk-handtag. HIITMill X \u00e4r sj\u00e4lvf\u00f6rs\u00f6rjande [&hellip;]\" \/>\n<meta property=\"og:url\" content=\"https:\/\/apirosport.com\/sv\/produkt\/hiitmill-x\/\" \/>\n<meta property=\"og:site_name\" content=\"Apirosport\" \/>\n<meta property=\"article:modified_time\" content=\"2026-03-18T23:20:44+00:00\" \/>\n<meta property=\"og:image\" content=\"https:\/\/apirosport.com\/wp-content\/uploads\/2025\/12\/9-4640_01-2.png\" \/>\n\t<meta property=\"og:image:width\" content=\"1000\" \/>\n\t<meta property=\"og:image:height\" content=\"1000\" \/>\n\t<meta property=\"og:image:type\" content=\"image\/png\" \/>\n<meta name=\"twitter:card\" content=\"summary_large_image\" \/>\n<meta name=\"twitter:title\" content=\"Apirosport\" \/>\n<meta name=\"twitter:label1\" content=\"Ber\u00e4knad l\u00e4stid\" \/>\n\t<meta name=\"twitter:data1\" content=\"1 minut\" \/>\n<script type=\"application\/ld+json\" class=\"yoast-schema-graph\">{\"@context\":\"https:\/\/schema.org\",\"@graph\":[{\"@type\":\"WebPage\",\"@id\":\"https:\/\/apirosport.com\/sv\/produkt\/hiitmill-x\/\",\"url\":\"https:\/\/apirosport.com\/sv\/produkt\/hiitmill-x\/\",\"name\":\"HIITMill X | Apirosport\",\"isPartOf\":{\"@id\":\"https:\/\/apirosport.com\/sv\/#website\"},\"primaryImageOfPage\":{\"@id\":\"https:\/\/apirosport.com\/sv\/produkt\/hiitmill-x\/#primaryimage\"},\"image\":{\"@id\":\"https:\/\/apirosport.com\/sv\/produkt\/hiitmill-x\/#primaryimage\"},\"thumbnailUrl\":\"https:\/\/apirosport.com\/wp-content\/uploads\/2025\/12\/9-4640_01-2.png\",\"datePublished\":\"2017-11-17T10:53:36+00:00\",\"dateModified\":\"2026-03-18T23:20:44+00:00\",\"breadcrumb\":{\"@id\":\"https:\/\/apirosport.com\/sv\/produkt\/hiitmill-x\/#breadcrumb\"},\"inLanguage\":\"sv-SE\",\"potentialAction\":[{\"@type\":\"ReadAction\",\"target\":[\"https:\/\/apirosport.com\/sv\/produkt\/hiitmill-x\/\"]}]},{\"@type\":\"ImageObject\",\"inLanguage\":\"sv-SE\",\"@id\":\"https:\/\/apirosport.com\/sv\/produkt\/hiitmill-x\/#primaryimage\",\"url\":\"https:\/\/apirosport.com\/wp-content\/uploads\/2025\/12\/9-4640_01-2.png\",\"contentUrl\":\"https:\/\/apirosport.com\/wp-content\/uploads\/2025\/12\/9-4640_01-2.png\",\"width\":1000,\"height\":1000,\"caption\":\"StairMaster HIITMill X\"},{\"@type\":\"BreadcrumbList\",\"@id\":\"https:\/\/apirosport.com\/sv\/produkt\/hiitmill-x\/#breadcrumb\",\"itemListElement\":[{\"@type\":\"ListItem\",\"position\":1,\"name\":\"Home\",\"item\":\"https:\/\/apirosport.com\/sv\/\"},{\"@type\":\"ListItem\",\"position\":2,\"name\":\"Produkter\",\"item\":\"https:\/\/apirosport.com\/sv\/produkter\/\"},{\"@type\":\"ListItem\",\"position\":3,\"name\":\"HIITMill X\"}]},{\"@type\":\"WebSite\",\"@id\":\"https:\/\/apirosport.com\/sv\/#website\",\"url\":\"https:\/\/apirosport.com\/sv\/\",\"name\":\"Apirosport\",\"description\":\"\",\"publisher\":{\"@id\":\"https:\/\/apirosport.com\/sv\/#organization\"},\"alternateName\":\"Apirosport\",\"potentialAction\":[{\"@type\":\"SearchAction\",\"target\":{\"@type\":\"EntryPoint\",\"urlTemplate\":\"https:\/\/apirosport.com\/sv\/?s={search_term_string}\"},\"query-input\":{\"@type\":\"PropertyValueSpecification\",\"valueRequired\":true,\"valueName\":\"search_term_string\"}}],\"inLanguage\":\"sv-SE\"},{\"@type\":\"Organization\",\"@id\":\"https:\/\/apirosport.com\/sv\/#organization\",\"name\":\"Apirosport\",\"alternateName\":\"Apirosport\",\"url\":\"https:\/\/apirosport.com\/sv\/\",\"logo\":{\"@type\":\"ImageObject\",\"inLanguage\":\"sv-SE\",\"@id\":\"https:\/\/apirosport.com\/sv\/#\/schema\/logo\/image\/\",\"url\":\"https:\/\/apirosport.com\/wp-content\/uploads\/2025\/12\/Apirosport-yellow-scaled.png\",\"contentUrl\":\"https:\/\/apirosport.com\/wp-content\/uploads\/2025\/12\/Apirosport-yellow-scaled.png\",\"width\":2560,\"height\":2278,\"caption\":\"Apirosport\"},\"image\":{\"@id\":\"https:\/\/apirosport.com\/sv\/#\/schema\/logo\/image\/\"}}]}<\/script>\n<!-- \/ Yoast SEO plugin. -->","yoast_head_json":{"title":"HIITMill X | Apirosport","robots":{"index":"index","follow":"follow","max-snippet":"max-snippet:-1","max-image-preview":"max-image-preview:large","max-video-preview":"max-video-preview:-1"},"canonical":"https:\/\/apirosport.com\/sv\/produkt\/hiitmill-x\/","og_locale":"sv_SE","og_type":"article","og_title":"HIITMill X | Apirosport","og_description":"StairMaster \u00e4r k\u00e4nd f\u00f6r att leverera \u201dthe toughest workouts in the gym\u201d \u2013 och StairMaster HIITMill X \u00e4r inget undantag! StairMaster HIITMill X erbjuder l\u00f6ptr\u00e4ning, styrketr\u00e4ning, r\u00f6rlighets- och uth\u00e5llighetstr\u00e4ning i en och samma maskin. Byggd p\u00e5 HIITMill erbjuder den samma tuffa tr\u00e4ning, men HIITMill X levereras \u00e4ven monterad med farmers walk-handtag. HIITMill X \u00e4r sj\u00e4lvf\u00f6rs\u00f6rjande [&hellip;]","og_url":"https:\/\/apirosport.com\/sv\/produkt\/hiitmill-x\/","og_site_name":"Apirosport","article_modified_time":"2026-03-18T23:20:44+00:00","og_image":[{"width":1000,"height":1000,"url":"https:\/\/apirosport.com\/wp-content\/uploads\/2025\/12\/9-4640_01-2.png","type":"image\/png"}],"twitter_card":"summary_large_image","twitter_title":"Apirosport","twitter_misc":{"Ber\u00e4knad l\u00e4stid":"1 minut"},"schema":{"@context":"https:\/\/schema.org","@graph":[{"@type":"WebPage","@id":"https:\/\/apirosport.com\/sv\/produkt\/hiitmill-x\/","url":"https:\/\/apirosport.com\/sv\/produkt\/hiitmill-x\/","name":"HIITMill X | Apirosport","isPartOf":{"@id":"https:\/\/apirosport.com\/sv\/#website"},"primaryImageOfPage":{"@id":"https:\/\/apirosport.com\/sv\/produkt\/hiitmill-x\/#primaryimage"},"image":{"@id":"https:\/\/apirosport.com\/sv\/produkt\/hiitmill-x\/#primaryimage"},"thumbnailUrl":"https:\/\/apirosport.com\/wp-content\/uploads\/2025\/12\/9-4640_01-2.png","datePublished":"2017-11-17T10:53:36+00:00","dateModified":"2026-03-18T23:20:44+00:00","breadcrumb":{"@id":"https:\/\/apirosport.com\/sv\/produkt\/hiitmill-x\/#breadcrumb"},"inLanguage":"sv-SE","potentialAction":[{"@type":"ReadAction","target":["https:\/\/apirosport.com\/sv\/produkt\/hiitmill-x\/"]}]},{"@type":"ImageObject","inLanguage":"sv-SE","@id":"https:\/\/apirosport.com\/sv\/produkt\/hiitmill-x\/#primaryimage","url":"https:\/\/apirosport.com\/wp-content\/uploads\/2025\/12\/9-4640_01-2.png","contentUrl":"https:\/\/apirosport.com\/wp-content\/uploads\/2025\/12\/9-4640_01-2.png","width":1000,"height":1000,"caption":"StairMaster HIITMill X"},{"@type":"BreadcrumbList","@id":"https:\/\/apirosport.com\/sv\/produkt\/hiitmill-x\/#breadcrumb","itemListElement":[{"@type":"ListItem","position":1,"name":"Home","item":"https:\/\/apirosport.com\/sv\/"},{"@type":"ListItem","position":2,"name":"Produkter","item":"https:\/\/apirosport.com\/sv\/produkter\/"},{"@type":"ListItem","position":3,"name":"HIITMill X"}]},{"@type":"WebSite","@id":"https:\/\/apirosport.com\/sv\/#website","url":"https:\/\/apirosport.com\/sv\/","name":"Apirosport","description":"","publisher":{"@id":"https:\/\/apirosport.com\/sv\/#organization"},"alternateName":"Apirosport","potentialAction":[{"@type":"SearchAction","target":{"@type":"EntryPoint","urlTemplate":"https:\/\/apirosport.com\/sv\/?s={search_term_string}"},"query-input":{"@type":"PropertyValueSpecification","valueRequired":true,"valueName":"search_term_string"}}],"inLanguage":"sv-SE"},{"@type":"Organization","@id":"https:\/\/apirosport.com\/sv\/#organization","name":"Apirosport","alternateName":"Apirosport","url":"https:\/\/apirosport.com\/sv\/","logo":{"@type":"ImageObject","inLanguage":"sv-SE","@id":"https:\/\/apirosport.com\/sv\/#\/schema\/logo\/image\/","url":"https:\/\/apirosport.com\/wp-content\/uploads\/2025\/12\/Apirosport-yellow-scaled.png","contentUrl":"https:\/\/apirosport.com\/wp-content\/uploads\/2025\/12\/Apirosport-yellow-scaled.png","width":2560,"height":2278,"caption":"Apirosport"},"image":{"@id":"https:\/\/apirosport.com\/sv\/#\/schema\/logo\/image\/"}}]}},"_links":{"self":[{"href":"https:\/\/apirosport.com\/sv\/wp-json\/wp\/v2\/product\/8002","targetHints":{"allow":["GET"]}}],"collection":[{"href":"https:\/\/apirosport.com\/sv\/wp-json\/wp\/v2\/product"}],"about":[{"href":"https:\/\/apirosport.com\/sv\/wp-json\/wp\/v2\/types\/product"}],"wp:featuredmedia":[{"embeddable":true,"href":"https:\/\/apirosport.com\/sv\/wp-json\/wp\/v2\/media\/8003"}],"wp:attachment":[{"href":"https:\/\/apirosport.com\/sv\/wp-json\/wp\/v2\/media?parent=8002"}],"wp:term":[{"taxonomy":"variation","embeddable":true,"href":"https:\/\/apirosport.com\/sv\/wp-json\/wp\/v2\/variation?post=8002"},{"taxonomy":"product_brand","embeddable":true,"href":"https:\/\/apirosport.com\/sv\/wp-json\/wp\/v2\/product_brand?post=8002"},{"taxonomy":"product_cat","embeddable":true,"href":"https:\/\/apirosport.com\/sv\/wp-json\/wp\/v2\/product_cat?post=8002"},{"taxonomy":"product_tag","embeddable":true,"href":"https:\/\/apirosport.com\/sv\/wp-json\/wp\/v2\/product_tag?post=8002"}],"curies":[{"name":"wp","href":"https:\/\/api.w.org\/{rel}","templated":true}]}}