{"id":8008,"date":"2017-11-17T10:53:36","date_gmt":"2017-11-17T10:53:36","guid":{"rendered":"https:\/\/apirosport.com\/?post_type=product&#038;p=8008"},"modified":"2026-03-18T23:22:41","modified_gmt":"2026-03-18T23:22:41","slug":"hiitbike","status":"publish","type":"product","link":"https:\/\/apirosport.com\/sv\/produkt\/hiitbike\/","title":{"rendered":"HIIT Bike"},"content":{"rendered":"<p>StairMaster \u00e4r k\u00e4nd f\u00f6r att leverera \u201dthe toughest workouts in the gym\u201d \u2013 och StairMaster HIIT Bike \u00e4r inget undantag!<\/p>\n<p>HIIT Bike \u00e4r den perfekta maskinen f\u00f6r intervall- och uth\u00e5llighetstr\u00e4ning. Ist\u00e4llet f\u00f6r motor eller kedja baseras HIIT Bike p\u00e5 luftresistans likt samma princip som p\u00e5 en roddmaskin och ju mer du tar i desto jobbigare blir det!<\/p>\n<ul>\n<li>Utrustad med en display, kompatibel med Bluetooth och ANT+ som bland annat visar tid, puls, kalorif\u00f6rbrukning och distans<\/li>\n<li>M\u00f6nstrade pedaler utan remmar f\u00f6r snabb p\u00e5- och avstigning<\/li>\n<li>Robust st\u00e5lkonstruktion ger en stabil och s\u00e4ker tr\u00e4ning<\/li>\n<li>Justerbar sits passar anv\u00e4ndare mellan 150-203cm<\/li>\n<li>N\u00e4tt och tunn sadel f\u00f6r optimal komfort<\/li>\n<\/ul>\n","protected":false},"excerpt":{"rendered":"<p>StairMaster \u00e4r k\u00e4nd f\u00f6r att leverera \u201dthe toughest workouts in the gym\u201d \u2013 och StairMaster HIIT Bike \u00e4r inget undantag! HIIT Bike \u00e4r den perfekta maskinen f\u00f6r intervall- och uth\u00e5llighetstr\u00e4ning. Ist\u00e4llet f\u00f6r motor eller kedja baseras HIIT Bike p\u00e5 luftresistans likt samma princip som p\u00e5 en roddmaskin och ju mer du tar i desto jobbigare [&hellip;]<\/p>\n","protected":false},"featured_media":8009,"template":"","meta":{"_acf_changed":false,"inline_featured_image":false},"variation":[],"product_brand":[],"product_cat":[87,91,285,317],"product_tag":[58],"class_list":{"0":"post-8008","1":"product","2":"type-product","3":"status-publish","4":"has-post-thumbnail","6":"product_cat-kondition","7":"product_cat-hiit","8":"product_cat-hiit-bikes","9":"product_cat-stairmaster","10":"product_tag-stairmaster","12":"first","13":"instock","14":"purchasable","15":"product-type-simple"},"acf":[],"yoast_head":"<!-- This site is optimized with the Yoast SEO plugin v26.8 - https:\/\/yoast.com\/product\/yoast-seo-wordpress\/ -->\n<title>HIIT Bike | Apirosport<\/title>\n<meta name=\"robots\" content=\"index, follow, max-snippet:-1, max-image-preview:large, max-video-preview:-1\" \/>\n<link rel=\"canonical\" href=\"https:\/\/apirosport.com\/sv\/produkt\/hiitbike\/\" \/>\n<meta property=\"og:locale\" content=\"sv_SE\" \/>\n<meta property=\"og:type\" content=\"article\" \/>\n<meta property=\"og:title\" content=\"HIIT Bike | Apirosport\" \/>\n<meta property=\"og:description\" content=\"StairMaster \u00e4r k\u00e4nd f\u00f6r att leverera \u201dthe toughest workouts in the gym\u201d \u2013 och StairMaster HIIT Bike \u00e4r inget undantag! HIIT Bike \u00e4r den perfekta maskinen f\u00f6r intervall- och uth\u00e5llighetstr\u00e4ning. Ist\u00e4llet f\u00f6r motor eller kedja baseras HIIT Bike p\u00e5 luftresistans likt samma princip som p\u00e5 en roddmaskin och ju mer du tar i desto jobbigare [&hellip;]\" \/>\n<meta property=\"og:url\" content=\"https:\/\/apirosport.com\/sv\/produkt\/hiitbike\/\" \/>\n<meta property=\"og:site_name\" content=\"Apirosport\" \/>\n<meta property=\"article:modified_time\" content=\"2026-03-18T23:22:41+00:00\" \/>\n<meta property=\"og:image\" content=\"https:\/\/apirosport.com\/wp-content\/uploads\/2025\/12\/StairMaster-HIIT-Bike-Black-60-Product-Image-2.png\" \/>\n\t<meta property=\"og:image:width\" content=\"500\" \/>\n\t<meta property=\"og:image:height\" content=\"500\" \/>\n\t<meta property=\"og:image:type\" content=\"image\/png\" \/>\n<meta name=\"twitter:card\" content=\"summary_large_image\" \/>\n<meta name=\"twitter:title\" content=\"Apirosport\" \/>\n<meta name=\"twitter:label1\" content=\"Ber\u00e4knad l\u00e4stid\" \/>\n\t<meta name=\"twitter:data1\" content=\"1 minut\" \/>\n<script type=\"application\/ld+json\" class=\"yoast-schema-graph\">{\"@context\":\"https:\/\/schema.org\",\"@graph\":[{\"@type\":\"WebPage\",\"@id\":\"https:\/\/apirosport.com\/sv\/produkt\/hiitbike\/\",\"url\":\"https:\/\/apirosport.com\/sv\/produkt\/hiitbike\/\",\"name\":\"HIIT Bike | Apirosport\",\"isPartOf\":{\"@id\":\"https:\/\/apirosport.com\/sv\/#website\"},\"primaryImageOfPage\":{\"@id\":\"https:\/\/apirosport.com\/sv\/produkt\/hiitbike\/#primaryimage\"},\"image\":{\"@id\":\"https:\/\/apirosport.com\/sv\/produkt\/hiitbike\/#primaryimage\"},\"thumbnailUrl\":\"https:\/\/apirosport.com\/wp-content\/uploads\/2025\/12\/StairMaster-HIIT-Bike-Black-60-Product-Image-2.png\",\"datePublished\":\"2017-11-17T10:53:36+00:00\",\"dateModified\":\"2026-03-18T23:22:41+00:00\",\"breadcrumb\":{\"@id\":\"https:\/\/apirosport.com\/sv\/produkt\/hiitbike\/#breadcrumb\"},\"inLanguage\":\"sv-SE\",\"potentialAction\":[{\"@type\":\"ReadAction\",\"target\":[\"https:\/\/apirosport.com\/sv\/produkt\/hiitbike\/\"]}]},{\"@type\":\"ImageObject\",\"inLanguage\":\"sv-SE\",\"@id\":\"https:\/\/apirosport.com\/sv\/produkt\/hiitbike\/#primaryimage\",\"url\":\"https:\/\/apirosport.com\/wp-content\/uploads\/2025\/12\/StairMaster-HIIT-Bike-Black-60-Product-Image-2.png\",\"contentUrl\":\"https:\/\/apirosport.com\/wp-content\/uploads\/2025\/12\/StairMaster-HIIT-Bike-Black-60-Product-Image-2.png\",\"width\":500,\"height\":500},{\"@type\":\"BreadcrumbList\",\"@id\":\"https:\/\/apirosport.com\/sv\/produkt\/hiitbike\/#breadcrumb\",\"itemListElement\":[{\"@type\":\"ListItem\",\"position\":1,\"name\":\"Home\",\"item\":\"https:\/\/apirosport.com\/sv\/\"},{\"@type\":\"ListItem\",\"position\":2,\"name\":\"Produkter\",\"item\":\"https:\/\/apirosport.com\/sv\/produkter\/\"},{\"@type\":\"ListItem\",\"position\":3,\"name\":\"HIIT Bike\"}]},{\"@type\":\"WebSite\",\"@id\":\"https:\/\/apirosport.com\/sv\/#website\",\"url\":\"https:\/\/apirosport.com\/sv\/\",\"name\":\"Apirosport\",\"description\":\"\",\"publisher\":{\"@id\":\"https:\/\/apirosport.com\/sv\/#organization\"},\"alternateName\":\"Apirosport\",\"potentialAction\":[{\"@type\":\"SearchAction\",\"target\":{\"@type\":\"EntryPoint\",\"urlTemplate\":\"https:\/\/apirosport.com\/sv\/?s={search_term_string}\"},\"query-input\":{\"@type\":\"PropertyValueSpecification\",\"valueRequired\":true,\"valueName\":\"search_term_string\"}}],\"inLanguage\":\"sv-SE\"},{\"@type\":\"Organization\",\"@id\":\"https:\/\/apirosport.com\/sv\/#organization\",\"name\":\"Apirosport\",\"alternateName\":\"Apirosport\",\"url\":\"https:\/\/apirosport.com\/sv\/\",\"logo\":{\"@type\":\"ImageObject\",\"inLanguage\":\"sv-SE\",\"@id\":\"https:\/\/apirosport.com\/sv\/#\/schema\/logo\/image\/\",\"url\":\"https:\/\/apirosport.com\/wp-content\/uploads\/2025\/12\/Apirosport-yellow-scaled.png\",\"contentUrl\":\"https:\/\/apirosport.com\/wp-content\/uploads\/2025\/12\/Apirosport-yellow-scaled.png\",\"width\":2560,\"height\":2278,\"caption\":\"Apirosport\"},\"image\":{\"@id\":\"https:\/\/apirosport.com\/sv\/#\/schema\/logo\/image\/\"}}]}<\/script>\n<!-- \/ Yoast SEO plugin. -->","yoast_head_json":{"title":"HIIT Bike | Apirosport","robots":{"index":"index","follow":"follow","max-snippet":"max-snippet:-1","max-image-preview":"max-image-preview:large","max-video-preview":"max-video-preview:-1"},"canonical":"https:\/\/apirosport.com\/sv\/produkt\/hiitbike\/","og_locale":"sv_SE","og_type":"article","og_title":"HIIT Bike | Apirosport","og_description":"StairMaster \u00e4r k\u00e4nd f\u00f6r att leverera \u201dthe toughest workouts in the gym\u201d \u2013 och StairMaster HIIT Bike \u00e4r inget undantag! HIIT Bike \u00e4r den perfekta maskinen f\u00f6r intervall- och uth\u00e5llighetstr\u00e4ning. Ist\u00e4llet f\u00f6r motor eller kedja baseras HIIT Bike p\u00e5 luftresistans likt samma princip som p\u00e5 en roddmaskin och ju mer du tar i desto jobbigare [&hellip;]","og_url":"https:\/\/apirosport.com\/sv\/produkt\/hiitbike\/","og_site_name":"Apirosport","article_modified_time":"2026-03-18T23:22:41+00:00","og_image":[{"width":500,"height":500,"url":"https:\/\/apirosport.com\/wp-content\/uploads\/2025\/12\/StairMaster-HIIT-Bike-Black-60-Product-Image-2.png","type":"image\/png"}],"twitter_card":"summary_large_image","twitter_title":"Apirosport","twitter_misc":{"Ber\u00e4knad l\u00e4stid":"1 minut"},"schema":{"@context":"https:\/\/schema.org","@graph":[{"@type":"WebPage","@id":"https:\/\/apirosport.com\/sv\/produkt\/hiitbike\/","url":"https:\/\/apirosport.com\/sv\/produkt\/hiitbike\/","name":"HIIT Bike | Apirosport","isPartOf":{"@id":"https:\/\/apirosport.com\/sv\/#website"},"primaryImageOfPage":{"@id":"https:\/\/apirosport.com\/sv\/produkt\/hiitbike\/#primaryimage"},"image":{"@id":"https:\/\/apirosport.com\/sv\/produkt\/hiitbike\/#primaryimage"},"thumbnailUrl":"https:\/\/apirosport.com\/wp-content\/uploads\/2025\/12\/StairMaster-HIIT-Bike-Black-60-Product-Image-2.png","datePublished":"2017-11-17T10:53:36+00:00","dateModified":"2026-03-18T23:22:41+00:00","breadcrumb":{"@id":"https:\/\/apirosport.com\/sv\/produkt\/hiitbike\/#breadcrumb"},"inLanguage":"sv-SE","potentialAction":[{"@type":"ReadAction","target":["https:\/\/apirosport.com\/sv\/produkt\/hiitbike\/"]}]},{"@type":"ImageObject","inLanguage":"sv-SE","@id":"https:\/\/apirosport.com\/sv\/produkt\/hiitbike\/#primaryimage","url":"https:\/\/apirosport.com\/wp-content\/uploads\/2025\/12\/StairMaster-HIIT-Bike-Black-60-Product-Image-2.png","contentUrl":"https:\/\/apirosport.com\/wp-content\/uploads\/2025\/12\/StairMaster-HIIT-Bike-Black-60-Product-Image-2.png","width":500,"height":500},{"@type":"BreadcrumbList","@id":"https:\/\/apirosport.com\/sv\/produkt\/hiitbike\/#breadcrumb","itemListElement":[{"@type":"ListItem","position":1,"name":"Home","item":"https:\/\/apirosport.com\/sv\/"},{"@type":"ListItem","position":2,"name":"Produkter","item":"https:\/\/apirosport.com\/sv\/produkter\/"},{"@type":"ListItem","position":3,"name":"HIIT Bike"}]},{"@type":"WebSite","@id":"https:\/\/apirosport.com\/sv\/#website","url":"https:\/\/apirosport.com\/sv\/","name":"Apirosport","description":"","publisher":{"@id":"https:\/\/apirosport.com\/sv\/#organization"},"alternateName":"Apirosport","potentialAction":[{"@type":"SearchAction","target":{"@type":"EntryPoint","urlTemplate":"https:\/\/apirosport.com\/sv\/?s={search_term_string}"},"query-input":{"@type":"PropertyValueSpecification","valueRequired":true,"valueName":"search_term_string"}}],"inLanguage":"sv-SE"},{"@type":"Organization","@id":"https:\/\/apirosport.com\/sv\/#organization","name":"Apirosport","alternateName":"Apirosport","url":"https:\/\/apirosport.com\/sv\/","logo":{"@type":"ImageObject","inLanguage":"sv-SE","@id":"https:\/\/apirosport.com\/sv\/#\/schema\/logo\/image\/","url":"https:\/\/apirosport.com\/wp-content\/uploads\/2025\/12\/Apirosport-yellow-scaled.png","contentUrl":"https:\/\/apirosport.com\/wp-content\/uploads\/2025\/12\/Apirosport-yellow-scaled.png","width":2560,"height":2278,"caption":"Apirosport"},"image":{"@id":"https:\/\/apirosport.com\/sv\/#\/schema\/logo\/image\/"}}]}},"_links":{"self":[{"href":"https:\/\/apirosport.com\/sv\/wp-json\/wp\/v2\/product\/8008","targetHints":{"allow":["GET"]}}],"collection":[{"href":"https:\/\/apirosport.com\/sv\/wp-json\/wp\/v2\/product"}],"about":[{"href":"https:\/\/apirosport.com\/sv\/wp-json\/wp\/v2\/types\/product"}],"wp:featuredmedia":[{"embeddable":true,"href":"https:\/\/apirosport.com\/sv\/wp-json\/wp\/v2\/media\/8009"}],"wp:attachment":[{"href":"https:\/\/apirosport.com\/sv\/wp-json\/wp\/v2\/media?parent=8008"}],"wp:term":[{"taxonomy":"variation","embeddable":true,"href":"https:\/\/apirosport.com\/sv\/wp-json\/wp\/v2\/variation?post=8008"},{"taxonomy":"product_brand","embeddable":true,"href":"https:\/\/apirosport.com\/sv\/wp-json\/wp\/v2\/product_brand?post=8008"},{"taxonomy":"product_cat","embeddable":true,"href":"https:\/\/apirosport.com\/sv\/wp-json\/wp\/v2\/product_cat?post=8008"},{"taxonomy":"product_tag","embeddable":true,"href":"https:\/\/apirosport.com\/sv\/wp-json\/wp\/v2\/product_tag?post=8008"}],"curies":[{"name":"wp","href":"https:\/\/api.w.org\/{rel}","templated":true}]}}