{"id":8016,"date":"2017-11-17T10:53:36","date_gmt":"2017-11-17T10:53:36","guid":{"rendered":"https:\/\/apirosport.com\/?post_type=product&#038;p=8016"},"modified":"2026-03-19T10:40:00","modified_gmt":"2026-03-19T10:40:00","slug":"boxmaster-quad","status":"publish","type":"product","link":"https:\/\/apirosport.com\/sv\/produkt\/boxmaster-quad\/","title":{"rendered":"BoxMaster Quad"},"content":{"rendered":"<p>StairMaster \u00e4r k\u00e4nd f\u00f6r att leverera \u201dthe toughest workouts in the gym\u201d \u2013 och StairMaster BoxMaster \u00e4r inget undantag!<\/p>\n<p>StairMaster BoxMaster \u00e4r en unik och m\u00e5ngsidig produkt med fokus p\u00e5 boxning, kickboxning och HIIT. Designad av proffsboxaren Rai Fazio, \u00e4r den utvecklad f\u00f6r s\u00e5v\u00e4l renodlade kampsports- och boxningsanl\u00e4ggningar som f\u00f6r StairMasters HIIT- och grupptr\u00e4ningskoncept. En perfekt blandning av styrketr\u00e4ning, cardio och teknik! BoxMaster Quad bygger p\u00e5 <a href=\"https:\/\/apirosport.se\/produkter\/hiit\/boxmaster-tower\/\" target=\"_blank\" rel=\"noopener\"><u>BoxMaster Tower<\/u><\/a> men byggd som en station med fyra enheter i en.<\/p>\n<ul>\n<li>Fyra stycken torn med 12 stycken slagdynor, strategiskt placerade f\u00f6r att anv\u00e4ndaren ska kunna \u00f6va p\u00e5 samtliga slag: raka slag, hooks och uppercuts<\/li>\n<li>Ovansidan p\u00e5 mittenkudden har \u00e4ven markerade tr\u00e4ffpunkter f\u00f6r armb\u00e5gar<\/li>\n<li>Dynorna sitter monterade p\u00e5 fj\u00e4drande armar som d\u00e4mpar och ger eftergift i slaget<\/li>\n<li>Justerbara dynor samt torn g\u00f6r att BoxMastern passar anv\u00e4ndare mellan 152 \u2013 208cm<\/li>\n<li>BoxMastern g\u00f6r sig lika bra som ett verktyg f\u00f6r PTs och individuell tr\u00e4ning som grupptr\u00e4ningskoncept<\/li>\n<li>BoxMaster Kick Pad (art.nr: 731-5674) finns som tillval<\/li>\n<\/ul>\n","protected":false},"excerpt":{"rendered":"<p>StairMaster \u00e4r k\u00e4nd f\u00f6r att leverera \u201dthe toughest workouts in the gym\u201d \u2013 och StairMaster BoxMaster \u00e4r inget undantag! StairMaster BoxMaster \u00e4r en unik och m\u00e5ngsidig produkt med fokus p\u00e5 boxning, kickboxning och HIIT. Designad av proffsboxaren Rai Fazio, \u00e4r den utvecklad f\u00f6r s\u00e5v\u00e4l renodlade kampsports- och boxningsanl\u00e4ggningar som f\u00f6r StairMasters HIIT- och grupptr\u00e4ningskoncept. En [&hellip;]<\/p>\n","protected":false},"featured_media":8017,"template":"","meta":{"_acf_changed":false,"inline_featured_image":false},"variation":[],"product_brand":[],"product_cat":[317,91,286,293],"product_tag":[58],"class_list":{"0":"post-8016","1":"product","2":"type-product","3":"status-publish","4":"has-post-thumbnail","6":"product_cat-stairmaster","7":"product_cat-hiit","8":"product_cat-boxmaster","9":"product_cat-combat","10":"product_tag-stairmaster","12":"first","13":"instock","14":"purchasable","15":"product-type-simple"},"acf":[],"yoast_head":"<!-- This site is optimized with the Yoast SEO plugin v26.8 - https:\/\/yoast.com\/product\/yoast-seo-wordpress\/ -->\n<title>BoxMaster Quad | Apirosport<\/title>\n<meta name=\"robots\" content=\"index, follow, max-snippet:-1, max-image-preview:large, max-video-preview:-1\" \/>\n<link rel=\"canonical\" href=\"https:\/\/apirosport.com\/sv\/produkt\/boxmaster-quad\/\" \/>\n<meta property=\"og:locale\" content=\"sv_SE\" \/>\n<meta property=\"og:type\" content=\"article\" \/>\n<meta property=\"og:title\" content=\"BoxMaster Quad | Apirosport\" \/>\n<meta property=\"og:description\" content=\"StairMaster \u00e4r k\u00e4nd f\u00f6r att leverera \u201dthe toughest workouts in the gym\u201d \u2013 och StairMaster BoxMaster \u00e4r inget undantag! StairMaster BoxMaster \u00e4r en unik och m\u00e5ngsidig produkt med fokus p\u00e5 boxning, kickboxning och HIIT. Designad av proffsboxaren Rai Fazio, \u00e4r den utvecklad f\u00f6r s\u00e5v\u00e4l renodlade kampsports- och boxningsanl\u00e4ggningar som f\u00f6r StairMasters HIIT- och grupptr\u00e4ningskoncept. En [&hellip;]\" \/>\n<meta property=\"og:url\" content=\"https:\/\/apirosport.com\/sv\/produkt\/boxmaster-quad\/\" \/>\n<meta property=\"og:site_name\" content=\"Apirosport\" \/>\n<meta property=\"article:modified_time\" content=\"2026-03-19T10:40:00+00:00\" \/>\n<meta property=\"og:image\" content=\"https:\/\/apirosport.com\/wp-content\/uploads\/2025\/12\/9BM-9404_01-2.png\" \/>\n\t<meta property=\"og:image:width\" content=\"1000\" \/>\n\t<meta property=\"og:image:height\" content=\"1000\" \/>\n\t<meta property=\"og:image:type\" content=\"image\/png\" \/>\n<meta name=\"twitter:card\" content=\"summary_large_image\" \/>\n<meta name=\"twitter:title\" content=\"Apirosport\" \/>\n<meta name=\"twitter:label1\" content=\"Ber\u00e4knad l\u00e4stid\" \/>\n\t<meta name=\"twitter:data1\" content=\"1 minut\" \/>\n<script type=\"application\/ld+json\" class=\"yoast-schema-graph\">{\"@context\":\"https:\/\/schema.org\",\"@graph\":[{\"@type\":\"WebPage\",\"@id\":\"https:\/\/apirosport.com\/sv\/produkt\/boxmaster-quad\/\",\"url\":\"https:\/\/apirosport.com\/sv\/produkt\/boxmaster-quad\/\",\"name\":\"BoxMaster Quad | Apirosport\",\"isPartOf\":{\"@id\":\"https:\/\/apirosport.com\/sv\/#website\"},\"primaryImageOfPage\":{\"@id\":\"https:\/\/apirosport.com\/sv\/produkt\/boxmaster-quad\/#primaryimage\"},\"image\":{\"@id\":\"https:\/\/apirosport.com\/sv\/produkt\/boxmaster-quad\/#primaryimage\"},\"thumbnailUrl\":\"https:\/\/apirosport.com\/wp-content\/uploads\/2025\/12\/9BM-9404_01-2.png\",\"datePublished\":\"2017-11-17T10:53:36+00:00\",\"dateModified\":\"2026-03-19T10:40:00+00:00\",\"breadcrumb\":{\"@id\":\"https:\/\/apirosport.com\/sv\/produkt\/boxmaster-quad\/#breadcrumb\"},\"inLanguage\":\"sv-SE\",\"potentialAction\":[{\"@type\":\"ReadAction\",\"target\":[\"https:\/\/apirosport.com\/sv\/produkt\/boxmaster-quad\/\"]}]},{\"@type\":\"ImageObject\",\"inLanguage\":\"sv-SE\",\"@id\":\"https:\/\/apirosport.com\/sv\/produkt\/boxmaster-quad\/#primaryimage\",\"url\":\"https:\/\/apirosport.com\/wp-content\/uploads\/2025\/12\/9BM-9404_01-2.png\",\"contentUrl\":\"https:\/\/apirosport.com\/wp-content\/uploads\/2025\/12\/9BM-9404_01-2.png\",\"width\":1000,\"height\":1000},{\"@type\":\"BreadcrumbList\",\"@id\":\"https:\/\/apirosport.com\/sv\/produkt\/boxmaster-quad\/#breadcrumb\",\"itemListElement\":[{\"@type\":\"ListItem\",\"position\":1,\"name\":\"Home\",\"item\":\"https:\/\/apirosport.com\/sv\/\"},{\"@type\":\"ListItem\",\"position\":2,\"name\":\"Produkter\",\"item\":\"https:\/\/apirosport.com\/sv\/produkter\/\"},{\"@type\":\"ListItem\",\"position\":3,\"name\":\"BoxMaster Quad\"}]},{\"@type\":\"WebSite\",\"@id\":\"https:\/\/apirosport.com\/sv\/#website\",\"url\":\"https:\/\/apirosport.com\/sv\/\",\"name\":\"Apirosport\",\"description\":\"\",\"publisher\":{\"@id\":\"https:\/\/apirosport.com\/sv\/#organization\"},\"alternateName\":\"Apirosport\",\"potentialAction\":[{\"@type\":\"SearchAction\",\"target\":{\"@type\":\"EntryPoint\",\"urlTemplate\":\"https:\/\/apirosport.com\/sv\/?s={search_term_string}\"},\"query-input\":{\"@type\":\"PropertyValueSpecification\",\"valueRequired\":true,\"valueName\":\"search_term_string\"}}],\"inLanguage\":\"sv-SE\"},{\"@type\":\"Organization\",\"@id\":\"https:\/\/apirosport.com\/sv\/#organization\",\"name\":\"Apirosport\",\"alternateName\":\"Apirosport\",\"url\":\"https:\/\/apirosport.com\/sv\/\",\"logo\":{\"@type\":\"ImageObject\",\"inLanguage\":\"sv-SE\",\"@id\":\"https:\/\/apirosport.com\/sv\/#\/schema\/logo\/image\/\",\"url\":\"https:\/\/apirosport.com\/wp-content\/uploads\/2025\/12\/Apirosport-yellow-scaled.png\",\"contentUrl\":\"https:\/\/apirosport.com\/wp-content\/uploads\/2025\/12\/Apirosport-yellow-scaled.png\",\"width\":2560,\"height\":2278,\"caption\":\"Apirosport\"},\"image\":{\"@id\":\"https:\/\/apirosport.com\/sv\/#\/schema\/logo\/image\/\"}}]}<\/script>\n<!-- \/ Yoast SEO plugin. -->","yoast_head_json":{"title":"BoxMaster Quad | Apirosport","robots":{"index":"index","follow":"follow","max-snippet":"max-snippet:-1","max-image-preview":"max-image-preview:large","max-video-preview":"max-video-preview:-1"},"canonical":"https:\/\/apirosport.com\/sv\/produkt\/boxmaster-quad\/","og_locale":"sv_SE","og_type":"article","og_title":"BoxMaster Quad | Apirosport","og_description":"StairMaster \u00e4r k\u00e4nd f\u00f6r att leverera \u201dthe toughest workouts in the gym\u201d \u2013 och StairMaster BoxMaster \u00e4r inget undantag! StairMaster BoxMaster \u00e4r en unik och m\u00e5ngsidig produkt med fokus p\u00e5 boxning, kickboxning och HIIT. Designad av proffsboxaren Rai Fazio, \u00e4r den utvecklad f\u00f6r s\u00e5v\u00e4l renodlade kampsports- och boxningsanl\u00e4ggningar som f\u00f6r StairMasters HIIT- och grupptr\u00e4ningskoncept. En [&hellip;]","og_url":"https:\/\/apirosport.com\/sv\/produkt\/boxmaster-quad\/","og_site_name":"Apirosport","article_modified_time":"2026-03-19T10:40:00+00:00","og_image":[{"width":1000,"height":1000,"url":"https:\/\/apirosport.com\/wp-content\/uploads\/2025\/12\/9BM-9404_01-2.png","type":"image\/png"}],"twitter_card":"summary_large_image","twitter_title":"Apirosport","twitter_misc":{"Ber\u00e4knad l\u00e4stid":"1 minut"},"schema":{"@context":"https:\/\/schema.org","@graph":[{"@type":"WebPage","@id":"https:\/\/apirosport.com\/sv\/produkt\/boxmaster-quad\/","url":"https:\/\/apirosport.com\/sv\/produkt\/boxmaster-quad\/","name":"BoxMaster Quad | Apirosport","isPartOf":{"@id":"https:\/\/apirosport.com\/sv\/#website"},"primaryImageOfPage":{"@id":"https:\/\/apirosport.com\/sv\/produkt\/boxmaster-quad\/#primaryimage"},"image":{"@id":"https:\/\/apirosport.com\/sv\/produkt\/boxmaster-quad\/#primaryimage"},"thumbnailUrl":"https:\/\/apirosport.com\/wp-content\/uploads\/2025\/12\/9BM-9404_01-2.png","datePublished":"2017-11-17T10:53:36+00:00","dateModified":"2026-03-19T10:40:00+00:00","breadcrumb":{"@id":"https:\/\/apirosport.com\/sv\/produkt\/boxmaster-quad\/#breadcrumb"},"inLanguage":"sv-SE","potentialAction":[{"@type":"ReadAction","target":["https:\/\/apirosport.com\/sv\/produkt\/boxmaster-quad\/"]}]},{"@type":"ImageObject","inLanguage":"sv-SE","@id":"https:\/\/apirosport.com\/sv\/produkt\/boxmaster-quad\/#primaryimage","url":"https:\/\/apirosport.com\/wp-content\/uploads\/2025\/12\/9BM-9404_01-2.png","contentUrl":"https:\/\/apirosport.com\/wp-content\/uploads\/2025\/12\/9BM-9404_01-2.png","width":1000,"height":1000},{"@type":"BreadcrumbList","@id":"https:\/\/apirosport.com\/sv\/produkt\/boxmaster-quad\/#breadcrumb","itemListElement":[{"@type":"ListItem","position":1,"name":"Home","item":"https:\/\/apirosport.com\/sv\/"},{"@type":"ListItem","position":2,"name":"Produkter","item":"https:\/\/apirosport.com\/sv\/produkter\/"},{"@type":"ListItem","position":3,"name":"BoxMaster Quad"}]},{"@type":"WebSite","@id":"https:\/\/apirosport.com\/sv\/#website","url":"https:\/\/apirosport.com\/sv\/","name":"Apirosport","description":"","publisher":{"@id":"https:\/\/apirosport.com\/sv\/#organization"},"alternateName":"Apirosport","potentialAction":[{"@type":"SearchAction","target":{"@type":"EntryPoint","urlTemplate":"https:\/\/apirosport.com\/sv\/?s={search_term_string}"},"query-input":{"@type":"PropertyValueSpecification","valueRequired":true,"valueName":"search_term_string"}}],"inLanguage":"sv-SE"},{"@type":"Organization","@id":"https:\/\/apirosport.com\/sv\/#organization","name":"Apirosport","alternateName":"Apirosport","url":"https:\/\/apirosport.com\/sv\/","logo":{"@type":"ImageObject","inLanguage":"sv-SE","@id":"https:\/\/apirosport.com\/sv\/#\/schema\/logo\/image\/","url":"https:\/\/apirosport.com\/wp-content\/uploads\/2025\/12\/Apirosport-yellow-scaled.png","contentUrl":"https:\/\/apirosport.com\/wp-content\/uploads\/2025\/12\/Apirosport-yellow-scaled.png","width":2560,"height":2278,"caption":"Apirosport"},"image":{"@id":"https:\/\/apirosport.com\/sv\/#\/schema\/logo\/image\/"}}]}},"_links":{"self":[{"href":"https:\/\/apirosport.com\/sv\/wp-json\/wp\/v2\/product\/8016","targetHints":{"allow":["GET"]}}],"collection":[{"href":"https:\/\/apirosport.com\/sv\/wp-json\/wp\/v2\/product"}],"about":[{"href":"https:\/\/apirosport.com\/sv\/wp-json\/wp\/v2\/types\/product"}],"wp:featuredmedia":[{"embeddable":true,"href":"https:\/\/apirosport.com\/sv\/wp-json\/wp\/v2\/media\/8017"}],"wp:attachment":[{"href":"https:\/\/apirosport.com\/sv\/wp-json\/wp\/v2\/media?parent=8016"}],"wp:term":[{"taxonomy":"variation","embeddable":true,"href":"https:\/\/apirosport.com\/sv\/wp-json\/wp\/v2\/variation?post=8016"},{"taxonomy":"product_brand","embeddable":true,"href":"https:\/\/apirosport.com\/sv\/wp-json\/wp\/v2\/product_brand?post=8016"},{"taxonomy":"product_cat","embeddable":true,"href":"https:\/\/apirosport.com\/sv\/wp-json\/wp\/v2\/product_cat?post=8016"},{"taxonomy":"product_tag","embeddable":true,"href":"https:\/\/apirosport.com\/sv\/wp-json\/wp\/v2\/product_tag?post=8016"}],"curies":[{"name":"wp","href":"https:\/\/api.w.org\/{rel}","templated":true}]}}