{"id":8028,"date":"2017-11-17T10:56:21","date_gmt":"2017-11-17T10:56:21","guid":{"rendered":"https:\/\/apirosport.com\/?post_type=product&#038;p=8028"},"modified":"2026-03-23T16:02:51","modified_gmt":"2026-03-23T16:02:51","slug":"abdominal-crunch-2","status":"publish","type":"product","link":"https:\/\/apirosport.com\/sv\/produkt\/abdominal-crunch-2\/","title":{"rendered":"Inspiration Abdominal Crunch"},"content":{"rendered":"<p><strong>UTVECKLAD FR\u00c5N V\u00c4RLDENS MEST S\u00c5LDA MAGMASKIN<\/strong><\/p>\n<p>Nautilus Inspiration Abdominal Crunch \u00e4r utvecklad fr\u00e5n v\u00e4rldens mest s\u00e5lda magmaskin fr\u00e5n serien Nautilus One, men if\u00f6rd ny kostym. Resultatet: v\u00e4rldens mest popul\u00e4ra magmaskin i Nautilus b\u00e4st s\u00e4ljande styrkemaskinsserie Nautilus Inspiration.<\/p>\n<ul>\n<li><span id=\"result_box\" class=\"\" lang=\"sv\">R\u00f6relsem\u00f6nstret \u00e5terupplivar och kombinerar den ursprungliga Nautilus One Abdominal Crunch (\u00e4ven kallad &#8221;clamshell&#8221;) med modern teknik<\/span><\/li>\n<li><span id=\"result_box\" class=\"\" lang=\"sv\">Ger en genuin &#8221;crunch&#8221; i magmusklerna<\/span><\/li>\n<li><span id=\"result_box\" class=\"\" lang=\"sv\">Four-bar linkage p\u00e5 \u00f6vre armar medf\u00f6r en korrekt <\/span><span id=\"result_box\" class=\"\" lang=\"sv\">rotation i br\u00f6stryggen f\u00f6r en ultimat tr\u00e4ningsk\u00e4nsla och s\u00e4kert utf\u00f6rande<\/span><\/li>\n<li><span id=\"result_box\" class=\"\" lang=\"sv\"><span class=\"\">Enkel justering av s\u00e4te<\/span><\/span><\/li>\n<li><span id=\"result_box\" class=\"\" lang=\"sv\">Markerad rotationsaxel f\u00f6r exakt positionering och b\u00e4ttre anv\u00e4ndarv\u00e4nlighet<\/span><\/li>\n<li><span id=\"result_box\" class=\"\" lang=\"sv\"><span class=\"\">Lock N Load\u00ae <\/span>med patenterat, pinl\u00f6st, stegvis viktvalssystem<\/span><\/li>\n<li><span id=\"result_box\" class=\"\" lang=\"sv\"><span class=\"\">Lentikul\u00e4r instruktionsskylt med r\u00f6rlig bild<\/span><\/span><\/li>\n<\/ul>\n","protected":false},"excerpt":{"rendered":"<p>Proudly made in the USA, the Nautilus Inspiration line delivers a series of must have updates to an outstanding strength circuit. Redesigned with beautiful, modern aesthetics and uniform towers, Nautilus Inspiration makes a powerful first impression. Each machine captures the essence of natural human movement. Members will appreciate the many easy to use and easy to see features like the wrap around assisted seat adjustment, pre-stretch and range of motion controls designed to enhance each user&#8217;s experience.<\/p>\n<ul>\n<li>Combination of upper and lower movement arms reinvents the original Nautilus<sup>\u00ae<\/sup> abdominal crunch (the \u2018clamshell\u2019) with modern-day technology<\/li>\n<li>Provides true abdominal crunch motion<\/li>\n<li>Four-bar linkage on upper movement arm provides a moving axis of rotation around the thoracic region of the spine for ultimate user feel<\/li>\n<li>Wrap-around gas assist seat adjust<\/li>\n<li>Axis of rotation highlighted for precise user positioning<\/li>\n<li>Lock N Load<sup>\u00ae<\/sup> weight selection<\/li>\n<li>Lock N Load<sup>\u00ae<\/sup> incremental add-on weight system<\/li>\n<li>Moving image lenticular instruction placard<\/li>\n<\/ul>\n","protected":false},"featured_media":8029,"template":"","meta":{"_acf_changed":false,"inline_featured_image":false},"variation":[],"product_brand":[],"product_cat":[96,309,311,319],"product_tag":[308],"class_list":{"0":"post-8028","1":"product","2":"type-product","3":"status-publish","4":"has-post-thumbnail","6":"product_cat-styrkemaskiner","7":"product_cat-nautilus","8":"product_cat-nautilus-inspiration","9":"product_cat-viktmagasin","10":"product_tag-nautilus-strength","12":"first","13":"instock","14":"purchasable","15":"product-type-simple"},"acf":[],"yoast_head":"<!-- This site is optimized with the Yoast SEO plugin v26.8 - https:\/\/yoast.com\/product\/yoast-seo-wordpress\/ -->\n<title>Inspiration Abdominal Crunch | Apirosport<\/title>\n<meta name=\"robots\" content=\"index, follow, max-snippet:-1, max-image-preview:large, max-video-preview:-1\" \/>\n<link rel=\"canonical\" href=\"https:\/\/apirosport.com\/sv\/produkt\/abdominal-crunch-2\/\" \/>\n<meta property=\"og:locale\" content=\"sv_SE\" \/>\n<meta property=\"og:type\" content=\"article\" \/>\n<meta property=\"og:title\" content=\"Inspiration Abdominal Crunch | Apirosport\" \/>\n<meta property=\"og:description\" content=\"Proudly made in the USA, the Nautilus Inspiration line delivers a series of must have updates to an outstanding strength circuit. Redesigned with beautiful, modern aesthetics and uniform towers, Nautilus Inspiration makes a powerful first impression. Each machine captures the essence of natural human movement. Members will appreciate the many easy to use and easy to see features like the wrap around assisted seat adjustment, pre-stretch and range of motion controls designed to enhance each user&#039;s experience.   Combination of upper and lower movement arms reinvents the original Nautilus\u00ae abdominal crunch (the \u2018clamshell\u2019) with modern-day technology  Provides true abdominal crunch motion  Four-bar linkage on upper movement arm provides a moving axis of rotation around the thoracic region of the spine for ultimate user feel  Wrap-around gas assist seat adjust  Axis of rotation highlighted for precise user positioning  Lock N Load\u00ae weight selection  Lock N Load\u00ae incremental add-on weight system  Moving image lenticular instruction placard\" \/>\n<meta property=\"og:url\" content=\"https:\/\/apirosport.com\/sv\/produkt\/abdominal-crunch-2\/\" \/>\n<meta property=\"og:site_name\" content=\"Apirosport\" \/>\n<meta property=\"article:modified_time\" content=\"2026-03-23T16:02:51+00:00\" \/>\n<meta property=\"og:image\" content=\"https:\/\/apirosport.com\/wp-content\/uploads\/2025\/12\/1Nautilus-Inspiration-Abdominal-Crunch-IPAC5-60-06-2-scaled.png\" \/>\n\t<meta property=\"og:image:width\" content=\"2560\" \/>\n\t<meta property=\"og:image:height\" content=\"1941\" \/>\n\t<meta property=\"og:image:type\" content=\"image\/png\" \/>\n<meta name=\"twitter:card\" content=\"summary_large_image\" \/>\n<meta name=\"twitter:title\" content=\"Apirosport\" \/>\n<meta name=\"twitter:label1\" content=\"Ber\u00e4knad l\u00e4stid\" \/>\n\t<meta name=\"twitter:data1\" content=\"1 minut\" \/>\n<script type=\"application\/ld+json\" class=\"yoast-schema-graph\">{\"@context\":\"https:\/\/schema.org\",\"@graph\":[{\"@type\":\"WebPage\",\"@id\":\"https:\/\/apirosport.com\/sv\/produkt\/abdominal-crunch-2\/\",\"url\":\"https:\/\/apirosport.com\/sv\/produkt\/abdominal-crunch-2\/\",\"name\":\"Inspiration Abdominal Crunch | Apirosport\",\"isPartOf\":{\"@id\":\"https:\/\/apirosport.com\/sv\/#website\"},\"primaryImageOfPage\":{\"@id\":\"https:\/\/apirosport.com\/sv\/produkt\/abdominal-crunch-2\/#primaryimage\"},\"image\":{\"@id\":\"https:\/\/apirosport.com\/sv\/produkt\/abdominal-crunch-2\/#primaryimage\"},\"thumbnailUrl\":\"https:\/\/apirosport.com\/wp-content\/uploads\/2025\/12\/1Nautilus-Inspiration-Abdominal-Crunch-IPAC5-60-06-2-scaled.png\",\"datePublished\":\"2017-11-17T10:56:21+00:00\",\"dateModified\":\"2026-03-23T16:02:51+00:00\",\"breadcrumb\":{\"@id\":\"https:\/\/apirosport.com\/sv\/produkt\/abdominal-crunch-2\/#breadcrumb\"},\"inLanguage\":\"sv-SE\",\"potentialAction\":[{\"@type\":\"ReadAction\",\"target\":[\"https:\/\/apirosport.com\/sv\/produkt\/abdominal-crunch-2\/\"]}]},{\"@type\":\"ImageObject\",\"inLanguage\":\"sv-SE\",\"@id\":\"https:\/\/apirosport.com\/sv\/produkt\/abdominal-crunch-2\/#primaryimage\",\"url\":\"https:\/\/apirosport.com\/wp-content\/uploads\/2025\/12\/1Nautilus-Inspiration-Abdominal-Crunch-IPAC5-60-06-2-scaled.png\",\"contentUrl\":\"https:\/\/apirosport.com\/wp-content\/uploads\/2025\/12\/1Nautilus-Inspiration-Abdominal-Crunch-IPAC5-60-06-2-scaled.png\",\"width\":2560,\"height\":1941},{\"@type\":\"BreadcrumbList\",\"@id\":\"https:\/\/apirosport.com\/sv\/produkt\/abdominal-crunch-2\/#breadcrumb\",\"itemListElement\":[{\"@type\":\"ListItem\",\"position\":1,\"name\":\"Home\",\"item\":\"https:\/\/apirosport.com\/sv\/\"},{\"@type\":\"ListItem\",\"position\":2,\"name\":\"Produkter\",\"item\":\"https:\/\/apirosport.com\/sv\/produkter\/\"},{\"@type\":\"ListItem\",\"position\":3,\"name\":\"Inspiration Abdominal Crunch\"}]},{\"@type\":\"WebSite\",\"@id\":\"https:\/\/apirosport.com\/sv\/#website\",\"url\":\"https:\/\/apirosport.com\/sv\/\",\"name\":\"Apirosport\",\"description\":\"\",\"publisher\":{\"@id\":\"https:\/\/apirosport.com\/sv\/#organization\"},\"alternateName\":\"Apirosport\",\"potentialAction\":[{\"@type\":\"SearchAction\",\"target\":{\"@type\":\"EntryPoint\",\"urlTemplate\":\"https:\/\/apirosport.com\/sv\/?s={search_term_string}\"},\"query-input\":{\"@type\":\"PropertyValueSpecification\",\"valueRequired\":true,\"valueName\":\"search_term_string\"}}],\"inLanguage\":\"sv-SE\"},{\"@type\":\"Organization\",\"@id\":\"https:\/\/apirosport.com\/sv\/#organization\",\"name\":\"Apirosport\",\"alternateName\":\"Apirosport\",\"url\":\"https:\/\/apirosport.com\/sv\/\",\"logo\":{\"@type\":\"ImageObject\",\"inLanguage\":\"sv-SE\",\"@id\":\"https:\/\/apirosport.com\/sv\/#\/schema\/logo\/image\/\",\"url\":\"https:\/\/apirosport.com\/wp-content\/uploads\/2025\/12\/Apirosport-yellow-scaled.png\",\"contentUrl\":\"https:\/\/apirosport.com\/wp-content\/uploads\/2025\/12\/Apirosport-yellow-scaled.png\",\"width\":2560,\"height\":2278,\"caption\":\"Apirosport\"},\"image\":{\"@id\":\"https:\/\/apirosport.com\/sv\/#\/schema\/logo\/image\/\"}}]}<\/script>\n<!-- \/ Yoast SEO plugin. -->","yoast_head_json":{"title":"Inspiration Abdominal Crunch | Apirosport","robots":{"index":"index","follow":"follow","max-snippet":"max-snippet:-1","max-image-preview":"max-image-preview:large","max-video-preview":"max-video-preview:-1"},"canonical":"https:\/\/apirosport.com\/sv\/produkt\/abdominal-crunch-2\/","og_locale":"sv_SE","og_type":"article","og_title":"Inspiration Abdominal Crunch | Apirosport","og_description":"Proudly made in the USA, the Nautilus Inspiration line delivers a series of must have updates to an outstanding strength circuit. Redesigned with beautiful, modern aesthetics and uniform towers, Nautilus Inspiration makes a powerful first impression. Each machine captures the essence of natural human movement. Members will appreciate the many easy to use and easy to see features like the wrap around assisted seat adjustment, pre-stretch and range of motion controls designed to enhance each user's experience.   Combination of upper and lower movement arms reinvents the original Nautilus\u00ae abdominal crunch (the \u2018clamshell\u2019) with modern-day technology  Provides true abdominal crunch motion  Four-bar linkage on upper movement arm provides a moving axis of rotation around the thoracic region of the spine for ultimate user feel  Wrap-around gas assist seat adjust  Axis of rotation highlighted for precise user positioning  Lock N Load\u00ae weight selection  Lock N Load\u00ae incremental add-on weight system  Moving image lenticular instruction placard","og_url":"https:\/\/apirosport.com\/sv\/produkt\/abdominal-crunch-2\/","og_site_name":"Apirosport","article_modified_time":"2026-03-23T16:02:51+00:00","og_image":[{"width":2560,"height":1941,"url":"https:\/\/apirosport.com\/wp-content\/uploads\/2025\/12\/1Nautilus-Inspiration-Abdominal-Crunch-IPAC5-60-06-2-scaled.png","type":"image\/png"}],"twitter_card":"summary_large_image","twitter_title":"Apirosport","twitter_misc":{"Ber\u00e4knad l\u00e4stid":"1 minut"},"schema":{"@context":"https:\/\/schema.org","@graph":[{"@type":"WebPage","@id":"https:\/\/apirosport.com\/sv\/produkt\/abdominal-crunch-2\/","url":"https:\/\/apirosport.com\/sv\/produkt\/abdominal-crunch-2\/","name":"Inspiration Abdominal Crunch | Apirosport","isPartOf":{"@id":"https:\/\/apirosport.com\/sv\/#website"},"primaryImageOfPage":{"@id":"https:\/\/apirosport.com\/sv\/produkt\/abdominal-crunch-2\/#primaryimage"},"image":{"@id":"https:\/\/apirosport.com\/sv\/produkt\/abdominal-crunch-2\/#primaryimage"},"thumbnailUrl":"https:\/\/apirosport.com\/wp-content\/uploads\/2025\/12\/1Nautilus-Inspiration-Abdominal-Crunch-IPAC5-60-06-2-scaled.png","datePublished":"2017-11-17T10:56:21+00:00","dateModified":"2026-03-23T16:02:51+00:00","breadcrumb":{"@id":"https:\/\/apirosport.com\/sv\/produkt\/abdominal-crunch-2\/#breadcrumb"},"inLanguage":"sv-SE","potentialAction":[{"@type":"ReadAction","target":["https:\/\/apirosport.com\/sv\/produkt\/abdominal-crunch-2\/"]}]},{"@type":"ImageObject","inLanguage":"sv-SE","@id":"https:\/\/apirosport.com\/sv\/produkt\/abdominal-crunch-2\/#primaryimage","url":"https:\/\/apirosport.com\/wp-content\/uploads\/2025\/12\/1Nautilus-Inspiration-Abdominal-Crunch-IPAC5-60-06-2-scaled.png","contentUrl":"https:\/\/apirosport.com\/wp-content\/uploads\/2025\/12\/1Nautilus-Inspiration-Abdominal-Crunch-IPAC5-60-06-2-scaled.png","width":2560,"height":1941},{"@type":"BreadcrumbList","@id":"https:\/\/apirosport.com\/sv\/produkt\/abdominal-crunch-2\/#breadcrumb","itemListElement":[{"@type":"ListItem","position":1,"name":"Home","item":"https:\/\/apirosport.com\/sv\/"},{"@type":"ListItem","position":2,"name":"Produkter","item":"https:\/\/apirosport.com\/sv\/produkter\/"},{"@type":"ListItem","position":3,"name":"Inspiration Abdominal Crunch"}]},{"@type":"WebSite","@id":"https:\/\/apirosport.com\/sv\/#website","url":"https:\/\/apirosport.com\/sv\/","name":"Apirosport","description":"","publisher":{"@id":"https:\/\/apirosport.com\/sv\/#organization"},"alternateName":"Apirosport","potentialAction":[{"@type":"SearchAction","target":{"@type":"EntryPoint","urlTemplate":"https:\/\/apirosport.com\/sv\/?s={search_term_string}"},"query-input":{"@type":"PropertyValueSpecification","valueRequired":true,"valueName":"search_term_string"}}],"inLanguage":"sv-SE"},{"@type":"Organization","@id":"https:\/\/apirosport.com\/sv\/#organization","name":"Apirosport","alternateName":"Apirosport","url":"https:\/\/apirosport.com\/sv\/","logo":{"@type":"ImageObject","inLanguage":"sv-SE","@id":"https:\/\/apirosport.com\/sv\/#\/schema\/logo\/image\/","url":"https:\/\/apirosport.com\/wp-content\/uploads\/2025\/12\/Apirosport-yellow-scaled.png","contentUrl":"https:\/\/apirosport.com\/wp-content\/uploads\/2025\/12\/Apirosport-yellow-scaled.png","width":2560,"height":2278,"caption":"Apirosport"},"image":{"@id":"https:\/\/apirosport.com\/sv\/#\/schema\/logo\/image\/"}}]}},"_links":{"self":[{"href":"https:\/\/apirosport.com\/sv\/wp-json\/wp\/v2\/product\/8028","targetHints":{"allow":["GET"]}}],"collection":[{"href":"https:\/\/apirosport.com\/sv\/wp-json\/wp\/v2\/product"}],"about":[{"href":"https:\/\/apirosport.com\/sv\/wp-json\/wp\/v2\/types\/product"}],"wp:featuredmedia":[{"embeddable":true,"href":"https:\/\/apirosport.com\/sv\/wp-json\/wp\/v2\/media\/8029"}],"wp:attachment":[{"href":"https:\/\/apirosport.com\/sv\/wp-json\/wp\/v2\/media?parent=8028"}],"wp:term":[{"taxonomy":"variation","embeddable":true,"href":"https:\/\/apirosport.com\/sv\/wp-json\/wp\/v2\/variation?post=8028"},{"taxonomy":"product_brand","embeddable":true,"href":"https:\/\/apirosport.com\/sv\/wp-json\/wp\/v2\/product_brand?post=8028"},{"taxonomy":"product_cat","embeddable":true,"href":"https:\/\/apirosport.com\/sv\/wp-json\/wp\/v2\/product_cat?post=8028"},{"taxonomy":"product_tag","embeddable":true,"href":"https:\/\/apirosport.com\/sv\/wp-json\/wp\/v2\/product_tag?post=8028"}],"curies":[{"name":"wp","href":"https:\/\/api.w.org\/{rel}","templated":true}]}}