{"id":8036,"date":"2017-11-17T10:56:23","date_gmt":"2017-11-17T10:56:23","guid":{"rendered":"https:\/\/apirosport.com\/?post_type=product&#038;p=8036"},"modified":"2026-03-23T15:44:58","modified_gmt":"2026-03-23T15:44:58","slug":"abductionadduction","status":"publish","type":"product","link":"https:\/\/apirosport.com\/sv\/produkt\/abductionadduction\/","title":{"rendered":"Inspiration Abduction\/Adduction"},"content":{"rendered":"<p><span id=\"result_box\" class=\"\" lang=\"sv\"><span class=\"\">I Abduction\/Adduction tr\u00e4nas b\u00e5de insida och utsida l\u00e5r &#8211; tillsammans med alla f\u00f6rdelar som kommer med Nautilus Inspiration. Musklerna p\u00e5 insida\/utsida l\u00e5r \u00e4r sm\u00e5 och gl\u00f6ms ofta bort, men de \u00e4r v\u00e4ldigt viktiga f\u00f6r v\u00e5r f\u00f6rm\u00e5ga att st\u00e5, g\u00e5 och rotera v\u00e5ra ben.<br \/>\n<\/span><\/span><\/p>\n<ul>\n<li>Reglage f\u00f6r range of motion (r\u00f6relseomf\u00e5ng h\u00f6ger-v\u00e4nster) finns l\u00e4tt tillg\u00e4nglig under s\u00e4tet<\/li>\n<li><span id=\"result_box\" class=\"\" lang=\"sv\"><span class=\"\">Roterande l\u00e5rkuddar beroende p\u00e5 vilken \u00f6vning (Abduction\/Adduction)<\/span><\/span><\/li>\n<li>T\u00e4ckande sk\u00e4rm framf\u00f6r benen med handtag f\u00f6r extra stabilitet och f\u00f6r att underl\u00e4tta vid in- och utsteg<\/li>\n<li>Profilerad <span class=\"\" lang=\"sv\"><span class=\"\">kl\u00e4dsel med st\u00f6d f\u00f6r l\u00e4ndryggen<\/span><\/span><\/li>\n<li><span id=\"result_box\" class=\"\" lang=\"sv\"><span class=\"\">Lock N Load\u00ae <\/span>med patenterat, pinl\u00f6st, stegvis viktvalssystem<\/span><\/li>\n<li><span id=\"result_box\" class=\"\" lang=\"sv\"><span class=\"\">Lentikul\u00e4r instruktionsskylt med r\u00f6rlig bild<\/span><\/span><\/li>\n<\/ul>\n","protected":false},"excerpt":{"rendered":"<p>Proudly made in the USA, the Nautilus Inspiration line delivers a series of must have updates to an outstanding strength circuit. Redesigned with beautiful, modern aesthetics and uniform towers, Nautilus Inspiration makes a powerful first impression. Each machine captures the essence of natural human movement. Members will appreciate the many easy to use and easy to see features like the wrap around assisted seat adjustment, pre-stretch and range of motion controls designed to enhance each user&#8217;s experience.<\/p>\n<ul>\n<li>Right\/Left range of motion adjustment handle beneath seat<\/li>\n<li>Rotating thigh pads for inner\/outer thigh positioning<\/li>\n<li>Vanity shield with user stabilization entry\/exit handle<\/li>\n<li>Contoured upholstery with lumbar support<\/li>\n<li>Lock N Load<sup>\u00ae<\/sup> weight selection<\/li>\n<li>Lock N Load<sup>\u00ae<\/sup> incremental add-on weight system<\/li>\n<li>Moving image lenticular instruction placard<\/li>\n<\/ul>\n","protected":false},"featured_media":8037,"template":"","meta":{"_acf_changed":false,"inline_featured_image":false},"variation":[],"product_brand":[],"product_cat":[96,309,311,319],"product_tag":[308],"class_list":{"0":"post-8036","1":"product","2":"type-product","3":"status-publish","4":"has-post-thumbnail","6":"product_cat-styrkemaskiner","7":"product_cat-nautilus","8":"product_cat-nautilus-inspiration","9":"product_cat-viktmagasin","10":"product_tag-nautilus-strength","12":"first","13":"instock","14":"purchasable","15":"product-type-simple"},"acf":[],"yoast_head":"<!-- This site is optimized with the Yoast SEO plugin v26.8 - https:\/\/yoast.com\/product\/yoast-seo-wordpress\/ -->\n<title>Inspiration Abduction\/Adduction | Apirosport<\/title>\n<meta name=\"robots\" content=\"index, follow, max-snippet:-1, max-image-preview:large, max-video-preview:-1\" \/>\n<link rel=\"canonical\" href=\"https:\/\/apirosport.com\/sv\/produkt\/abductionadduction\/\" \/>\n<meta property=\"og:locale\" content=\"sv_SE\" \/>\n<meta property=\"og:type\" content=\"article\" \/>\n<meta property=\"og:title\" content=\"Inspiration Abduction\/Adduction | Apirosport\" \/>\n<meta property=\"og:description\" content=\"Proudly made in the USA, the Nautilus Inspiration line delivers a series of must have updates to an outstanding strength circuit. Redesigned with beautiful, modern aesthetics and uniform towers, Nautilus Inspiration makes a powerful first impression. Each machine captures the essence of natural human movement. Members will appreciate the many easy to use and easy to see features like the wrap around assisted seat adjustment, pre-stretch and range of motion controls designed to enhance each user&#039;s experience.   Right\/Left range of motion adjustment handle beneath seat  Rotating thigh pads for inner\/outer thigh positioning  Vanity shield with user stabilization entry\/exit handle  Contoured upholstery with lumbar support  Lock N Load\u00ae weight selection  Lock N Load\u00ae incremental add-on weight system  Moving image lenticular instruction placard\" \/>\n<meta property=\"og:url\" content=\"https:\/\/apirosport.com\/sv\/produkt\/abductionadduction\/\" \/>\n<meta property=\"og:site_name\" content=\"Apirosport\" \/>\n<meta property=\"article:modified_time\" content=\"2026-03-23T15:44:58+00:00\" \/>\n<meta property=\"og:image\" content=\"https:\/\/apirosport.com\/wp-content\/uploads\/2025\/12\/abduction-adduction-2.png\" \/>\n\t<meta property=\"og:image:width\" content=\"1276\" \/>\n\t<meta property=\"og:image:height\" content=\"1276\" \/>\n\t<meta property=\"og:image:type\" content=\"image\/png\" \/>\n<meta name=\"twitter:card\" content=\"summary_large_image\" \/>\n<meta name=\"twitter:title\" content=\"Apirosport\" \/>\n<meta name=\"twitter:label1\" content=\"Ber\u00e4knad l\u00e4stid\" \/>\n\t<meta name=\"twitter:data1\" content=\"1 minut\" \/>\n<script type=\"application\/ld+json\" class=\"yoast-schema-graph\">{\"@context\":\"https:\/\/schema.org\",\"@graph\":[{\"@type\":\"WebPage\",\"@id\":\"https:\/\/apirosport.com\/sv\/produkt\/abductionadduction\/\",\"url\":\"https:\/\/apirosport.com\/sv\/produkt\/abductionadduction\/\",\"name\":\"Inspiration Abduction\/Adduction | Apirosport\",\"isPartOf\":{\"@id\":\"https:\/\/apirosport.com\/sv\/#website\"},\"primaryImageOfPage\":{\"@id\":\"https:\/\/apirosport.com\/sv\/produkt\/abductionadduction\/#primaryimage\"},\"image\":{\"@id\":\"https:\/\/apirosport.com\/sv\/produkt\/abductionadduction\/#primaryimage\"},\"thumbnailUrl\":\"https:\/\/apirosport.com\/wp-content\/uploads\/2025\/12\/abduction-adduction-2.png\",\"datePublished\":\"2017-11-17T10:56:23+00:00\",\"dateModified\":\"2026-03-23T15:44:58+00:00\",\"breadcrumb\":{\"@id\":\"https:\/\/apirosport.com\/sv\/produkt\/abductionadduction\/#breadcrumb\"},\"inLanguage\":\"sv-SE\",\"potentialAction\":[{\"@type\":\"ReadAction\",\"target\":[\"https:\/\/apirosport.com\/sv\/produkt\/abductionadduction\/\"]}]},{\"@type\":\"ImageObject\",\"inLanguage\":\"sv-SE\",\"@id\":\"https:\/\/apirosport.com\/sv\/produkt\/abductionadduction\/#primaryimage\",\"url\":\"https:\/\/apirosport.com\/wp-content\/uploads\/2025\/12\/abduction-adduction-2.png\",\"contentUrl\":\"https:\/\/apirosport.com\/wp-content\/uploads\/2025\/12\/abduction-adduction-2.png\",\"width\":1276,\"height\":1276},{\"@type\":\"BreadcrumbList\",\"@id\":\"https:\/\/apirosport.com\/sv\/produkt\/abductionadduction\/#breadcrumb\",\"itemListElement\":[{\"@type\":\"ListItem\",\"position\":1,\"name\":\"Home\",\"item\":\"https:\/\/apirosport.com\/sv\/\"},{\"@type\":\"ListItem\",\"position\":2,\"name\":\"Produkter\",\"item\":\"https:\/\/apirosport.com\/sv\/produkter\/\"},{\"@type\":\"ListItem\",\"position\":3,\"name\":\"Inspiration Abduction\/Adduction\"}]},{\"@type\":\"WebSite\",\"@id\":\"https:\/\/apirosport.com\/sv\/#website\",\"url\":\"https:\/\/apirosport.com\/sv\/\",\"name\":\"Apirosport\",\"description\":\"\",\"publisher\":{\"@id\":\"https:\/\/apirosport.com\/sv\/#organization\"},\"alternateName\":\"Apirosport\",\"potentialAction\":[{\"@type\":\"SearchAction\",\"target\":{\"@type\":\"EntryPoint\",\"urlTemplate\":\"https:\/\/apirosport.com\/sv\/?s={search_term_string}\"},\"query-input\":{\"@type\":\"PropertyValueSpecification\",\"valueRequired\":true,\"valueName\":\"search_term_string\"}}],\"inLanguage\":\"sv-SE\"},{\"@type\":\"Organization\",\"@id\":\"https:\/\/apirosport.com\/sv\/#organization\",\"name\":\"Apirosport\",\"alternateName\":\"Apirosport\",\"url\":\"https:\/\/apirosport.com\/sv\/\",\"logo\":{\"@type\":\"ImageObject\",\"inLanguage\":\"sv-SE\",\"@id\":\"https:\/\/apirosport.com\/sv\/#\/schema\/logo\/image\/\",\"url\":\"https:\/\/apirosport.com\/wp-content\/uploads\/2025\/12\/Apirosport-yellow-scaled.png\",\"contentUrl\":\"https:\/\/apirosport.com\/wp-content\/uploads\/2025\/12\/Apirosport-yellow-scaled.png\",\"width\":2560,\"height\":2278,\"caption\":\"Apirosport\"},\"image\":{\"@id\":\"https:\/\/apirosport.com\/sv\/#\/schema\/logo\/image\/\"}}]}<\/script>\n<!-- \/ Yoast SEO plugin. -->","yoast_head_json":{"title":"Inspiration Abduction\/Adduction | Apirosport","robots":{"index":"index","follow":"follow","max-snippet":"max-snippet:-1","max-image-preview":"max-image-preview:large","max-video-preview":"max-video-preview:-1"},"canonical":"https:\/\/apirosport.com\/sv\/produkt\/abductionadduction\/","og_locale":"sv_SE","og_type":"article","og_title":"Inspiration Abduction\/Adduction | Apirosport","og_description":"Proudly made in the USA, the Nautilus Inspiration line delivers a series of must have updates to an outstanding strength circuit. Redesigned with beautiful, modern aesthetics and uniform towers, Nautilus Inspiration makes a powerful first impression. Each machine captures the essence of natural human movement. Members will appreciate the many easy to use and easy to see features like the wrap around assisted seat adjustment, pre-stretch and range of motion controls designed to enhance each user's experience.   Right\/Left range of motion adjustment handle beneath seat  Rotating thigh pads for inner\/outer thigh positioning  Vanity shield with user stabilization entry\/exit handle  Contoured upholstery with lumbar support  Lock N Load\u00ae weight selection  Lock N Load\u00ae incremental add-on weight system  Moving image lenticular instruction placard","og_url":"https:\/\/apirosport.com\/sv\/produkt\/abductionadduction\/","og_site_name":"Apirosport","article_modified_time":"2026-03-23T15:44:58+00:00","og_image":[{"width":1276,"height":1276,"url":"https:\/\/apirosport.com\/wp-content\/uploads\/2025\/12\/abduction-adduction-2.png","type":"image\/png"}],"twitter_card":"summary_large_image","twitter_title":"Apirosport","twitter_misc":{"Ber\u00e4knad l\u00e4stid":"1 minut"},"schema":{"@context":"https:\/\/schema.org","@graph":[{"@type":"WebPage","@id":"https:\/\/apirosport.com\/sv\/produkt\/abductionadduction\/","url":"https:\/\/apirosport.com\/sv\/produkt\/abductionadduction\/","name":"Inspiration Abduction\/Adduction | Apirosport","isPartOf":{"@id":"https:\/\/apirosport.com\/sv\/#website"},"primaryImageOfPage":{"@id":"https:\/\/apirosport.com\/sv\/produkt\/abductionadduction\/#primaryimage"},"image":{"@id":"https:\/\/apirosport.com\/sv\/produkt\/abductionadduction\/#primaryimage"},"thumbnailUrl":"https:\/\/apirosport.com\/wp-content\/uploads\/2025\/12\/abduction-adduction-2.png","datePublished":"2017-11-17T10:56:23+00:00","dateModified":"2026-03-23T15:44:58+00:00","breadcrumb":{"@id":"https:\/\/apirosport.com\/sv\/produkt\/abductionadduction\/#breadcrumb"},"inLanguage":"sv-SE","potentialAction":[{"@type":"ReadAction","target":["https:\/\/apirosport.com\/sv\/produkt\/abductionadduction\/"]}]},{"@type":"ImageObject","inLanguage":"sv-SE","@id":"https:\/\/apirosport.com\/sv\/produkt\/abductionadduction\/#primaryimage","url":"https:\/\/apirosport.com\/wp-content\/uploads\/2025\/12\/abduction-adduction-2.png","contentUrl":"https:\/\/apirosport.com\/wp-content\/uploads\/2025\/12\/abduction-adduction-2.png","width":1276,"height":1276},{"@type":"BreadcrumbList","@id":"https:\/\/apirosport.com\/sv\/produkt\/abductionadduction\/#breadcrumb","itemListElement":[{"@type":"ListItem","position":1,"name":"Home","item":"https:\/\/apirosport.com\/sv\/"},{"@type":"ListItem","position":2,"name":"Produkter","item":"https:\/\/apirosport.com\/sv\/produkter\/"},{"@type":"ListItem","position":3,"name":"Inspiration Abduction\/Adduction"}]},{"@type":"WebSite","@id":"https:\/\/apirosport.com\/sv\/#website","url":"https:\/\/apirosport.com\/sv\/","name":"Apirosport","description":"","publisher":{"@id":"https:\/\/apirosport.com\/sv\/#organization"},"alternateName":"Apirosport","potentialAction":[{"@type":"SearchAction","target":{"@type":"EntryPoint","urlTemplate":"https:\/\/apirosport.com\/sv\/?s={search_term_string}"},"query-input":{"@type":"PropertyValueSpecification","valueRequired":true,"valueName":"search_term_string"}}],"inLanguage":"sv-SE"},{"@type":"Organization","@id":"https:\/\/apirosport.com\/sv\/#organization","name":"Apirosport","alternateName":"Apirosport","url":"https:\/\/apirosport.com\/sv\/","logo":{"@type":"ImageObject","inLanguage":"sv-SE","@id":"https:\/\/apirosport.com\/sv\/#\/schema\/logo\/image\/","url":"https:\/\/apirosport.com\/wp-content\/uploads\/2025\/12\/Apirosport-yellow-scaled.png","contentUrl":"https:\/\/apirosport.com\/wp-content\/uploads\/2025\/12\/Apirosport-yellow-scaled.png","width":2560,"height":2278,"caption":"Apirosport"},"image":{"@id":"https:\/\/apirosport.com\/sv\/#\/schema\/logo\/image\/"}}]}},"_links":{"self":[{"href":"https:\/\/apirosport.com\/sv\/wp-json\/wp\/v2\/product\/8036","targetHints":{"allow":["GET"]}}],"collection":[{"href":"https:\/\/apirosport.com\/sv\/wp-json\/wp\/v2\/product"}],"about":[{"href":"https:\/\/apirosport.com\/sv\/wp-json\/wp\/v2\/types\/product"}],"wp:featuredmedia":[{"embeddable":true,"href":"https:\/\/apirosport.com\/sv\/wp-json\/wp\/v2\/media\/8037"}],"wp:attachment":[{"href":"https:\/\/apirosport.com\/sv\/wp-json\/wp\/v2\/media?parent=8036"}],"wp:term":[{"taxonomy":"variation","embeddable":true,"href":"https:\/\/apirosport.com\/sv\/wp-json\/wp\/v2\/variation?post=8036"},{"taxonomy":"product_brand","embeddable":true,"href":"https:\/\/apirosport.com\/sv\/wp-json\/wp\/v2\/product_brand?post=8036"},{"taxonomy":"product_cat","embeddable":true,"href":"https:\/\/apirosport.com\/sv\/wp-json\/wp\/v2\/product_cat?post=8036"},{"taxonomy":"product_tag","embeddable":true,"href":"https:\/\/apirosport.com\/sv\/wp-json\/wp\/v2\/product_tag?post=8036"}],"curies":[{"name":"wp","href":"https:\/\/api.w.org\/{rel}","templated":true}]}}