{"id":8046,"date":"2017-11-17T10:56:23","date_gmt":"2017-11-17T10:56:23","guid":{"rendered":"https:\/\/apirosport.com\/?post_type=product&#038;p=8046"},"modified":"2026-03-23T15:47:17","modified_gmt":"2026-03-23T15:47:17","slug":"pec-flyrear-deltoid","status":"publish","type":"product","link":"https:\/\/apirosport.com\/sv\/produkt\/pec-flyrear-deltoid\/","title":{"rendered":"Inspiration Pec Fly\/Rear Deltoid"},"content":{"rendered":"<ul>\n<li>Dualmaskin med tv\u00e5 \u00f6vningar: Pectoral Fly och Rear Deltoid<\/li>\n<li><span id=\"result_box\" class=\"short_text\" lang=\"sv\"><span class=\"\">Supinerade och pronerande greppalternativ<\/span><\/span><\/li>\n<li>Unilateral eller bilateral r\u00f6relse beroende p\u00e5 \u00f6vning<\/li>\n<li>Lock N Load\u00ae med patenterat, pinl\u00f6st, stegvis viktvalssystem<\/li>\n<li>Lentikul\u00e4r instruktionsskylt med r\u00f6rlig bild<\/li>\n<\/ul>\n","protected":false},"excerpt":{"rendered":"<p>Modern teknik m\u00f6ter 40 \u00e5rs erfarenhet! Inspiration Rec Fly\/Rear Deltoid \u00e4r en av 19 maskiner fr\u00e5n Nautilus b\u00e4st-s\u00e4ljande serie Inspiration Strength.<\/p>\n","protected":false},"featured_media":8047,"template":"","meta":{"_acf_changed":false,"inline_featured_image":false},"variation":[],"product_brand":[],"product_cat":[319,96,309,311],"product_tag":[308],"class_list":{"0":"post-8046","1":"product","2":"type-product","3":"status-publish","4":"has-post-thumbnail","6":"product_cat-viktmagasin","7":"product_cat-styrkemaskiner","8":"product_cat-nautilus","9":"product_cat-nautilus-inspiration","10":"product_tag-nautilus-strength","12":"first","13":"instock","14":"purchasable","15":"product-type-simple"},"acf":[],"yoast_head":"<!-- This site is optimized with the Yoast SEO plugin v26.8 - https:\/\/yoast.com\/product\/yoast-seo-wordpress\/ -->\n<title>Inspiration Pec Fly\/Rear Deltoid | Apirosport<\/title>\n<meta name=\"robots\" content=\"index, follow, max-snippet:-1, max-image-preview:large, max-video-preview:-1\" \/>\n<link rel=\"canonical\" href=\"https:\/\/apirosport.com\/sv\/produkt\/pec-flyrear-deltoid\/\" \/>\n<meta property=\"og:locale\" content=\"sv_SE\" \/>\n<meta property=\"og:type\" content=\"article\" \/>\n<meta property=\"og:title\" content=\"Inspiration Pec Fly\/Rear Deltoid | Apirosport\" \/>\n<meta property=\"og:description\" content=\"Modern teknik m\u00f6ter 40 \u00e5rs erfarenhet! Inspiration Rec Fly\/Rear Deltoid \u00e4r en av 19 maskiner fr\u00e5n Nautilus b\u00e4st-s\u00e4ljande serie Inspiration Strength.\" \/>\n<meta property=\"og:url\" content=\"https:\/\/apirosport.com\/sv\/produkt\/pec-flyrear-deltoid\/\" \/>\n<meta property=\"og:site_name\" content=\"Apirosport\" \/>\n<meta property=\"article:modified_time\" content=\"2026-03-23T15:47:17+00:00\" \/>\n<meta property=\"og:image\" content=\"https:\/\/apirosport.com\/wp-content\/uploads\/2025\/12\/Nautilus-Inspiration-Pec-Fly-Rear-Deltoid-IPPF5-60-06-2.png\" \/>\n\t<meta property=\"og:image:width\" content=\"1181\" \/>\n\t<meta property=\"og:image:height\" content=\"1181\" \/>\n\t<meta property=\"og:image:type\" content=\"image\/png\" \/>\n<meta name=\"twitter:card\" content=\"summary_large_image\" \/>\n<meta name=\"twitter:title\" content=\"Apirosport\" \/>\n<meta name=\"twitter:label1\" content=\"Ber\u00e4knad l\u00e4stid\" \/>\n\t<meta name=\"twitter:data1\" content=\"1 minut\" \/>\n<script type=\"application\/ld+json\" class=\"yoast-schema-graph\">{\"@context\":\"https:\/\/schema.org\",\"@graph\":[{\"@type\":\"WebPage\",\"@id\":\"https:\/\/apirosport.com\/sv\/produkt\/pec-flyrear-deltoid\/\",\"url\":\"https:\/\/apirosport.com\/sv\/produkt\/pec-flyrear-deltoid\/\",\"name\":\"Inspiration Pec Fly\/Rear Deltoid | Apirosport\",\"isPartOf\":{\"@id\":\"https:\/\/apirosport.com\/sv\/#website\"},\"primaryImageOfPage\":{\"@id\":\"https:\/\/apirosport.com\/sv\/produkt\/pec-flyrear-deltoid\/#primaryimage\"},\"image\":{\"@id\":\"https:\/\/apirosport.com\/sv\/produkt\/pec-flyrear-deltoid\/#primaryimage\"},\"thumbnailUrl\":\"https:\/\/apirosport.com\/wp-content\/uploads\/2025\/12\/Nautilus-Inspiration-Pec-Fly-Rear-Deltoid-IPPF5-60-06-2.png\",\"datePublished\":\"2017-11-17T10:56:23+00:00\",\"dateModified\":\"2026-03-23T15:47:17+00:00\",\"breadcrumb\":{\"@id\":\"https:\/\/apirosport.com\/sv\/produkt\/pec-flyrear-deltoid\/#breadcrumb\"},\"inLanguage\":\"sv-SE\",\"potentialAction\":[{\"@type\":\"ReadAction\",\"target\":[\"https:\/\/apirosport.com\/sv\/produkt\/pec-flyrear-deltoid\/\"]}]},{\"@type\":\"ImageObject\",\"inLanguage\":\"sv-SE\",\"@id\":\"https:\/\/apirosport.com\/sv\/produkt\/pec-flyrear-deltoid\/#primaryimage\",\"url\":\"https:\/\/apirosport.com\/wp-content\/uploads\/2025\/12\/Nautilus-Inspiration-Pec-Fly-Rear-Deltoid-IPPF5-60-06-2.png\",\"contentUrl\":\"https:\/\/apirosport.com\/wp-content\/uploads\/2025\/12\/Nautilus-Inspiration-Pec-Fly-Rear-Deltoid-IPPF5-60-06-2.png\",\"width\":1181,\"height\":1181},{\"@type\":\"BreadcrumbList\",\"@id\":\"https:\/\/apirosport.com\/sv\/produkt\/pec-flyrear-deltoid\/#breadcrumb\",\"itemListElement\":[{\"@type\":\"ListItem\",\"position\":1,\"name\":\"Home\",\"item\":\"https:\/\/apirosport.com\/sv\/\"},{\"@type\":\"ListItem\",\"position\":2,\"name\":\"Produkter\",\"item\":\"https:\/\/apirosport.com\/sv\/produkter\/\"},{\"@type\":\"ListItem\",\"position\":3,\"name\":\"Inspiration Pec Fly\/Rear Deltoid\"}]},{\"@type\":\"WebSite\",\"@id\":\"https:\/\/apirosport.com\/sv\/#website\",\"url\":\"https:\/\/apirosport.com\/sv\/\",\"name\":\"Apirosport\",\"description\":\"\",\"publisher\":{\"@id\":\"https:\/\/apirosport.com\/sv\/#organization\"},\"alternateName\":\"Apirosport\",\"potentialAction\":[{\"@type\":\"SearchAction\",\"target\":{\"@type\":\"EntryPoint\",\"urlTemplate\":\"https:\/\/apirosport.com\/sv\/?s={search_term_string}\"},\"query-input\":{\"@type\":\"PropertyValueSpecification\",\"valueRequired\":true,\"valueName\":\"search_term_string\"}}],\"inLanguage\":\"sv-SE\"},{\"@type\":\"Organization\",\"@id\":\"https:\/\/apirosport.com\/sv\/#organization\",\"name\":\"Apirosport\",\"alternateName\":\"Apirosport\",\"url\":\"https:\/\/apirosport.com\/sv\/\",\"logo\":{\"@type\":\"ImageObject\",\"inLanguage\":\"sv-SE\",\"@id\":\"https:\/\/apirosport.com\/sv\/#\/schema\/logo\/image\/\",\"url\":\"https:\/\/apirosport.com\/wp-content\/uploads\/2025\/12\/Apirosport-yellow-scaled.png\",\"contentUrl\":\"https:\/\/apirosport.com\/wp-content\/uploads\/2025\/12\/Apirosport-yellow-scaled.png\",\"width\":2560,\"height\":2278,\"caption\":\"Apirosport\"},\"image\":{\"@id\":\"https:\/\/apirosport.com\/sv\/#\/schema\/logo\/image\/\"}}]}<\/script>\n<!-- \/ Yoast SEO plugin. -->","yoast_head_json":{"title":"Inspiration Pec Fly\/Rear Deltoid | Apirosport","robots":{"index":"index","follow":"follow","max-snippet":"max-snippet:-1","max-image-preview":"max-image-preview:large","max-video-preview":"max-video-preview:-1"},"canonical":"https:\/\/apirosport.com\/sv\/produkt\/pec-flyrear-deltoid\/","og_locale":"sv_SE","og_type":"article","og_title":"Inspiration Pec Fly\/Rear Deltoid | Apirosport","og_description":"Modern teknik m\u00f6ter 40 \u00e5rs erfarenhet! Inspiration Rec Fly\/Rear Deltoid \u00e4r en av 19 maskiner fr\u00e5n Nautilus b\u00e4st-s\u00e4ljande serie Inspiration Strength.","og_url":"https:\/\/apirosport.com\/sv\/produkt\/pec-flyrear-deltoid\/","og_site_name":"Apirosport","article_modified_time":"2026-03-23T15:47:17+00:00","og_image":[{"width":1181,"height":1181,"url":"https:\/\/apirosport.com\/wp-content\/uploads\/2025\/12\/Nautilus-Inspiration-Pec-Fly-Rear-Deltoid-IPPF5-60-06-2.png","type":"image\/png"}],"twitter_card":"summary_large_image","twitter_title":"Apirosport","twitter_misc":{"Ber\u00e4knad l\u00e4stid":"1 minut"},"schema":{"@context":"https:\/\/schema.org","@graph":[{"@type":"WebPage","@id":"https:\/\/apirosport.com\/sv\/produkt\/pec-flyrear-deltoid\/","url":"https:\/\/apirosport.com\/sv\/produkt\/pec-flyrear-deltoid\/","name":"Inspiration Pec Fly\/Rear Deltoid | Apirosport","isPartOf":{"@id":"https:\/\/apirosport.com\/sv\/#website"},"primaryImageOfPage":{"@id":"https:\/\/apirosport.com\/sv\/produkt\/pec-flyrear-deltoid\/#primaryimage"},"image":{"@id":"https:\/\/apirosport.com\/sv\/produkt\/pec-flyrear-deltoid\/#primaryimage"},"thumbnailUrl":"https:\/\/apirosport.com\/wp-content\/uploads\/2025\/12\/Nautilus-Inspiration-Pec-Fly-Rear-Deltoid-IPPF5-60-06-2.png","datePublished":"2017-11-17T10:56:23+00:00","dateModified":"2026-03-23T15:47:17+00:00","breadcrumb":{"@id":"https:\/\/apirosport.com\/sv\/produkt\/pec-flyrear-deltoid\/#breadcrumb"},"inLanguage":"sv-SE","potentialAction":[{"@type":"ReadAction","target":["https:\/\/apirosport.com\/sv\/produkt\/pec-flyrear-deltoid\/"]}]},{"@type":"ImageObject","inLanguage":"sv-SE","@id":"https:\/\/apirosport.com\/sv\/produkt\/pec-flyrear-deltoid\/#primaryimage","url":"https:\/\/apirosport.com\/wp-content\/uploads\/2025\/12\/Nautilus-Inspiration-Pec-Fly-Rear-Deltoid-IPPF5-60-06-2.png","contentUrl":"https:\/\/apirosport.com\/wp-content\/uploads\/2025\/12\/Nautilus-Inspiration-Pec-Fly-Rear-Deltoid-IPPF5-60-06-2.png","width":1181,"height":1181},{"@type":"BreadcrumbList","@id":"https:\/\/apirosport.com\/sv\/produkt\/pec-flyrear-deltoid\/#breadcrumb","itemListElement":[{"@type":"ListItem","position":1,"name":"Home","item":"https:\/\/apirosport.com\/sv\/"},{"@type":"ListItem","position":2,"name":"Produkter","item":"https:\/\/apirosport.com\/sv\/produkter\/"},{"@type":"ListItem","position":3,"name":"Inspiration Pec Fly\/Rear Deltoid"}]},{"@type":"WebSite","@id":"https:\/\/apirosport.com\/sv\/#website","url":"https:\/\/apirosport.com\/sv\/","name":"Apirosport","description":"","publisher":{"@id":"https:\/\/apirosport.com\/sv\/#organization"},"alternateName":"Apirosport","potentialAction":[{"@type":"SearchAction","target":{"@type":"EntryPoint","urlTemplate":"https:\/\/apirosport.com\/sv\/?s={search_term_string}"},"query-input":{"@type":"PropertyValueSpecification","valueRequired":true,"valueName":"search_term_string"}}],"inLanguage":"sv-SE"},{"@type":"Organization","@id":"https:\/\/apirosport.com\/sv\/#organization","name":"Apirosport","alternateName":"Apirosport","url":"https:\/\/apirosport.com\/sv\/","logo":{"@type":"ImageObject","inLanguage":"sv-SE","@id":"https:\/\/apirosport.com\/sv\/#\/schema\/logo\/image\/","url":"https:\/\/apirosport.com\/wp-content\/uploads\/2025\/12\/Apirosport-yellow-scaled.png","contentUrl":"https:\/\/apirosport.com\/wp-content\/uploads\/2025\/12\/Apirosport-yellow-scaled.png","width":2560,"height":2278,"caption":"Apirosport"},"image":{"@id":"https:\/\/apirosport.com\/sv\/#\/schema\/logo\/image\/"}}]}},"_links":{"self":[{"href":"https:\/\/apirosport.com\/sv\/wp-json\/wp\/v2\/product\/8046","targetHints":{"allow":["GET"]}}],"collection":[{"href":"https:\/\/apirosport.com\/sv\/wp-json\/wp\/v2\/product"}],"about":[{"href":"https:\/\/apirosport.com\/sv\/wp-json\/wp\/v2\/types\/product"}],"wp:featuredmedia":[{"embeddable":true,"href":"https:\/\/apirosport.com\/sv\/wp-json\/wp\/v2\/media\/8047"}],"wp:attachment":[{"href":"https:\/\/apirosport.com\/sv\/wp-json\/wp\/v2\/media?parent=8046"}],"wp:term":[{"taxonomy":"variation","embeddable":true,"href":"https:\/\/apirosport.com\/sv\/wp-json\/wp\/v2\/variation?post=8046"},{"taxonomy":"product_brand","embeddable":true,"href":"https:\/\/apirosport.com\/sv\/wp-json\/wp\/v2\/product_brand?post=8046"},{"taxonomy":"product_cat","embeddable":true,"href":"https:\/\/apirosport.com\/sv\/wp-json\/wp\/v2\/product_cat?post=8046"},{"taxonomy":"product_tag","embeddable":true,"href":"https:\/\/apirosport.com\/sv\/wp-json\/wp\/v2\/product_tag?post=8046"}],"curies":[{"name":"wp","href":"https:\/\/api.w.org\/{rel}","templated":true}]}}