{"id":8112,"date":"2017-11-17T10:56:30","date_gmt":"2017-11-17T10:56:30","guid":{"rendered":"https:\/\/apirosport.com\/?post_type=product&#038;p=8112"},"modified":"2026-03-23T17:15:46","modified_gmt":"2026-03-23T17:15:46","slug":"leg-curl-3","status":"publish","type":"product","link":"https:\/\/apirosport.com\/sv\/produkt\/leg-curl-3\/","title":{"rendered":"Instinct Leg Curl"},"content":{"rendered":"<ul>\n<li>Enkel och anv\u00e4ndarv\u00e4nlig instruktionsskylt<\/li>\n<li>Utbytbart skyddsh\u00f6lje f\u00f6r f\u00f6rl\u00e4ngd livsl\u00e4ngd p\u00e5 dyna<\/li>\n<li>Justerbart ryggst\u00f6d med sp\u00e4rrhake<\/li>\n<li>Justerbar benkudde f\u00f6r optimal passform<\/li>\n<li>Justerbar l\u00e5rkudde f\u00f6r stabilitet<\/li>\n<li>Gummif\u00f6tter f\u00f6r skydd av underlag<\/li>\n<li>Kevlarrem ger f\u00f6rl\u00e4ngd livsl\u00e4ngd och f\u00f6renklar vid reservdelsbyte<\/li>\n<li>Lock N Load\u00ae med patenterat, pinl\u00f6st, stegvis viktvalssystem<\/li>\n<\/ul>\n","protected":false},"excerpt":{"rendered":"<p>Nautilus Instinct Leg Curl ing\u00e5r i en serie om 19 enheter. Nautilus Instinct \u00e4r en komplett, anv\u00e4ndarv\u00e4nlig och kompakt serie.<\/p>\n","protected":false},"featured_media":24850,"template":"","meta":{"_acf_changed":false,"inline_featured_image":false},"variation":[],"product_brand":[],"product_cat":[96,309,310,319],"product_tag":[308],"class_list":{"0":"post-8112","1":"product","2":"type-product","3":"status-publish","4":"has-post-thumbnail","6":"product_cat-styrkemaskiner","7":"product_cat-nautilus","8":"product_cat-nautilus-instinct","9":"product_cat-viktmagasin","10":"product_tag-nautilus-strength","12":"first","13":"instock","14":"purchasable","15":"product-type-simple"},"acf":[],"yoast_head":"<!-- This site is optimized with the Yoast SEO plugin v26.8 - https:\/\/yoast.com\/product\/yoast-seo-wordpress\/ -->\n<title>Instinct Leg Curl | Apirosport<\/title>\n<meta name=\"robots\" content=\"index, follow, max-snippet:-1, max-image-preview:large, max-video-preview:-1\" \/>\n<link rel=\"canonical\" href=\"https:\/\/apirosport.com\/sv\/produkt\/leg-curl-3\/\" \/>\n<meta property=\"og:locale\" content=\"sv_SE\" \/>\n<meta property=\"og:type\" content=\"article\" \/>\n<meta property=\"og:title\" content=\"Instinct Leg Curl | Apirosport\" \/>\n<meta property=\"og:description\" content=\"Nautilus Instinct Leg Curl ing\u00e5r i en serie om 19 enheter. Nautilus Instinct \u00e4r en komplett, anv\u00e4ndarv\u00e4nlig och kompakt serie.\" \/>\n<meta property=\"og:url\" content=\"https:\/\/apirosport.com\/sv\/produkt\/leg-curl-3\/\" \/>\n<meta property=\"og:site_name\" content=\"Apirosport\" \/>\n<meta property=\"article:modified_time\" content=\"2026-03-23T17:15:46+00:00\" \/>\n<meta property=\"og:image\" content=\"https:\/\/apirosport.com\/wp-content\/uploads\/2017\/11\/Nautilus-Instinct-Leg-Curl.png\" \/>\n\t<meta property=\"og:image:width\" content=\"2362\" \/>\n\t<meta property=\"og:image:height\" content=\"2362\" \/>\n\t<meta property=\"og:image:type\" content=\"image\/png\" \/>\n<meta name=\"twitter:card\" content=\"summary_large_image\" \/>\n<meta name=\"twitter:title\" content=\"Apirosport\" \/>\n<meta name=\"twitter:label1\" content=\"Ber\u00e4knad l\u00e4stid\" \/>\n\t<meta name=\"twitter:data1\" content=\"1 minut\" \/>\n<script type=\"application\/ld+json\" class=\"yoast-schema-graph\">{\"@context\":\"https:\/\/schema.org\",\"@graph\":[{\"@type\":\"WebPage\",\"@id\":\"https:\/\/apirosport.com\/sv\/produkt\/leg-curl-3\/\",\"url\":\"https:\/\/apirosport.com\/sv\/produkt\/leg-curl-3\/\",\"name\":\"Instinct Leg Curl | Apirosport\",\"isPartOf\":{\"@id\":\"https:\/\/apirosport.com\/sv\/#website\"},\"primaryImageOfPage\":{\"@id\":\"https:\/\/apirosport.com\/sv\/produkt\/leg-curl-3\/#primaryimage\"},\"image\":{\"@id\":\"https:\/\/apirosport.com\/sv\/produkt\/leg-curl-3\/#primaryimage\"},\"thumbnailUrl\":\"https:\/\/apirosport.com\/wp-content\/uploads\/2017\/11\/Nautilus-Instinct-Leg-Curl.png\",\"datePublished\":\"2017-11-17T10:56:30+00:00\",\"dateModified\":\"2026-03-23T17:15:46+00:00\",\"breadcrumb\":{\"@id\":\"https:\/\/apirosport.com\/sv\/produkt\/leg-curl-3\/#breadcrumb\"},\"inLanguage\":\"sv-SE\",\"potentialAction\":[{\"@type\":\"ReadAction\",\"target\":[\"https:\/\/apirosport.com\/sv\/produkt\/leg-curl-3\/\"]}]},{\"@type\":\"ImageObject\",\"inLanguage\":\"sv-SE\",\"@id\":\"https:\/\/apirosport.com\/sv\/produkt\/leg-curl-3\/#primaryimage\",\"url\":\"https:\/\/apirosport.com\/wp-content\/uploads\/2017\/11\/Nautilus-Instinct-Leg-Curl.png\",\"contentUrl\":\"https:\/\/apirosport.com\/wp-content\/uploads\/2017\/11\/Nautilus-Instinct-Leg-Curl.png\",\"width\":2362,\"height\":2362},{\"@type\":\"BreadcrumbList\",\"@id\":\"https:\/\/apirosport.com\/sv\/produkt\/leg-curl-3\/#breadcrumb\",\"itemListElement\":[{\"@type\":\"ListItem\",\"position\":1,\"name\":\"Home\",\"item\":\"https:\/\/apirosport.com\/sv\/\"},{\"@type\":\"ListItem\",\"position\":2,\"name\":\"Produkter\",\"item\":\"https:\/\/apirosport.com\/sv\/produkter\/\"},{\"@type\":\"ListItem\",\"position\":3,\"name\":\"Instinct Leg Curl\"}]},{\"@type\":\"WebSite\",\"@id\":\"https:\/\/apirosport.com\/sv\/#website\",\"url\":\"https:\/\/apirosport.com\/sv\/\",\"name\":\"Apirosport\",\"description\":\"\",\"publisher\":{\"@id\":\"https:\/\/apirosport.com\/sv\/#organization\"},\"alternateName\":\"Apirosport\",\"potentialAction\":[{\"@type\":\"SearchAction\",\"target\":{\"@type\":\"EntryPoint\",\"urlTemplate\":\"https:\/\/apirosport.com\/sv\/?s={search_term_string}\"},\"query-input\":{\"@type\":\"PropertyValueSpecification\",\"valueRequired\":true,\"valueName\":\"search_term_string\"}}],\"inLanguage\":\"sv-SE\"},{\"@type\":\"Organization\",\"@id\":\"https:\/\/apirosport.com\/sv\/#organization\",\"name\":\"Apirosport\",\"alternateName\":\"Apirosport\",\"url\":\"https:\/\/apirosport.com\/sv\/\",\"logo\":{\"@type\":\"ImageObject\",\"inLanguage\":\"sv-SE\",\"@id\":\"https:\/\/apirosport.com\/sv\/#\/schema\/logo\/image\/\",\"url\":\"https:\/\/apirosport.com\/wp-content\/uploads\/2025\/12\/Apirosport-yellow-scaled.png\",\"contentUrl\":\"https:\/\/apirosport.com\/wp-content\/uploads\/2025\/12\/Apirosport-yellow-scaled.png\",\"width\":2560,\"height\":2278,\"caption\":\"Apirosport\"},\"image\":{\"@id\":\"https:\/\/apirosport.com\/sv\/#\/schema\/logo\/image\/\"}}]}<\/script>\n<!-- \/ Yoast SEO plugin. -->","yoast_head_json":{"title":"Instinct Leg Curl | Apirosport","robots":{"index":"index","follow":"follow","max-snippet":"max-snippet:-1","max-image-preview":"max-image-preview:large","max-video-preview":"max-video-preview:-1"},"canonical":"https:\/\/apirosport.com\/sv\/produkt\/leg-curl-3\/","og_locale":"sv_SE","og_type":"article","og_title":"Instinct Leg Curl | Apirosport","og_description":"Nautilus Instinct Leg Curl ing\u00e5r i en serie om 19 enheter. Nautilus Instinct \u00e4r en komplett, anv\u00e4ndarv\u00e4nlig och kompakt serie.","og_url":"https:\/\/apirosport.com\/sv\/produkt\/leg-curl-3\/","og_site_name":"Apirosport","article_modified_time":"2026-03-23T17:15:46+00:00","og_image":[{"width":2362,"height":2362,"url":"https:\/\/apirosport.com\/wp-content\/uploads\/2017\/11\/Nautilus-Instinct-Leg-Curl.png","type":"image\/png"}],"twitter_card":"summary_large_image","twitter_title":"Apirosport","twitter_misc":{"Ber\u00e4knad l\u00e4stid":"1 minut"},"schema":{"@context":"https:\/\/schema.org","@graph":[{"@type":"WebPage","@id":"https:\/\/apirosport.com\/sv\/produkt\/leg-curl-3\/","url":"https:\/\/apirosport.com\/sv\/produkt\/leg-curl-3\/","name":"Instinct Leg Curl | Apirosport","isPartOf":{"@id":"https:\/\/apirosport.com\/sv\/#website"},"primaryImageOfPage":{"@id":"https:\/\/apirosport.com\/sv\/produkt\/leg-curl-3\/#primaryimage"},"image":{"@id":"https:\/\/apirosport.com\/sv\/produkt\/leg-curl-3\/#primaryimage"},"thumbnailUrl":"https:\/\/apirosport.com\/wp-content\/uploads\/2017\/11\/Nautilus-Instinct-Leg-Curl.png","datePublished":"2017-11-17T10:56:30+00:00","dateModified":"2026-03-23T17:15:46+00:00","breadcrumb":{"@id":"https:\/\/apirosport.com\/sv\/produkt\/leg-curl-3\/#breadcrumb"},"inLanguage":"sv-SE","potentialAction":[{"@type":"ReadAction","target":["https:\/\/apirosport.com\/sv\/produkt\/leg-curl-3\/"]}]},{"@type":"ImageObject","inLanguage":"sv-SE","@id":"https:\/\/apirosport.com\/sv\/produkt\/leg-curl-3\/#primaryimage","url":"https:\/\/apirosport.com\/wp-content\/uploads\/2017\/11\/Nautilus-Instinct-Leg-Curl.png","contentUrl":"https:\/\/apirosport.com\/wp-content\/uploads\/2017\/11\/Nautilus-Instinct-Leg-Curl.png","width":2362,"height":2362},{"@type":"BreadcrumbList","@id":"https:\/\/apirosport.com\/sv\/produkt\/leg-curl-3\/#breadcrumb","itemListElement":[{"@type":"ListItem","position":1,"name":"Home","item":"https:\/\/apirosport.com\/sv\/"},{"@type":"ListItem","position":2,"name":"Produkter","item":"https:\/\/apirosport.com\/sv\/produkter\/"},{"@type":"ListItem","position":3,"name":"Instinct Leg Curl"}]},{"@type":"WebSite","@id":"https:\/\/apirosport.com\/sv\/#website","url":"https:\/\/apirosport.com\/sv\/","name":"Apirosport","description":"","publisher":{"@id":"https:\/\/apirosport.com\/sv\/#organization"},"alternateName":"Apirosport","potentialAction":[{"@type":"SearchAction","target":{"@type":"EntryPoint","urlTemplate":"https:\/\/apirosport.com\/sv\/?s={search_term_string}"},"query-input":{"@type":"PropertyValueSpecification","valueRequired":true,"valueName":"search_term_string"}}],"inLanguage":"sv-SE"},{"@type":"Organization","@id":"https:\/\/apirosport.com\/sv\/#organization","name":"Apirosport","alternateName":"Apirosport","url":"https:\/\/apirosport.com\/sv\/","logo":{"@type":"ImageObject","inLanguage":"sv-SE","@id":"https:\/\/apirosport.com\/sv\/#\/schema\/logo\/image\/","url":"https:\/\/apirosport.com\/wp-content\/uploads\/2025\/12\/Apirosport-yellow-scaled.png","contentUrl":"https:\/\/apirosport.com\/wp-content\/uploads\/2025\/12\/Apirosport-yellow-scaled.png","width":2560,"height":2278,"caption":"Apirosport"},"image":{"@id":"https:\/\/apirosport.com\/sv\/#\/schema\/logo\/image\/"}}]}},"_links":{"self":[{"href":"https:\/\/apirosport.com\/sv\/wp-json\/wp\/v2\/product\/8112","targetHints":{"allow":["GET"]}}],"collection":[{"href":"https:\/\/apirosport.com\/sv\/wp-json\/wp\/v2\/product"}],"about":[{"href":"https:\/\/apirosport.com\/sv\/wp-json\/wp\/v2\/types\/product"}],"wp:featuredmedia":[{"embeddable":true,"href":"https:\/\/apirosport.com\/sv\/wp-json\/wp\/v2\/media\/24850"}],"wp:attachment":[{"href":"https:\/\/apirosport.com\/sv\/wp-json\/wp\/v2\/media?parent=8112"}],"wp:term":[{"taxonomy":"variation","embeddable":true,"href":"https:\/\/apirosport.com\/sv\/wp-json\/wp\/v2\/variation?post=8112"},{"taxonomy":"product_brand","embeddable":true,"href":"https:\/\/apirosport.com\/sv\/wp-json\/wp\/v2\/product_brand?post=8112"},{"taxonomy":"product_cat","embeddable":true,"href":"https:\/\/apirosport.com\/sv\/wp-json\/wp\/v2\/product_cat?post=8112"},{"taxonomy":"product_tag","embeddable":true,"href":"https:\/\/apirosport.com\/sv\/wp-json\/wp\/v2\/product_tag?post=8112"}],"curies":[{"name":"wp","href":"https:\/\/api.w.org\/{rel}","templated":true}]}}