{"id":8160,"date":"2017-11-17T10:56:32","date_gmt":"2017-11-17T10:56:32","guid":{"rendered":"https:\/\/apirosport.com\/?post_type=product&#038;p=8160"},"modified":"2026-03-23T17:12:20","modified_gmt":"2026-03-23T17:12:20","slug":"olympic-incline-bench","status":"publish","type":"product","link":"https:\/\/apirosport.com\/sv\/produkt\/olympic-incline-bench\/","title":{"rendered":"Instinct Olympic Incline Bench"},"content":{"rendered":"<ul>\n<li><span class=\"tlid-translation translation\" lang=\"sv\"><span class=\"\" title=\"\">Avtagbart skydd p\u00e5 l\u00e4derkl\u00e4dseln f\u00f6r f\u00f6rl\u00e4ngd livsl\u00e4ngd<\/span><\/span><\/li>\n<li>Justerbar sits<\/li>\n<li>Tv\u00e5 olika h\u00f6jder f\u00f6r att passa b\u00e5de l\u00e5nga och korta anv\u00e4ndare<\/li>\n<li>Integrerad f\u00f6rvaring f\u00f6r viktplattor<\/li>\n<li>Gummerad spotterplattform f\u00f6r s\u00e4kerhet<\/li>\n<li><span class=\"tlid-translation translation\" lang=\"sv\"><span class=\"\" title=\"\">Gummif\u00f6tter f\u00f6r skydd av underlag<\/span><\/span><\/li>\n<li>Skivst\u00e5ng s\u00e4ljes separat<\/li>\n<\/ul>\n","protected":false},"excerpt":{"rendered":"<p>Avtagbart skydd p\u00e5 l\u00e4derkl\u00e4dseln f\u00f6r f\u00f6rl\u00e4ngd livsl\u00e4ngd Justerbar sits Tv\u00e5 olika h\u00f6jder f\u00f6r att passa b\u00e5de l\u00e5nga och korta anv\u00e4ndare Integrerad f\u00f6rvaring f\u00f6r viktplattor Gummerad spotterplattform f\u00f6r s\u00e4kerhet Gummif\u00f6tter f\u00f6r skydd av underlag Skivst\u00e5ng s\u00e4ljes separat<\/p>\n","protected":false},"featured_media":25258,"template":"","meta":{"_acf_changed":false,"inline_featured_image":false},"variation":[],"product_brand":[],"product_cat":[294,309,310],"product_tag":[308],"class_list":{"0":"post-8160","1":"product","2":"type-product","3":"status-publish","4":"has-post-thumbnail","6":"product_cat-bankar","7":"product_cat-nautilus","8":"product_cat-nautilus-instinct","9":"product_tag-nautilus-strength","11":"first","12":"instock","13":"purchasable","14":"product-type-simple"},"acf":[],"yoast_head":"<!-- This site is optimized with the Yoast SEO plugin v26.8 - https:\/\/yoast.com\/product\/yoast-seo-wordpress\/ -->\n<title>Instinct Olympic Incline Bench | Apirosport<\/title>\n<meta name=\"robots\" content=\"index, follow, max-snippet:-1, max-image-preview:large, max-video-preview:-1\" \/>\n<link rel=\"canonical\" href=\"https:\/\/apirosport.com\/sv\/produkt\/olympic-incline-bench\/\" \/>\n<meta property=\"og:locale\" content=\"sv_SE\" \/>\n<meta property=\"og:type\" content=\"article\" \/>\n<meta property=\"og:title\" content=\"Instinct Olympic Incline Bench | Apirosport\" \/>\n<meta property=\"og:description\" content=\"Avtagbart skydd p\u00e5 l\u00e4derkl\u00e4dseln f\u00f6r f\u00f6rl\u00e4ngd livsl\u00e4ngd Justerbar sits Tv\u00e5 olika h\u00f6jder f\u00f6r att passa b\u00e5de l\u00e5nga och korta anv\u00e4ndare Integrerad f\u00f6rvaring f\u00f6r viktplattor Gummerad spotterplattform f\u00f6r s\u00e4kerhet Gummif\u00f6tter f\u00f6r skydd av underlag Skivst\u00e5ng s\u00e4ljes separat\" \/>\n<meta property=\"og:url\" content=\"https:\/\/apirosport.com\/sv\/produkt\/olympic-incline-bench\/\" \/>\n<meta property=\"og:site_name\" content=\"Apirosport\" \/>\n<meta property=\"article:modified_time\" content=\"2026-03-23T17:12:20+00:00\" \/>\n<meta property=\"og:image\" content=\"https:\/\/apirosport.com\/wp-content\/uploads\/2017\/11\/Nautilus-Instinct-olympic-incline-bench.png\" \/>\n\t<meta property=\"og:image:width\" content=\"2362\" \/>\n\t<meta property=\"og:image:height\" content=\"2362\" \/>\n\t<meta property=\"og:image:type\" content=\"image\/png\" \/>\n<meta name=\"twitter:card\" content=\"summary_large_image\" \/>\n<meta name=\"twitter:title\" content=\"Apirosport\" \/>\n<meta name=\"twitter:label1\" content=\"Ber\u00e4knad l\u00e4stid\" \/>\n\t<meta name=\"twitter:data1\" content=\"1 minut\" \/>\n<script type=\"application\/ld+json\" class=\"yoast-schema-graph\">{\"@context\":\"https:\/\/schema.org\",\"@graph\":[{\"@type\":\"WebPage\",\"@id\":\"https:\/\/apirosport.com\/sv\/produkt\/olympic-incline-bench\/\",\"url\":\"https:\/\/apirosport.com\/sv\/produkt\/olympic-incline-bench\/\",\"name\":\"Instinct Olympic Incline Bench | Apirosport\",\"isPartOf\":{\"@id\":\"https:\/\/apirosport.com\/sv\/#website\"},\"primaryImageOfPage\":{\"@id\":\"https:\/\/apirosport.com\/sv\/produkt\/olympic-incline-bench\/#primaryimage\"},\"image\":{\"@id\":\"https:\/\/apirosport.com\/sv\/produkt\/olympic-incline-bench\/#primaryimage\"},\"thumbnailUrl\":\"https:\/\/apirosport.com\/wp-content\/uploads\/2017\/11\/Nautilus-Instinct-olympic-incline-bench.png\",\"datePublished\":\"2017-11-17T10:56:32+00:00\",\"dateModified\":\"2026-03-23T17:12:20+00:00\",\"breadcrumb\":{\"@id\":\"https:\/\/apirosport.com\/sv\/produkt\/olympic-incline-bench\/#breadcrumb\"},\"inLanguage\":\"sv-SE\",\"potentialAction\":[{\"@type\":\"ReadAction\",\"target\":[\"https:\/\/apirosport.com\/sv\/produkt\/olympic-incline-bench\/\"]}]},{\"@type\":\"ImageObject\",\"inLanguage\":\"sv-SE\",\"@id\":\"https:\/\/apirosport.com\/sv\/produkt\/olympic-incline-bench\/#primaryimage\",\"url\":\"https:\/\/apirosport.com\/wp-content\/uploads\/2017\/11\/Nautilus-Instinct-olympic-incline-bench.png\",\"contentUrl\":\"https:\/\/apirosport.com\/wp-content\/uploads\/2017\/11\/Nautilus-Instinct-olympic-incline-bench.png\",\"width\":2362,\"height\":2362},{\"@type\":\"BreadcrumbList\",\"@id\":\"https:\/\/apirosport.com\/sv\/produkt\/olympic-incline-bench\/#breadcrumb\",\"itemListElement\":[{\"@type\":\"ListItem\",\"position\":1,\"name\":\"Home\",\"item\":\"https:\/\/apirosport.com\/sv\/\"},{\"@type\":\"ListItem\",\"position\":2,\"name\":\"Produkter\",\"item\":\"https:\/\/apirosport.com\/sv\/produkter\/\"},{\"@type\":\"ListItem\",\"position\":3,\"name\":\"Instinct Olympic Incline Bench\"}]},{\"@type\":\"WebSite\",\"@id\":\"https:\/\/apirosport.com\/sv\/#website\",\"url\":\"https:\/\/apirosport.com\/sv\/\",\"name\":\"Apirosport\",\"description\":\"\",\"publisher\":{\"@id\":\"https:\/\/apirosport.com\/sv\/#organization\"},\"alternateName\":\"Apirosport\",\"potentialAction\":[{\"@type\":\"SearchAction\",\"target\":{\"@type\":\"EntryPoint\",\"urlTemplate\":\"https:\/\/apirosport.com\/sv\/?s={search_term_string}\"},\"query-input\":{\"@type\":\"PropertyValueSpecification\",\"valueRequired\":true,\"valueName\":\"search_term_string\"}}],\"inLanguage\":\"sv-SE\"},{\"@type\":\"Organization\",\"@id\":\"https:\/\/apirosport.com\/sv\/#organization\",\"name\":\"Apirosport\",\"alternateName\":\"Apirosport\",\"url\":\"https:\/\/apirosport.com\/sv\/\",\"logo\":{\"@type\":\"ImageObject\",\"inLanguage\":\"sv-SE\",\"@id\":\"https:\/\/apirosport.com\/sv\/#\/schema\/logo\/image\/\",\"url\":\"https:\/\/apirosport.com\/wp-content\/uploads\/2025\/12\/Apirosport-yellow-scaled.png\",\"contentUrl\":\"https:\/\/apirosport.com\/wp-content\/uploads\/2025\/12\/Apirosport-yellow-scaled.png\",\"width\":2560,\"height\":2278,\"caption\":\"Apirosport\"},\"image\":{\"@id\":\"https:\/\/apirosport.com\/sv\/#\/schema\/logo\/image\/\"}}]}<\/script>\n<!-- \/ Yoast SEO plugin. -->","yoast_head_json":{"title":"Instinct Olympic Incline Bench | Apirosport","robots":{"index":"index","follow":"follow","max-snippet":"max-snippet:-1","max-image-preview":"max-image-preview:large","max-video-preview":"max-video-preview:-1"},"canonical":"https:\/\/apirosport.com\/sv\/produkt\/olympic-incline-bench\/","og_locale":"sv_SE","og_type":"article","og_title":"Instinct Olympic Incline Bench | Apirosport","og_description":"Avtagbart skydd p\u00e5 l\u00e4derkl\u00e4dseln f\u00f6r f\u00f6rl\u00e4ngd livsl\u00e4ngd Justerbar sits Tv\u00e5 olika h\u00f6jder f\u00f6r att passa b\u00e5de l\u00e5nga och korta anv\u00e4ndare Integrerad f\u00f6rvaring f\u00f6r viktplattor Gummerad spotterplattform f\u00f6r s\u00e4kerhet Gummif\u00f6tter f\u00f6r skydd av underlag Skivst\u00e5ng s\u00e4ljes separat","og_url":"https:\/\/apirosport.com\/sv\/produkt\/olympic-incline-bench\/","og_site_name":"Apirosport","article_modified_time":"2026-03-23T17:12:20+00:00","og_image":[{"width":2362,"height":2362,"url":"https:\/\/apirosport.com\/wp-content\/uploads\/2017\/11\/Nautilus-Instinct-olympic-incline-bench.png","type":"image\/png"}],"twitter_card":"summary_large_image","twitter_title":"Apirosport","twitter_misc":{"Ber\u00e4knad l\u00e4stid":"1 minut"},"schema":{"@context":"https:\/\/schema.org","@graph":[{"@type":"WebPage","@id":"https:\/\/apirosport.com\/sv\/produkt\/olympic-incline-bench\/","url":"https:\/\/apirosport.com\/sv\/produkt\/olympic-incline-bench\/","name":"Instinct Olympic Incline Bench | Apirosport","isPartOf":{"@id":"https:\/\/apirosport.com\/sv\/#website"},"primaryImageOfPage":{"@id":"https:\/\/apirosport.com\/sv\/produkt\/olympic-incline-bench\/#primaryimage"},"image":{"@id":"https:\/\/apirosport.com\/sv\/produkt\/olympic-incline-bench\/#primaryimage"},"thumbnailUrl":"https:\/\/apirosport.com\/wp-content\/uploads\/2017\/11\/Nautilus-Instinct-olympic-incline-bench.png","datePublished":"2017-11-17T10:56:32+00:00","dateModified":"2026-03-23T17:12:20+00:00","breadcrumb":{"@id":"https:\/\/apirosport.com\/sv\/produkt\/olympic-incline-bench\/#breadcrumb"},"inLanguage":"sv-SE","potentialAction":[{"@type":"ReadAction","target":["https:\/\/apirosport.com\/sv\/produkt\/olympic-incline-bench\/"]}]},{"@type":"ImageObject","inLanguage":"sv-SE","@id":"https:\/\/apirosport.com\/sv\/produkt\/olympic-incline-bench\/#primaryimage","url":"https:\/\/apirosport.com\/wp-content\/uploads\/2017\/11\/Nautilus-Instinct-olympic-incline-bench.png","contentUrl":"https:\/\/apirosport.com\/wp-content\/uploads\/2017\/11\/Nautilus-Instinct-olympic-incline-bench.png","width":2362,"height":2362},{"@type":"BreadcrumbList","@id":"https:\/\/apirosport.com\/sv\/produkt\/olympic-incline-bench\/#breadcrumb","itemListElement":[{"@type":"ListItem","position":1,"name":"Home","item":"https:\/\/apirosport.com\/sv\/"},{"@type":"ListItem","position":2,"name":"Produkter","item":"https:\/\/apirosport.com\/sv\/produkter\/"},{"@type":"ListItem","position":3,"name":"Instinct Olympic Incline Bench"}]},{"@type":"WebSite","@id":"https:\/\/apirosport.com\/sv\/#website","url":"https:\/\/apirosport.com\/sv\/","name":"Apirosport","description":"","publisher":{"@id":"https:\/\/apirosport.com\/sv\/#organization"},"alternateName":"Apirosport","potentialAction":[{"@type":"SearchAction","target":{"@type":"EntryPoint","urlTemplate":"https:\/\/apirosport.com\/sv\/?s={search_term_string}"},"query-input":{"@type":"PropertyValueSpecification","valueRequired":true,"valueName":"search_term_string"}}],"inLanguage":"sv-SE"},{"@type":"Organization","@id":"https:\/\/apirosport.com\/sv\/#organization","name":"Apirosport","alternateName":"Apirosport","url":"https:\/\/apirosport.com\/sv\/","logo":{"@type":"ImageObject","inLanguage":"sv-SE","@id":"https:\/\/apirosport.com\/sv\/#\/schema\/logo\/image\/","url":"https:\/\/apirosport.com\/wp-content\/uploads\/2025\/12\/Apirosport-yellow-scaled.png","contentUrl":"https:\/\/apirosport.com\/wp-content\/uploads\/2025\/12\/Apirosport-yellow-scaled.png","width":2560,"height":2278,"caption":"Apirosport"},"image":{"@id":"https:\/\/apirosport.com\/sv\/#\/schema\/logo\/image\/"}}]}},"_links":{"self":[{"href":"https:\/\/apirosport.com\/sv\/wp-json\/wp\/v2\/product\/8160","targetHints":{"allow":["GET"]}}],"collection":[{"href":"https:\/\/apirosport.com\/sv\/wp-json\/wp\/v2\/product"}],"about":[{"href":"https:\/\/apirosport.com\/sv\/wp-json\/wp\/v2\/types\/product"}],"wp:featuredmedia":[{"embeddable":true,"href":"https:\/\/apirosport.com\/sv\/wp-json\/wp\/v2\/media\/25258"}],"wp:attachment":[{"href":"https:\/\/apirosport.com\/sv\/wp-json\/wp\/v2\/media?parent=8160"}],"wp:term":[{"taxonomy":"variation","embeddable":true,"href":"https:\/\/apirosport.com\/sv\/wp-json\/wp\/v2\/variation?post=8160"},{"taxonomy":"product_brand","embeddable":true,"href":"https:\/\/apirosport.com\/sv\/wp-json\/wp\/v2\/product_brand?post=8160"},{"taxonomy":"product_cat","embeddable":true,"href":"https:\/\/apirosport.com\/sv\/wp-json\/wp\/v2\/product_cat?post=8160"},{"taxonomy":"product_tag","embeddable":true,"href":"https:\/\/apirosport.com\/sv\/wp-json\/wp\/v2\/product_tag?post=8160"}],"curies":[{"name":"wp","href":"https:\/\/api.w.org\/{rel}","templated":true}]}}