{"id":8220,"date":"2017-11-17T10:56:35","date_gmt":"2017-11-17T10:56:35","guid":{"rendered":"https:\/\/apirosport.com\/?post_type=product&#038;p=8220"},"modified":"2026-03-23T21:07:28","modified_gmt":"2026-03-23T21:07:28","slug":"9-station","status":"publish","type":"product","link":"https:\/\/apirosport.com\/sv\/produkt\/9-station\/","title":{"rendered":"Multi-Station, 9 Station"},"content":{"rendered":"<p>Nautilus 9 station Multi-Station \u00e4r m\u00e5ngsidig, platsbesparande och popul\u00e4r &#8211; flexibiliteten \u00e4r stor och designen m\u00f6jligg\u00f6r f\u00f6r m\u00e5nga personer att tr\u00e4na samtidigt.<\/p>\n<ul>\n<li>Tv\u00e5 stationer Lat Pull Down<\/li>\n<li>Tv\u00e5 stationer Triceps Press<\/li>\n<li>Tv\u00e5 stationer Low Row<\/li>\n<li>Fullt flexibelt och justerbart cable cross-system<\/li>\n<li>Integrerade multi grip-handtag<\/li>\n<li>Handtag p\u00e5 ramen f\u00f6r stabilitet och balans<\/li>\n<li>Lock N Load med patenterat, pinl\u00f6st, stegvis viktvalssystem<\/li>\n<li>Gummerade f\u00f6tter f\u00f6r skydd av underlag<\/li>\n<li>2,5kg viktintervall<\/li>\n<\/ul>\n","protected":false},"excerpt":{"rendered":"<p>Nautilus 9 station Multi-Station \u00e4r m\u00e5ngsidig, platsbesparande och popul\u00e4r &#8211; flexibiliteten \u00e4r stor och designen m\u00f6jligg\u00f6r f\u00f6r m\u00e5nga personer att tr\u00e4na samtidigt. Tv\u00e5 stationer Lat Pull Down Tv\u00e5 stationer Triceps Press Tv\u00e5 stationer Low Row Fullt flexibelt och justerbart cable cross-system Integrerade multi grip-handtag Handtag p\u00e5 ramen f\u00f6r stabilitet och balans Lock N Load med [&hellip;]<\/p>\n","protected":false},"featured_media":8221,"template":"","meta":{"_acf_changed":false,"inline_featured_image":false},"variation":[],"product_brand":[],"product_cat":[309,351,96,296,298],"product_tag":[308],"class_list":{"0":"post-8220","1":"product","2":"type-product","3":"status-publish","4":"has-post-thumbnail","6":"product_cat-nautilus","7":"product_cat-nautilus-multi-stations","8":"product_cat-styrkemaskiner","9":"product_cat-kabelmaskiner","10":"product_cat-multi-stations","11":"product_tag-nautilus-strength","13":"first","14":"instock","15":"purchasable","16":"product-type-simple"},"acf":[],"yoast_head":"<!-- This site is optimized with the Yoast SEO plugin v26.8 - https:\/\/yoast.com\/product\/yoast-seo-wordpress\/ -->\n<title>Multi-Station, 9 Station | Apirosport<\/title>\n<meta name=\"robots\" content=\"index, follow, max-snippet:-1, max-image-preview:large, max-video-preview:-1\" \/>\n<link rel=\"canonical\" href=\"https:\/\/apirosport.com\/sv\/produkt\/9-station\/\" \/>\n<meta property=\"og:locale\" content=\"sv_SE\" \/>\n<meta property=\"og:type\" content=\"article\" \/>\n<meta property=\"og:title\" content=\"Multi-Station, 9 Station | Apirosport\" \/>\n<meta property=\"og:description\" content=\"Nautilus 9 station Multi-Station \u00e4r m\u00e5ngsidig, platsbesparande och popul\u00e4r &#8211; flexibiliteten \u00e4r stor och designen m\u00f6jligg\u00f6r f\u00f6r m\u00e5nga personer att tr\u00e4na samtidigt. Tv\u00e5 stationer Lat Pull Down Tv\u00e5 stationer Triceps Press Tv\u00e5 stationer Low Row Fullt flexibelt och justerbart cable cross-system Integrerade multi grip-handtag Handtag p\u00e5 ramen f\u00f6r stabilitet och balans Lock N Load med [&hellip;]\" \/>\n<meta property=\"og:url\" content=\"https:\/\/apirosport.com\/sv\/produkt\/9-station\/\" \/>\n<meta property=\"og:site_name\" content=\"Apirosport\" \/>\n<meta property=\"article:modified_time\" content=\"2026-03-23T21:07:28+00:00\" \/>\n<meta property=\"og:image\" content=\"https:\/\/apirosport.com\/wp-content\/uploads\/2025\/12\/Nautilus-Multistation-9-Station-7-Transparent-Product-Image-1-2.png\" \/>\n\t<meta property=\"og:image:width\" content=\"1701\" \/>\n\t<meta property=\"og:image:height\" content=\"1176\" \/>\n\t<meta property=\"og:image:type\" content=\"image\/png\" \/>\n<meta name=\"twitter:card\" content=\"summary_large_image\" \/>\n<meta name=\"twitter:title\" content=\"Apirosport\" \/>\n<meta name=\"twitter:label1\" content=\"Ber\u00e4knad l\u00e4stid\" \/>\n\t<meta name=\"twitter:data1\" content=\"1 minut\" \/>\n<script type=\"application\/ld+json\" class=\"yoast-schema-graph\">{\"@context\":\"https:\/\/schema.org\",\"@graph\":[{\"@type\":\"WebPage\",\"@id\":\"https:\/\/apirosport.com\/sv\/produkt\/9-station\/\",\"url\":\"https:\/\/apirosport.com\/sv\/produkt\/9-station\/\",\"name\":\"Multi-Station, 9 Station | Apirosport\",\"isPartOf\":{\"@id\":\"https:\/\/apirosport.com\/sv\/#website\"},\"primaryImageOfPage\":{\"@id\":\"https:\/\/apirosport.com\/sv\/produkt\/9-station\/#primaryimage\"},\"image\":{\"@id\":\"https:\/\/apirosport.com\/sv\/produkt\/9-station\/#primaryimage\"},\"thumbnailUrl\":\"https:\/\/apirosport.com\/wp-content\/uploads\/2025\/12\/Nautilus-Multistation-9-Station-7-Transparent-Product-Image-1-2.png\",\"datePublished\":\"2017-11-17T10:56:35+00:00\",\"dateModified\":\"2026-03-23T21:07:28+00:00\",\"breadcrumb\":{\"@id\":\"https:\/\/apirosport.com\/sv\/produkt\/9-station\/#breadcrumb\"},\"inLanguage\":\"sv-SE\",\"potentialAction\":[{\"@type\":\"ReadAction\",\"target\":[\"https:\/\/apirosport.com\/sv\/produkt\/9-station\/\"]}]},{\"@type\":\"ImageObject\",\"inLanguage\":\"sv-SE\",\"@id\":\"https:\/\/apirosport.com\/sv\/produkt\/9-station\/#primaryimage\",\"url\":\"https:\/\/apirosport.com\/wp-content\/uploads\/2025\/12\/Nautilus-Multistation-9-Station-7-Transparent-Product-Image-1-2.png\",\"contentUrl\":\"https:\/\/apirosport.com\/wp-content\/uploads\/2025\/12\/Nautilus-Multistation-9-Station-7-Transparent-Product-Image-1-2.png\",\"width\":1701,\"height\":1176},{\"@type\":\"BreadcrumbList\",\"@id\":\"https:\/\/apirosport.com\/sv\/produkt\/9-station\/#breadcrumb\",\"itemListElement\":[{\"@type\":\"ListItem\",\"position\":1,\"name\":\"Home\",\"item\":\"https:\/\/apirosport.com\/sv\/\"},{\"@type\":\"ListItem\",\"position\":2,\"name\":\"Produkter\",\"item\":\"https:\/\/apirosport.com\/sv\/produkter\/\"},{\"@type\":\"ListItem\",\"position\":3,\"name\":\"Multi-Station, 9 Station\"}]},{\"@type\":\"WebSite\",\"@id\":\"https:\/\/apirosport.com\/sv\/#website\",\"url\":\"https:\/\/apirosport.com\/sv\/\",\"name\":\"Apirosport\",\"description\":\"\",\"publisher\":{\"@id\":\"https:\/\/apirosport.com\/sv\/#organization\"},\"alternateName\":\"Apirosport\",\"potentialAction\":[{\"@type\":\"SearchAction\",\"target\":{\"@type\":\"EntryPoint\",\"urlTemplate\":\"https:\/\/apirosport.com\/sv\/?s={search_term_string}\"},\"query-input\":{\"@type\":\"PropertyValueSpecification\",\"valueRequired\":true,\"valueName\":\"search_term_string\"}}],\"inLanguage\":\"sv-SE\"},{\"@type\":\"Organization\",\"@id\":\"https:\/\/apirosport.com\/sv\/#organization\",\"name\":\"Apirosport\",\"alternateName\":\"Apirosport\",\"url\":\"https:\/\/apirosport.com\/sv\/\",\"logo\":{\"@type\":\"ImageObject\",\"inLanguage\":\"sv-SE\",\"@id\":\"https:\/\/apirosport.com\/sv\/#\/schema\/logo\/image\/\",\"url\":\"https:\/\/apirosport.com\/wp-content\/uploads\/2025\/12\/Apirosport-yellow-scaled.png\",\"contentUrl\":\"https:\/\/apirosport.com\/wp-content\/uploads\/2025\/12\/Apirosport-yellow-scaled.png\",\"width\":2560,\"height\":2278,\"caption\":\"Apirosport\"},\"image\":{\"@id\":\"https:\/\/apirosport.com\/sv\/#\/schema\/logo\/image\/\"}}]}<\/script>\n<!-- \/ Yoast SEO plugin. -->","yoast_head_json":{"title":"Multi-Station, 9 Station | Apirosport","robots":{"index":"index","follow":"follow","max-snippet":"max-snippet:-1","max-image-preview":"max-image-preview:large","max-video-preview":"max-video-preview:-1"},"canonical":"https:\/\/apirosport.com\/sv\/produkt\/9-station\/","og_locale":"sv_SE","og_type":"article","og_title":"Multi-Station, 9 Station | Apirosport","og_description":"Nautilus 9 station Multi-Station \u00e4r m\u00e5ngsidig, platsbesparande och popul\u00e4r &#8211; flexibiliteten \u00e4r stor och designen m\u00f6jligg\u00f6r f\u00f6r m\u00e5nga personer att tr\u00e4na samtidigt. Tv\u00e5 stationer Lat Pull Down Tv\u00e5 stationer Triceps Press Tv\u00e5 stationer Low Row Fullt flexibelt och justerbart cable cross-system Integrerade multi grip-handtag Handtag p\u00e5 ramen f\u00f6r stabilitet och balans Lock N Load med [&hellip;]","og_url":"https:\/\/apirosport.com\/sv\/produkt\/9-station\/","og_site_name":"Apirosport","article_modified_time":"2026-03-23T21:07:28+00:00","og_image":[{"width":1701,"height":1176,"url":"https:\/\/apirosport.com\/wp-content\/uploads\/2025\/12\/Nautilus-Multistation-9-Station-7-Transparent-Product-Image-1-2.png","type":"image\/png"}],"twitter_card":"summary_large_image","twitter_title":"Apirosport","twitter_misc":{"Ber\u00e4knad l\u00e4stid":"1 minut"},"schema":{"@context":"https:\/\/schema.org","@graph":[{"@type":"WebPage","@id":"https:\/\/apirosport.com\/sv\/produkt\/9-station\/","url":"https:\/\/apirosport.com\/sv\/produkt\/9-station\/","name":"Multi-Station, 9 Station | Apirosport","isPartOf":{"@id":"https:\/\/apirosport.com\/sv\/#website"},"primaryImageOfPage":{"@id":"https:\/\/apirosport.com\/sv\/produkt\/9-station\/#primaryimage"},"image":{"@id":"https:\/\/apirosport.com\/sv\/produkt\/9-station\/#primaryimage"},"thumbnailUrl":"https:\/\/apirosport.com\/wp-content\/uploads\/2025\/12\/Nautilus-Multistation-9-Station-7-Transparent-Product-Image-1-2.png","datePublished":"2017-11-17T10:56:35+00:00","dateModified":"2026-03-23T21:07:28+00:00","breadcrumb":{"@id":"https:\/\/apirosport.com\/sv\/produkt\/9-station\/#breadcrumb"},"inLanguage":"sv-SE","potentialAction":[{"@type":"ReadAction","target":["https:\/\/apirosport.com\/sv\/produkt\/9-station\/"]}]},{"@type":"ImageObject","inLanguage":"sv-SE","@id":"https:\/\/apirosport.com\/sv\/produkt\/9-station\/#primaryimage","url":"https:\/\/apirosport.com\/wp-content\/uploads\/2025\/12\/Nautilus-Multistation-9-Station-7-Transparent-Product-Image-1-2.png","contentUrl":"https:\/\/apirosport.com\/wp-content\/uploads\/2025\/12\/Nautilus-Multistation-9-Station-7-Transparent-Product-Image-1-2.png","width":1701,"height":1176},{"@type":"BreadcrumbList","@id":"https:\/\/apirosport.com\/sv\/produkt\/9-station\/#breadcrumb","itemListElement":[{"@type":"ListItem","position":1,"name":"Home","item":"https:\/\/apirosport.com\/sv\/"},{"@type":"ListItem","position":2,"name":"Produkter","item":"https:\/\/apirosport.com\/sv\/produkter\/"},{"@type":"ListItem","position":3,"name":"Multi-Station, 9 Station"}]},{"@type":"WebSite","@id":"https:\/\/apirosport.com\/sv\/#website","url":"https:\/\/apirosport.com\/sv\/","name":"Apirosport","description":"","publisher":{"@id":"https:\/\/apirosport.com\/sv\/#organization"},"alternateName":"Apirosport","potentialAction":[{"@type":"SearchAction","target":{"@type":"EntryPoint","urlTemplate":"https:\/\/apirosport.com\/sv\/?s={search_term_string}"},"query-input":{"@type":"PropertyValueSpecification","valueRequired":true,"valueName":"search_term_string"}}],"inLanguage":"sv-SE"},{"@type":"Organization","@id":"https:\/\/apirosport.com\/sv\/#organization","name":"Apirosport","alternateName":"Apirosport","url":"https:\/\/apirosport.com\/sv\/","logo":{"@type":"ImageObject","inLanguage":"sv-SE","@id":"https:\/\/apirosport.com\/sv\/#\/schema\/logo\/image\/","url":"https:\/\/apirosport.com\/wp-content\/uploads\/2025\/12\/Apirosport-yellow-scaled.png","contentUrl":"https:\/\/apirosport.com\/wp-content\/uploads\/2025\/12\/Apirosport-yellow-scaled.png","width":2560,"height":2278,"caption":"Apirosport"},"image":{"@id":"https:\/\/apirosport.com\/sv\/#\/schema\/logo\/image\/"}}]}},"_links":{"self":[{"href":"https:\/\/apirosport.com\/sv\/wp-json\/wp\/v2\/product\/8220","targetHints":{"allow":["GET"]}}],"collection":[{"href":"https:\/\/apirosport.com\/sv\/wp-json\/wp\/v2\/product"}],"about":[{"href":"https:\/\/apirosport.com\/sv\/wp-json\/wp\/v2\/types\/product"}],"wp:featuredmedia":[{"embeddable":true,"href":"https:\/\/apirosport.com\/sv\/wp-json\/wp\/v2\/media\/8221"}],"wp:attachment":[{"href":"https:\/\/apirosport.com\/sv\/wp-json\/wp\/v2\/media?parent=8220"}],"wp:term":[{"taxonomy":"variation","embeddable":true,"href":"https:\/\/apirosport.com\/sv\/wp-json\/wp\/v2\/variation?post=8220"},{"taxonomy":"product_brand","embeddable":true,"href":"https:\/\/apirosport.com\/sv\/wp-json\/wp\/v2\/product_brand?post=8220"},{"taxonomy":"product_cat","embeddable":true,"href":"https:\/\/apirosport.com\/sv\/wp-json\/wp\/v2\/product_cat?post=8220"},{"taxonomy":"product_tag","embeddable":true,"href":"https:\/\/apirosport.com\/sv\/wp-json\/wp\/v2\/product_tag?post=8220"}],"curies":[{"name":"wp","href":"https:\/\/api.w.org\/{rel}","templated":true}]}}