{"id":8244,"date":"2017-11-17T10:56:37","date_gmt":"2017-11-17T10:56:37","guid":{"rendered":"https:\/\/apirosport.com\/?post_type=product&#038;p=8244"},"modified":"2026-03-23T22:14:39","modified_gmt":"2026-03-23T22:14:39","slug":"adjustable-abdominal-bench","status":"publish","type":"product","link":"https:\/\/apirosport.com\/sv\/produkt\/adjustable-abdominal-bench\/","title":{"rendered":"Adjustable Abdominal Bench"},"content":{"rendered":"<ul>\n<li>Justerbar benkudde f\u00f6r att passa anv\u00e4ndare i alla l\u00e4ngder<\/li>\n<li>Valfri lutning om 0 till -30 grader<\/li>\n<li>Integrerad f\u00f6rvaring i ramen f\u00f6r sm\u00e5 viktskivor g\u00f6r tr\u00e4ningen extra tuff<\/li>\n<li><span class=\"tlid-translation translation\" lang=\"sv\"><span class=\"\" title=\"\">Integrerat handgrepp och hjul f\u00f6r enkel transport<\/span><\/span><\/li>\n<li><span class=\"tlid-translation translation\" lang=\"sv\">Gummif\u00f6tter f\u00f6r skydd av underlag<\/span><\/li>\n<\/ul>\n","protected":false},"excerpt":{"rendered":"<p>Justerbar benkudde f\u00f6r att passa anv\u00e4ndare i alla l\u00e4ngder Valfri lutning om 0 till -30 grader Integrerad f\u00f6rvaring i ramen f\u00f6r sm\u00e5 viktskivor g\u00f6r tr\u00e4ningen extra tuff Integrerat handgrepp och hjul f\u00f6r enkel transport Gummif\u00f6tter f\u00f6r skydd av underlag<\/p>\n","protected":false},"featured_media":8245,"template":"","meta":{"_acf_changed":false,"inline_featured_image":false},"variation":[],"product_brand":[],"product_cat":[294,309],"product_tag":[308],"class_list":{"0":"post-8244","1":"product","2":"type-product","3":"status-publish","4":"has-post-thumbnail","6":"product_cat-bankar","7":"product_cat-nautilus","8":"product_tag-nautilus-strength","10":"first","11":"instock","12":"purchasable","13":"product-type-simple"},"acf":[],"yoast_head":"<!-- This site is optimized with the Yoast SEO plugin v26.8 - https:\/\/yoast.com\/product\/yoast-seo-wordpress\/ -->\n<title>Adjustable Abdominal Bench | Apirosport<\/title>\n<meta name=\"robots\" content=\"index, follow, max-snippet:-1, max-image-preview:large, max-video-preview:-1\" \/>\n<link rel=\"canonical\" href=\"https:\/\/apirosport.com\/sv\/produkt\/adjustable-abdominal-bench\/\" \/>\n<meta property=\"og:locale\" content=\"sv_SE\" \/>\n<meta property=\"og:type\" content=\"article\" \/>\n<meta property=\"og:title\" content=\"Adjustable Abdominal Bench | Apirosport\" \/>\n<meta property=\"og:description\" content=\"Justerbar benkudde f\u00f6r att passa anv\u00e4ndare i alla l\u00e4ngder Valfri lutning om 0 till -30 grader Integrerad f\u00f6rvaring i ramen f\u00f6r sm\u00e5 viktskivor g\u00f6r tr\u00e4ningen extra tuff Integrerat handgrepp och hjul f\u00f6r enkel transport Gummif\u00f6tter f\u00f6r skydd av underlag\" \/>\n<meta property=\"og:url\" content=\"https:\/\/apirosport.com\/sv\/produkt\/adjustable-abdominal-bench\/\" \/>\n<meta property=\"og:site_name\" content=\"Apirosport\" \/>\n<meta property=\"article:modified_time\" content=\"2026-03-23T22:14:39+00:00\" \/>\n<meta property=\"og:image\" content=\"https:\/\/apirosport.com\/wp-content\/uploads\/2025\/12\/nautilus-abdominal-bench-9np-b7510-2.png\" \/>\n\t<meta property=\"og:image:width\" content=\"1181\" \/>\n\t<meta property=\"og:image:height\" content=\"1181\" \/>\n\t<meta property=\"og:image:type\" content=\"image\/png\" \/>\n<meta name=\"twitter:card\" content=\"summary_large_image\" \/>\n<meta name=\"twitter:title\" content=\"Apirosport\" \/>\n<meta name=\"twitter:label1\" content=\"Ber\u00e4knad l\u00e4stid\" \/>\n\t<meta name=\"twitter:data1\" content=\"1 minut\" \/>\n<script type=\"application\/ld+json\" class=\"yoast-schema-graph\">{\"@context\":\"https:\/\/schema.org\",\"@graph\":[{\"@type\":\"WebPage\",\"@id\":\"https:\/\/apirosport.com\/sv\/produkt\/adjustable-abdominal-bench\/\",\"url\":\"https:\/\/apirosport.com\/sv\/produkt\/adjustable-abdominal-bench\/\",\"name\":\"Adjustable Abdominal Bench | Apirosport\",\"isPartOf\":{\"@id\":\"https:\/\/apirosport.com\/sv\/#website\"},\"primaryImageOfPage\":{\"@id\":\"https:\/\/apirosport.com\/sv\/produkt\/adjustable-abdominal-bench\/#primaryimage\"},\"image\":{\"@id\":\"https:\/\/apirosport.com\/sv\/produkt\/adjustable-abdominal-bench\/#primaryimage\"},\"thumbnailUrl\":\"https:\/\/apirosport.com\/wp-content\/uploads\/2025\/12\/nautilus-abdominal-bench-9np-b7510-2.png\",\"datePublished\":\"2017-11-17T10:56:37+00:00\",\"dateModified\":\"2026-03-23T22:14:39+00:00\",\"breadcrumb\":{\"@id\":\"https:\/\/apirosport.com\/sv\/produkt\/adjustable-abdominal-bench\/#breadcrumb\"},\"inLanguage\":\"sv-SE\",\"potentialAction\":[{\"@type\":\"ReadAction\",\"target\":[\"https:\/\/apirosport.com\/sv\/produkt\/adjustable-abdominal-bench\/\"]}]},{\"@type\":\"ImageObject\",\"inLanguage\":\"sv-SE\",\"@id\":\"https:\/\/apirosport.com\/sv\/produkt\/adjustable-abdominal-bench\/#primaryimage\",\"url\":\"https:\/\/apirosport.com\/wp-content\/uploads\/2025\/12\/nautilus-abdominal-bench-9np-b7510-2.png\",\"contentUrl\":\"https:\/\/apirosport.com\/wp-content\/uploads\/2025\/12\/nautilus-abdominal-bench-9np-b7510-2.png\",\"width\":1181,\"height\":1181},{\"@type\":\"BreadcrumbList\",\"@id\":\"https:\/\/apirosport.com\/sv\/produkt\/adjustable-abdominal-bench\/#breadcrumb\",\"itemListElement\":[{\"@type\":\"ListItem\",\"position\":1,\"name\":\"Home\",\"item\":\"https:\/\/apirosport.com\/sv\/\"},{\"@type\":\"ListItem\",\"position\":2,\"name\":\"Produkter\",\"item\":\"https:\/\/apirosport.com\/sv\/produkter\/\"},{\"@type\":\"ListItem\",\"position\":3,\"name\":\"Adjustable Abdominal Bench\"}]},{\"@type\":\"WebSite\",\"@id\":\"https:\/\/apirosport.com\/sv\/#website\",\"url\":\"https:\/\/apirosport.com\/sv\/\",\"name\":\"Apirosport\",\"description\":\"\",\"publisher\":{\"@id\":\"https:\/\/apirosport.com\/sv\/#organization\"},\"alternateName\":\"Apirosport\",\"potentialAction\":[{\"@type\":\"SearchAction\",\"target\":{\"@type\":\"EntryPoint\",\"urlTemplate\":\"https:\/\/apirosport.com\/sv\/?s={search_term_string}\"},\"query-input\":{\"@type\":\"PropertyValueSpecification\",\"valueRequired\":true,\"valueName\":\"search_term_string\"}}],\"inLanguage\":\"sv-SE\"},{\"@type\":\"Organization\",\"@id\":\"https:\/\/apirosport.com\/sv\/#organization\",\"name\":\"Apirosport\",\"alternateName\":\"Apirosport\",\"url\":\"https:\/\/apirosport.com\/sv\/\",\"logo\":{\"@type\":\"ImageObject\",\"inLanguage\":\"sv-SE\",\"@id\":\"https:\/\/apirosport.com\/sv\/#\/schema\/logo\/image\/\",\"url\":\"https:\/\/apirosport.com\/wp-content\/uploads\/2025\/12\/Apirosport-yellow-scaled.png\",\"contentUrl\":\"https:\/\/apirosport.com\/wp-content\/uploads\/2025\/12\/Apirosport-yellow-scaled.png\",\"width\":2560,\"height\":2278,\"caption\":\"Apirosport\"},\"image\":{\"@id\":\"https:\/\/apirosport.com\/sv\/#\/schema\/logo\/image\/\"}}]}<\/script>\n<!-- \/ Yoast SEO plugin. -->","yoast_head_json":{"title":"Adjustable Abdominal Bench | Apirosport","robots":{"index":"index","follow":"follow","max-snippet":"max-snippet:-1","max-image-preview":"max-image-preview:large","max-video-preview":"max-video-preview:-1"},"canonical":"https:\/\/apirosport.com\/sv\/produkt\/adjustable-abdominal-bench\/","og_locale":"sv_SE","og_type":"article","og_title":"Adjustable Abdominal Bench | Apirosport","og_description":"Justerbar benkudde f\u00f6r att passa anv\u00e4ndare i alla l\u00e4ngder Valfri lutning om 0 till -30 grader Integrerad f\u00f6rvaring i ramen f\u00f6r sm\u00e5 viktskivor g\u00f6r tr\u00e4ningen extra tuff Integrerat handgrepp och hjul f\u00f6r enkel transport Gummif\u00f6tter f\u00f6r skydd av underlag","og_url":"https:\/\/apirosport.com\/sv\/produkt\/adjustable-abdominal-bench\/","og_site_name":"Apirosport","article_modified_time":"2026-03-23T22:14:39+00:00","og_image":[{"width":1181,"height":1181,"url":"https:\/\/apirosport.com\/wp-content\/uploads\/2025\/12\/nautilus-abdominal-bench-9np-b7510-2.png","type":"image\/png"}],"twitter_card":"summary_large_image","twitter_title":"Apirosport","twitter_misc":{"Ber\u00e4knad l\u00e4stid":"1 minut"},"schema":{"@context":"https:\/\/schema.org","@graph":[{"@type":"WebPage","@id":"https:\/\/apirosport.com\/sv\/produkt\/adjustable-abdominal-bench\/","url":"https:\/\/apirosport.com\/sv\/produkt\/adjustable-abdominal-bench\/","name":"Adjustable Abdominal Bench | Apirosport","isPartOf":{"@id":"https:\/\/apirosport.com\/sv\/#website"},"primaryImageOfPage":{"@id":"https:\/\/apirosport.com\/sv\/produkt\/adjustable-abdominal-bench\/#primaryimage"},"image":{"@id":"https:\/\/apirosport.com\/sv\/produkt\/adjustable-abdominal-bench\/#primaryimage"},"thumbnailUrl":"https:\/\/apirosport.com\/wp-content\/uploads\/2025\/12\/nautilus-abdominal-bench-9np-b7510-2.png","datePublished":"2017-11-17T10:56:37+00:00","dateModified":"2026-03-23T22:14:39+00:00","breadcrumb":{"@id":"https:\/\/apirosport.com\/sv\/produkt\/adjustable-abdominal-bench\/#breadcrumb"},"inLanguage":"sv-SE","potentialAction":[{"@type":"ReadAction","target":["https:\/\/apirosport.com\/sv\/produkt\/adjustable-abdominal-bench\/"]}]},{"@type":"ImageObject","inLanguage":"sv-SE","@id":"https:\/\/apirosport.com\/sv\/produkt\/adjustable-abdominal-bench\/#primaryimage","url":"https:\/\/apirosport.com\/wp-content\/uploads\/2025\/12\/nautilus-abdominal-bench-9np-b7510-2.png","contentUrl":"https:\/\/apirosport.com\/wp-content\/uploads\/2025\/12\/nautilus-abdominal-bench-9np-b7510-2.png","width":1181,"height":1181},{"@type":"BreadcrumbList","@id":"https:\/\/apirosport.com\/sv\/produkt\/adjustable-abdominal-bench\/#breadcrumb","itemListElement":[{"@type":"ListItem","position":1,"name":"Home","item":"https:\/\/apirosport.com\/sv\/"},{"@type":"ListItem","position":2,"name":"Produkter","item":"https:\/\/apirosport.com\/sv\/produkter\/"},{"@type":"ListItem","position":3,"name":"Adjustable Abdominal Bench"}]},{"@type":"WebSite","@id":"https:\/\/apirosport.com\/sv\/#website","url":"https:\/\/apirosport.com\/sv\/","name":"Apirosport","description":"","publisher":{"@id":"https:\/\/apirosport.com\/sv\/#organization"},"alternateName":"Apirosport","potentialAction":[{"@type":"SearchAction","target":{"@type":"EntryPoint","urlTemplate":"https:\/\/apirosport.com\/sv\/?s={search_term_string}"},"query-input":{"@type":"PropertyValueSpecification","valueRequired":true,"valueName":"search_term_string"}}],"inLanguage":"sv-SE"},{"@type":"Organization","@id":"https:\/\/apirosport.com\/sv\/#organization","name":"Apirosport","alternateName":"Apirosport","url":"https:\/\/apirosport.com\/sv\/","logo":{"@type":"ImageObject","inLanguage":"sv-SE","@id":"https:\/\/apirosport.com\/sv\/#\/schema\/logo\/image\/","url":"https:\/\/apirosport.com\/wp-content\/uploads\/2025\/12\/Apirosport-yellow-scaled.png","contentUrl":"https:\/\/apirosport.com\/wp-content\/uploads\/2025\/12\/Apirosport-yellow-scaled.png","width":2560,"height":2278,"caption":"Apirosport"},"image":{"@id":"https:\/\/apirosport.com\/sv\/#\/schema\/logo\/image\/"}}]}},"_links":{"self":[{"href":"https:\/\/apirosport.com\/sv\/wp-json\/wp\/v2\/product\/8244","targetHints":{"allow":["GET"]}}],"collection":[{"href":"https:\/\/apirosport.com\/sv\/wp-json\/wp\/v2\/product"}],"about":[{"href":"https:\/\/apirosport.com\/sv\/wp-json\/wp\/v2\/types\/product"}],"wp:featuredmedia":[{"embeddable":true,"href":"https:\/\/apirosport.com\/sv\/wp-json\/wp\/v2\/media\/8245"}],"wp:attachment":[{"href":"https:\/\/apirosport.com\/sv\/wp-json\/wp\/v2\/media?parent=8244"}],"wp:term":[{"taxonomy":"variation","embeddable":true,"href":"https:\/\/apirosport.com\/sv\/wp-json\/wp\/v2\/variation?post=8244"},{"taxonomy":"product_brand","embeddable":true,"href":"https:\/\/apirosport.com\/sv\/wp-json\/wp\/v2\/product_brand?post=8244"},{"taxonomy":"product_cat","embeddable":true,"href":"https:\/\/apirosport.com\/sv\/wp-json\/wp\/v2\/product_cat?post=8244"},{"taxonomy":"product_tag","embeddable":true,"href":"https:\/\/apirosport.com\/sv\/wp-json\/wp\/v2\/product_tag?post=8244"}],"curies":[{"name":"wp","href":"https:\/\/api.w.org\/{rel}","templated":true}]}}