{"id":8252,"date":"2017-11-17T10:56:37","date_gmt":"2017-11-17T10:56:37","guid":{"rendered":"https:\/\/apirosport.com\/?post_type=product&#038;p=8252"},"modified":"2026-03-23T22:08:42","modified_gmt":"2026-03-23T22:08:42","slug":"pull-updipleg-raise","status":"publish","type":"product","link":"https:\/\/apirosport.com\/sv\/produkt\/pull-updipleg-raise\/","title":{"rendered":"Pull-Up\/Dip\/Leg Raise"},"content":{"rendered":"<ul>\n<li><span id=\"result_box\" class=\"\" lang=\"sv\">Multi grip-handtag f\u00f6r tr\u00e4ningsvariation i pull-ups och chins<br \/>\n<\/span><\/li>\n<li>Vinklade dipsst\u00e4nger f\u00f6r smalt eller brett grepp<\/li>\n<li>Dynor f\u00f6r armb\u00e5gar och l\u00e4ndrygg f\u00f6r b\u00e4ttre komfort<\/li>\n<li><span class=\"tlid-translation translation\" lang=\"sv\">Skydd p\u00e5 ramen f\u00f6r att undvika on\u00f6digt slitage<\/span><\/li>\n<li><span class=\"tlid-translation translation\" lang=\"sv\">Gummif\u00f6tter f\u00f6r skydd av underlag<\/span><\/li>\n<\/ul>\n","protected":false},"excerpt":{"rendered":"<p>Multi grip-handtag f\u00f6r tr\u00e4ningsvariation i pull-ups och chins Vinklade dipsst\u00e4nger f\u00f6r smalt eller brett grepp Dynor f\u00f6r armb\u00e5gar och l\u00e4ndrygg f\u00f6r b\u00e4ttre komfort Skydd p\u00e5 ramen f\u00f6r att undvika on\u00f6digt slitage Gummif\u00f6tter f\u00f6r skydd av underlag<\/p>\n","protected":false},"featured_media":8253,"template":"","meta":{"_acf_changed":false,"inline_featured_image":false},"variation":[],"product_brand":[],"product_cat":[96,294,309],"product_tag":[308],"class_list":{"0":"post-8252","1":"product","2":"type-product","3":"status-publish","4":"has-post-thumbnail","6":"product_cat-styrkemaskiner","7":"product_cat-bankar","8":"product_cat-nautilus","9":"product_tag-nautilus-strength","11":"first","12":"instock","13":"purchasable","14":"product-type-simple"},"acf":[],"yoast_head":"<!-- This site is optimized with the Yoast SEO plugin v26.8 - https:\/\/yoast.com\/product\/yoast-seo-wordpress\/ -->\n<title>Pull-Up\/Dip\/Leg Raise | Apirosport<\/title>\n<meta name=\"robots\" content=\"index, follow, max-snippet:-1, max-image-preview:large, max-video-preview:-1\" \/>\n<link rel=\"canonical\" href=\"https:\/\/apirosport.com\/sv\/produkt\/pull-updipleg-raise\/\" \/>\n<meta property=\"og:locale\" content=\"sv_SE\" \/>\n<meta property=\"og:type\" content=\"article\" \/>\n<meta property=\"og:title\" content=\"Pull-Up\/Dip\/Leg Raise | Apirosport\" \/>\n<meta property=\"og:description\" content=\"Multi grip-handtag f\u00f6r tr\u00e4ningsvariation i pull-ups och chins Vinklade dipsst\u00e4nger f\u00f6r smalt eller brett grepp Dynor f\u00f6r armb\u00e5gar och l\u00e4ndrygg f\u00f6r b\u00e4ttre komfort Skydd p\u00e5 ramen f\u00f6r att undvika on\u00f6digt slitage Gummif\u00f6tter f\u00f6r skydd av underlag\" \/>\n<meta property=\"og:url\" content=\"https:\/\/apirosport.com\/sv\/produkt\/pull-updipleg-raise\/\" \/>\n<meta property=\"og:site_name\" content=\"Apirosport\" \/>\n<meta property=\"article:modified_time\" content=\"2026-03-23T22:08:42+00:00\" \/>\n<meta property=\"og:image\" content=\"https:\/\/apirosport.com\/wp-content\/uploads\/2025\/12\/Nautilus-Pull-Up-Dip-Leg-Raise-9NP-B7511-1-2.png\" \/>\n\t<meta property=\"og:image:width\" content=\"1181\" \/>\n\t<meta property=\"og:image:height\" content=\"1181\" \/>\n\t<meta property=\"og:image:type\" content=\"image\/png\" \/>\n<meta name=\"twitter:card\" content=\"summary_large_image\" \/>\n<meta name=\"twitter:title\" content=\"Apirosport\" \/>\n<meta name=\"twitter:label1\" content=\"Ber\u00e4knad l\u00e4stid\" \/>\n\t<meta name=\"twitter:data1\" content=\"1 minut\" \/>\n<script type=\"application\/ld+json\" class=\"yoast-schema-graph\">{\"@context\":\"https:\/\/schema.org\",\"@graph\":[{\"@type\":\"WebPage\",\"@id\":\"https:\/\/apirosport.com\/sv\/produkt\/pull-updipleg-raise\/\",\"url\":\"https:\/\/apirosport.com\/sv\/produkt\/pull-updipleg-raise\/\",\"name\":\"Pull-Up\/Dip\/Leg Raise | Apirosport\",\"isPartOf\":{\"@id\":\"https:\/\/apirosport.com\/sv\/#website\"},\"primaryImageOfPage\":{\"@id\":\"https:\/\/apirosport.com\/sv\/produkt\/pull-updipleg-raise\/#primaryimage\"},\"image\":{\"@id\":\"https:\/\/apirosport.com\/sv\/produkt\/pull-updipleg-raise\/#primaryimage\"},\"thumbnailUrl\":\"https:\/\/apirosport.com\/wp-content\/uploads\/2025\/12\/Nautilus-Pull-Up-Dip-Leg-Raise-9NP-B7511-1-2.png\",\"datePublished\":\"2017-11-17T10:56:37+00:00\",\"dateModified\":\"2026-03-23T22:08:42+00:00\",\"breadcrumb\":{\"@id\":\"https:\/\/apirosport.com\/sv\/produkt\/pull-updipleg-raise\/#breadcrumb\"},\"inLanguage\":\"sv-SE\",\"potentialAction\":[{\"@type\":\"ReadAction\",\"target\":[\"https:\/\/apirosport.com\/sv\/produkt\/pull-updipleg-raise\/\"]}]},{\"@type\":\"ImageObject\",\"inLanguage\":\"sv-SE\",\"@id\":\"https:\/\/apirosport.com\/sv\/produkt\/pull-updipleg-raise\/#primaryimage\",\"url\":\"https:\/\/apirosport.com\/wp-content\/uploads\/2025\/12\/Nautilus-Pull-Up-Dip-Leg-Raise-9NP-B7511-1-2.png\",\"contentUrl\":\"https:\/\/apirosport.com\/wp-content\/uploads\/2025\/12\/Nautilus-Pull-Up-Dip-Leg-Raise-9NP-B7511-1-2.png\",\"width\":1181,\"height\":1181},{\"@type\":\"BreadcrumbList\",\"@id\":\"https:\/\/apirosport.com\/sv\/produkt\/pull-updipleg-raise\/#breadcrumb\",\"itemListElement\":[{\"@type\":\"ListItem\",\"position\":1,\"name\":\"Home\",\"item\":\"https:\/\/apirosport.com\/sv\/\"},{\"@type\":\"ListItem\",\"position\":2,\"name\":\"Produkter\",\"item\":\"https:\/\/apirosport.com\/sv\/produkter\/\"},{\"@type\":\"ListItem\",\"position\":3,\"name\":\"Pull-Up\/Dip\/Leg Raise\"}]},{\"@type\":\"WebSite\",\"@id\":\"https:\/\/apirosport.com\/sv\/#website\",\"url\":\"https:\/\/apirosport.com\/sv\/\",\"name\":\"Apirosport\",\"description\":\"\",\"publisher\":{\"@id\":\"https:\/\/apirosport.com\/sv\/#organization\"},\"alternateName\":\"Apirosport\",\"potentialAction\":[{\"@type\":\"SearchAction\",\"target\":{\"@type\":\"EntryPoint\",\"urlTemplate\":\"https:\/\/apirosport.com\/sv\/?s={search_term_string}\"},\"query-input\":{\"@type\":\"PropertyValueSpecification\",\"valueRequired\":true,\"valueName\":\"search_term_string\"}}],\"inLanguage\":\"sv-SE\"},{\"@type\":\"Organization\",\"@id\":\"https:\/\/apirosport.com\/sv\/#organization\",\"name\":\"Apirosport\",\"alternateName\":\"Apirosport\",\"url\":\"https:\/\/apirosport.com\/sv\/\",\"logo\":{\"@type\":\"ImageObject\",\"inLanguage\":\"sv-SE\",\"@id\":\"https:\/\/apirosport.com\/sv\/#\/schema\/logo\/image\/\",\"url\":\"https:\/\/apirosport.com\/wp-content\/uploads\/2025\/12\/Apirosport-yellow-scaled.png\",\"contentUrl\":\"https:\/\/apirosport.com\/wp-content\/uploads\/2025\/12\/Apirosport-yellow-scaled.png\",\"width\":2560,\"height\":2278,\"caption\":\"Apirosport\"},\"image\":{\"@id\":\"https:\/\/apirosport.com\/sv\/#\/schema\/logo\/image\/\"}}]}<\/script>\n<!-- \/ Yoast SEO plugin. -->","yoast_head_json":{"title":"Pull-Up\/Dip\/Leg Raise | Apirosport","robots":{"index":"index","follow":"follow","max-snippet":"max-snippet:-1","max-image-preview":"max-image-preview:large","max-video-preview":"max-video-preview:-1"},"canonical":"https:\/\/apirosport.com\/sv\/produkt\/pull-updipleg-raise\/","og_locale":"sv_SE","og_type":"article","og_title":"Pull-Up\/Dip\/Leg Raise | Apirosport","og_description":"Multi grip-handtag f\u00f6r tr\u00e4ningsvariation i pull-ups och chins Vinklade dipsst\u00e4nger f\u00f6r smalt eller brett grepp Dynor f\u00f6r armb\u00e5gar och l\u00e4ndrygg f\u00f6r b\u00e4ttre komfort Skydd p\u00e5 ramen f\u00f6r att undvika on\u00f6digt slitage Gummif\u00f6tter f\u00f6r skydd av underlag","og_url":"https:\/\/apirosport.com\/sv\/produkt\/pull-updipleg-raise\/","og_site_name":"Apirosport","article_modified_time":"2026-03-23T22:08:42+00:00","og_image":[{"width":1181,"height":1181,"url":"https:\/\/apirosport.com\/wp-content\/uploads\/2025\/12\/Nautilus-Pull-Up-Dip-Leg-Raise-9NP-B7511-1-2.png","type":"image\/png"}],"twitter_card":"summary_large_image","twitter_title":"Apirosport","twitter_misc":{"Ber\u00e4knad l\u00e4stid":"1 minut"},"schema":{"@context":"https:\/\/schema.org","@graph":[{"@type":"WebPage","@id":"https:\/\/apirosport.com\/sv\/produkt\/pull-updipleg-raise\/","url":"https:\/\/apirosport.com\/sv\/produkt\/pull-updipleg-raise\/","name":"Pull-Up\/Dip\/Leg Raise | Apirosport","isPartOf":{"@id":"https:\/\/apirosport.com\/sv\/#website"},"primaryImageOfPage":{"@id":"https:\/\/apirosport.com\/sv\/produkt\/pull-updipleg-raise\/#primaryimage"},"image":{"@id":"https:\/\/apirosport.com\/sv\/produkt\/pull-updipleg-raise\/#primaryimage"},"thumbnailUrl":"https:\/\/apirosport.com\/wp-content\/uploads\/2025\/12\/Nautilus-Pull-Up-Dip-Leg-Raise-9NP-B7511-1-2.png","datePublished":"2017-11-17T10:56:37+00:00","dateModified":"2026-03-23T22:08:42+00:00","breadcrumb":{"@id":"https:\/\/apirosport.com\/sv\/produkt\/pull-updipleg-raise\/#breadcrumb"},"inLanguage":"sv-SE","potentialAction":[{"@type":"ReadAction","target":["https:\/\/apirosport.com\/sv\/produkt\/pull-updipleg-raise\/"]}]},{"@type":"ImageObject","inLanguage":"sv-SE","@id":"https:\/\/apirosport.com\/sv\/produkt\/pull-updipleg-raise\/#primaryimage","url":"https:\/\/apirosport.com\/wp-content\/uploads\/2025\/12\/Nautilus-Pull-Up-Dip-Leg-Raise-9NP-B7511-1-2.png","contentUrl":"https:\/\/apirosport.com\/wp-content\/uploads\/2025\/12\/Nautilus-Pull-Up-Dip-Leg-Raise-9NP-B7511-1-2.png","width":1181,"height":1181},{"@type":"BreadcrumbList","@id":"https:\/\/apirosport.com\/sv\/produkt\/pull-updipleg-raise\/#breadcrumb","itemListElement":[{"@type":"ListItem","position":1,"name":"Home","item":"https:\/\/apirosport.com\/sv\/"},{"@type":"ListItem","position":2,"name":"Produkter","item":"https:\/\/apirosport.com\/sv\/produkter\/"},{"@type":"ListItem","position":3,"name":"Pull-Up\/Dip\/Leg Raise"}]},{"@type":"WebSite","@id":"https:\/\/apirosport.com\/sv\/#website","url":"https:\/\/apirosport.com\/sv\/","name":"Apirosport","description":"","publisher":{"@id":"https:\/\/apirosport.com\/sv\/#organization"},"alternateName":"Apirosport","potentialAction":[{"@type":"SearchAction","target":{"@type":"EntryPoint","urlTemplate":"https:\/\/apirosport.com\/sv\/?s={search_term_string}"},"query-input":{"@type":"PropertyValueSpecification","valueRequired":true,"valueName":"search_term_string"}}],"inLanguage":"sv-SE"},{"@type":"Organization","@id":"https:\/\/apirosport.com\/sv\/#organization","name":"Apirosport","alternateName":"Apirosport","url":"https:\/\/apirosport.com\/sv\/","logo":{"@type":"ImageObject","inLanguage":"sv-SE","@id":"https:\/\/apirosport.com\/sv\/#\/schema\/logo\/image\/","url":"https:\/\/apirosport.com\/wp-content\/uploads\/2025\/12\/Apirosport-yellow-scaled.png","contentUrl":"https:\/\/apirosport.com\/wp-content\/uploads\/2025\/12\/Apirosport-yellow-scaled.png","width":2560,"height":2278,"caption":"Apirosport"},"image":{"@id":"https:\/\/apirosport.com\/sv\/#\/schema\/logo\/image\/"}}]}},"_links":{"self":[{"href":"https:\/\/apirosport.com\/sv\/wp-json\/wp\/v2\/product\/8252","targetHints":{"allow":["GET"]}}],"collection":[{"href":"https:\/\/apirosport.com\/sv\/wp-json\/wp\/v2\/product"}],"about":[{"href":"https:\/\/apirosport.com\/sv\/wp-json\/wp\/v2\/types\/product"}],"wp:featuredmedia":[{"embeddable":true,"href":"https:\/\/apirosport.com\/sv\/wp-json\/wp\/v2\/media\/8253"}],"wp:attachment":[{"href":"https:\/\/apirosport.com\/sv\/wp-json\/wp\/v2\/media?parent=8252"}],"wp:term":[{"taxonomy":"variation","embeddable":true,"href":"https:\/\/apirosport.com\/sv\/wp-json\/wp\/v2\/variation?post=8252"},{"taxonomy":"product_brand","embeddable":true,"href":"https:\/\/apirosport.com\/sv\/wp-json\/wp\/v2\/product_brand?post=8252"},{"taxonomy":"product_cat","embeddable":true,"href":"https:\/\/apirosport.com\/sv\/wp-json\/wp\/v2\/product_cat?post=8252"},{"taxonomy":"product_tag","embeddable":true,"href":"https:\/\/apirosport.com\/sv\/wp-json\/wp\/v2\/product_tag?post=8252"}],"curies":[{"name":"wp","href":"https:\/\/api.w.org\/{rel}","templated":true}]}}