{"id":8282,"date":"2017-11-17T10:59:21","date_gmt":"2017-11-17T10:59:21","guid":{"rendered":"https:\/\/apirosport.com\/?post_type=product&#038;p=8282"},"modified":"2026-02-23T12:52:38","modified_gmt":"2026-02-23T12:52:38","slug":"echelon2g","status":"publish","type":"product","link":"https:\/\/apirosport.com\/sv\/produkt\/echelon2g\/","title":{"rendered":"Echelon2G"},"content":{"rendered":"<p>Echelon2G \u00e4r nya generationens konsol f\u00f6r Schwinn Power Bikes: <a href=\"https:\/\/apirosport.se\/produkter\/indoor-cycling\/ac-power\/\" target=\"_blank\" rel=\"noopener\">AC Power<\/a> och <a href=\"https:\/\/apirosport.se\/produkter\/indoor-cycling\/sc-power\/\" target=\"_blank\" rel=\"noopener\">SC Power<\/a>. <span class=\"tlid-translation translation\" lang=\"sv\"><span class=\"\" title=\"\">Konsolen \u00e4r Schwinns b\u00e4sta och mest intuitiva hittills, med en m\u00e4ngd nya funktioner och teknologi.<\/span><\/span><\/p>\n<ul>\n<li><span class=\"tlid-translation translation\" lang=\"sv\"><span class=\"\" title=\"\"> Echelon2G drivs av en inbyggd generator som dels laddar konsolen men \u00e4ven genererar str\u00f6m till LED-belysningen under cykeln. Eftersom den \u00e4r sj\u00e4lvf\u00f6rs\u00f6rjande f\u00f6rsvinner behovet av att byta batterier vilket g\u00f6r konsolen b\u00e5de prisv\u00e4rd, milj\u00f6v\u00e4nlig och smidig f\u00f6r dig som gym\u00e4gare<\/span><\/span><\/li>\n<li>Tillsammans med vevarmen 4iiii, som finns monterad p\u00e5 Schwinn Power Bikes AC Power och SC Power, levereras branschens mest exakta m\u00e4tdata. WATTs, tid, kalorier, RPM, distans och puls visas alltid p\u00e5 displayen och f\u00f6r dig som vill j\u00e4mf\u00f6ra hur du presterat under passets olika delar finns funktionen &#8221;Stages&#8221; som vid ett knapptryck sparar din tr\u00e4ningsdata f\u00f6r den angivna perioden<\/li>\n<li>Konsolen \u00e4r kompatibel med b\u00e5de ANT+ och Bluetooth och fungerar f\u00f6r s\u00e5v\u00e4l olika grupptr\u00e4ningsl\u00f6sningar som f\u00f6r uppkoppling till tr\u00e4ningsappar och andra wearables f\u00f6r b\u00e4ttre tracking av tr\u00e4ning<\/li>\n<\/ul>\n","protected":false},"excerpt":{"rendered":"<p>Echelon2G \u00e4r nya generationens konsol f\u00f6r Schwinn Power Bikes: AC Power och SC Power. Konsolen \u00e4r Schwinns b\u00e4sta och mest intuitiva hittills, med en m\u00e4ngd nya funktioner och teknologi. Echelon2G drivs av en inbyggd generator som dels laddar konsolen men \u00e4ven genererar str\u00f6m till LED-belysningen under cykeln. Eftersom den \u00e4r sj\u00e4lvf\u00f6rs\u00f6rjande f\u00f6rsvinner behovet av att [&hellip;]<\/p>\n","protected":false},"featured_media":8283,"template":"","meta":{"_acf_changed":false,"inline_featured_image":false},"variation":[],"product_brand":[],"product_cat":[282,287,288,325],"product_tag":[300],"class_list":{"0":"post-8282","1":"product","2":"type-product","3":"status-publish","4":"has-post-thumbnail","6":"product_cat-displays","7":"product_cat-indoor-cycling","8":"product_cat-konsoler","9":"product_cat-schwinn","10":"product_tag-schwinn","12":"first","13":"instock","14":"purchasable","15":"product-type-simple"},"acf":[],"yoast_head":"<!-- This site is optimized with the Yoast SEO plugin v26.8 - https:\/\/yoast.com\/product\/yoast-seo-wordpress\/ -->\n<title>Echelon2G | Apirosport<\/title>\n<meta name=\"robots\" content=\"index, follow, max-snippet:-1, max-image-preview:large, max-video-preview:-1\" \/>\n<link rel=\"canonical\" href=\"https:\/\/apirosport.com\/sv\/produkt\/echelon2g\/\" \/>\n<meta property=\"og:locale\" content=\"sv_SE\" \/>\n<meta property=\"og:type\" content=\"article\" \/>\n<meta property=\"og:title\" content=\"Echelon2G | Apirosport\" \/>\n<meta property=\"og:description\" content=\"Echelon2G \u00e4r nya generationens konsol f\u00f6r Schwinn Power Bikes: AC Power och SC Power. Konsolen \u00e4r Schwinns b\u00e4sta och mest intuitiva hittills, med en m\u00e4ngd nya funktioner och teknologi. Echelon2G drivs av en inbyggd generator som dels laddar konsolen men \u00e4ven genererar str\u00f6m till LED-belysningen under cykeln. Eftersom den \u00e4r sj\u00e4lvf\u00f6rs\u00f6rjande f\u00f6rsvinner behovet av att [&hellip;]\" \/>\n<meta property=\"og:url\" content=\"https:\/\/apirosport.com\/sv\/produkt\/echelon2g\/\" \/>\n<meta property=\"og:site_name\" content=\"Apirosport\" \/>\n<meta property=\"article:modified_time\" content=\"2026-02-23T12:52:38+00:00\" \/>\n<meta property=\"og:image\" content=\"https:\/\/apirosport.com\/wp-content\/uploads\/2025\/12\/Echelon2G_01-2.jpg\" \/>\n\t<meta property=\"og:image:width\" content=\"1000\" \/>\n\t<meta property=\"og:image:height\" content=\"1000\" \/>\n\t<meta property=\"og:image:type\" content=\"image\/jpeg\" \/>\n<meta name=\"twitter:card\" content=\"summary_large_image\" \/>\n<meta name=\"twitter:title\" content=\"Apirosport\" \/>\n<meta name=\"twitter:label1\" content=\"Ber\u00e4knad l\u00e4stid\" \/>\n\t<meta name=\"twitter:data1\" content=\"1 minut\" \/>\n<script type=\"application\/ld+json\" class=\"yoast-schema-graph\">{\"@context\":\"https:\/\/schema.org\",\"@graph\":[{\"@type\":\"WebPage\",\"@id\":\"https:\/\/apirosport.com\/sv\/produkt\/echelon2g\/\",\"url\":\"https:\/\/apirosport.com\/sv\/produkt\/echelon2g\/\",\"name\":\"Echelon2G | Apirosport\",\"isPartOf\":{\"@id\":\"https:\/\/apirosport.com\/sv\/#website\"},\"primaryImageOfPage\":{\"@id\":\"https:\/\/apirosport.com\/sv\/produkt\/echelon2g\/#primaryimage\"},\"image\":{\"@id\":\"https:\/\/apirosport.com\/sv\/produkt\/echelon2g\/#primaryimage\"},\"thumbnailUrl\":\"https:\/\/apirosport.com\/wp-content\/uploads\/2025\/12\/Echelon2G_01-2.jpg\",\"datePublished\":\"2017-11-17T10:59:21+00:00\",\"dateModified\":\"2026-02-23T12:52:38+00:00\",\"breadcrumb\":{\"@id\":\"https:\/\/apirosport.com\/sv\/produkt\/echelon2g\/#breadcrumb\"},\"inLanguage\":\"sv-SE\",\"potentialAction\":[{\"@type\":\"ReadAction\",\"target\":[\"https:\/\/apirosport.com\/sv\/produkt\/echelon2g\/\"]}]},{\"@type\":\"ImageObject\",\"inLanguage\":\"sv-SE\",\"@id\":\"https:\/\/apirosport.com\/sv\/produkt\/echelon2g\/#primaryimage\",\"url\":\"https:\/\/apirosport.com\/wp-content\/uploads\/2025\/12\/Echelon2G_01-2.jpg\",\"contentUrl\":\"https:\/\/apirosport.com\/wp-content\/uploads\/2025\/12\/Echelon2G_01-2.jpg\",\"width\":1000,\"height\":1000,\"caption\":\"Echelon2G\"},{\"@type\":\"BreadcrumbList\",\"@id\":\"https:\/\/apirosport.com\/sv\/produkt\/echelon2g\/#breadcrumb\",\"itemListElement\":[{\"@type\":\"ListItem\",\"position\":1,\"name\":\"Home\",\"item\":\"https:\/\/apirosport.com\/sv\/\"},{\"@type\":\"ListItem\",\"position\":2,\"name\":\"Produkter\",\"item\":\"https:\/\/apirosport.com\/sv\/produkter\/\"},{\"@type\":\"ListItem\",\"position\":3,\"name\":\"Echelon2G\"}]},{\"@type\":\"WebSite\",\"@id\":\"https:\/\/apirosport.com\/sv\/#website\",\"url\":\"https:\/\/apirosport.com\/sv\/\",\"name\":\"Apirosport\",\"description\":\"\",\"publisher\":{\"@id\":\"https:\/\/apirosport.com\/sv\/#organization\"},\"alternateName\":\"Apirosport\",\"potentialAction\":[{\"@type\":\"SearchAction\",\"target\":{\"@type\":\"EntryPoint\",\"urlTemplate\":\"https:\/\/apirosport.com\/sv\/?s={search_term_string}\"},\"query-input\":{\"@type\":\"PropertyValueSpecification\",\"valueRequired\":true,\"valueName\":\"search_term_string\"}}],\"inLanguage\":\"sv-SE\"},{\"@type\":\"Organization\",\"@id\":\"https:\/\/apirosport.com\/sv\/#organization\",\"name\":\"Apirosport\",\"alternateName\":\"Apirosport\",\"url\":\"https:\/\/apirosport.com\/sv\/\",\"logo\":{\"@type\":\"ImageObject\",\"inLanguage\":\"sv-SE\",\"@id\":\"https:\/\/apirosport.com\/sv\/#\/schema\/logo\/image\/\",\"url\":\"https:\/\/apirosport.com\/wp-content\/uploads\/2025\/12\/Apirosport-yellow-scaled.png\",\"contentUrl\":\"https:\/\/apirosport.com\/wp-content\/uploads\/2025\/12\/Apirosport-yellow-scaled.png\",\"width\":2560,\"height\":2278,\"caption\":\"Apirosport\"},\"image\":{\"@id\":\"https:\/\/apirosport.com\/sv\/#\/schema\/logo\/image\/\"}}]}<\/script>\n<!-- \/ Yoast SEO plugin. -->","yoast_head_json":{"title":"Echelon2G | Apirosport","robots":{"index":"index","follow":"follow","max-snippet":"max-snippet:-1","max-image-preview":"max-image-preview:large","max-video-preview":"max-video-preview:-1"},"canonical":"https:\/\/apirosport.com\/sv\/produkt\/echelon2g\/","og_locale":"sv_SE","og_type":"article","og_title":"Echelon2G | Apirosport","og_description":"Echelon2G \u00e4r nya generationens konsol f\u00f6r Schwinn Power Bikes: AC Power och SC Power. Konsolen \u00e4r Schwinns b\u00e4sta och mest intuitiva hittills, med en m\u00e4ngd nya funktioner och teknologi. Echelon2G drivs av en inbyggd generator som dels laddar konsolen men \u00e4ven genererar str\u00f6m till LED-belysningen under cykeln. Eftersom den \u00e4r sj\u00e4lvf\u00f6rs\u00f6rjande f\u00f6rsvinner behovet av att [&hellip;]","og_url":"https:\/\/apirosport.com\/sv\/produkt\/echelon2g\/","og_site_name":"Apirosport","article_modified_time":"2026-02-23T12:52:38+00:00","og_image":[{"width":1000,"height":1000,"url":"https:\/\/apirosport.com\/wp-content\/uploads\/2025\/12\/Echelon2G_01-2.jpg","type":"image\/jpeg"}],"twitter_card":"summary_large_image","twitter_title":"Apirosport","twitter_misc":{"Ber\u00e4knad l\u00e4stid":"1 minut"},"schema":{"@context":"https:\/\/schema.org","@graph":[{"@type":"WebPage","@id":"https:\/\/apirosport.com\/sv\/produkt\/echelon2g\/","url":"https:\/\/apirosport.com\/sv\/produkt\/echelon2g\/","name":"Echelon2G | Apirosport","isPartOf":{"@id":"https:\/\/apirosport.com\/sv\/#website"},"primaryImageOfPage":{"@id":"https:\/\/apirosport.com\/sv\/produkt\/echelon2g\/#primaryimage"},"image":{"@id":"https:\/\/apirosport.com\/sv\/produkt\/echelon2g\/#primaryimage"},"thumbnailUrl":"https:\/\/apirosport.com\/wp-content\/uploads\/2025\/12\/Echelon2G_01-2.jpg","datePublished":"2017-11-17T10:59:21+00:00","dateModified":"2026-02-23T12:52:38+00:00","breadcrumb":{"@id":"https:\/\/apirosport.com\/sv\/produkt\/echelon2g\/#breadcrumb"},"inLanguage":"sv-SE","potentialAction":[{"@type":"ReadAction","target":["https:\/\/apirosport.com\/sv\/produkt\/echelon2g\/"]}]},{"@type":"ImageObject","inLanguage":"sv-SE","@id":"https:\/\/apirosport.com\/sv\/produkt\/echelon2g\/#primaryimage","url":"https:\/\/apirosport.com\/wp-content\/uploads\/2025\/12\/Echelon2G_01-2.jpg","contentUrl":"https:\/\/apirosport.com\/wp-content\/uploads\/2025\/12\/Echelon2G_01-2.jpg","width":1000,"height":1000,"caption":"Echelon2G"},{"@type":"BreadcrumbList","@id":"https:\/\/apirosport.com\/sv\/produkt\/echelon2g\/#breadcrumb","itemListElement":[{"@type":"ListItem","position":1,"name":"Home","item":"https:\/\/apirosport.com\/sv\/"},{"@type":"ListItem","position":2,"name":"Produkter","item":"https:\/\/apirosport.com\/sv\/produkter\/"},{"@type":"ListItem","position":3,"name":"Echelon2G"}]},{"@type":"WebSite","@id":"https:\/\/apirosport.com\/sv\/#website","url":"https:\/\/apirosport.com\/sv\/","name":"Apirosport","description":"","publisher":{"@id":"https:\/\/apirosport.com\/sv\/#organization"},"alternateName":"Apirosport","potentialAction":[{"@type":"SearchAction","target":{"@type":"EntryPoint","urlTemplate":"https:\/\/apirosport.com\/sv\/?s={search_term_string}"},"query-input":{"@type":"PropertyValueSpecification","valueRequired":true,"valueName":"search_term_string"}}],"inLanguage":"sv-SE"},{"@type":"Organization","@id":"https:\/\/apirosport.com\/sv\/#organization","name":"Apirosport","alternateName":"Apirosport","url":"https:\/\/apirosport.com\/sv\/","logo":{"@type":"ImageObject","inLanguage":"sv-SE","@id":"https:\/\/apirosport.com\/sv\/#\/schema\/logo\/image\/","url":"https:\/\/apirosport.com\/wp-content\/uploads\/2025\/12\/Apirosport-yellow-scaled.png","contentUrl":"https:\/\/apirosport.com\/wp-content\/uploads\/2025\/12\/Apirosport-yellow-scaled.png","width":2560,"height":2278,"caption":"Apirosport"},"image":{"@id":"https:\/\/apirosport.com\/sv\/#\/schema\/logo\/image\/"}}]}},"_links":{"self":[{"href":"https:\/\/apirosport.com\/sv\/wp-json\/wp\/v2\/product\/8282","targetHints":{"allow":["GET"]}}],"collection":[{"href":"https:\/\/apirosport.com\/sv\/wp-json\/wp\/v2\/product"}],"about":[{"href":"https:\/\/apirosport.com\/sv\/wp-json\/wp\/v2\/types\/product"}],"wp:featuredmedia":[{"embeddable":true,"href":"https:\/\/apirosport.com\/sv\/wp-json\/wp\/v2\/media\/8283"}],"wp:attachment":[{"href":"https:\/\/apirosport.com\/sv\/wp-json\/wp\/v2\/media?parent=8282"}],"wp:term":[{"taxonomy":"variation","embeddable":true,"href":"https:\/\/apirosport.com\/sv\/wp-json\/wp\/v2\/variation?post=8282"},{"taxonomy":"product_brand","embeddable":true,"href":"https:\/\/apirosport.com\/sv\/wp-json\/wp\/v2\/product_brand?post=8282"},{"taxonomy":"product_cat","embeddable":true,"href":"https:\/\/apirosport.com\/sv\/wp-json\/wp\/v2\/product_cat?post=8282"},{"taxonomy":"product_tag","embeddable":true,"href":"https:\/\/apirosport.com\/sv\/wp-json\/wp\/v2\/product_tag?post=8282"}],"curies":[{"name":"wp","href":"https:\/\/api.w.org\/{rel}","templated":true}]}}