{"id":8284,"date":"2017-11-17T10:59:21","date_gmt":"2017-11-17T10:59:21","guid":{"rendered":"https:\/\/apirosport.com\/?post_type=product&#038;p=8284"},"modified":"2026-02-23T12:52:46","modified_gmt":"2026-02-23T12:52:46","slug":"echelon2","status":"publish","type":"product","link":"https:\/\/apirosport.com\/sv\/produkt\/echelon2\/","title":{"rendered":"Echelon2"},"content":{"rendered":"<p>Echelon2 \u00e4r en uppgradering av den tidigare modellen MPower Echelon2 och en redan b\u00e4ttre cykeldator f\u00f6rvandlades till b\u00e4st. F\u00f6r dig som vill utnyttja konsolens fulla potential kombineras den b\u00e4st med vevarmen 4iiii eller ett externt power kit.<\/p>\n<ul>\n<li>I sitt grundutf\u00f6rande visar Echelon2 de allra vanligaste m\u00e4tv\u00e4rdena som tid, kalorier (endast vid anv\u00e4ndning tillsammans med pulsband), RPM och puls<\/li>\n<li>Kompatibel med AC-serien (AC Performance och AC Sport) och SC-serien (SC7 och SC5)<\/li>\n<li>M\u00f6jlighet till enkel uppkoppling och tracking med ANT+. USB-port finns \u00e4ven f\u00f6r nedladdning av tr\u00e4ningsdata<\/li>\n<\/ul>\n","protected":false},"excerpt":{"rendered":"<p>Echelon2 \u00e4r en uppgradering av den tidigare modellen MPower Echelon2 och en redan b\u00e4ttre cykeldator f\u00f6rvandlades till b\u00e4st. F\u00f6r dig som vill utnyttja konsolens fulla potential kombineras den b\u00e4st med vevarmen 4iiii eller ett externt power kit. I sitt grundutf\u00f6rande visar Echelon2 de allra vanligaste m\u00e4tv\u00e4rdena som tid, kalorier (endast vid anv\u00e4ndning tillsammans med pulsband), [&hellip;]<\/p>\n","protected":false},"featured_media":8285,"template":"","meta":{"_acf_changed":false,"inline_featured_image":false},"variation":[],"product_brand":[],"product_cat":[282,287,288,325],"product_tag":[300],"class_list":{"0":"post-8284","1":"product","2":"type-product","3":"status-publish","4":"has-post-thumbnail","6":"product_cat-displays","7":"product_cat-indoor-cycling","8":"product_cat-konsoler","9":"product_cat-schwinn","10":"product_tag-schwinn","12":"first","13":"instock","14":"purchasable","15":"product-type-simple"},"acf":[],"yoast_head":"<!-- This site is optimized with the Yoast SEO plugin v26.8 - https:\/\/yoast.com\/product\/yoast-seo-wordpress\/ -->\n<title>Echelon2 | Apirosport<\/title>\n<meta name=\"robots\" content=\"index, follow, max-snippet:-1, max-image-preview:large, max-video-preview:-1\" \/>\n<link rel=\"canonical\" href=\"https:\/\/apirosport.com\/sv\/produkt\/echelon2\/\" \/>\n<meta property=\"og:locale\" content=\"sv_SE\" \/>\n<meta property=\"og:type\" content=\"article\" \/>\n<meta property=\"og:title\" content=\"Echelon2 | Apirosport\" \/>\n<meta property=\"og:description\" content=\"Echelon2 \u00e4r en uppgradering av den tidigare modellen MPower Echelon2 och en redan b\u00e4ttre cykeldator f\u00f6rvandlades till b\u00e4st. F\u00f6r dig som vill utnyttja konsolens fulla potential kombineras den b\u00e4st med vevarmen 4iiii eller ett externt power kit. I sitt grundutf\u00f6rande visar Echelon2 de allra vanligaste m\u00e4tv\u00e4rdena som tid, kalorier (endast vid anv\u00e4ndning tillsammans med pulsband), [&hellip;]\" \/>\n<meta property=\"og:url\" content=\"https:\/\/apirosport.com\/sv\/produkt\/echelon2\/\" \/>\n<meta property=\"og:site_name\" content=\"Apirosport\" \/>\n<meta property=\"article:modified_time\" content=\"2026-02-23T12:52:46+00:00\" \/>\n<meta property=\"og:image\" content=\"https:\/\/apirosport.com\/wp-content\/uploads\/2025\/12\/Echelon2_01-2.png\" \/>\n\t<meta property=\"og:image:width\" content=\"1000\" \/>\n\t<meta property=\"og:image:height\" content=\"1000\" \/>\n\t<meta property=\"og:image:type\" content=\"image\/png\" \/>\n<meta name=\"twitter:card\" content=\"summary_large_image\" \/>\n<meta name=\"twitter:title\" content=\"Apirosport\" \/>\n<script type=\"application\/ld+json\" class=\"yoast-schema-graph\">{\"@context\":\"https:\/\/schema.org\",\"@graph\":[{\"@type\":\"WebPage\",\"@id\":\"https:\/\/apirosport.com\/sv\/produkt\/echelon2\/\",\"url\":\"https:\/\/apirosport.com\/sv\/produkt\/echelon2\/\",\"name\":\"Echelon2 | Apirosport\",\"isPartOf\":{\"@id\":\"https:\/\/apirosport.com\/sv\/#website\"},\"primaryImageOfPage\":{\"@id\":\"https:\/\/apirosport.com\/sv\/produkt\/echelon2\/#primaryimage\"},\"image\":{\"@id\":\"https:\/\/apirosport.com\/sv\/produkt\/echelon2\/#primaryimage\"},\"thumbnailUrl\":\"https:\/\/apirosport.com\/wp-content\/uploads\/2025\/12\/Echelon2_01-2.png\",\"datePublished\":\"2017-11-17T10:59:21+00:00\",\"dateModified\":\"2026-02-23T12:52:46+00:00\",\"breadcrumb\":{\"@id\":\"https:\/\/apirosport.com\/sv\/produkt\/echelon2\/#breadcrumb\"},\"inLanguage\":\"sv-SE\",\"potentialAction\":[{\"@type\":\"ReadAction\",\"target\":[\"https:\/\/apirosport.com\/sv\/produkt\/echelon2\/\"]}]},{\"@type\":\"ImageObject\",\"inLanguage\":\"sv-SE\",\"@id\":\"https:\/\/apirosport.com\/sv\/produkt\/echelon2\/#primaryimage\",\"url\":\"https:\/\/apirosport.com\/wp-content\/uploads\/2025\/12\/Echelon2_01-2.png\",\"contentUrl\":\"https:\/\/apirosport.com\/wp-content\/uploads\/2025\/12\/Echelon2_01-2.png\",\"width\":1000,\"height\":1000,\"caption\":\"Echelon2\"},{\"@type\":\"BreadcrumbList\",\"@id\":\"https:\/\/apirosport.com\/sv\/produkt\/echelon2\/#breadcrumb\",\"itemListElement\":[{\"@type\":\"ListItem\",\"position\":1,\"name\":\"Home\",\"item\":\"https:\/\/apirosport.com\/sv\/\"},{\"@type\":\"ListItem\",\"position\":2,\"name\":\"Produkter\",\"item\":\"https:\/\/apirosport.com\/sv\/produkter\/\"},{\"@type\":\"ListItem\",\"position\":3,\"name\":\"Echelon2\"}]},{\"@type\":\"WebSite\",\"@id\":\"https:\/\/apirosport.com\/sv\/#website\",\"url\":\"https:\/\/apirosport.com\/sv\/\",\"name\":\"Apirosport\",\"description\":\"\",\"publisher\":{\"@id\":\"https:\/\/apirosport.com\/sv\/#organization\"},\"alternateName\":\"Apirosport\",\"potentialAction\":[{\"@type\":\"SearchAction\",\"target\":{\"@type\":\"EntryPoint\",\"urlTemplate\":\"https:\/\/apirosport.com\/sv\/?s={search_term_string}\"},\"query-input\":{\"@type\":\"PropertyValueSpecification\",\"valueRequired\":true,\"valueName\":\"search_term_string\"}}],\"inLanguage\":\"sv-SE\"},{\"@type\":\"Organization\",\"@id\":\"https:\/\/apirosport.com\/sv\/#organization\",\"name\":\"Apirosport\",\"alternateName\":\"Apirosport\",\"url\":\"https:\/\/apirosport.com\/sv\/\",\"logo\":{\"@type\":\"ImageObject\",\"inLanguage\":\"sv-SE\",\"@id\":\"https:\/\/apirosport.com\/sv\/#\/schema\/logo\/image\/\",\"url\":\"https:\/\/apirosport.com\/wp-content\/uploads\/2025\/12\/Apirosport-yellow-scaled.png\",\"contentUrl\":\"https:\/\/apirosport.com\/wp-content\/uploads\/2025\/12\/Apirosport-yellow-scaled.png\",\"width\":2560,\"height\":2278,\"caption\":\"Apirosport\"},\"image\":{\"@id\":\"https:\/\/apirosport.com\/sv\/#\/schema\/logo\/image\/\"}}]}<\/script>\n<!-- \/ Yoast SEO plugin. -->","yoast_head_json":{"title":"Echelon2 | Apirosport","robots":{"index":"index","follow":"follow","max-snippet":"max-snippet:-1","max-image-preview":"max-image-preview:large","max-video-preview":"max-video-preview:-1"},"canonical":"https:\/\/apirosport.com\/sv\/produkt\/echelon2\/","og_locale":"sv_SE","og_type":"article","og_title":"Echelon2 | Apirosport","og_description":"Echelon2 \u00e4r en uppgradering av den tidigare modellen MPower Echelon2 och en redan b\u00e4ttre cykeldator f\u00f6rvandlades till b\u00e4st. F\u00f6r dig som vill utnyttja konsolens fulla potential kombineras den b\u00e4st med vevarmen 4iiii eller ett externt power kit. I sitt grundutf\u00f6rande visar Echelon2 de allra vanligaste m\u00e4tv\u00e4rdena som tid, kalorier (endast vid anv\u00e4ndning tillsammans med pulsband), [&hellip;]","og_url":"https:\/\/apirosport.com\/sv\/produkt\/echelon2\/","og_site_name":"Apirosport","article_modified_time":"2026-02-23T12:52:46+00:00","og_image":[{"width":1000,"height":1000,"url":"https:\/\/apirosport.com\/wp-content\/uploads\/2025\/12\/Echelon2_01-2.png","type":"image\/png"}],"twitter_card":"summary_large_image","twitter_title":"Apirosport","schema":{"@context":"https:\/\/schema.org","@graph":[{"@type":"WebPage","@id":"https:\/\/apirosport.com\/sv\/produkt\/echelon2\/","url":"https:\/\/apirosport.com\/sv\/produkt\/echelon2\/","name":"Echelon2 | Apirosport","isPartOf":{"@id":"https:\/\/apirosport.com\/sv\/#website"},"primaryImageOfPage":{"@id":"https:\/\/apirosport.com\/sv\/produkt\/echelon2\/#primaryimage"},"image":{"@id":"https:\/\/apirosport.com\/sv\/produkt\/echelon2\/#primaryimage"},"thumbnailUrl":"https:\/\/apirosport.com\/wp-content\/uploads\/2025\/12\/Echelon2_01-2.png","datePublished":"2017-11-17T10:59:21+00:00","dateModified":"2026-02-23T12:52:46+00:00","breadcrumb":{"@id":"https:\/\/apirosport.com\/sv\/produkt\/echelon2\/#breadcrumb"},"inLanguage":"sv-SE","potentialAction":[{"@type":"ReadAction","target":["https:\/\/apirosport.com\/sv\/produkt\/echelon2\/"]}]},{"@type":"ImageObject","inLanguage":"sv-SE","@id":"https:\/\/apirosport.com\/sv\/produkt\/echelon2\/#primaryimage","url":"https:\/\/apirosport.com\/wp-content\/uploads\/2025\/12\/Echelon2_01-2.png","contentUrl":"https:\/\/apirosport.com\/wp-content\/uploads\/2025\/12\/Echelon2_01-2.png","width":1000,"height":1000,"caption":"Echelon2"},{"@type":"BreadcrumbList","@id":"https:\/\/apirosport.com\/sv\/produkt\/echelon2\/#breadcrumb","itemListElement":[{"@type":"ListItem","position":1,"name":"Home","item":"https:\/\/apirosport.com\/sv\/"},{"@type":"ListItem","position":2,"name":"Produkter","item":"https:\/\/apirosport.com\/sv\/produkter\/"},{"@type":"ListItem","position":3,"name":"Echelon2"}]},{"@type":"WebSite","@id":"https:\/\/apirosport.com\/sv\/#website","url":"https:\/\/apirosport.com\/sv\/","name":"Apirosport","description":"","publisher":{"@id":"https:\/\/apirosport.com\/sv\/#organization"},"alternateName":"Apirosport","potentialAction":[{"@type":"SearchAction","target":{"@type":"EntryPoint","urlTemplate":"https:\/\/apirosport.com\/sv\/?s={search_term_string}"},"query-input":{"@type":"PropertyValueSpecification","valueRequired":true,"valueName":"search_term_string"}}],"inLanguage":"sv-SE"},{"@type":"Organization","@id":"https:\/\/apirosport.com\/sv\/#organization","name":"Apirosport","alternateName":"Apirosport","url":"https:\/\/apirosport.com\/sv\/","logo":{"@type":"ImageObject","inLanguage":"sv-SE","@id":"https:\/\/apirosport.com\/sv\/#\/schema\/logo\/image\/","url":"https:\/\/apirosport.com\/wp-content\/uploads\/2025\/12\/Apirosport-yellow-scaled.png","contentUrl":"https:\/\/apirosport.com\/wp-content\/uploads\/2025\/12\/Apirosport-yellow-scaled.png","width":2560,"height":2278,"caption":"Apirosport"},"image":{"@id":"https:\/\/apirosport.com\/sv\/#\/schema\/logo\/image\/"}}]}},"_links":{"self":[{"href":"https:\/\/apirosport.com\/sv\/wp-json\/wp\/v2\/product\/8284","targetHints":{"allow":["GET"]}}],"collection":[{"href":"https:\/\/apirosport.com\/sv\/wp-json\/wp\/v2\/product"}],"about":[{"href":"https:\/\/apirosport.com\/sv\/wp-json\/wp\/v2\/types\/product"}],"wp:featuredmedia":[{"embeddable":true,"href":"https:\/\/apirosport.com\/sv\/wp-json\/wp\/v2\/media\/8285"}],"wp:attachment":[{"href":"https:\/\/apirosport.com\/sv\/wp-json\/wp\/v2\/media?parent=8284"}],"wp:term":[{"taxonomy":"variation","embeddable":true,"href":"https:\/\/apirosport.com\/sv\/wp-json\/wp\/v2\/variation?post=8284"},{"taxonomy":"product_brand","embeddable":true,"href":"https:\/\/apirosport.com\/sv\/wp-json\/wp\/v2\/product_brand?post=8284"},{"taxonomy":"product_cat","embeddable":true,"href":"https:\/\/apirosport.com\/sv\/wp-json\/wp\/v2\/product_cat?post=8284"},{"taxonomy":"product_tag","embeddable":true,"href":"https:\/\/apirosport.com\/sv\/wp-json\/wp\/v2\/product_tag?post=8284"}],"curies":[{"name":"wp","href":"https:\/\/api.w.org\/{rel}","templated":true}]}}