{"id":8286,"date":"2017-11-17T10:59:21","date_gmt":"2017-11-17T10:59:21","guid":{"rendered":"https:\/\/apirosport.com\/?post_type=product&#038;p=8286"},"modified":"2026-02-23T12:52:30","modified_gmt":"2026-02-23T12:52:30","slug":"cadence-pro","status":"publish","type":"product","link":"https:\/\/apirosport.com\/sv\/produkt\/cadence-pro\/","title":{"rendered":"Cadence Pro"},"content":{"rendered":"<p>Cadence Pro utvecklades f\u00f6r att passa instegsmodellen <a href=\"https:\/\/apirosport.se\/produkter\/indoor-cycling\/ic-classic\/\" target=\"_blank\" rel=\"noopener\">IC Classic<\/a> och \u00e4r ett fullgott alternativ f\u00f6r dig som vill kunna f\u00e5 basic \u00e5terkoppling p\u00e5 din tr\u00e4ning. Idag passar den samtliga cyklar i AC-serien, AC Performance och AC Sport.<\/p>\n<ul>\n<li>Konsolen visar RPM, puls och kalorier (endast vid anv\u00e4ndning tillsammans med pulsband), tid och distans<\/li>\n<li>Kompatibel med ANT+ f\u00f6r anv\u00e4ndning av wearables, appar etc.<\/li>\n<\/ul>\n","protected":false},"excerpt":{"rendered":"<p>Cadence Pro utvecklades f\u00f6r att passa instegsmodellen IC Classic och \u00e4r ett fullgott alternativ f\u00f6r dig som vill kunna f\u00e5 basic \u00e5terkoppling p\u00e5 din tr\u00e4ning. Idag passar den samtliga cyklar i AC-serien, AC Performance och AC Sport. Konsolen visar RPM, puls och kalorier (endast vid anv\u00e4ndning tillsammans med pulsband), tid och distans Kompatibel med ANT+ [&hellip;]<\/p>\n","protected":false},"featured_media":8287,"template":"","meta":{"_acf_changed":false,"inline_featured_image":false},"variation":[],"product_brand":[],"product_cat":[282,287,288,325],"product_tag":[300],"class_list":{"0":"post-8286","1":"product","2":"type-product","3":"status-publish","4":"has-post-thumbnail","6":"product_cat-displays","7":"product_cat-indoor-cycling","8":"product_cat-konsoler","9":"product_cat-schwinn","10":"product_tag-schwinn","12":"first","13":"instock","14":"purchasable","15":"product-type-simple"},"acf":[],"yoast_head":"<!-- This site is optimized with the Yoast SEO plugin v26.8 - https:\/\/yoast.com\/product\/yoast-seo-wordpress\/ -->\n<title>Cadence Pro | Apirosport<\/title>\n<meta name=\"robots\" content=\"index, follow, max-snippet:-1, max-image-preview:large, max-video-preview:-1\" \/>\n<link rel=\"canonical\" href=\"https:\/\/apirosport.com\/sv\/produkt\/cadence-pro\/\" \/>\n<meta property=\"og:locale\" content=\"sv_SE\" \/>\n<meta property=\"og:type\" content=\"article\" \/>\n<meta property=\"og:title\" content=\"Cadence Pro | Apirosport\" \/>\n<meta property=\"og:description\" content=\"Cadence Pro utvecklades f\u00f6r att passa instegsmodellen IC Classic och \u00e4r ett fullgott alternativ f\u00f6r dig som vill kunna f\u00e5 basic \u00e5terkoppling p\u00e5 din tr\u00e4ning. Idag passar den samtliga cyklar i AC-serien, AC Performance och AC Sport. Konsolen visar RPM, puls och kalorier (endast vid anv\u00e4ndning tillsammans med pulsband), tid och distans Kompatibel med ANT+ [&hellip;]\" \/>\n<meta property=\"og:url\" content=\"https:\/\/apirosport.com\/sv\/produkt\/cadence-pro\/\" \/>\n<meta property=\"og:site_name\" content=\"Apirosport\" \/>\n<meta property=\"article:modified_time\" content=\"2026-02-23T12:52:30+00:00\" \/>\n<meta property=\"og:image\" content=\"https:\/\/apirosport.com\/wp-content\/uploads\/2025\/12\/740-8803_01-1-2.png\" \/>\n\t<meta property=\"og:image:width\" content=\"1000\" \/>\n\t<meta property=\"og:image:height\" content=\"1000\" \/>\n\t<meta property=\"og:image:type\" content=\"image\/png\" \/>\n<meta name=\"twitter:card\" content=\"summary_large_image\" \/>\n<meta name=\"twitter:title\" content=\"Apirosport\" \/>\n<script type=\"application\/ld+json\" class=\"yoast-schema-graph\">{\"@context\":\"https:\/\/schema.org\",\"@graph\":[{\"@type\":\"WebPage\",\"@id\":\"https:\/\/apirosport.com\/sv\/produkt\/cadence-pro\/\",\"url\":\"https:\/\/apirosport.com\/sv\/produkt\/cadence-pro\/\",\"name\":\"Cadence Pro | Apirosport\",\"isPartOf\":{\"@id\":\"https:\/\/apirosport.com\/sv\/#website\"},\"primaryImageOfPage\":{\"@id\":\"https:\/\/apirosport.com\/sv\/produkt\/cadence-pro\/#primaryimage\"},\"image\":{\"@id\":\"https:\/\/apirosport.com\/sv\/produkt\/cadence-pro\/#primaryimage\"},\"thumbnailUrl\":\"https:\/\/apirosport.com\/wp-content\/uploads\/2025\/12\/740-8803_01-1-2.png\",\"datePublished\":\"2017-11-17T10:59:21+00:00\",\"dateModified\":\"2026-02-23T12:52:30+00:00\",\"breadcrumb\":{\"@id\":\"https:\/\/apirosport.com\/sv\/produkt\/cadence-pro\/#breadcrumb\"},\"inLanguage\":\"sv-SE\",\"potentialAction\":[{\"@type\":\"ReadAction\",\"target\":[\"https:\/\/apirosport.com\/sv\/produkt\/cadence-pro\/\"]}]},{\"@type\":\"ImageObject\",\"inLanguage\":\"sv-SE\",\"@id\":\"https:\/\/apirosport.com\/sv\/produkt\/cadence-pro\/#primaryimage\",\"url\":\"https:\/\/apirosport.com\/wp-content\/uploads\/2025\/12\/740-8803_01-1-2.png\",\"contentUrl\":\"https:\/\/apirosport.com\/wp-content\/uploads\/2025\/12\/740-8803_01-1-2.png\",\"width\":1000,\"height\":1000,\"caption\":\"Cadence Pro\"},{\"@type\":\"BreadcrumbList\",\"@id\":\"https:\/\/apirosport.com\/sv\/produkt\/cadence-pro\/#breadcrumb\",\"itemListElement\":[{\"@type\":\"ListItem\",\"position\":1,\"name\":\"Home\",\"item\":\"https:\/\/apirosport.com\/sv\/\"},{\"@type\":\"ListItem\",\"position\":2,\"name\":\"Produkter\",\"item\":\"https:\/\/apirosport.com\/sv\/produkter\/\"},{\"@type\":\"ListItem\",\"position\":3,\"name\":\"Cadence Pro\"}]},{\"@type\":\"WebSite\",\"@id\":\"https:\/\/apirosport.com\/sv\/#website\",\"url\":\"https:\/\/apirosport.com\/sv\/\",\"name\":\"Apirosport\",\"description\":\"\",\"publisher\":{\"@id\":\"https:\/\/apirosport.com\/sv\/#organization\"},\"alternateName\":\"Apirosport\",\"potentialAction\":[{\"@type\":\"SearchAction\",\"target\":{\"@type\":\"EntryPoint\",\"urlTemplate\":\"https:\/\/apirosport.com\/sv\/?s={search_term_string}\"},\"query-input\":{\"@type\":\"PropertyValueSpecification\",\"valueRequired\":true,\"valueName\":\"search_term_string\"}}],\"inLanguage\":\"sv-SE\"},{\"@type\":\"Organization\",\"@id\":\"https:\/\/apirosport.com\/sv\/#organization\",\"name\":\"Apirosport\",\"alternateName\":\"Apirosport\",\"url\":\"https:\/\/apirosport.com\/sv\/\",\"logo\":{\"@type\":\"ImageObject\",\"inLanguage\":\"sv-SE\",\"@id\":\"https:\/\/apirosport.com\/sv\/#\/schema\/logo\/image\/\",\"url\":\"https:\/\/apirosport.com\/wp-content\/uploads\/2025\/12\/Apirosport-yellow-scaled.png\",\"contentUrl\":\"https:\/\/apirosport.com\/wp-content\/uploads\/2025\/12\/Apirosport-yellow-scaled.png\",\"width\":2560,\"height\":2278,\"caption\":\"Apirosport\"},\"image\":{\"@id\":\"https:\/\/apirosport.com\/sv\/#\/schema\/logo\/image\/\"}}]}<\/script>\n<!-- \/ Yoast SEO plugin. -->","yoast_head_json":{"title":"Cadence Pro | Apirosport","robots":{"index":"index","follow":"follow","max-snippet":"max-snippet:-1","max-image-preview":"max-image-preview:large","max-video-preview":"max-video-preview:-1"},"canonical":"https:\/\/apirosport.com\/sv\/produkt\/cadence-pro\/","og_locale":"sv_SE","og_type":"article","og_title":"Cadence Pro | Apirosport","og_description":"Cadence Pro utvecklades f\u00f6r att passa instegsmodellen IC Classic och \u00e4r ett fullgott alternativ f\u00f6r dig som vill kunna f\u00e5 basic \u00e5terkoppling p\u00e5 din tr\u00e4ning. Idag passar den samtliga cyklar i AC-serien, AC Performance och AC Sport. Konsolen visar RPM, puls och kalorier (endast vid anv\u00e4ndning tillsammans med pulsband), tid och distans Kompatibel med ANT+ [&hellip;]","og_url":"https:\/\/apirosport.com\/sv\/produkt\/cadence-pro\/","og_site_name":"Apirosport","article_modified_time":"2026-02-23T12:52:30+00:00","og_image":[{"width":1000,"height":1000,"url":"https:\/\/apirosport.com\/wp-content\/uploads\/2025\/12\/740-8803_01-1-2.png","type":"image\/png"}],"twitter_card":"summary_large_image","twitter_title":"Apirosport","schema":{"@context":"https:\/\/schema.org","@graph":[{"@type":"WebPage","@id":"https:\/\/apirosport.com\/sv\/produkt\/cadence-pro\/","url":"https:\/\/apirosport.com\/sv\/produkt\/cadence-pro\/","name":"Cadence Pro | Apirosport","isPartOf":{"@id":"https:\/\/apirosport.com\/sv\/#website"},"primaryImageOfPage":{"@id":"https:\/\/apirosport.com\/sv\/produkt\/cadence-pro\/#primaryimage"},"image":{"@id":"https:\/\/apirosport.com\/sv\/produkt\/cadence-pro\/#primaryimage"},"thumbnailUrl":"https:\/\/apirosport.com\/wp-content\/uploads\/2025\/12\/740-8803_01-1-2.png","datePublished":"2017-11-17T10:59:21+00:00","dateModified":"2026-02-23T12:52:30+00:00","breadcrumb":{"@id":"https:\/\/apirosport.com\/sv\/produkt\/cadence-pro\/#breadcrumb"},"inLanguage":"sv-SE","potentialAction":[{"@type":"ReadAction","target":["https:\/\/apirosport.com\/sv\/produkt\/cadence-pro\/"]}]},{"@type":"ImageObject","inLanguage":"sv-SE","@id":"https:\/\/apirosport.com\/sv\/produkt\/cadence-pro\/#primaryimage","url":"https:\/\/apirosport.com\/wp-content\/uploads\/2025\/12\/740-8803_01-1-2.png","contentUrl":"https:\/\/apirosport.com\/wp-content\/uploads\/2025\/12\/740-8803_01-1-2.png","width":1000,"height":1000,"caption":"Cadence Pro"},{"@type":"BreadcrumbList","@id":"https:\/\/apirosport.com\/sv\/produkt\/cadence-pro\/#breadcrumb","itemListElement":[{"@type":"ListItem","position":1,"name":"Home","item":"https:\/\/apirosport.com\/sv\/"},{"@type":"ListItem","position":2,"name":"Produkter","item":"https:\/\/apirosport.com\/sv\/produkter\/"},{"@type":"ListItem","position":3,"name":"Cadence Pro"}]},{"@type":"WebSite","@id":"https:\/\/apirosport.com\/sv\/#website","url":"https:\/\/apirosport.com\/sv\/","name":"Apirosport","description":"","publisher":{"@id":"https:\/\/apirosport.com\/sv\/#organization"},"alternateName":"Apirosport","potentialAction":[{"@type":"SearchAction","target":{"@type":"EntryPoint","urlTemplate":"https:\/\/apirosport.com\/sv\/?s={search_term_string}"},"query-input":{"@type":"PropertyValueSpecification","valueRequired":true,"valueName":"search_term_string"}}],"inLanguage":"sv-SE"},{"@type":"Organization","@id":"https:\/\/apirosport.com\/sv\/#organization","name":"Apirosport","alternateName":"Apirosport","url":"https:\/\/apirosport.com\/sv\/","logo":{"@type":"ImageObject","inLanguage":"sv-SE","@id":"https:\/\/apirosport.com\/sv\/#\/schema\/logo\/image\/","url":"https:\/\/apirosport.com\/wp-content\/uploads\/2025\/12\/Apirosport-yellow-scaled.png","contentUrl":"https:\/\/apirosport.com\/wp-content\/uploads\/2025\/12\/Apirosport-yellow-scaled.png","width":2560,"height":2278,"caption":"Apirosport"},"image":{"@id":"https:\/\/apirosport.com\/sv\/#\/schema\/logo\/image\/"}}]}},"_links":{"self":[{"href":"https:\/\/apirosport.com\/sv\/wp-json\/wp\/v2\/product\/8286","targetHints":{"allow":["GET"]}}],"collection":[{"href":"https:\/\/apirosport.com\/sv\/wp-json\/wp\/v2\/product"}],"about":[{"href":"https:\/\/apirosport.com\/sv\/wp-json\/wp\/v2\/types\/product"}],"wp:featuredmedia":[{"embeddable":true,"href":"https:\/\/apirosport.com\/sv\/wp-json\/wp\/v2\/media\/8287"}],"wp:attachment":[{"href":"https:\/\/apirosport.com\/sv\/wp-json\/wp\/v2\/media?parent=8286"}],"wp:term":[{"taxonomy":"variation","embeddable":true,"href":"https:\/\/apirosport.com\/sv\/wp-json\/wp\/v2\/variation?post=8286"},{"taxonomy":"product_brand","embeddable":true,"href":"https:\/\/apirosport.com\/sv\/wp-json\/wp\/v2\/product_brand?post=8286"},{"taxonomy":"product_cat","embeddable":true,"href":"https:\/\/apirosport.com\/sv\/wp-json\/wp\/v2\/product_cat?post=8286"},{"taxonomy":"product_tag","embeddable":true,"href":"https:\/\/apirosport.com\/sv\/wp-json\/wp\/v2\/product_tag?post=8286"}],"curies":[{"name":"wp","href":"https:\/\/api.w.org\/{rel}","templated":true}]}}