{"id":8492,"date":"2017-11-17T11:57:55","date_gmt":"2017-11-17T11:57:55","guid":{"rendered":"https:\/\/apirosport.com\/?post_type=product&#038;p=8492"},"modified":"2026-02-23T12:32:32","modified_gmt":"2026-02-23T12:32:32","slug":"skipping-rope","status":"publish","type":"product","link":"https:\/\/apirosport.com\/sv\/produkt\/skipping-rope\/","title":{"rendered":"Skipping Rope"},"content":{"rendered":"<p data-start=\"56\" data-end=\"343\"><strong data-start=\"56\" data-end=\"87\">Reebok Studio Skipping Rope<\/strong><br data-start=\"87\" data-end=\"90\" \/>Utformad f\u00f6r snabbhets- och precisionstr\u00e4ning ger Reeboks Studio Skipping Rope anv\u00e4ndaren direkt och f\u00f6ljsam feedback. Hopprepstr\u00e4ning \u00e4r en av de mest effektiva formerna av konditionstr\u00e4ning och utvecklar b\u00e5de uth\u00e5llighet, smidighet och koordination.<\/p>\n<ul data-start=\"345\" data-end=\"529\">\n<li data-start=\"345\" data-end=\"421\">\n<p data-start=\"347\" data-end=\"421\">Tunna, l\u00e4tta och ergonomiskt utformade handtag som passar alla anv\u00e4ndare<\/p>\n<\/li>\n<li data-start=\"422\" data-end=\"508\">\n<p data-start=\"424\" data-end=\"508\">5 mm tjockt st\u00e5lvajerrep med gummibel\u00e4ggning f\u00f6r \u00f6kad tr\u00e4ningskomfort och s\u00e4kerhet<\/p>\n<\/li>\n<li data-start=\"509\" data-end=\"529\">\n<p data-start=\"511\" data-end=\"529\">Repl\u00e4ngd: 300 cm<\/p>\n<\/li>\n<\/ul>\n<p data-start=\"538\" data-end=\"632\" data-is-last-node=\"\" data-is-only-node=\"\">\n","protected":false},"excerpt":{"rendered":"<p>Reebok Studio Skipping RopeUtformad f\u00f6r snabbhets- och precisionstr\u00e4ning ger Reeboks Studio Skipping Rope anv\u00e4ndaren direkt och f\u00f6ljsam feedback. Hopprepstr\u00e4ning \u00e4r en av de mest effektiva formerna av konditionstr\u00e4ning och utvecklar b\u00e5de uth\u00e5llighet, smidighet och koordination. Tunna, l\u00e4tta och ergonomiskt utformade handtag som passar alla anv\u00e4ndare 5 mm tjockt st\u00e5lvajerrep med gummibel\u00e4ggning f\u00f6r \u00f6kad tr\u00e4ningskomfort och [&hellip;]<\/p>\n","protected":false},"featured_media":8493,"template":"","meta":{"_acf_changed":false,"inline_featured_image":false},"variation":[],"product_brand":[],"product_cat":[88,330],"product_tag":[224],"class_list":{"0":"post-8492","1":"product","2":"type-product","3":"status-publish","4":"has-post-thumbnail","6":"product_cat-funktionell-traning","7":"product_cat-reebok-pro","8":"product_tag-reebok-pro","10":"first","11":"instock","12":"purchasable","13":"product-type-simple"},"acf":[],"yoast_head":"<!-- This site is optimized with the Yoast SEO plugin v26.8 - https:\/\/yoast.com\/product\/yoast-seo-wordpress\/ -->\n<title>Skipping Rope | Apirosport<\/title>\n<meta name=\"robots\" content=\"index, follow, max-snippet:-1, max-image-preview:large, max-video-preview:-1\" \/>\n<link rel=\"canonical\" href=\"https:\/\/apirosport.com\/sv\/produkt\/skipping-rope\/\" \/>\n<meta property=\"og:locale\" content=\"sv_SE\" \/>\n<meta property=\"og:type\" content=\"article\" \/>\n<meta property=\"og:title\" content=\"Skipping Rope | Apirosport\" \/>\n<meta property=\"og:description\" content=\"Reebok Studio Skipping RopeUtformad f\u00f6r snabbhets- och precisionstr\u00e4ning ger Reeboks Studio Skipping Rope anv\u00e4ndaren direkt och f\u00f6ljsam feedback. Hopprepstr\u00e4ning \u00e4r en av de mest effektiva formerna av konditionstr\u00e4ning och utvecklar b\u00e5de uth\u00e5llighet, smidighet och koordination. Tunna, l\u00e4tta och ergonomiskt utformade handtag som passar alla anv\u00e4ndare 5 mm tjockt st\u00e5lvajerrep med gummibel\u00e4ggning f\u00f6r \u00f6kad tr\u00e4ningskomfort och [&hellip;]\" \/>\n<meta property=\"og:url\" content=\"https:\/\/apirosport.com\/sv\/produkt\/skipping-rope\/\" \/>\n<meta property=\"og:site_name\" content=\"Apirosport\" \/>\n<meta property=\"article:modified_time\" content=\"2026-02-23T12:32:32+00:00\" \/>\n<meta property=\"og:image\" content=\"https:\/\/apirosport.com\/wp-content\/uploads\/2025\/12\/RSRP-16081_01-2.png\" \/>\n\t<meta property=\"og:image:width\" content=\"1000\" \/>\n\t<meta property=\"og:image:height\" content=\"1000\" \/>\n\t<meta property=\"og:image:type\" content=\"image\/png\" \/>\n<meta name=\"twitter:card\" content=\"summary_large_image\" \/>\n<meta name=\"twitter:title\" content=\"Apirosport\" \/>\n<script type=\"application\/ld+json\" class=\"yoast-schema-graph\">{\"@context\":\"https:\/\/schema.org\",\"@graph\":[{\"@type\":\"WebPage\",\"@id\":\"https:\/\/apirosport.com\/sv\/produkt\/skipping-rope\/\",\"url\":\"https:\/\/apirosport.com\/sv\/produkt\/skipping-rope\/\",\"name\":\"Skipping Rope | Apirosport\",\"isPartOf\":{\"@id\":\"https:\/\/apirosport.com\/sv\/#website\"},\"primaryImageOfPage\":{\"@id\":\"https:\/\/apirosport.com\/sv\/produkt\/skipping-rope\/#primaryimage\"},\"image\":{\"@id\":\"https:\/\/apirosport.com\/sv\/produkt\/skipping-rope\/#primaryimage\"},\"thumbnailUrl\":\"https:\/\/apirosport.com\/wp-content\/uploads\/2025\/12\/RSRP-16081_01-2.png\",\"datePublished\":\"2017-11-17T11:57:55+00:00\",\"dateModified\":\"2026-02-23T12:32:32+00:00\",\"breadcrumb\":{\"@id\":\"https:\/\/apirosport.com\/sv\/produkt\/skipping-rope\/#breadcrumb\"},\"inLanguage\":\"sv-SE\",\"potentialAction\":[{\"@type\":\"ReadAction\",\"target\":[\"https:\/\/apirosport.com\/sv\/produkt\/skipping-rope\/\"]}]},{\"@type\":\"ImageObject\",\"inLanguage\":\"sv-SE\",\"@id\":\"https:\/\/apirosport.com\/sv\/produkt\/skipping-rope\/#primaryimage\",\"url\":\"https:\/\/apirosport.com\/wp-content\/uploads\/2025\/12\/RSRP-16081_01-2.png\",\"contentUrl\":\"https:\/\/apirosport.com\/wp-content\/uploads\/2025\/12\/RSRP-16081_01-2.png\",\"width\":1000,\"height\":1000},{\"@type\":\"BreadcrumbList\",\"@id\":\"https:\/\/apirosport.com\/sv\/produkt\/skipping-rope\/#breadcrumb\",\"itemListElement\":[{\"@type\":\"ListItem\",\"position\":1,\"name\":\"Home\",\"item\":\"https:\/\/apirosport.com\/sv\/\"},{\"@type\":\"ListItem\",\"position\":2,\"name\":\"Produkter\",\"item\":\"https:\/\/apirosport.com\/sv\/produkter\/\"},{\"@type\":\"ListItem\",\"position\":3,\"name\":\"Skipping Rope\"}]},{\"@type\":\"WebSite\",\"@id\":\"https:\/\/apirosport.com\/sv\/#website\",\"url\":\"https:\/\/apirosport.com\/sv\/\",\"name\":\"Apirosport\",\"description\":\"\",\"publisher\":{\"@id\":\"https:\/\/apirosport.com\/sv\/#organization\"},\"alternateName\":\"Apirosport\",\"potentialAction\":[{\"@type\":\"SearchAction\",\"target\":{\"@type\":\"EntryPoint\",\"urlTemplate\":\"https:\/\/apirosport.com\/sv\/?s={search_term_string}\"},\"query-input\":{\"@type\":\"PropertyValueSpecification\",\"valueRequired\":true,\"valueName\":\"search_term_string\"}}],\"inLanguage\":\"sv-SE\"},{\"@type\":\"Organization\",\"@id\":\"https:\/\/apirosport.com\/sv\/#organization\",\"name\":\"Apirosport\",\"alternateName\":\"Apirosport\",\"url\":\"https:\/\/apirosport.com\/sv\/\",\"logo\":{\"@type\":\"ImageObject\",\"inLanguage\":\"sv-SE\",\"@id\":\"https:\/\/apirosport.com\/sv\/#\/schema\/logo\/image\/\",\"url\":\"https:\/\/apirosport.com\/wp-content\/uploads\/2025\/12\/Apirosport-yellow-scaled.png\",\"contentUrl\":\"https:\/\/apirosport.com\/wp-content\/uploads\/2025\/12\/Apirosport-yellow-scaled.png\",\"width\":2560,\"height\":2278,\"caption\":\"Apirosport\"},\"image\":{\"@id\":\"https:\/\/apirosport.com\/sv\/#\/schema\/logo\/image\/\"}}]}<\/script>\n<!-- \/ Yoast SEO plugin. -->","yoast_head_json":{"title":"Skipping Rope | Apirosport","robots":{"index":"index","follow":"follow","max-snippet":"max-snippet:-1","max-image-preview":"max-image-preview:large","max-video-preview":"max-video-preview:-1"},"canonical":"https:\/\/apirosport.com\/sv\/produkt\/skipping-rope\/","og_locale":"sv_SE","og_type":"article","og_title":"Skipping Rope | Apirosport","og_description":"Reebok Studio Skipping RopeUtformad f\u00f6r snabbhets- och precisionstr\u00e4ning ger Reeboks Studio Skipping Rope anv\u00e4ndaren direkt och f\u00f6ljsam feedback. Hopprepstr\u00e4ning \u00e4r en av de mest effektiva formerna av konditionstr\u00e4ning och utvecklar b\u00e5de uth\u00e5llighet, smidighet och koordination. Tunna, l\u00e4tta och ergonomiskt utformade handtag som passar alla anv\u00e4ndare 5 mm tjockt st\u00e5lvajerrep med gummibel\u00e4ggning f\u00f6r \u00f6kad tr\u00e4ningskomfort och [&hellip;]","og_url":"https:\/\/apirosport.com\/sv\/produkt\/skipping-rope\/","og_site_name":"Apirosport","article_modified_time":"2026-02-23T12:32:32+00:00","og_image":[{"width":1000,"height":1000,"url":"https:\/\/apirosport.com\/wp-content\/uploads\/2025\/12\/RSRP-16081_01-2.png","type":"image\/png"}],"twitter_card":"summary_large_image","twitter_title":"Apirosport","schema":{"@context":"https:\/\/schema.org","@graph":[{"@type":"WebPage","@id":"https:\/\/apirosport.com\/sv\/produkt\/skipping-rope\/","url":"https:\/\/apirosport.com\/sv\/produkt\/skipping-rope\/","name":"Skipping Rope | Apirosport","isPartOf":{"@id":"https:\/\/apirosport.com\/sv\/#website"},"primaryImageOfPage":{"@id":"https:\/\/apirosport.com\/sv\/produkt\/skipping-rope\/#primaryimage"},"image":{"@id":"https:\/\/apirosport.com\/sv\/produkt\/skipping-rope\/#primaryimage"},"thumbnailUrl":"https:\/\/apirosport.com\/wp-content\/uploads\/2025\/12\/RSRP-16081_01-2.png","datePublished":"2017-11-17T11:57:55+00:00","dateModified":"2026-02-23T12:32:32+00:00","breadcrumb":{"@id":"https:\/\/apirosport.com\/sv\/produkt\/skipping-rope\/#breadcrumb"},"inLanguage":"sv-SE","potentialAction":[{"@type":"ReadAction","target":["https:\/\/apirosport.com\/sv\/produkt\/skipping-rope\/"]}]},{"@type":"ImageObject","inLanguage":"sv-SE","@id":"https:\/\/apirosport.com\/sv\/produkt\/skipping-rope\/#primaryimage","url":"https:\/\/apirosport.com\/wp-content\/uploads\/2025\/12\/RSRP-16081_01-2.png","contentUrl":"https:\/\/apirosport.com\/wp-content\/uploads\/2025\/12\/RSRP-16081_01-2.png","width":1000,"height":1000},{"@type":"BreadcrumbList","@id":"https:\/\/apirosport.com\/sv\/produkt\/skipping-rope\/#breadcrumb","itemListElement":[{"@type":"ListItem","position":1,"name":"Home","item":"https:\/\/apirosport.com\/sv\/"},{"@type":"ListItem","position":2,"name":"Produkter","item":"https:\/\/apirosport.com\/sv\/produkter\/"},{"@type":"ListItem","position":3,"name":"Skipping Rope"}]},{"@type":"WebSite","@id":"https:\/\/apirosport.com\/sv\/#website","url":"https:\/\/apirosport.com\/sv\/","name":"Apirosport","description":"","publisher":{"@id":"https:\/\/apirosport.com\/sv\/#organization"},"alternateName":"Apirosport","potentialAction":[{"@type":"SearchAction","target":{"@type":"EntryPoint","urlTemplate":"https:\/\/apirosport.com\/sv\/?s={search_term_string}"},"query-input":{"@type":"PropertyValueSpecification","valueRequired":true,"valueName":"search_term_string"}}],"inLanguage":"sv-SE"},{"@type":"Organization","@id":"https:\/\/apirosport.com\/sv\/#organization","name":"Apirosport","alternateName":"Apirosport","url":"https:\/\/apirosport.com\/sv\/","logo":{"@type":"ImageObject","inLanguage":"sv-SE","@id":"https:\/\/apirosport.com\/sv\/#\/schema\/logo\/image\/","url":"https:\/\/apirosport.com\/wp-content\/uploads\/2025\/12\/Apirosport-yellow-scaled.png","contentUrl":"https:\/\/apirosport.com\/wp-content\/uploads\/2025\/12\/Apirosport-yellow-scaled.png","width":2560,"height":2278,"caption":"Apirosport"},"image":{"@id":"https:\/\/apirosport.com\/sv\/#\/schema\/logo\/image\/"}}]}},"_links":{"self":[{"href":"https:\/\/apirosport.com\/sv\/wp-json\/wp\/v2\/product\/8492","targetHints":{"allow":["GET"]}}],"collection":[{"href":"https:\/\/apirosport.com\/sv\/wp-json\/wp\/v2\/product"}],"about":[{"href":"https:\/\/apirosport.com\/sv\/wp-json\/wp\/v2\/types\/product"}],"wp:featuredmedia":[{"embeddable":true,"href":"https:\/\/apirosport.com\/sv\/wp-json\/wp\/v2\/media\/8493"}],"wp:attachment":[{"href":"https:\/\/apirosport.com\/sv\/wp-json\/wp\/v2\/media?parent=8492"}],"wp:term":[{"taxonomy":"variation","embeddable":true,"href":"https:\/\/apirosport.com\/sv\/wp-json\/wp\/v2\/variation?post=8492"},{"taxonomy":"product_brand","embeddable":true,"href":"https:\/\/apirosport.com\/sv\/wp-json\/wp\/v2\/product_brand?post=8492"},{"taxonomy":"product_cat","embeddable":true,"href":"https:\/\/apirosport.com\/sv\/wp-json\/wp\/v2\/product_cat?post=8492"},{"taxonomy":"product_tag","embeddable":true,"href":"https:\/\/apirosport.com\/sv\/wp-json\/wp\/v2\/product_tag?post=8492"}],"curies":[{"name":"wp","href":"https:\/\/api.w.org\/{rel}","templated":true}]}}