{"id":8504,"date":"2017-11-17T11:57:59","date_gmt":"2017-11-17T11:57:59","guid":{"rendered":"https:\/\/apirosport.com\/?post_type=product&#038;p=8504"},"modified":"2026-02-23T10:46:10","modified_gmt":"2026-02-23T10:46:10","slug":"adjustable-resistance-tubes","status":"publish","type":"product","link":"https:\/\/apirosport.com\/sv\/produkt\/adjustable-resistance-tubes\/","title":{"rendered":"Adjustable Resistance Tubes"},"content":{"rendered":"<p><span id=\"result_box\" class=\"\" lang=\"sv\">Reebok Adjustable Resistance Tubes \u00e4r v\u00e4lanv\u00e4nda inom m\u00e5nga former av grupptr\u00e4ning och \u00e4r popul\u00e4ra inte minst f\u00f6r rehab utan ocks\u00e5 f\u00f6r styrketr\u00e4ning. De finns med tre olika motst\u00e5ndsniv\u00e5er, l\u00e4tt, medium och tung (s\u00e4ljs separat), f\u00f6r att passa anv\u00e4ndare p\u00e5 alla niv\u00e5er. <\/span><\/p>\n<ul>\n<li><span id=\"result_box\" class=\"\" lang=\"sv\">Reebok Resistance Tube har justerbara, ergonomiska handtag f\u00f6r b\u00e4sta komfort och f\u00f6r att passa alla l\u00e4ngder<br \/>\n<\/span><\/li>\n<li><span id=\"result_box\" class=\"\" lang=\"sv\">Polyuretanhandtag reducerar svettningar i handflatan f\u00f6r optimalt grepp<\/span><\/li>\n<li><span id=\"result_box\" class=\"\" lang=\"sv\">Resistansband i h\u00f6gkvalitativt gummi<\/span><span id=\"result_box\" class=\"\" lang=\"sv\"><\/span><\/li>\n<\/ul>\n","protected":false},"excerpt":{"rendered":"<p>Reebok Adjustable Resistance Tubes \u00e4r v\u00e4lanv\u00e4nda inom m\u00e5nga former av grupptr\u00e4ning och \u00e4r popul\u00e4ra inte minst f\u00f6r rehab utan ocks\u00e5 f\u00f6r styrketr\u00e4ning<\/p>\n","protected":false},"featured_media":8505,"template":"","meta":{"_acf_changed":false,"inline_featured_image":false},"variation":[],"product_brand":[],"product_cat":[88,330],"product_tag":[],"class_list":{"0":"post-8504","1":"product","2":"type-product","3":"status-publish","4":"has-post-thumbnail","6":"product_cat-funktionell-traning","7":"product_cat-reebok-pro","9":"first","10":"instock","11":"purchasable","12":"product-type-variable"},"acf":[],"yoast_head":"<!-- This site is optimized with the Yoast SEO plugin v26.8 - https:\/\/yoast.com\/product\/yoast-seo-wordpress\/ -->\n<title>Adjustable Resistance Tubes | Apirosport<\/title>\n<meta name=\"robots\" content=\"index, follow, max-snippet:-1, max-image-preview:large, max-video-preview:-1\" \/>\n<link rel=\"canonical\" href=\"https:\/\/apirosport.com\/sv\/produkt\/adjustable-resistance-tubes\/\" \/>\n<meta property=\"og:locale\" content=\"sv_SE\" \/>\n<meta property=\"og:type\" content=\"article\" \/>\n<meta property=\"og:title\" content=\"Adjustable Resistance Tubes | Apirosport\" \/>\n<meta property=\"og:description\" content=\"Reebok Adjustable Resistance Tubes \u00e4r v\u00e4lanv\u00e4nda inom m\u00e5nga former av grupptr\u00e4ning och \u00e4r popul\u00e4ra inte minst f\u00f6r rehab utan ocks\u00e5 f\u00f6r styrketr\u00e4ning\" \/>\n<meta property=\"og:url\" content=\"https:\/\/apirosport.com\/sv\/produkt\/adjustable-resistance-tubes\/\" \/>\n<meta property=\"og:site_name\" content=\"Apirosport\" \/>\n<meta property=\"article:modified_time\" content=\"2026-02-23T10:46:10+00:00\" \/>\n<meta property=\"og:image\" content=\"https:\/\/apirosport.com\/wp-content\/uploads\/2025\/12\/RSTB-16075_02-2.png\" \/>\n\t<meta property=\"og:image:width\" content=\"1000\" \/>\n\t<meta property=\"og:image:height\" content=\"1000\" \/>\n\t<meta property=\"og:image:type\" content=\"image\/png\" \/>\n<meta name=\"twitter:card\" content=\"summary_large_image\" \/>\n<meta name=\"twitter:title\" content=\"Apirosport\" \/>\n<script type=\"application\/ld+json\" class=\"yoast-schema-graph\">{\"@context\":\"https:\/\/schema.org\",\"@graph\":[{\"@type\":\"WebPage\",\"@id\":\"https:\/\/apirosport.com\/sv\/produkt\/adjustable-resistance-tubes\/\",\"url\":\"https:\/\/apirosport.com\/sv\/produkt\/adjustable-resistance-tubes\/\",\"name\":\"Adjustable Resistance Tubes | Apirosport\",\"isPartOf\":{\"@id\":\"https:\/\/apirosport.com\/sv\/#website\"},\"primaryImageOfPage\":{\"@id\":\"https:\/\/apirosport.com\/sv\/produkt\/adjustable-resistance-tubes\/#primaryimage\"},\"image\":{\"@id\":\"https:\/\/apirosport.com\/sv\/produkt\/adjustable-resistance-tubes\/#primaryimage\"},\"thumbnailUrl\":\"https:\/\/apirosport.com\/wp-content\/uploads\/2025\/12\/RSTB-16075_02-2.png\",\"datePublished\":\"2017-11-17T11:57:59+00:00\",\"dateModified\":\"2026-02-23T10:46:10+00:00\",\"breadcrumb\":{\"@id\":\"https:\/\/apirosport.com\/sv\/produkt\/adjustable-resistance-tubes\/#breadcrumb\"},\"inLanguage\":\"sv-SE\",\"potentialAction\":[{\"@type\":\"ReadAction\",\"target\":[\"https:\/\/apirosport.com\/sv\/produkt\/adjustable-resistance-tubes\/\"]}]},{\"@type\":\"ImageObject\",\"inLanguage\":\"sv-SE\",\"@id\":\"https:\/\/apirosport.com\/sv\/produkt\/adjustable-resistance-tubes\/#primaryimage\",\"url\":\"https:\/\/apirosport.com\/wp-content\/uploads\/2025\/12\/RSTB-16075_02-2.png\",\"contentUrl\":\"https:\/\/apirosport.com\/wp-content\/uploads\/2025\/12\/RSTB-16075_02-2.png\",\"width\":1000,\"height\":1000},{\"@type\":\"BreadcrumbList\",\"@id\":\"https:\/\/apirosport.com\/sv\/produkt\/adjustable-resistance-tubes\/#breadcrumb\",\"itemListElement\":[{\"@type\":\"ListItem\",\"position\":1,\"name\":\"Home\",\"item\":\"https:\/\/apirosport.com\/sv\/\"},{\"@type\":\"ListItem\",\"position\":2,\"name\":\"Produkter\",\"item\":\"https:\/\/apirosport.com\/sv\/produkter\/\"},{\"@type\":\"ListItem\",\"position\":3,\"name\":\"Adjustable Resistance Tubes\"}]},{\"@type\":\"WebSite\",\"@id\":\"https:\/\/apirosport.com\/sv\/#website\",\"url\":\"https:\/\/apirosport.com\/sv\/\",\"name\":\"Apirosport\",\"description\":\"\",\"publisher\":{\"@id\":\"https:\/\/apirosport.com\/sv\/#organization\"},\"alternateName\":\"Apirosport\",\"potentialAction\":[{\"@type\":\"SearchAction\",\"target\":{\"@type\":\"EntryPoint\",\"urlTemplate\":\"https:\/\/apirosport.com\/sv\/?s={search_term_string}\"},\"query-input\":{\"@type\":\"PropertyValueSpecification\",\"valueRequired\":true,\"valueName\":\"search_term_string\"}}],\"inLanguage\":\"sv-SE\"},{\"@type\":\"Organization\",\"@id\":\"https:\/\/apirosport.com\/sv\/#organization\",\"name\":\"Apirosport\",\"alternateName\":\"Apirosport\",\"url\":\"https:\/\/apirosport.com\/sv\/\",\"logo\":{\"@type\":\"ImageObject\",\"inLanguage\":\"sv-SE\",\"@id\":\"https:\/\/apirosport.com\/sv\/#\/schema\/logo\/image\/\",\"url\":\"https:\/\/apirosport.com\/wp-content\/uploads\/2025\/12\/Apirosport-yellow-scaled.png\",\"contentUrl\":\"https:\/\/apirosport.com\/wp-content\/uploads\/2025\/12\/Apirosport-yellow-scaled.png\",\"width\":2560,\"height\":2278,\"caption\":\"Apirosport\"},\"image\":{\"@id\":\"https:\/\/apirosport.com\/sv\/#\/schema\/logo\/image\/\"}}]}<\/script>\n<!-- \/ Yoast SEO plugin. -->","yoast_head_json":{"title":"Adjustable Resistance Tubes | Apirosport","robots":{"index":"index","follow":"follow","max-snippet":"max-snippet:-1","max-image-preview":"max-image-preview:large","max-video-preview":"max-video-preview:-1"},"canonical":"https:\/\/apirosport.com\/sv\/produkt\/adjustable-resistance-tubes\/","og_locale":"sv_SE","og_type":"article","og_title":"Adjustable Resistance Tubes | Apirosport","og_description":"Reebok Adjustable Resistance Tubes \u00e4r v\u00e4lanv\u00e4nda inom m\u00e5nga former av grupptr\u00e4ning och \u00e4r popul\u00e4ra inte minst f\u00f6r rehab utan ocks\u00e5 f\u00f6r styrketr\u00e4ning","og_url":"https:\/\/apirosport.com\/sv\/produkt\/adjustable-resistance-tubes\/","og_site_name":"Apirosport","article_modified_time":"2026-02-23T10:46:10+00:00","og_image":[{"width":1000,"height":1000,"url":"https:\/\/apirosport.com\/wp-content\/uploads\/2025\/12\/RSTB-16075_02-2.png","type":"image\/png"}],"twitter_card":"summary_large_image","twitter_title":"Apirosport","schema":{"@context":"https:\/\/schema.org","@graph":[{"@type":"WebPage","@id":"https:\/\/apirosport.com\/sv\/produkt\/adjustable-resistance-tubes\/","url":"https:\/\/apirosport.com\/sv\/produkt\/adjustable-resistance-tubes\/","name":"Adjustable Resistance Tubes | Apirosport","isPartOf":{"@id":"https:\/\/apirosport.com\/sv\/#website"},"primaryImageOfPage":{"@id":"https:\/\/apirosport.com\/sv\/produkt\/adjustable-resistance-tubes\/#primaryimage"},"image":{"@id":"https:\/\/apirosport.com\/sv\/produkt\/adjustable-resistance-tubes\/#primaryimage"},"thumbnailUrl":"https:\/\/apirosport.com\/wp-content\/uploads\/2025\/12\/RSTB-16075_02-2.png","datePublished":"2017-11-17T11:57:59+00:00","dateModified":"2026-02-23T10:46:10+00:00","breadcrumb":{"@id":"https:\/\/apirosport.com\/sv\/produkt\/adjustable-resistance-tubes\/#breadcrumb"},"inLanguage":"sv-SE","potentialAction":[{"@type":"ReadAction","target":["https:\/\/apirosport.com\/sv\/produkt\/adjustable-resistance-tubes\/"]}]},{"@type":"ImageObject","inLanguage":"sv-SE","@id":"https:\/\/apirosport.com\/sv\/produkt\/adjustable-resistance-tubes\/#primaryimage","url":"https:\/\/apirosport.com\/wp-content\/uploads\/2025\/12\/RSTB-16075_02-2.png","contentUrl":"https:\/\/apirosport.com\/wp-content\/uploads\/2025\/12\/RSTB-16075_02-2.png","width":1000,"height":1000},{"@type":"BreadcrumbList","@id":"https:\/\/apirosport.com\/sv\/produkt\/adjustable-resistance-tubes\/#breadcrumb","itemListElement":[{"@type":"ListItem","position":1,"name":"Home","item":"https:\/\/apirosport.com\/sv\/"},{"@type":"ListItem","position":2,"name":"Produkter","item":"https:\/\/apirosport.com\/sv\/produkter\/"},{"@type":"ListItem","position":3,"name":"Adjustable Resistance Tubes"}]},{"@type":"WebSite","@id":"https:\/\/apirosport.com\/sv\/#website","url":"https:\/\/apirosport.com\/sv\/","name":"Apirosport","description":"","publisher":{"@id":"https:\/\/apirosport.com\/sv\/#organization"},"alternateName":"Apirosport","potentialAction":[{"@type":"SearchAction","target":{"@type":"EntryPoint","urlTemplate":"https:\/\/apirosport.com\/sv\/?s={search_term_string}"},"query-input":{"@type":"PropertyValueSpecification","valueRequired":true,"valueName":"search_term_string"}}],"inLanguage":"sv-SE"},{"@type":"Organization","@id":"https:\/\/apirosport.com\/sv\/#organization","name":"Apirosport","alternateName":"Apirosport","url":"https:\/\/apirosport.com\/sv\/","logo":{"@type":"ImageObject","inLanguage":"sv-SE","@id":"https:\/\/apirosport.com\/sv\/#\/schema\/logo\/image\/","url":"https:\/\/apirosport.com\/wp-content\/uploads\/2025\/12\/Apirosport-yellow-scaled.png","contentUrl":"https:\/\/apirosport.com\/wp-content\/uploads\/2025\/12\/Apirosport-yellow-scaled.png","width":2560,"height":2278,"caption":"Apirosport"},"image":{"@id":"https:\/\/apirosport.com\/sv\/#\/schema\/logo\/image\/"}}]}},"_links":{"self":[{"href":"https:\/\/apirosport.com\/sv\/wp-json\/wp\/v2\/product\/8504","targetHints":{"allow":["GET"]}}],"collection":[{"href":"https:\/\/apirosport.com\/sv\/wp-json\/wp\/v2\/product"}],"about":[{"href":"https:\/\/apirosport.com\/sv\/wp-json\/wp\/v2\/types\/product"}],"wp:featuredmedia":[{"embeddable":true,"href":"https:\/\/apirosport.com\/sv\/wp-json\/wp\/v2\/media\/8505"}],"wp:attachment":[{"href":"https:\/\/apirosport.com\/sv\/wp-json\/wp\/v2\/media?parent=8504"}],"wp:term":[{"taxonomy":"variation","embeddable":true,"href":"https:\/\/apirosport.com\/sv\/wp-json\/wp\/v2\/variation?post=8504"},{"taxonomy":"product_brand","embeddable":true,"href":"https:\/\/apirosport.com\/sv\/wp-json\/wp\/v2\/product_brand?post=8504"},{"taxonomy":"product_cat","embeddable":true,"href":"https:\/\/apirosport.com\/sv\/wp-json\/wp\/v2\/product_cat?post=8504"},{"taxonomy":"product_tag","embeddable":true,"href":"https:\/\/apirosport.com\/sv\/wp-json\/wp\/v2\/product_tag?post=8504"}],"curies":[{"name":"wp","href":"https:\/\/api.w.org\/{rel}","templated":true}]}}