{"id":8510,"date":"2017-11-17T11:58:02","date_gmt":"2017-11-17T11:58:02","guid":{"rendered":"https:\/\/apirosport.com\/?post_type=product&#038;p=8510"},"modified":"2026-02-22T21:35:36","modified_gmt":"2026-02-22T21:35:36","slug":"rep-set","status":"publish","type":"product","link":"https:\/\/apirosport.com\/sv\/produkt\/rep-set\/","title":{"rendered":"Rep Set"},"content":{"rendered":"<p><span class=\"Y2IQFc\" lang=\"sv\">Reeboks Rep Set Steel Bar \u00e4r designad f\u00f6r att anv\u00e4ndas regelbundet i grupptr\u00e4ning med fokus p\u00e5 styrketr\u00e4ning. <\/span><\/p>\n<ul>\n<li class=\"tw-data-text tw-text-large tw-ta\" dir=\"ltr\" data-placeholder=\"\u00d6vers\u00e4ttning\" data-ved=\"2ahUKEwjY3-PSpbmMAxUmGBAIHRerLWAQ3ewLegQICBAV\" aria-label=\"\u00d6versatt text: Reeboks Rope Set Steel Bar \u00e4r designad f\u00f6r att anv\u00e4ndas regelbundet i grupptr\u00e4ning och i olika klasser, som att lyfta en plattst\u00e5ng, den s\u00e5 kallade in bodypump. L\u00e4ngd 140 cm, diameter 30 mm, l\u00e4mplig f\u00f6r anv\u00e4ndare av alla storlekar Slitstark, men \u00e4nd\u00e5 flexibel, vilket g\u00f6r att den kan producera en liten efterr\u00f6relse under tr\u00e4ning Rep-skivor finns i vikterna 1,25 kg, 2,5 kg, 5 kg och 10 kg\"><span class=\"Y2IQFc\" lang=\"sv\">L\u00e4ngd 143 cm, diameter 30 mm<\/span><\/li>\n<li class=\"tw-data-text tw-text-large tw-ta\" dir=\"ltr\" data-placeholder=\"\u00d6vers\u00e4ttning\" data-ved=\"2ahUKEwjY3-PSpbmMAxUmGBAIHRerLWAQ3ewLegQICBAV\" aria-label=\"\u00d6versatt text: Reeboks Rope Set Steel Bar \u00e4r designad f\u00f6r att anv\u00e4ndas regelbundet i grupptr\u00e4ning och i olika klasser, som att lyfta en plattst\u00e5ng, den s\u00e5 kallade in bodypump. L\u00e4ngd 140 cm, diameter 30 mm, l\u00e4mplig f\u00f6r anv\u00e4ndare av alla storlekar Slitstark, men \u00e4nd\u00e5 flexibel, vilket g\u00f6r att den kan producera en liten efterr\u00f6relse under tr\u00e4ning Rep-skivor finns i vikterna 1,25 kg, 2,5 kg, 5 kg och 10 kg\"><span class=\"Y2IQFc\" lang=\"sv\">L\u00e4mplig f\u00f6r anv\u00e4ndare av alla storlekar <\/span><\/li>\n<li class=\"tw-data-text tw-text-large tw-ta\" dir=\"ltr\" data-placeholder=\"\u00d6vers\u00e4ttning\" data-ved=\"2ahUKEwjY3-PSpbmMAxUmGBAIHRerLWAQ3ewLegQICBAV\" aria-label=\"\u00d6versatt text: Reeboks Rope Set Steel Bar \u00e4r designad f\u00f6r att anv\u00e4ndas regelbundet i grupptr\u00e4ning och i olika klasser, som att lyfta en plattst\u00e5ng, den s\u00e5 kallade in bodypump. L\u00e4ngd 140 cm, diameter 30 mm, l\u00e4mplig f\u00f6r anv\u00e4ndare av alla storlekar Slitstark, men \u00e4nd\u00e5 flexibel, vilket g\u00f6r att den kan producera en liten efterr\u00f6relse under tr\u00e4ning Rep-skivor finns i vikterna 1,25 kg, 2,5 kg, 5 kg och 10 kg\"><span class=\"Y2IQFc\" lang=\"sv\">Rep-skivor finns i vikterna 1,25 kg, 2,5 kg, 5 kg och 10 kg<\/span><\/li>\n<\/ul>\n","protected":false},"excerpt":{"rendered":"<p>Reebok Studio Rep Set on kaikki mit\u00e4 tarvitset yhden ryhm\u00e4harjoittelun suosituimmista harjoituksista &#8211; tangon, jota kutsutaan my\u00f6s Bodypumpiksi.<\/p>\n","protected":false},"featured_media":8511,"template":"","meta":{"_acf_changed":false,"inline_featured_image":false},"variation":[],"product_brand":[],"product_cat":[95,330],"product_tag":[224],"class_list":{"0":"post-8510","1":"product","2":"type-product","3":"status-publish","4":"has-post-thumbnail","6":"product_cat-studio-grupptraning","7":"product_cat-reebok-pro","8":"product_tag-reebok-pro","10":"first","11":"instock","12":"purchasable","13":"product-type-variable"},"acf":[],"yoast_head":"<!-- This site is optimized with the Yoast SEO plugin v26.8 - https:\/\/yoast.com\/product\/yoast-seo-wordpress\/ -->\n<title>Rep Set | Apirosport<\/title>\n<meta name=\"robots\" content=\"index, follow, max-snippet:-1, max-image-preview:large, max-video-preview:-1\" \/>\n<link rel=\"canonical\" href=\"https:\/\/apirosport.com\/sv\/produkt\/rep-set\/\" \/>\n<meta property=\"og:locale\" content=\"sv_SE\" \/>\n<meta property=\"og:type\" content=\"article\" \/>\n<meta property=\"og:title\" content=\"Rep Set | Apirosport\" \/>\n<meta property=\"og:description\" content=\"Reebok Studio Rep Set on kaikki mit\u00e4 tarvitset yhden ryhm\u00e4harjoittelun suosituimmista harjoituksista - tangon, jota kutsutaan my\u00f6s Bodypumpiksi.\" \/>\n<meta property=\"og:url\" content=\"https:\/\/apirosport.com\/sv\/produkt\/rep-set\/\" \/>\n<meta property=\"og:site_name\" content=\"Apirosport\" \/>\n<meta property=\"article:modified_time\" content=\"2026-02-22T21:35:36+00:00\" \/>\n<meta property=\"og:image\" content=\"https:\/\/apirosport.com\/wp-content\/uploads\/2025\/12\/RSWT-16090_01-2.png\" \/>\n\t<meta property=\"og:image:width\" content=\"1000\" \/>\n\t<meta property=\"og:image:height\" content=\"1000\" \/>\n\t<meta property=\"og:image:type\" content=\"image\/png\" \/>\n<meta name=\"twitter:card\" content=\"summary_large_image\" \/>\n<meta name=\"twitter:title\" content=\"Apirosport\" \/>\n<script type=\"application\/ld+json\" class=\"yoast-schema-graph\">{\"@context\":\"https:\/\/schema.org\",\"@graph\":[{\"@type\":\"WebPage\",\"@id\":\"https:\/\/apirosport.com\/sv\/produkt\/rep-set\/\",\"url\":\"https:\/\/apirosport.com\/sv\/produkt\/rep-set\/\",\"name\":\"Rep Set | Apirosport\",\"isPartOf\":{\"@id\":\"https:\/\/apirosport.com\/sv\/#website\"},\"primaryImageOfPage\":{\"@id\":\"https:\/\/apirosport.com\/sv\/produkt\/rep-set\/#primaryimage\"},\"image\":{\"@id\":\"https:\/\/apirosport.com\/sv\/produkt\/rep-set\/#primaryimage\"},\"thumbnailUrl\":\"https:\/\/apirosport.com\/wp-content\/uploads\/2025\/12\/RSWT-16090_01-2.png\",\"datePublished\":\"2017-11-17T11:58:02+00:00\",\"dateModified\":\"2026-02-22T21:35:36+00:00\",\"breadcrumb\":{\"@id\":\"https:\/\/apirosport.com\/sv\/produkt\/rep-set\/#breadcrumb\"},\"inLanguage\":\"sv-SE\",\"potentialAction\":[{\"@type\":\"ReadAction\",\"target\":[\"https:\/\/apirosport.com\/sv\/produkt\/rep-set\/\"]}]},{\"@type\":\"ImageObject\",\"inLanguage\":\"sv-SE\",\"@id\":\"https:\/\/apirosport.com\/sv\/produkt\/rep-set\/#primaryimage\",\"url\":\"https:\/\/apirosport.com\/wp-content\/uploads\/2025\/12\/RSWT-16090_01-2.png\",\"contentUrl\":\"https:\/\/apirosport.com\/wp-content\/uploads\/2025\/12\/RSWT-16090_01-2.png\",\"width\":1000,\"height\":1000},{\"@type\":\"BreadcrumbList\",\"@id\":\"https:\/\/apirosport.com\/sv\/produkt\/rep-set\/#breadcrumb\",\"itemListElement\":[{\"@type\":\"ListItem\",\"position\":1,\"name\":\"Home\",\"item\":\"https:\/\/apirosport.com\/sv\/\"},{\"@type\":\"ListItem\",\"position\":2,\"name\":\"Produkter\",\"item\":\"https:\/\/apirosport.com\/sv\/produkter\/\"},{\"@type\":\"ListItem\",\"position\":3,\"name\":\"Rep Set\"}]},{\"@type\":\"WebSite\",\"@id\":\"https:\/\/apirosport.com\/sv\/#website\",\"url\":\"https:\/\/apirosport.com\/sv\/\",\"name\":\"Apirosport\",\"description\":\"\",\"publisher\":{\"@id\":\"https:\/\/apirosport.com\/sv\/#organization\"},\"alternateName\":\"Apirosport\",\"potentialAction\":[{\"@type\":\"SearchAction\",\"target\":{\"@type\":\"EntryPoint\",\"urlTemplate\":\"https:\/\/apirosport.com\/sv\/?s={search_term_string}\"},\"query-input\":{\"@type\":\"PropertyValueSpecification\",\"valueRequired\":true,\"valueName\":\"search_term_string\"}}],\"inLanguage\":\"sv-SE\"},{\"@type\":\"Organization\",\"@id\":\"https:\/\/apirosport.com\/sv\/#organization\",\"name\":\"Apirosport\",\"alternateName\":\"Apirosport\",\"url\":\"https:\/\/apirosport.com\/sv\/\",\"logo\":{\"@type\":\"ImageObject\",\"inLanguage\":\"sv-SE\",\"@id\":\"https:\/\/apirosport.com\/sv\/#\/schema\/logo\/image\/\",\"url\":\"https:\/\/apirosport.com\/wp-content\/uploads\/2025\/12\/Apirosport-yellow-scaled.png\",\"contentUrl\":\"https:\/\/apirosport.com\/wp-content\/uploads\/2025\/12\/Apirosport-yellow-scaled.png\",\"width\":2560,\"height\":2278,\"caption\":\"Apirosport\"},\"image\":{\"@id\":\"https:\/\/apirosport.com\/sv\/#\/schema\/logo\/image\/\"}}]}<\/script>\n<!-- \/ Yoast SEO plugin. -->","yoast_head_json":{"title":"Rep Set | Apirosport","robots":{"index":"index","follow":"follow","max-snippet":"max-snippet:-1","max-image-preview":"max-image-preview:large","max-video-preview":"max-video-preview:-1"},"canonical":"https:\/\/apirosport.com\/sv\/produkt\/rep-set\/","og_locale":"sv_SE","og_type":"article","og_title":"Rep Set | Apirosport","og_description":"Reebok Studio Rep Set on kaikki mit\u00e4 tarvitset yhden ryhm\u00e4harjoittelun suosituimmista harjoituksista - tangon, jota kutsutaan my\u00f6s Bodypumpiksi.","og_url":"https:\/\/apirosport.com\/sv\/produkt\/rep-set\/","og_site_name":"Apirosport","article_modified_time":"2026-02-22T21:35:36+00:00","og_image":[{"width":1000,"height":1000,"url":"https:\/\/apirosport.com\/wp-content\/uploads\/2025\/12\/RSWT-16090_01-2.png","type":"image\/png"}],"twitter_card":"summary_large_image","twitter_title":"Apirosport","schema":{"@context":"https:\/\/schema.org","@graph":[{"@type":"WebPage","@id":"https:\/\/apirosport.com\/sv\/produkt\/rep-set\/","url":"https:\/\/apirosport.com\/sv\/produkt\/rep-set\/","name":"Rep Set | Apirosport","isPartOf":{"@id":"https:\/\/apirosport.com\/sv\/#website"},"primaryImageOfPage":{"@id":"https:\/\/apirosport.com\/sv\/produkt\/rep-set\/#primaryimage"},"image":{"@id":"https:\/\/apirosport.com\/sv\/produkt\/rep-set\/#primaryimage"},"thumbnailUrl":"https:\/\/apirosport.com\/wp-content\/uploads\/2025\/12\/RSWT-16090_01-2.png","datePublished":"2017-11-17T11:58:02+00:00","dateModified":"2026-02-22T21:35:36+00:00","breadcrumb":{"@id":"https:\/\/apirosport.com\/sv\/produkt\/rep-set\/#breadcrumb"},"inLanguage":"sv-SE","potentialAction":[{"@type":"ReadAction","target":["https:\/\/apirosport.com\/sv\/produkt\/rep-set\/"]}]},{"@type":"ImageObject","inLanguage":"sv-SE","@id":"https:\/\/apirosport.com\/sv\/produkt\/rep-set\/#primaryimage","url":"https:\/\/apirosport.com\/wp-content\/uploads\/2025\/12\/RSWT-16090_01-2.png","contentUrl":"https:\/\/apirosport.com\/wp-content\/uploads\/2025\/12\/RSWT-16090_01-2.png","width":1000,"height":1000},{"@type":"BreadcrumbList","@id":"https:\/\/apirosport.com\/sv\/produkt\/rep-set\/#breadcrumb","itemListElement":[{"@type":"ListItem","position":1,"name":"Home","item":"https:\/\/apirosport.com\/sv\/"},{"@type":"ListItem","position":2,"name":"Produkter","item":"https:\/\/apirosport.com\/sv\/produkter\/"},{"@type":"ListItem","position":3,"name":"Rep Set"}]},{"@type":"WebSite","@id":"https:\/\/apirosport.com\/sv\/#website","url":"https:\/\/apirosport.com\/sv\/","name":"Apirosport","description":"","publisher":{"@id":"https:\/\/apirosport.com\/sv\/#organization"},"alternateName":"Apirosport","potentialAction":[{"@type":"SearchAction","target":{"@type":"EntryPoint","urlTemplate":"https:\/\/apirosport.com\/sv\/?s={search_term_string}"},"query-input":{"@type":"PropertyValueSpecification","valueRequired":true,"valueName":"search_term_string"}}],"inLanguage":"sv-SE"},{"@type":"Organization","@id":"https:\/\/apirosport.com\/sv\/#organization","name":"Apirosport","alternateName":"Apirosport","url":"https:\/\/apirosport.com\/sv\/","logo":{"@type":"ImageObject","inLanguage":"sv-SE","@id":"https:\/\/apirosport.com\/sv\/#\/schema\/logo\/image\/","url":"https:\/\/apirosport.com\/wp-content\/uploads\/2025\/12\/Apirosport-yellow-scaled.png","contentUrl":"https:\/\/apirosport.com\/wp-content\/uploads\/2025\/12\/Apirosport-yellow-scaled.png","width":2560,"height":2278,"caption":"Apirosport"},"image":{"@id":"https:\/\/apirosport.com\/sv\/#\/schema\/logo\/image\/"}}]}},"_links":{"self":[{"href":"https:\/\/apirosport.com\/sv\/wp-json\/wp\/v2\/product\/8510","targetHints":{"allow":["GET"]}}],"collection":[{"href":"https:\/\/apirosport.com\/sv\/wp-json\/wp\/v2\/product"}],"about":[{"href":"https:\/\/apirosport.com\/sv\/wp-json\/wp\/v2\/types\/product"}],"wp:featuredmedia":[{"embeddable":true,"href":"https:\/\/apirosport.com\/sv\/wp-json\/wp\/v2\/media\/8511"}],"wp:attachment":[{"href":"https:\/\/apirosport.com\/sv\/wp-json\/wp\/v2\/media?parent=8510"}],"wp:term":[{"taxonomy":"variation","embeddable":true,"href":"https:\/\/apirosport.com\/sv\/wp-json\/wp\/v2\/variation?post=8510"},{"taxonomy":"product_brand","embeddable":true,"href":"https:\/\/apirosport.com\/sv\/wp-json\/wp\/v2\/product_brand?post=8510"},{"taxonomy":"product_cat","embeddable":true,"href":"https:\/\/apirosport.com\/sv\/wp-json\/wp\/v2\/product_cat?post=8510"},{"taxonomy":"product_tag","embeddable":true,"href":"https:\/\/apirosport.com\/sv\/wp-json\/wp\/v2\/product_tag?post=8510"}],"curies":[{"name":"wp","href":"https:\/\/api.w.org\/{rel}","templated":true}]}}