{"id":8524,"date":"2017-11-17T11:58:02","date_gmt":"2017-11-17T11:58:02","guid":{"rendered":"https:\/\/apirosport.com\/?post_type=product&#038;p=8524"},"modified":"2026-02-22T21:37:06","modified_gmt":"2026-02-22T21:37:06","slug":"yoga-strap","status":"publish","type":"product","link":"https:\/\/apirosport.com\/sv\/produkt\/yoga-strap\/","title":{"rendered":"Yoga Strap"},"content":{"rendered":"<p><span id=\"result_box\" class=\"\" lang=\"sv\"><span class=\"\">Reebok Yoga Strap \u00e4r ett utm\u00e4rkt tillbeh\u00f6r f\u00f6r att bygga styrka, \u00f6ka flexibilitet och smidighet samt hj\u00e4lpa till med korrekt h\u00e5llning och r\u00e4tt <em>body alignment<\/em>. Yoga ger o\u00e4ndliga h\u00e4lso- och fitnessf\u00f6rdelar: fysiska, i form av en stark och smidig kropp men i huvudsak ger yogan mentala f\u00f6rdelar i form av \u00f6kad sj\u00e4lvk\u00e4nnedom och mindfulness.<br \/>\n<\/span><\/span><\/p>\n<ul>\n<li>Sp\u00e4nne i ena \u00e4nden f\u00f6r enkel f\u00e4stning och justering av rem<\/li>\n<li>Robust och h\u00e5llbar design s\u00e4kerst\u00e4ller att remmen h\u00e5ller sig p\u00e5 plats under hela \u00f6vningen<\/li>\n<li>Med en l\u00e4ngd p\u00e5 175cm kan Reebok Yoga Strap anv\u00e4ndas f\u00f6r m\u00e5nga \u00f6vningar<\/li>\n<\/ul>\n","protected":false},"excerpt":{"rendered":"<p><span id=\"result_box\" class=\"\" lang=\"sv\"><span class=\"\">Reebok Yoga Strap \u00e4r ett utm\u00e4rkt tillbeh\u00f6r f\u00f6r att bygga styrka, \u00f6ka flexibilitet och smidighet samt hj\u00e4lpa till med korrekt h\u00e5llning och <em>body alignment<\/em><\/span><\/span><\/p>\n","protected":false},"featured_media":8525,"template":"","meta":{"_acf_changed":false,"inline_featured_image":false},"variation":[],"product_brand":[],"product_cat":[88,95,306,330],"product_tag":[224],"class_list":{"0":"post-8524","1":"product","2":"type-product","3":"status-publish","4":"has-post-thumbnail","6":"product_cat-funktionell-traning","7":"product_cat-studio-grupptraning","8":"product_cat-tillbehor","9":"product_cat-reebok-pro","10":"product_tag-reebok-pro","12":"first","13":"instock","14":"purchasable","15":"product-type-simple"},"acf":[],"yoast_head":"<!-- This site is optimized with the Yoast SEO plugin v26.8 - https:\/\/yoast.com\/product\/yoast-seo-wordpress\/ -->\n<title>Yoga Strap | Apirosport<\/title>\n<meta name=\"robots\" content=\"index, follow, max-snippet:-1, max-image-preview:large, max-video-preview:-1\" \/>\n<link rel=\"canonical\" href=\"https:\/\/apirosport.com\/sv\/produkt\/yoga-strap\/\" \/>\n<meta property=\"og:locale\" content=\"sv_SE\" \/>\n<meta property=\"og:type\" content=\"article\" \/>\n<meta property=\"og:title\" content=\"Yoga Strap | Apirosport\" \/>\n<meta property=\"og:description\" content=\"Reebok Yoga Strap \u00e4r ett utm\u00e4rkt tillbeh\u00f6r f\u00f6r att bygga styrka, \u00f6ka flexibilitet och smidighet samt hj\u00e4lpa till med korrekt h\u00e5llning och body alignment\" \/>\n<meta property=\"og:url\" content=\"https:\/\/apirosport.com\/sv\/produkt\/yoga-strap\/\" \/>\n<meta property=\"og:site_name\" content=\"Apirosport\" \/>\n<meta property=\"article:modified_time\" content=\"2026-02-22T21:37:06+00:00\" \/>\n<meta property=\"og:image\" content=\"https:\/\/apirosport.com\/wp-content\/uploads\/2025\/12\/RSYG-16023_01-2.png\" \/>\n\t<meta property=\"og:image:width\" content=\"1000\" \/>\n\t<meta property=\"og:image:height\" content=\"1000\" \/>\n\t<meta property=\"og:image:type\" content=\"image\/png\" \/>\n<meta name=\"twitter:card\" content=\"summary_large_image\" \/>\n<meta name=\"twitter:title\" content=\"Apirosport\" \/>\n<meta name=\"twitter:label1\" content=\"Ber\u00e4knad l\u00e4stid\" \/>\n\t<meta name=\"twitter:data1\" content=\"1 minut\" \/>\n<script type=\"application\/ld+json\" class=\"yoast-schema-graph\">{\"@context\":\"https:\/\/schema.org\",\"@graph\":[{\"@type\":\"WebPage\",\"@id\":\"https:\/\/apirosport.com\/sv\/produkt\/yoga-strap\/\",\"url\":\"https:\/\/apirosport.com\/sv\/produkt\/yoga-strap\/\",\"name\":\"Yoga Strap | Apirosport\",\"isPartOf\":{\"@id\":\"https:\/\/apirosport.com\/sv\/#website\"},\"primaryImageOfPage\":{\"@id\":\"https:\/\/apirosport.com\/sv\/produkt\/yoga-strap\/#primaryimage\"},\"image\":{\"@id\":\"https:\/\/apirosport.com\/sv\/produkt\/yoga-strap\/#primaryimage\"},\"thumbnailUrl\":\"https:\/\/apirosport.com\/wp-content\/uploads\/2025\/12\/RSYG-16023_01-2.png\",\"datePublished\":\"2017-11-17T11:58:02+00:00\",\"dateModified\":\"2026-02-22T21:37:06+00:00\",\"breadcrumb\":{\"@id\":\"https:\/\/apirosport.com\/sv\/produkt\/yoga-strap\/#breadcrumb\"},\"inLanguage\":\"sv-SE\",\"potentialAction\":[{\"@type\":\"ReadAction\",\"target\":[\"https:\/\/apirosport.com\/sv\/produkt\/yoga-strap\/\"]}]},{\"@type\":\"ImageObject\",\"inLanguage\":\"sv-SE\",\"@id\":\"https:\/\/apirosport.com\/sv\/produkt\/yoga-strap\/#primaryimage\",\"url\":\"https:\/\/apirosport.com\/wp-content\/uploads\/2025\/12\/RSYG-16023_01-2.png\",\"contentUrl\":\"https:\/\/apirosport.com\/wp-content\/uploads\/2025\/12\/RSYG-16023_01-2.png\",\"width\":1000,\"height\":1000},{\"@type\":\"BreadcrumbList\",\"@id\":\"https:\/\/apirosport.com\/sv\/produkt\/yoga-strap\/#breadcrumb\",\"itemListElement\":[{\"@type\":\"ListItem\",\"position\":1,\"name\":\"Home\",\"item\":\"https:\/\/apirosport.com\/sv\/\"},{\"@type\":\"ListItem\",\"position\":2,\"name\":\"Produkter\",\"item\":\"https:\/\/apirosport.com\/sv\/produkter\/\"},{\"@type\":\"ListItem\",\"position\":3,\"name\":\"Yoga Strap\"}]},{\"@type\":\"WebSite\",\"@id\":\"https:\/\/apirosport.com\/sv\/#website\",\"url\":\"https:\/\/apirosport.com\/sv\/\",\"name\":\"Apirosport\",\"description\":\"\",\"publisher\":{\"@id\":\"https:\/\/apirosport.com\/sv\/#organization\"},\"alternateName\":\"Apirosport\",\"potentialAction\":[{\"@type\":\"SearchAction\",\"target\":{\"@type\":\"EntryPoint\",\"urlTemplate\":\"https:\/\/apirosport.com\/sv\/?s={search_term_string}\"},\"query-input\":{\"@type\":\"PropertyValueSpecification\",\"valueRequired\":true,\"valueName\":\"search_term_string\"}}],\"inLanguage\":\"sv-SE\"},{\"@type\":\"Organization\",\"@id\":\"https:\/\/apirosport.com\/sv\/#organization\",\"name\":\"Apirosport\",\"alternateName\":\"Apirosport\",\"url\":\"https:\/\/apirosport.com\/sv\/\",\"logo\":{\"@type\":\"ImageObject\",\"inLanguage\":\"sv-SE\",\"@id\":\"https:\/\/apirosport.com\/sv\/#\/schema\/logo\/image\/\",\"url\":\"https:\/\/apirosport.com\/wp-content\/uploads\/2025\/12\/Apirosport-yellow-scaled.png\",\"contentUrl\":\"https:\/\/apirosport.com\/wp-content\/uploads\/2025\/12\/Apirosport-yellow-scaled.png\",\"width\":2560,\"height\":2278,\"caption\":\"Apirosport\"},\"image\":{\"@id\":\"https:\/\/apirosport.com\/sv\/#\/schema\/logo\/image\/\"}}]}<\/script>\n<!-- \/ Yoast SEO plugin. -->","yoast_head_json":{"title":"Yoga Strap | Apirosport","robots":{"index":"index","follow":"follow","max-snippet":"max-snippet:-1","max-image-preview":"max-image-preview:large","max-video-preview":"max-video-preview:-1"},"canonical":"https:\/\/apirosport.com\/sv\/produkt\/yoga-strap\/","og_locale":"sv_SE","og_type":"article","og_title":"Yoga Strap | Apirosport","og_description":"Reebok Yoga Strap \u00e4r ett utm\u00e4rkt tillbeh\u00f6r f\u00f6r att bygga styrka, \u00f6ka flexibilitet och smidighet samt hj\u00e4lpa till med korrekt h\u00e5llning och body alignment","og_url":"https:\/\/apirosport.com\/sv\/produkt\/yoga-strap\/","og_site_name":"Apirosport","article_modified_time":"2026-02-22T21:37:06+00:00","og_image":[{"width":1000,"height":1000,"url":"https:\/\/apirosport.com\/wp-content\/uploads\/2025\/12\/RSYG-16023_01-2.png","type":"image\/png"}],"twitter_card":"summary_large_image","twitter_title":"Apirosport","twitter_misc":{"Ber\u00e4knad l\u00e4stid":"1 minut"},"schema":{"@context":"https:\/\/schema.org","@graph":[{"@type":"WebPage","@id":"https:\/\/apirosport.com\/sv\/produkt\/yoga-strap\/","url":"https:\/\/apirosport.com\/sv\/produkt\/yoga-strap\/","name":"Yoga Strap | Apirosport","isPartOf":{"@id":"https:\/\/apirosport.com\/sv\/#website"},"primaryImageOfPage":{"@id":"https:\/\/apirosport.com\/sv\/produkt\/yoga-strap\/#primaryimage"},"image":{"@id":"https:\/\/apirosport.com\/sv\/produkt\/yoga-strap\/#primaryimage"},"thumbnailUrl":"https:\/\/apirosport.com\/wp-content\/uploads\/2025\/12\/RSYG-16023_01-2.png","datePublished":"2017-11-17T11:58:02+00:00","dateModified":"2026-02-22T21:37:06+00:00","breadcrumb":{"@id":"https:\/\/apirosport.com\/sv\/produkt\/yoga-strap\/#breadcrumb"},"inLanguage":"sv-SE","potentialAction":[{"@type":"ReadAction","target":["https:\/\/apirosport.com\/sv\/produkt\/yoga-strap\/"]}]},{"@type":"ImageObject","inLanguage":"sv-SE","@id":"https:\/\/apirosport.com\/sv\/produkt\/yoga-strap\/#primaryimage","url":"https:\/\/apirosport.com\/wp-content\/uploads\/2025\/12\/RSYG-16023_01-2.png","contentUrl":"https:\/\/apirosport.com\/wp-content\/uploads\/2025\/12\/RSYG-16023_01-2.png","width":1000,"height":1000},{"@type":"BreadcrumbList","@id":"https:\/\/apirosport.com\/sv\/produkt\/yoga-strap\/#breadcrumb","itemListElement":[{"@type":"ListItem","position":1,"name":"Home","item":"https:\/\/apirosport.com\/sv\/"},{"@type":"ListItem","position":2,"name":"Produkter","item":"https:\/\/apirosport.com\/sv\/produkter\/"},{"@type":"ListItem","position":3,"name":"Yoga Strap"}]},{"@type":"WebSite","@id":"https:\/\/apirosport.com\/sv\/#website","url":"https:\/\/apirosport.com\/sv\/","name":"Apirosport","description":"","publisher":{"@id":"https:\/\/apirosport.com\/sv\/#organization"},"alternateName":"Apirosport","potentialAction":[{"@type":"SearchAction","target":{"@type":"EntryPoint","urlTemplate":"https:\/\/apirosport.com\/sv\/?s={search_term_string}"},"query-input":{"@type":"PropertyValueSpecification","valueRequired":true,"valueName":"search_term_string"}}],"inLanguage":"sv-SE"},{"@type":"Organization","@id":"https:\/\/apirosport.com\/sv\/#organization","name":"Apirosport","alternateName":"Apirosport","url":"https:\/\/apirosport.com\/sv\/","logo":{"@type":"ImageObject","inLanguage":"sv-SE","@id":"https:\/\/apirosport.com\/sv\/#\/schema\/logo\/image\/","url":"https:\/\/apirosport.com\/wp-content\/uploads\/2025\/12\/Apirosport-yellow-scaled.png","contentUrl":"https:\/\/apirosport.com\/wp-content\/uploads\/2025\/12\/Apirosport-yellow-scaled.png","width":2560,"height":2278,"caption":"Apirosport"},"image":{"@id":"https:\/\/apirosport.com\/sv\/#\/schema\/logo\/image\/"}}]}},"_links":{"self":[{"href":"https:\/\/apirosport.com\/sv\/wp-json\/wp\/v2\/product\/8524","targetHints":{"allow":["GET"]}}],"collection":[{"href":"https:\/\/apirosport.com\/sv\/wp-json\/wp\/v2\/product"}],"about":[{"href":"https:\/\/apirosport.com\/sv\/wp-json\/wp\/v2\/types\/product"}],"wp:featuredmedia":[{"embeddable":true,"href":"https:\/\/apirosport.com\/sv\/wp-json\/wp\/v2\/media\/8525"}],"wp:attachment":[{"href":"https:\/\/apirosport.com\/sv\/wp-json\/wp\/v2\/media?parent=8524"}],"wp:term":[{"taxonomy":"variation","embeddable":true,"href":"https:\/\/apirosport.com\/sv\/wp-json\/wp\/v2\/variation?post=8524"},{"taxonomy":"product_brand","embeddable":true,"href":"https:\/\/apirosport.com\/sv\/wp-json\/wp\/v2\/product_brand?post=8524"},{"taxonomy":"product_cat","embeddable":true,"href":"https:\/\/apirosport.com\/sv\/wp-json\/wp\/v2\/product_cat?post=8524"},{"taxonomy":"product_tag","embeddable":true,"href":"https:\/\/apirosport.com\/sv\/wp-json\/wp\/v2\/product_tag?post=8524"}],"curies":[{"name":"wp","href":"https:\/\/api.w.org\/{rel}","templated":true}]}}