{"id":8531,"date":"2017-11-17T11:58:06","date_gmt":"2017-11-17T11:58:06","guid":{"rendered":"https:\/\/apirosport.com\/?post_type=product&#038;p=8531"},"modified":"2026-02-22T21:36:46","modified_gmt":"2026-02-22T21:36:46","slug":"studio-mat","status":"publish","type":"product","link":"https:\/\/apirosport.com\/sv\/produkt\/studio-mat\/","title":{"rendered":"Studio Mat"},"content":{"rendered":"<p><span id=\"result_box\" class=\"\" lang=\"sv\"><span class=\"\"> Reebok Studio Mat ger ett mjukt och stadigt underlag f\u00f6r alla typer av studio- och grupptr\u00e4ningspass, inklusive yoga och pilates.<\/span> <span class=\"\">Med en k\u00e4rna av 10mm tjockt skum, beh\u00e5ller mattan sin form under all typ av tr\u00e4ning vilket g\u00f6r den idealisk f\u00f6r alla typer av \u00f6vningar och rutiner.<\/span><\/span><\/p>\n<ul>\n<li><span id=\"result_box\" class=\"\" lang=\"sv\">\u00d6ljetter f\u00f6r praktisk upph\u00e4ngning<br \/>\n<\/span><\/li>\n<li>Avtorkningsbar och l\u00e4tt att h\u00e5lla ren<\/li>\n<li>Passar till <a href=\"https:\/\/apirosport.se\/produkter\/studiogrupptraning-funktionelltcrossfit\/studio-mat-rack\/\" target=\"_blank\" rel=\"noopener\"><u>Reebok Studio Mat Rack<\/u><\/a><\/li>\n<\/ul>\n","protected":false},"excerpt":{"rendered":"<p>Den 10mm tjocka Reebok Studio Mat ger ett mjukt och stadigt underlag f\u00f6r alla typer av studio- och grupptr\u00e4ningspass, inklusive yoga och pilates<\/p>\n","protected":false},"featured_media":8532,"template":"","meta":{"_acf_changed":false,"inline_featured_image":false},"variation":[],"product_brand":[],"product_cat":[88,95,306,330],"product_tag":[224],"class_list":{"0":"post-8531","1":"product","2":"type-product","3":"status-publish","4":"has-post-thumbnail","6":"product_cat-funktionell-traning","7":"product_cat-studio-grupptraning","8":"product_cat-tillbehor","9":"product_cat-reebok-pro","10":"product_tag-reebok-pro","12":"first","13":"instock","14":"purchasable","15":"product-type-simple"},"acf":[],"yoast_head":"<!-- This site is optimized with the Yoast SEO plugin v26.8 - https:\/\/yoast.com\/product\/yoast-seo-wordpress\/ -->\n<title>Studio Mat | Apirosport<\/title>\n<meta name=\"robots\" content=\"index, follow, max-snippet:-1, max-image-preview:large, max-video-preview:-1\" \/>\n<link rel=\"canonical\" href=\"https:\/\/apirosport.com\/sv\/produkt\/studio-mat\/\" \/>\n<meta property=\"og:locale\" content=\"sv_SE\" \/>\n<meta property=\"og:type\" content=\"article\" \/>\n<meta property=\"og:title\" content=\"Studio Mat | Apirosport\" \/>\n<meta property=\"og:description\" content=\"Den 10mm tjocka Reebok Studio Mat ger ett mjukt och stadigt underlag f\u00f6r alla typer av studio- och grupptr\u00e4ningspass, inklusive yoga och pilates\" \/>\n<meta property=\"og:url\" content=\"https:\/\/apirosport.com\/sv\/produkt\/studio-mat\/\" \/>\n<meta property=\"og:site_name\" content=\"Apirosport\" \/>\n<meta property=\"article:modified_time\" content=\"2026-02-22T21:36:46+00:00\" \/>\n<meta property=\"og:image\" content=\"https:\/\/apirosport.com\/wp-content\/uploads\/2025\/12\/RSYG-16021_01-2.png\" \/>\n\t<meta property=\"og:image:width\" content=\"1000\" \/>\n\t<meta property=\"og:image:height\" content=\"1000\" \/>\n\t<meta property=\"og:image:type\" content=\"image\/png\" \/>\n<meta name=\"twitter:card\" content=\"summary_large_image\" \/>\n<meta name=\"twitter:title\" content=\"Apirosport\" \/>\n<script type=\"application\/ld+json\" class=\"yoast-schema-graph\">{\"@context\":\"https:\/\/schema.org\",\"@graph\":[{\"@type\":\"WebPage\",\"@id\":\"https:\/\/apirosport.com\/sv\/produkt\/studio-mat\/\",\"url\":\"https:\/\/apirosport.com\/sv\/produkt\/studio-mat\/\",\"name\":\"Studio Mat | Apirosport\",\"isPartOf\":{\"@id\":\"https:\/\/apirosport.com\/sv\/#website\"},\"primaryImageOfPage\":{\"@id\":\"https:\/\/apirosport.com\/sv\/produkt\/studio-mat\/#primaryimage\"},\"image\":{\"@id\":\"https:\/\/apirosport.com\/sv\/produkt\/studio-mat\/#primaryimage\"},\"thumbnailUrl\":\"https:\/\/apirosport.com\/wp-content\/uploads\/2025\/12\/RSYG-16021_01-2.png\",\"datePublished\":\"2017-11-17T11:58:06+00:00\",\"dateModified\":\"2026-02-22T21:36:46+00:00\",\"breadcrumb\":{\"@id\":\"https:\/\/apirosport.com\/sv\/produkt\/studio-mat\/#breadcrumb\"},\"inLanguage\":\"sv-SE\",\"potentialAction\":[{\"@type\":\"ReadAction\",\"target\":[\"https:\/\/apirosport.com\/sv\/produkt\/studio-mat\/\"]}]},{\"@type\":\"ImageObject\",\"inLanguage\":\"sv-SE\",\"@id\":\"https:\/\/apirosport.com\/sv\/produkt\/studio-mat\/#primaryimage\",\"url\":\"https:\/\/apirosport.com\/wp-content\/uploads\/2025\/12\/RSYG-16021_01-2.png\",\"contentUrl\":\"https:\/\/apirosport.com\/wp-content\/uploads\/2025\/12\/RSYG-16021_01-2.png\",\"width\":1000,\"height\":1000},{\"@type\":\"BreadcrumbList\",\"@id\":\"https:\/\/apirosport.com\/sv\/produkt\/studio-mat\/#breadcrumb\",\"itemListElement\":[{\"@type\":\"ListItem\",\"position\":1,\"name\":\"Home\",\"item\":\"https:\/\/apirosport.com\/sv\/\"},{\"@type\":\"ListItem\",\"position\":2,\"name\":\"Produkter\",\"item\":\"https:\/\/apirosport.com\/sv\/produkter\/\"},{\"@type\":\"ListItem\",\"position\":3,\"name\":\"Studio Mat\"}]},{\"@type\":\"WebSite\",\"@id\":\"https:\/\/apirosport.com\/sv\/#website\",\"url\":\"https:\/\/apirosport.com\/sv\/\",\"name\":\"Apirosport\",\"description\":\"\",\"publisher\":{\"@id\":\"https:\/\/apirosport.com\/sv\/#organization\"},\"alternateName\":\"Apirosport\",\"potentialAction\":[{\"@type\":\"SearchAction\",\"target\":{\"@type\":\"EntryPoint\",\"urlTemplate\":\"https:\/\/apirosport.com\/sv\/?s={search_term_string}\"},\"query-input\":{\"@type\":\"PropertyValueSpecification\",\"valueRequired\":true,\"valueName\":\"search_term_string\"}}],\"inLanguage\":\"sv-SE\"},{\"@type\":\"Organization\",\"@id\":\"https:\/\/apirosport.com\/sv\/#organization\",\"name\":\"Apirosport\",\"alternateName\":\"Apirosport\",\"url\":\"https:\/\/apirosport.com\/sv\/\",\"logo\":{\"@type\":\"ImageObject\",\"inLanguage\":\"sv-SE\",\"@id\":\"https:\/\/apirosport.com\/sv\/#\/schema\/logo\/image\/\",\"url\":\"https:\/\/apirosport.com\/wp-content\/uploads\/2025\/12\/Apirosport-yellow-scaled.png\",\"contentUrl\":\"https:\/\/apirosport.com\/wp-content\/uploads\/2025\/12\/Apirosport-yellow-scaled.png\",\"width\":2560,\"height\":2278,\"caption\":\"Apirosport\"},\"image\":{\"@id\":\"https:\/\/apirosport.com\/sv\/#\/schema\/logo\/image\/\"}}]}<\/script>\n<!-- \/ Yoast SEO plugin. -->","yoast_head_json":{"title":"Studio Mat | Apirosport","robots":{"index":"index","follow":"follow","max-snippet":"max-snippet:-1","max-image-preview":"max-image-preview:large","max-video-preview":"max-video-preview:-1"},"canonical":"https:\/\/apirosport.com\/sv\/produkt\/studio-mat\/","og_locale":"sv_SE","og_type":"article","og_title":"Studio Mat | Apirosport","og_description":"Den 10mm tjocka Reebok Studio Mat ger ett mjukt och stadigt underlag f\u00f6r alla typer av studio- och grupptr\u00e4ningspass, inklusive yoga och pilates","og_url":"https:\/\/apirosport.com\/sv\/produkt\/studio-mat\/","og_site_name":"Apirosport","article_modified_time":"2026-02-22T21:36:46+00:00","og_image":[{"width":1000,"height":1000,"url":"https:\/\/apirosport.com\/wp-content\/uploads\/2025\/12\/RSYG-16021_01-2.png","type":"image\/png"}],"twitter_card":"summary_large_image","twitter_title":"Apirosport","schema":{"@context":"https:\/\/schema.org","@graph":[{"@type":"WebPage","@id":"https:\/\/apirosport.com\/sv\/produkt\/studio-mat\/","url":"https:\/\/apirosport.com\/sv\/produkt\/studio-mat\/","name":"Studio Mat | Apirosport","isPartOf":{"@id":"https:\/\/apirosport.com\/sv\/#website"},"primaryImageOfPage":{"@id":"https:\/\/apirosport.com\/sv\/produkt\/studio-mat\/#primaryimage"},"image":{"@id":"https:\/\/apirosport.com\/sv\/produkt\/studio-mat\/#primaryimage"},"thumbnailUrl":"https:\/\/apirosport.com\/wp-content\/uploads\/2025\/12\/RSYG-16021_01-2.png","datePublished":"2017-11-17T11:58:06+00:00","dateModified":"2026-02-22T21:36:46+00:00","breadcrumb":{"@id":"https:\/\/apirosport.com\/sv\/produkt\/studio-mat\/#breadcrumb"},"inLanguage":"sv-SE","potentialAction":[{"@type":"ReadAction","target":["https:\/\/apirosport.com\/sv\/produkt\/studio-mat\/"]}]},{"@type":"ImageObject","inLanguage":"sv-SE","@id":"https:\/\/apirosport.com\/sv\/produkt\/studio-mat\/#primaryimage","url":"https:\/\/apirosport.com\/wp-content\/uploads\/2025\/12\/RSYG-16021_01-2.png","contentUrl":"https:\/\/apirosport.com\/wp-content\/uploads\/2025\/12\/RSYG-16021_01-2.png","width":1000,"height":1000},{"@type":"BreadcrumbList","@id":"https:\/\/apirosport.com\/sv\/produkt\/studio-mat\/#breadcrumb","itemListElement":[{"@type":"ListItem","position":1,"name":"Home","item":"https:\/\/apirosport.com\/sv\/"},{"@type":"ListItem","position":2,"name":"Produkter","item":"https:\/\/apirosport.com\/sv\/produkter\/"},{"@type":"ListItem","position":3,"name":"Studio Mat"}]},{"@type":"WebSite","@id":"https:\/\/apirosport.com\/sv\/#website","url":"https:\/\/apirosport.com\/sv\/","name":"Apirosport","description":"","publisher":{"@id":"https:\/\/apirosport.com\/sv\/#organization"},"alternateName":"Apirosport","potentialAction":[{"@type":"SearchAction","target":{"@type":"EntryPoint","urlTemplate":"https:\/\/apirosport.com\/sv\/?s={search_term_string}"},"query-input":{"@type":"PropertyValueSpecification","valueRequired":true,"valueName":"search_term_string"}}],"inLanguage":"sv-SE"},{"@type":"Organization","@id":"https:\/\/apirosport.com\/sv\/#organization","name":"Apirosport","alternateName":"Apirosport","url":"https:\/\/apirosport.com\/sv\/","logo":{"@type":"ImageObject","inLanguage":"sv-SE","@id":"https:\/\/apirosport.com\/sv\/#\/schema\/logo\/image\/","url":"https:\/\/apirosport.com\/wp-content\/uploads\/2025\/12\/Apirosport-yellow-scaled.png","contentUrl":"https:\/\/apirosport.com\/wp-content\/uploads\/2025\/12\/Apirosport-yellow-scaled.png","width":2560,"height":2278,"caption":"Apirosport"},"image":{"@id":"https:\/\/apirosport.com\/sv\/#\/schema\/logo\/image\/"}}]}},"_links":{"self":[{"href":"https:\/\/apirosport.com\/sv\/wp-json\/wp\/v2\/product\/8531","targetHints":{"allow":["GET"]}}],"collection":[{"href":"https:\/\/apirosport.com\/sv\/wp-json\/wp\/v2\/product"}],"about":[{"href":"https:\/\/apirosport.com\/sv\/wp-json\/wp\/v2\/types\/product"}],"wp:featuredmedia":[{"embeddable":true,"href":"https:\/\/apirosport.com\/sv\/wp-json\/wp\/v2\/media\/8532"}],"wp:attachment":[{"href":"https:\/\/apirosport.com\/sv\/wp-json\/wp\/v2\/media?parent=8531"}],"wp:term":[{"taxonomy":"variation","embeddable":true,"href":"https:\/\/apirosport.com\/sv\/wp-json\/wp\/v2\/variation?post=8531"},{"taxonomy":"product_brand","embeddable":true,"href":"https:\/\/apirosport.com\/sv\/wp-json\/wp\/v2\/product_brand?post=8531"},{"taxonomy":"product_cat","embeddable":true,"href":"https:\/\/apirosport.com\/sv\/wp-json\/wp\/v2\/product_cat?post=8531"},{"taxonomy":"product_tag","embeddable":true,"href":"https:\/\/apirosport.com\/sv\/wp-json\/wp\/v2\/product_tag?post=8531"}],"curies":[{"name":"wp","href":"https:\/\/api.w.org\/{rel}","templated":true}]}}